{"id":94,"date":"2018-09-20T14:14:55","date_gmt":"2018-09-20T12:14:55","guid":{"rendered":"https:\/\/gifitup.net\/?page_id=94"},"modified":"2025-12-05T15:12:47","modified_gmt":"2025-12-05T14:12:47","slug":"o","status":"publish","type":"page","link":"https:\/\/gifitup.net\/pl\/","title":{"rendered":"O konkursie"},"content":{"rendered":"<p class=\"is-style-default\">GIF IT UP to coroczny konkurs tworzenia GIF-\u00f3w, kt\u00f3ry celebruje kreatywne remiksowanie dziedzictwa kulturowego. Prowadzi go <a href=\"https:\/\/europeana.eu\/\">Europeana<\/a> we wsp\u00f3\u0142pracy z organizacjami z ca\u0142ego \u015bwiata.<\/p>\n\n\n\n<p class=\"translation-block\">Przez ca\u0142y pa\u017adziernik tw\u00f3rcy GIF-\u00f3w i fani dziedzictwa kulturowego zach\u0119cani s\u0105 do tworzenia nowych GIF-\u00f3w z og\u00f3lnodost\u0119pnych kolekcji cyfrowych. Na najlepsze prace, oceniane przez publiczno\u015b\u0107 oraz nasze jury z\u0142o\u017cone z kreatywnych ekspert\u00f3w, czekaj\u0105 wspania\u0142e nagrody.<\/p>\n\n\n\n<p>Tegoroczna edycja zosta\u0142a zamkni\u0119ta. <strong><a href=\"https:\/\/gifitup.net\/pl\/zwyciezcy-2025\/\" data-type=\"page\" data-id=\"5069\">Zobacz zwyci\u0119skie prace z 2025 roku<\/a><\/strong>.<\/p>\n\n\n\n<p><em>Aktualizacja: 5 grudnia 2025 r.<\/em><\/p>\n\n\n\n<p><\/p>","protected":false},"excerpt":{"rendered":"<p>Od 1 do 31 pa\u017adziernika wszyscy tw\u00f3rcy gif\u00f3w, entuzja\u015bci dziedzictwa kulturowego i mi\u0142o\u015bnicy internetu s\u0105 zaproszeni do tworzenia zupe\u0142nie nowych gif\u00f3w poprzez remiksowanie materia\u0142\u00f3w wolnych od praw autorskich i na otwartej licencji.<\/p>","protected":false},"author":1,"featured_media":37,"parent":0,"menu_order":0,"comment_status":"closed","ping_status":"closed","template":"","meta":{"_coblocks_attr":"","_coblocks_dimensions":"","_coblocks_responsive_height":"","_coblocks_accordion_ie_support":"","advanced_seo_description":"Remix open-access cultural heritage into GIFs! Share your creations and compete for prizes, 1\u201331 October.","jetpack_seo_html_title":"Join the GIF IT UP Contest: Create and Win Prizes!","jetpack_seo_noindex":false,"jetpack_post_was_ever_published":true,"footnotes":""},"class_list":["post-94","page","type-page","status-publish","has-post-thumbnail","hentry","grid-item","grid-item-portrait"],"jetpack_sharing_enabled":true,"jetpack_shortlink":"https:\/\/wp.me\/Pad3Th-1w","jetpack_likes_enabled":false,"_links":{"self":[{"href":"https:\/\/gifitup.net\/pl\/wp-json\/wp\/v2\/pages\/94","targetHints":{"allow":["GET"]}}],"collection":[{"href":"https:\/\/gifitup.net\/pl\/wp-json\/wp\/v2\/pages"}],"about":[{"href":"https:\/\/gifitup.net\/pl\/wp-json\/wp\/v2\/types\/page"}],"author":[{"embeddable":true,"href":"https:\/\/gifitup.net\/pl\/wp-json\/wp\/v2\/users\/1"}],"replies":[{"embeddable":true,"href":"https:\/\/gifitup.net\/pl\/wp-json\/wp\/v2\/comments?post=94"}],"version-history":[{"count":62,"href":"https:\/\/gifitup.net\/pl\/wp-json\/wp\/v2\/pages\/94\/revisions"}],"predecessor-version":[{"id":5112,"href":"https:\/\/gifitup.net\/pl\/wp-json\/wp\/v2\/pages\/94\/revisions\/5112"}],"wp:featuredmedia":[{"embeddable":true,"href":"https:\/\/gifitup.net\/pl\/wp-json\/wp\/v2\/media\/37"}],"wp:attachment":[{"href":"https:\/\/gifitup.net\/pl\/wp-json\/wp\/v2\/media?parent=94"}],"curies":[{"name":"wp","href":"https:\/\/api.w.org\/{rel}","templated":true}]}}