{"id":813,"date":"2019-12-14T09:40:00","date_gmt":"2019-12-14T08:40:00","guid":{"rendered":"https:\/\/gifitup.net\/?page_id=813"},"modified":"2020-09-28T15:14:27","modified_gmt":"2020-09-28T13:14:27","slug":"zwyciezcy-2019","status":"publish","type":"page","link":"https:\/\/gifitup.net\/pl\/zwyciezcy-2019\/","title":{"rendered":"Zwyci\u0119zcy 2019"},"content":{"rendered":"<h2 class=\"wp-block-heading\">2 zwyci\u0119zc\u00f3w nagrody g\u0142\u00f3wnej<\/h2>\n\n\n\n<figure><iframe loading=\"lazy\" src=\"https:\/\/giphy.com\/embed\/U4FOlK1uczqRvl0mqE\" width=\"366\" height=\"480\" allowfullscreen=\"\"><\/iframe><\/figure>\n\n\n\n<p><strong>Justin Gammon (Greenville, USA)<\/strong><em> Materia\u0142 \u017ar\u00f3d\u0142owy:&nbsp;<a href=\"https:\/\/dp.la\/item\/6922b8360ea55bfa10d0046af4e81492?\">\u0106wiczenie 5. Og\u00f3lnie dla n\u00f3g<\/a>&nbsp;Nowojorska Biblioteka Publiczna za po\u015brednictwem DPLA<\/em><\/p>\n\n\n\n<figure><iframe loading=\"lazy\" src=\"https:\/\/giphy.com\/embed\/WQxQYqsXSaSevWl45N\" width=\"480\" height=\"373\" allowfullscreen=\"\"><\/iframe><\/figure>\n\n\n\n<p><strong>Roland Zsigmond (Arad, Rumunia)<\/strong><em> <\/em><em>Materia\u0142 \u017ar\u00f3d\u0142owy:&nbsp;<a href=\"https:\/\/www.europeana.eu\/portal\/record\/9200579\/fytb73k2.html\">Dw\u00f3ch sikhijskich m\u0119\u017cczyzn pojedynkuj\u0105cych si\u0119 na drewniane miecze<\/a>&nbsp;| Kolekcja Wellcome za po\u015brednictwem Europeany<\/em><\/p>\n\n\n\n<h2 class=\"wp-block-heading\">3 Zdobywcy drugiego miejsca<\/h2>\n\n\n\n<figure><iframe loading=\"lazy\" src=\"https:\/\/giphy.com\/embed\/eKJNa8jK6RyzV6pLE4\" width=\"367\" height=\"480\" allowfullscreen=\"\"><\/iframe><\/figure>\n\n\n\n<p><strong>Gatis \u0160tempelis (Lipawa, \u0141otwa)<\/strong><em>Materia\u0142 \u017ar\u00f3d\u0142owy:&nbsp;<a href=\"https:\/\/www.europeana.eu\/portal\/lv\/record\/91627\/SMVK_EM_fotografi_2806134.html\">Archeologiczne wspomnienia z Teotihuacan<\/a> Sigvald Linn\u00e9 |Etnografiska museet via Europeana<\/em><\/p>\n\n\n\n<figure><iframe loading=\"lazy\" src=\"https:\/\/giphy.com\/embed\/QXguQRfVJGvpnBgVdl\" width=\"320\" height=\"480\" allowfullscreen=\"\"><\/iframe><\/figure>\n\n\n\n<p><strong>Chris Timmons (Nowy Jork, USA)<\/strong><em>Materia\u0142 \u017ar\u00f3d\u0142owy:&nbsp;<a href=\"https:\/\/dp.la\/item\/8dcbebe19ebd744c406acc22a8380125\">B\u0105d\u017a wyrozumia\u0142y dla swoich prze\u0142o\u017conych<\/a>&nbsp;Bosto\u0144ska Biblioteka Publiczna za po\u015brednictwem DPLA<\/em><br><\/p>\n\n\n\n<figure><iframe loading=\"lazy\" src=\"https:\/\/giphy.com\/embed\/Ws37Dnm2yR8F5N3QCP\" width=\"327\" height=\"480\" allowfullscreen=\"\"><\/iframe><\/figure>\n\n\n\n<p><strong>Janis Zeps (Liepaja, \u0141otwa)<\/strong><em> Materia\u0142 \u017ar\u00f3d\u0142owy:&nbsp;<a href=\"https:\/\/www.europeana.eu\/portal\/en\/record\/2020601\/https___1914_1918_europeana_eu_contributions_20353_attachments_229903.html?q=#dcId=1571984357859&amp;p=6l\">Korespondencja mi\u0119dzy Maxime Payel i jego bratem L\u00e9once'em<\/a> via Europeana 1914-1918<\/em><\/p>\n\n\n\n<h2 class=\"wp-block-heading\">2 Zwyci\u0119zcy kategorii dla tw\u00f3rc\u00f3w GIF-\u00f3w po raz pierwszy<\/h2>\n\n\n\n<figure><iframe loading=\"lazy\" src=\"https:\/\/giphy.com\/embed\/YocXyin7VSwRjpbwc3\" width=\"476\" height=\"480\" allowfullscreen=\"\"><\/iframe><\/figure>\n\n\n\n<p><strong>Balazs Kun<\/strong><em>Materia\u0142 \u017ar\u00f3d\u0142owy:&nbsp;<a href=\"https:\/\/www.europeana.eu\/portal\/hu\/record\/9200397\/BibliographicResource_3000126282887.html\">Manticore z BL Royal 12 F XIII, f. 24v<\/a> Biblioteka Brytyjska za po\u015brednictwem Europeany<\/em><\/p>\n\n\n\n<figure><iframe loading=\"lazy\" src=\"https:\/\/giphy.com\/embed\/Vbu3hUhvQjh1632sHS\" width=\"390\" height=\"480\" allowfullscreen=\"\"><\/iframe><\/figure>\n\n\n\n<p><strong>Em\u012bls Lauss (Lipawa, \u0141otwa)<\/strong><em> Materia\u0142 \u017ar\u00f3d\u0142owy:&nbsp;<a href=\"https:\/\/www.europeana.eu\/portal\/record\/90402\/SK_A_2219.html\">Portret Jonkheera Jana Willema Janssensa<\/a>&nbsp;| Jan Willem Pieneman | Rijksmuseum via Europeana,&nbsp;<a href=\"https:\/\/dp.la\/item\/c2718a3febaf2ad127a5c4abf9014cbb\">Indyjski przewodnik po d\u0142ugich w\u0142osach\u2019<\/a>&nbsp;| Herman John Gabriel| Galeria i Muzeum Sztuki Hett w Camp Chesterfield&nbsp;<a href=\"https:\/\/www.europeana.eu\/portal\/record\/9200579\/ub7x73jv.html\">Slatin Pasha\u2019<\/a>&nbsp;| Salim S. Haddad | Wellcome Collection via Europeana<\/em><\/p>\n\n\n\n<h2 class=\"wp-block-heading\">4 Zwyci\u0119zcy kategorii dziedzictwa przemys\u0142owego<\/h2>\n\n\n\n<figure><iframe loading=\"lazy\" src=\"https:\/\/giphy.com\/embed\/igtS5zpVWt1rN5lwHS\" width=\"344\" height=\"480\" allowfullscreen=\"\"><\/iframe><\/figure>\n\n\n\n<p><strong>Markus Steiger (Zurych, Szwajcaria)<\/strong><em>Materia\u0142 \u017ar\u00f3d\u0142owy:&nbsp;<a href=\"https:\/\/www.europeana.eu\/portal\/en\/record\/91676\/arkm_photo_ARKM1962_101_1458.html\">Fabryka L M Ericsson, dostawca us\u0142ug zewn\u0119trznych&nbsp;<\/a>Arkitektur - och designcentrum via Europeana<\/em><\/p>\n\n\n\n<figure><iframe loading=\"lazy\" src=\"https:\/\/giphy.com\/embed\/idM8VlS0MCXUDNpvCA\" width=\"480\" height=\"379\" allowfullscreen=\"\"><\/iframe><\/figure>\n\n\n\n<p><strong>Kelly Dann (Brisbane, Australia)<\/strong><em>Materia\u0142 \u017ar\u00f3d\u0142owy:\u201d<a href=\"https:\/\/trove.nla.gov.au\/version\/206705289\">Pracownice konstruuj\u0105ce samochody w Ford Motor Company, Geelong<\/a>&nbsp;| Wolfgang Sievers| Libraries Australia via Trove<\/em><\/p>\n\n\n\n<figure><iframe loading=\"lazy\" src=\"https:\/\/giphy.com\/embed\/QZPhZyTvC0VXfx5qKz\" width=\"325\" height=\"480\" allowfullscreen=\"\"><\/iframe><\/figure>\n\n\n\n<p><strong>Ryan Seslow (Nowy Jork, USA)<\/strong><em>Materia\u0142 \u017ar\u00f3d\u0142owy:<a href=\"https:\/\/www.europeana.eu\/portal\/record\/2024906\/photography_ProvidedCHO__iauli___Au_ros__muziejus____iauliai_Au_ros_Museum_LIMIS_150000015675567.html\">Stakmin\u0173 kaimo koplyt\u0117l\u0117<\/a>&nbsp;| Stasys Vaitkus | Muzeum Au\u0161ros w Szawlach,&nbsp;<a href=\"https:\/\/www.europeana.eu\/portal\/record\/2022608\/TELE_TELE_IBM_2012_58021.html\">22,0 IBM Diverse maskiner<\/a>&nbsp;| Telemuseet via Europeana<\/em><\/p>\n\n\n\n<figure><iframe loading=\"lazy\" src=\"https:\/\/giphy.com\/embed\/JrwbaoEmDnXajOrbdm\" width=\"480\" height=\"318\" allowfullscreen=\"\"><\/iframe><\/figure>\n\n\n\n<p><strong>Nick Cave (Birmingham, Anglia)<\/strong><em> <\/em><em>Materia\u0142 \u017ar\u00f3d\u0142owy:&nbsp;<a href=\"http:\/\/europeana.eu\/portal\/record\/2024914\/photography_ProvidedCHO_Ajuntament_de_Girona_071021.html\">Liczby korkowe<\/a>&nbsp;| Ajuntament de Girona via Europeana<\/em><\/p>\n\n\n\n<h2 class=\"wp-block-heading\">3 Zwyci\u0119zcy kategorii dla dzieci i m\u0142odzie\u017cy<\/h2>\n\n\n\n<figure><iframe loading=\"lazy\" src=\"https:\/\/giphy.com\/embed\/eMhGsPeK9hAvrB9nHD\" width=\"371\" height=\"480\" allowfullscreen=\"\"><\/iframe><\/figure>\n\n\n\n<p><strong>Aleksandra Vecvagare (Lipawa, \u0141otwa)<\/strong><em> <\/em><em>Materia\u0142 \u017ar\u00f3d\u0142owy:&nbsp;<a href=\"http:\/\/www.europeana.eu\/portal\/en\/record\/2064116\/Museu_ProvidedCHO_Nationalmuseum__Sweden_17396.html\">Pokutuj\u0105ca Magdalena<\/a>&nbsp;Gerrit Dou | Nationalmuseum, Szwecja via Europeana<\/em><\/p>\n\n\n\n<figure><iframe loading=\"lazy\" src=\"https:\/\/giphy.com\/embed\/XgZ2jMiCZ5ncWL8Sei\" width=\"480\" height=\"325\" allowfullscreen=\"\"><\/iframe><\/figure>\n\n\n\n<p><strong>R\u016bdolfs Kunc\u012btis (Lipawa, \u0141otwa)<\/strong><em> <\/em><em>Materia\u0142 \u017ar\u00f3d\u0142owy:&nbsp;<a href=\"https:\/\/www.europeana.eu\/portal\/en\/record\/153\/S_ARS_photo_ARSF000416.html\">Vid ammunitionsf\u00f6rr\u00e5det p\u00e5 Ut\u00f6 skjutf\u00e4lt<\/a>&nbsp;Ingemar Eriksson | Arsenalen via Europeana<\/em><\/p>\n\n\n\n<figure><iframe loading=\"lazy\" src=\"https:\/\/giphy.com\/embed\/J2mFbCSQ0LHWs0R8O6\" width=\"383\" height=\"480\" allowfullscreen=\"\"><\/iframe><\/figure>\n\n\n\n<p><strong>Patr\u012bcija Kr\u016bmi\u0146a (Liep\u0101ja, \u0141otwa)<\/strong><em>Materia\u0142 \u017ar\u00f3d\u0142owy:&nbsp;<a href=\"https:\/\/www.europeana.eu\/portal\/en\/record\/2021672\/resource_document_mauritshuis_696.html\">Portret m\u0119\u017cczyzny<\/a>&nbsp;Gerrit Dou | Mauritshuis via Europeana<\/em><\/p>\n\n\n\n<h2 class=\"wp-block-heading\">Zwyci\u0119zca nagrody publiczno\u015bci<\/h2>\n\n\n\n<figure><iframe loading=\"lazy\" src=\"https:\/\/giphy.com\/embed\/S5WCI4GtTTq5v8aV7d\" width=\"480\" height=\"313\" allowfullscreen=\"\"><\/iframe><\/figure>\n\n\n\n<p><strong>Mustafa Burhan Esen (\u00c7orum, T\u00fcrkiye)<\/strong><em>Materia\u0142 \u017ar\u00f3d\u0142owy:&nbsp;<a href=\"https:\/\/www.europeana.eu\/portal\/en\/record\/916118\/S_TEK_photo_TEKA0152299.html\">Barn\u00e4ngens Tekniska fabrik w Sztokholmie.<\/a>&nbsp;Tekniska museet via Europeana<\/em><\/p>\n\n\n\n<p>Gratulujemy zwyci\u0119zcom - skontaktujemy si\u0119 z wami w sprawie nagr\u00f3d drog\u0105 mailow\u0105. Ogromne podzi\u0119kowania dla wszystkich uczestnik\u00f3w! Do zobaczenia w przysz\u0142ym roku. <\/p>","protected":false},"excerpt":{"rendered":"<p>2 Grand Prize Winners Justin Gammon (Greenville, USA) Source material:&nbsp;Exercise 5. For the legs generally&nbsp;The New York Public Library via DPLA Roland Zsigmond (Arad, Romania) Source material:&nbsp;Two Sikh men dueling with wooden swords&nbsp;| Wellcome Collection via Europeana 3 Runners-up Gatis \u0160tempelis (Liep\u0101ja, Latvija)Source material:&nbsp;Arkeologiskt f\u00f6rem\u00e5l fr\u00e5n Teotihuacan Sigvald Linn\u00e9 |Etnografiska museet via Europeana Chris Timmons [&hellip;]<\/p>\n","protected":false},"author":6,"featured_media":0,"parent":0,"menu_order":0,"comment_status":"closed","ping_status":"closed","template":"","meta":{"_coblocks_attr":"","_coblocks_dimensions":"","_coblocks_responsive_height":"","_coblocks_accordion_ie_support":"","advanced_seo_description":"","jetpack_seo_html_title":"","jetpack_seo_noindex":false,"footnotes":""},"class_list":["post-813","page","type-page","status-publish","hentry","grid-item"],"jetpack_sharing_enabled":true,"jetpack_shortlink":"https:\/\/wp.me\/Pad3Th-d7","jetpack_likes_enabled":false,"_links":{"self":[{"href":"https:\/\/gifitup.net\/pl\/wp-json\/wp\/v2\/pages\/813","targetHints":{"allow":["GET"]}}],"collection":[{"href":"https:\/\/gifitup.net\/pl\/wp-json\/wp\/v2\/pages"}],"about":[{"href":"https:\/\/gifitup.net\/pl\/wp-json\/wp\/v2\/types\/page"}],"author":[{"embeddable":true,"href":"https:\/\/gifitup.net\/pl\/wp-json\/wp\/v2\/users\/6"}],"replies":[{"embeddable":true,"href":"https:\/\/gifitup.net\/pl\/wp-json\/wp\/v2\/comments?post=813"}],"version-history":[{"count":6,"href":"https:\/\/gifitup.net\/pl\/wp-json\/wp\/v2\/pages\/813\/revisions"}],"predecessor-version":[{"id":894,"href":"https:\/\/gifitup.net\/pl\/wp-json\/wp\/v2\/pages\/813\/revisions\/894"}],"wp:attachment":[{"href":"https:\/\/gifitup.net\/pl\/wp-json\/wp\/v2\/media?parent=813"}],"curies":[{"name":"wp","href":"https:\/\/api.w.org\/{rel}","templated":true}]}}