{"id":634,"date":"2019-10-03T12:00:43","date_gmt":"2019-10-03T10:00:43","guid":{"rendered":"https:\/\/gifitup.net\/?page_id=634"},"modified":"2023-10-01T11:28:21","modified_gmt":"2023-10-01T09:28:21","slug":"specjalna-kategoria-dla-dzieci-i-mlodziezy","status":"publish","type":"page","link":"https:\/\/gifitup.net\/pl\/specjalna-kategoria-dla-dzieci-i-mlodziezy\/","title":{"rendered":"Kategoria specjalna dla dzieci i m\u0142odzie\u017cy"},"content":{"rendered":"<p>Tworzenie GIF-\u00f3w to \u015bwietny spos\u00f3b na rozwijanie umiej\u0119tno\u015bci cyfrowych i nauk\u0119 o prawach autorskich i udost\u0119pnianiu online od najm\u0142odszych lat. W\u0142a\u015bnie dlatego przygotowali\u015bmy specjaln\u0105 kategori\u0119 nagr\u00f3d dla m\u0142odych tw\u00f3rc\u00f3w GIF-\u00f3w w wieku 6-18 lat.<\/p>\n\n\n\n<p class=\"translation-block\">Nie wiesz od czego zacz\u0105\u0107? Obejrzyj galeri\u0119 <a href=\"https:\/\/www.europeana.eu\/galleries\/9009-animals\" target=\"_self\">Zwierz\u0119ta<\/a> z obrazami r\u00f3\u017cnych stworze\u0144, dost\u0119pnymi na otwartych licencjach lub w domenie publicznej. Spr\u00f3buj je o\u017cywi\u0107!<\/p>\n\n\n\n<p class=\"has-text-align-center\"><iframe loading=\"lazy\" class=\"giphy-embed\" src=\"https:\/\/giphy.com\/embed\/5qFDFuWRjHm2aS8gJm\" width=\"279\" height=\"480\" frameborder=\"0\" align=\"middle\" allowfullscreen=\"allowfullscreen\"><\/iframe><\/p>","protected":false},"excerpt":{"rendered":"<p>Creating GIFs is a great way to develop digital skills and learn about copyright and online sharing from a young age. That&#8217;s why we are including a special prize category for young GIF-makers, age 6-18. Don&#8217;t know where to start? Check out this Animals gallery with openly licensed images of different creatures and see if [&hellip;]<\/p>\n","protected":false},"author":1,"featured_media":1400,"parent":0,"menu_order":0,"comment_status":"closed","ping_status":"closed","template":"","meta":{"_coblocks_attr":"","_coblocks_dimensions":"","_coblocks_responsive_height":"","_coblocks_accordion_ie_support":"","advanced_seo_description":"","jetpack_seo_html_title":"","jetpack_seo_noindex":false,"footnotes":""},"class_list":["post-634","page","type-page","status-publish","has-post-thumbnail","hentry","grid-item","grid-item-portrait"],"jetpack_sharing_enabled":true,"jetpack_shortlink":"https:\/\/wp.me\/Pad3Th-ae","jetpack_likes_enabled":false,"_links":{"self":[{"href":"https:\/\/gifitup.net\/pl\/wp-json\/wp\/v2\/pages\/634","targetHints":{"allow":["GET"]}}],"collection":[{"href":"https:\/\/gifitup.net\/pl\/wp-json\/wp\/v2\/pages"}],"about":[{"href":"https:\/\/gifitup.net\/pl\/wp-json\/wp\/v2\/types\/page"}],"author":[{"embeddable":true,"href":"https:\/\/gifitup.net\/pl\/wp-json\/wp\/v2\/users\/1"}],"replies":[{"embeddable":true,"href":"https:\/\/gifitup.net\/pl\/wp-json\/wp\/v2\/comments?post=634"}],"version-history":[{"count":9,"href":"https:\/\/gifitup.net\/pl\/wp-json\/wp\/v2\/pages\/634\/revisions"}],"predecessor-version":[{"id":3246,"href":"https:\/\/gifitup.net\/pl\/wp-json\/wp\/v2\/pages\/634\/revisions\/3246"}],"wp:featuredmedia":[{"embeddable":true,"href":"https:\/\/gifitup.net\/pl\/wp-json\/wp\/v2\/media\/1400"}],"wp:attachment":[{"href":"https:\/\/gifitup.net\/pl\/wp-json\/wp\/v2\/media?parent=634"}],"curies":[{"name":"wp","href":"https:\/\/api.w.org\/{rel}","templated":true}]}}