{"id":612,"date":"2019-09-30T18:21:20","date_gmt":"2019-09-30T16:21:20","guid":{"rendered":"https:\/\/gifitup.net\/?page_id=612"},"modified":"2025-09-30T13:17:21","modified_gmt":"2025-09-30T11:17:21","slug":"test-formularza-zgloszeniowego","status":"publish","type":"page","link":"https:\/\/gifitup.net\/pl\/test-formularza-zgloszeniowego\/","title":{"rendered":"Formularz zg\u0142oszeniowy Test"},"content":{"rendered":"<p>You have until 31 October (end of day) to enter up to 3 GIFs. To enter GIF IT UP, you need to make a GIF with material found from one of the following websites:<\/p>\n<p>\n\n\n<ul class=\"wp-block-list\">\n<li><a href=\"https:\/\/europeana.eu\/\">Europeana.eu<\/a><\/li>\n\n\n\n<li><a href=\"http:\/\/dp.la\/\">DPLA<\/a><\/li>\n\n\n\n<li><a href=\"http:\/\/www.digitalnz.org\/\">Digital NZ<\/a><\/li>\n\n\n\n<li><a href=\"https:\/\/trove.nla.gov.au\/\">Trove<\/a><\/li>\n\n\n\n<li><a href=\"https:\/\/jpsearch.go.jp\/\">Japan Search<\/a><\/li>\n\n\n\n<li><a href=\"https:\/\/gifitup.net\/dag-museums\/\">DAG Museums<\/a><\/li>\n\n\n\n<li><a href=\"https:\/\/www.artic.edu\/collection\">Art Institute of Chicago<\/a><\/li>\n\n\n\n<li><a href=\"https:\/\/numerique.banq.qc.ca\/rechercheExterne\/encoded\/Kg==\/false\/D_D\/desc\/W3sibm9tIjoiY29ycHVzIiwidmFsZXVyIjoiUGF0cmltb2luZSUyMHF1w6liw6ljb2lzIn0seyJub20iOiJjb25kaXRpb25fdXRpbGlzYXRpb24iLCJ2YWxldXIiOiI3In0seyJub20iOiJ0eXBlX2RvY19mIiwidmFsZXVyIjoiSW1hZ2VzIn1d\/Toutes%20les%20ressources\/true\/false\/eyJkZWJ1dCI6MTUwNCwiZmluIjoxOTQ5fQ==\">Biblioth\u00e8que et Archives nationales du Qu\u00e9bec<\/a><\/li>\n\n\n\n<li><a href=\"https:\/\/commons.wikimedia.org\/wiki\/Category:Centro_de_Fotograf%C3%ADa_de_Montevideo_GIF_IT_UP\">Centro de Fotograf\u00eda de Montevideo<\/a>.<\/li>\n<\/ul>\n\n\n<p>Your source material must be clearly marked as: in the public domain, has a \u2018no known copyright restrictions\u2019 statement or has a Creative Commons statement which allows reuse (<a href=\"https:\/\/creativecommons.org\/publicdomain\/zero\/1.0\/\">CC0<\/a>,\u00a0<a href=\"https:\/\/creativecommons.org\/licenses\/by\/4.0\/\">CC BY<\/a>,\u00a0<a href=\"https:\/\/creativecommons.org\/licenses\/by-sa\/4.0\/\">CC BY-SA<\/a>).<\/p>\n<p>\u00a0<\/p>\n\n<div class=\"wpforms-container wpforms-container-full wpforms-block wpforms-block-e4759041-857c-470a-8324-68a97c18cfff\" id=\"wpforms-4630\"><form id=\"wpforms-form-4630\" class=\"wpforms-validate wpforms-form\" data-formid=\"4630\" method=\"post\" enctype=\"multipart\/form-data\" action=\"\/pl\/wp-json\/wp\/v2\/pages\/612?wpforms_form_id=4630\" data-token=\"a8308b1ac396e7fcb3d629e4ca2128e7\" data-token-time=\"1775379231\"><noscript class=\"wpforms-error-noscript\">Aby wype\u0142ni\u0107 ten formularz, w\u0142\u0105cz obs\u0142ug\u0119 JavaScript w przegl\u0105darce.<\/noscript><div class=\"wpforms-field-container\">\t\t<div id=\"wpforms-4630-field_9-container\"\n\t\t\tclass=\"wpforms-field wpforms-field-text\"\n\t\t\tdata-field-type=\"text\"\n\t\t\tdata-field-id=\"9\"\n\t\t\t>\n\t\t\t<label class=\"wpforms-field-label\" for=\"wpforms-4630-field_9\" >Conditions Location Name<\/label>\n\t\t\t<input type=\"text\" id=\"wpforms-4630-field_9\" class=\"wpforms-field-medium\" name=\"wpforms[fields][9]\" >\n\t\t<\/div>\n\t\t<div id=\"wpforms-4630-field_3-container\" class=\"wpforms-field wpforms-field-name\" data-field-id=\"3\"><label class=\"wpforms-field-label\">Name <span class=\"wpforms-required-label\">*<\/span><\/label><div class=\"wpforms-field-row wpforms-field-medium\"><div class=\"wpforms-field-row-block wpforms-first wpforms-one-half\"><input type=\"text\" id=\"wpforms-4630-field_3\" class=\"wpforms-field-name-first wpforms-field-required\" name=\"wpforms[fields][3][first]\" required><label for=\"wpforms-4630-field_3\" class=\"wpforms-field-sublabel after\">Pierwszy<\/label><\/div><div class=\"wpforms-field-row-block wpforms-one-half\"><input type=\"text\" id=\"wpforms-4630-field_3-last\" class=\"wpforms-field-name-last wpforms-field-required\" name=\"wpforms[fields][3][last]\" required><label for=\"wpforms-4630-field_3-last\" class=\"wpforms-field-sublabel after\">Ostatni<\/label><\/div><\/div><\/div><div id=\"wpforms-4630-field_7-container\" class=\"wpforms-field wpforms-field-text\" data-field-id=\"7\"><label class=\"wpforms-field-label\" for=\"wpforms-4630-field_7\">Location <span class=\"wpforms-required-label\">*<\/span><\/label><input type=\"text\" id=\"wpforms-4630-field_7\" class=\"wpforms-field-medium wpforms-field-required\" name=\"wpforms[fields][7]\" required><div class=\"wpforms-field-description\">City, Country<\/div><\/div><div id=\"wpforms-4630-field_2-container\" class=\"wpforms-field wpforms-field-email\" data-field-id=\"2\"><label class=\"wpforms-field-label\" for=\"wpforms-4630-field_2\">Email <span class=\"wpforms-required-label\">*<\/span><\/label><input type=\"email\" id=\"wpforms-4630-field_2\" class=\"wpforms-field-medium wpforms-field-required\" name=\"wpforms[fields][2]\" spellcheck=\"false\" required><\/div><div id=\"wpforms-4630-field_4-container\" class=\"wpforms-field wpforms-field-file-upload\" data-field-id=\"4\"><label class=\"wpforms-field-label\" for=\"wpforms-4630-field_4\">Upload your GIF <span class=\"wpforms-required-label\">*<\/span><\/label><div\n\t\tclass=\"wpforms-uploader wpforms-field-required\"\n\t\tdata-field-id=\"4\"\n\t\tdata-form-id=\"4630\"\n\t\tdata-input-name=\"wpforms_4630_4\"\n\t\tdata-extensions=\"gif\"\n\t\tdata-max-size=\"5242880\"\n\t\tdata-max-file-number=\"1\"\n\t\tdata-post-max-size=\"2146435072\"\n\t\tdata-max-parallel-uploads=\"4\"\n\t\tdata-parallel-uploads=\"true\"\n\t\tdata-file-chunk-size=\"2097152\">\n\t<div class=\"dz-message\">\n\t\t<svg  viewBox=\"0 0 640 640\" focusable=\"false\" data-icon=\"inbox\" width=\"50px\" height=\"50px\" fill=\"currentColor\" aria-hidden=\"true\">\n\t\t\t<path d=\"M352 173.3L352 384C352 401.7 337.7 416 320 416C302.3 416 288 401.7 288 384L288 173.3L246.6 214.7C234.1 227.2 213.8 227.2 201.3 214.7C188.8 202.2 188.8 181.9 201.3 169.4L297.3 73.4C309.8 60.9 330.1 60.9 342.6 73.4L438.6 169.4C451.1 181.9 451.1 202.2 438.6 214.7C426.1 227.2 405.8 227.2 393.3 214.7L352 173.3zM320 464C364.2 464 400 428.2 400 384L480 384C515.3 384 544 412.7 544 448L544 480C544 515.3 515.3 544 480 544L160 544C124.7 544 96 515.3 96 480L96 448C96 412.7 124.7 384 160 384L240 384C240 428.2 275.8 464 320 464zM464 488C477.3 488 488 477.3 488 464C488 450.7 477.3 440 464 440C450.7 440 440 450.7 440 464C440 477.3 450.7 488 464 488z\"\/>\n\t\t<\/svg>\n\n\t\t<span class=\"modern-title\">\n\t\t\t\t\t\t\tDrag &amp; Drop Files, \t\t\t\t<span>Choose Files to Upload<\/span>\n\t\t\t\t\t<\/span>\n\n\t\t\t<\/div>\n<\/div>\n\n<input\n\t\ttype=\"text\"\n\t\tautocomplete=\"off\"\n\t\treadonly\n\t\tclass=\"dropzone-input\"\n\t\tstyle=\"position:absolute!important;clip:rect(0,0,0,0)!important;height:1px!important;width:1px!important;border:0!important;overflow:hidden!important;padding:0!important;margin:0!important;\"\n\t\tid=\"wpforms-4630-field_4\"\n\t\tname=\"wpforms_4630_4\" required\t\tvalue=\"\">\n<div class=\"wpforms-field-description\">Max file size: 5MB<\/div><\/div><div id=\"wpforms-4630-field_5-container\" class=\"wpforms-field wpforms-field-textarea\" data-field-id=\"5\"><label class=\"wpforms-field-label\" for=\"wpforms-4630-field_5\">Source material <span class=\"wpforms-required-label\">*<\/span><\/label><textarea id=\"wpforms-4630-field_5\" class=\"wpforms-field-medium wpforms-field-required\" name=\"wpforms[fields][5]\" required><\/textarea><div class=\"wpforms-field-description\">Link(s) to the item(s) from Europeana, DPLA, DigitalNZ, Trove, Japan Search, DAG Museums, Art Institute of Chicago, Biblioth\u00e8que et Archives nationales du Qu\u00e9bec, Centro de Fotograf\u00eda de Montevideo or Digital Library of Latvia used in your GIF<\/div><\/div><div id=\"wpforms-4630-field_6-container\" class=\"wpforms-field wpforms-field-textarea\" data-field-id=\"6\"><label class=\"wpforms-field-label\" for=\"wpforms-4630-field_6\">Contextual information about your GIF or source material<\/label><textarea id=\"wpforms-4630-field_6\" class=\"wpforms-field-medium\" name=\"wpforms[fields][6]\" ><\/textarea><div class=\"wpforms-field-description\">Eg. title, description, comments<\/div><\/div><div id=\"wpforms-4630-field_8-container\" class=\"wpforms-field wpforms-field-checkbox wpforms-conditional-trigger\" data-field-id=\"8\"><label class=\"wpforms-field-label\">Categories<\/label><ul id=\"wpforms-4630-field_8\"><li class=\"choice-1 depth-1\"><input type=\"checkbox\" id=\"wpforms-4630-field_8_1\" name=\"wpforms[fields][8][]\" value=\"I am a first time GIF-maker\"  ><label class=\"wpforms-field-label-inline\" for=\"wpforms-4630-field_8_1\">I am a first time GIF-maker<\/label><\/li><li class=\"choice-2 depth-1\"><input type=\"checkbox\" id=\"wpforms-4630-field_8_2\" name=\"wpforms[fields][8][]\" value=\"This entry is for special prize category: food and drink\"  ><label class=\"wpforms-field-label-inline\" for=\"wpforms-4630-field_8_2\">This entry is for special prize category: food and drink<\/label><\/li><li class=\"choice-3 depth-1\"><input type=\"checkbox\" id=\"wpforms-4630-field_8_3\" name=\"wpforms[fields][8][]\" value=\"This entry is for children and teenagers category (age 6-18)\"  ><label class=\"wpforms-field-label-inline\" for=\"wpforms-4630-field_8_3\">This entry is for children and teenagers category (age 6-18)<\/label><\/li><li class=\"choice-4 depth-1\"><input type=\"checkbox\" id=\"wpforms-4630-field_8_4\" name=\"wpforms[fields][8][]\" value=\"I am participating with my class\/school\"  ><label class=\"wpforms-field-label-inline\" for=\"wpforms-4630-field_8_4\">I am participating with my class\/school<\/label><\/li><\/ul><\/div><div id=\"wpforms-4630-field_12-container\" class=\"wpforms-field wpforms-field-number wpforms-conditional-field wpforms-conditional-show\" data-field-id=\"12\" style=\"display:none;\"><label class=\"wpforms-field-label\" for=\"wpforms-4630-field_12\">How old are you? <span class=\"wpforms-required-label\">*<\/span><\/label><input type=\"number\" id=\"wpforms-4630-field_12\" class=\"wpforms-field-medium wpforms-field-required\" name=\"wpforms[fields][12]\" step=\"any\" required><\/div><div id=\"wpforms-4630-field_24-container\" class=\"wpforms-field wpforms-field-text wpforms-conditional-field wpforms-conditional-show\" data-field-id=\"24\" style=\"display:none;\"><label class=\"wpforms-field-label\" for=\"wpforms-4630-field_24\">Name of your school <span class=\"wpforms-required-label\">*<\/span><\/label><input type=\"text\" id=\"wpforms-4630-field_24\" class=\"wpforms-field-medium wpforms-field-required\" name=\"wpforms[fields][24]\" required><\/div><div id=\"wpforms-4630-field_25-container\" class=\"wpforms-field wpforms-field-text wpforms-conditional-field wpforms-conditional-show\" data-field-id=\"25\" style=\"display:none;\"><label class=\"wpforms-field-label\" for=\"wpforms-4630-field_25\">Name of your teacher <span class=\"wpforms-required-label\">*<\/span><\/label><input type=\"text\" id=\"wpforms-4630-field_25\" class=\"wpforms-field-medium wpforms-field-required\" name=\"wpforms[fields][25]\" required><\/div><div id=\"wpforms-4630-field_1-container\" class=\"wpforms-field wpforms-field-gdpr-checkbox\" data-field-id=\"1\"><label class=\"wpforms-field-label\">GDPR Agreement <span class=\"wpforms-required-label\">*<\/span><\/label><ul id=\"wpforms-4630-field_1\" class=\"wpforms-field-required\"><li class=\"choice-1\"><input type=\"checkbox\" id=\"wpforms-4630-field_1_1\" name=\"wpforms[fields][1][]\" value=\"I consent to having my personal information processed for the purpose of running GIF IT UP contest.\" required ><label class=\"wpforms-field-label-inline\" for=\"wpforms-4630-field_1_1\">I consent to having my personal information processed for the purpose of running GIF IT UP contest.<\/label><\/li><\/ul><\/div><div id=\"wpforms-4630-field_20-container\" class=\"wpforms-field wpforms-field-checkbox\" data-field-id=\"20\"><label class=\"wpforms-field-label\">Conditions <span class=\"wpforms-required-label\">*<\/span><\/label><ul id=\"wpforms-4630-field_20\" class=\"wpforms-field-required\"><li class=\"choice-1 depth-1\"><input type=\"checkbox\" id=\"wpforms-4630-field_20_1\" name=\"wpforms[fields][20][]\" value=\"I have read and accepted the rules of the competition.\" required ><label class=\"wpforms-field-label-inline\" for=\"wpforms-4630-field_20_1\">I have read and accepted the rules of the competition.<\/label><\/li><\/ul><div class=\"wpforms-field-description\">Read <a href=\"https:\/\/gifitup.net\/rules\/\"> GIF IT UP Rules<\/a><\/div><\/div><script>\n\t\t\t\t( function() {\n\t\t\t\t\tconst style = document.createElement( 'style' );\n\t\t\t\t\tstyle.appendChild( document.createTextNode( '#wpforms-4630-field_9-container { position: absolute !important; overflow: hidden !important; display: inline !important; height: 1px !important; width: 1px !important; z-index: -1000 !important; padding: 0 !important; } #wpforms-4630-field_9-container input { visibility: hidden; } #wpforms-conversational-form-page #wpforms-4630-field_9-container label { counter-increment: none; }' ) );\n\t\t\t\t\tdocument.head.appendChild( style );\n\t\t\t\t\tdocument.currentScript?.remove();\n\t\t\t\t} )();\n\t\t\t<\/script><\/div><!-- .wpforms-field-container --><div class=\"wpforms-submit-container\" ><input type=\"hidden\" name=\"wpforms[id]\" value=\"4630\"><input type=\"hidden\" name=\"page_title\" value=\"\"><input type=\"hidden\" name=\"page_url\" value=\"https:\/\/gifitup.net\/pl\/wp-json\/wp\/v2\/pages\/612\"><input type=\"hidden\" name=\"url_referer\" value=\"\"><button type=\"submit\" name=\"wpforms[submit]\" id=\"wpforms-submit-4630\" class=\"wpforms-submit\" data-alt-text=\"Sending...\" data-submit-text=\"Submit\" aria-live=\"assertive\" value=\"wpforms-submit\">Submit<\/button><\/div><\/form><\/div>  <!-- .wpforms-container -->\n\n\n<p><\/p>\n","protected":false},"excerpt":{"rendered":"<p>You have until 31 October (end of day) to enter up to 3 GIFs. To enter GIF IT UP, you need to make a GIF with material found from one of the following websites: Your source material must be clearly marked as: in the public domain, has a \u2018no known copyright restrictions\u2019 statement or has [&hellip;]<\/p>\n","protected":false},"author":1,"featured_media":37,"parent":0,"menu_order":0,"comment_status":"closed","ping_status":"closed","template":"","meta":{"_coblocks_attr":"","_coblocks_dimensions":"","_coblocks_responsive_height":"","_coblocks_accordion_ie_support":"","advanced_seo_description":"","jetpack_seo_html_title":"","jetpack_seo_noindex":false,"jetpack_post_was_ever_published":false,"footnotes":""},"class_list":["post-612","page","type-page","status-publish","has-post-thumbnail","hentry","grid-item","grid-item-portrait"],"jetpack_sharing_enabled":true,"jetpack_shortlink":"https:\/\/wp.me\/Pad3Th-9S","jetpack_likes_enabled":false,"_links":{"self":[{"href":"https:\/\/gifitup.net\/pl\/wp-json\/wp\/v2\/pages\/612","targetHints":{"allow":["GET"]}}],"collection":[{"href":"https:\/\/gifitup.net\/pl\/wp-json\/wp\/v2\/pages"}],"about":[{"href":"https:\/\/gifitup.net\/pl\/wp-json\/wp\/v2\/types\/page"}],"author":[{"embeddable":true,"href":"https:\/\/gifitup.net\/pl\/wp-json\/wp\/v2\/users\/1"}],"replies":[{"embeddable":true,"href":"https:\/\/gifitup.net\/pl\/wp-json\/wp\/v2\/comments?post=612"}],"version-history":[{"count":15,"href":"https:\/\/gifitup.net\/pl\/wp-json\/wp\/v2\/pages\/612\/revisions"}],"predecessor-version":[{"id":4680,"href":"https:\/\/gifitup.net\/pl\/wp-json\/wp\/v2\/pages\/612\/revisions\/4680"}],"wp:featuredmedia":[{"embeddable":true,"href":"https:\/\/gifitup.net\/pl\/wp-json\/wp\/v2\/media\/37"}],"wp:attachment":[{"href":"https:\/\/gifitup.net\/pl\/wp-json\/wp\/v2\/media?parent=612"}],"curies":[{"name":"wp","href":"https:\/\/api.w.org\/{rel}","templated":true}]}}