{"id":5069,"date":"2025-12-05T14:53:50","date_gmt":"2025-12-05T13:53:50","guid":{"rendered":"https:\/\/gifitup.net\/?page_id=5069"},"modified":"2025-12-08T09:45:05","modified_gmt":"2025-12-08T08:45:05","slug":"zwyciezcy-2025","status":"publish","type":"page","link":"https:\/\/gifitup.net\/pl\/zwyciezcy-2025\/","title":{"rendered":"Poznaj zwyci\u0119zc\u00f3w konkursu GIF IT UP 2025"},"content":{"rendered":"<h2 class=\"wp-block-heading has-text-align-center\"><strong>Zdobywca nagrody g\u0142\u00f3wnej<\/strong><\/h2>\n\n\n\n<div align=\"center\"><figure><iframe loading=\"lazy\" src=\"https:\/\/gifitup.net\/wp-content\/uploads\/wpforms\/4630-e5c381196b9d5e5d94eeb66bc5aa2734\/Cool-Swordsman-Surprise-Sm-0093ba06060589cdcea81bf1c774bc1c.gif\" width=\"650\" height=\"500\" style=\"\" frameborder=\"0\" allowfullscreen><\/iframe>\n\n\n\n<p class=\"has-text-align-center\"><strong>Nick Cave (Birmingham, Wielka Brytania)<\/strong><br>Materia\u0142 \u017ar\u00f3d\u0142owy: <em><a href=\"https:\/\/www.europeana.eu\/item\/2022093\/10622_2F756977_51A7_495D_8E23_491A1F2F4160_cho\">Ustawa o milicji&nbsp;<\/a>| Hahn, Albert, rysownik | Mi\u0119dzynarodowy Instytut Historii Spo\u0142ecznej | Europeana<\/em> | domena publiczna<\/p>\n\n\n\n<hr class=\"wp-block-separator has-css-opacity\"\/>\n\n\n\n<h2 class=\"wp-block-heading has-text-align-center\"><strong>Zdobywcy drugiego miejsca<\/strong><\/h2>\n\n\n\n<div align=\"center\"><figure><iframe loading=\"lazy\" src=\"https:\/\/gifitup.net\/wp-content\/uploads\/wpforms\/4630-e5c381196b9d5e5d94eeb66bc5aa2734\/BertaLigute_GIF-IT-UP-submission-659a936de5785a30d64cb5260c076703.gif\" width=\"400\" height=\"520\" frameborder=\"0\" allowfullscreen><\/iframe>\n\n\n\n<p class=\"has-text-align-center\"><strong>Berta L\u012bgute (Liep\u0101ja, \u0141otwa)<\/strong><br>Materia\u0142 \u017ar\u00f3d\u0142owy: <em><em><a href=\"https:\/\/www.flickr.com\/photos\/banq\/54750795224\/in\/album-72177720328652005\">Magazyn Mon (1926) \u2013 Reklama piwa Dow<\/a>&nbsp;| BAnQ<\/em><\/em> | domena publiczna<\/p>\n\n\n\n<p class=\"has-text-align-center\"><\/p>\n\n\n\n<div align=\"center\"><figure><iframe loading=\"lazy\" src=\"https:\/\/gifitup.net\/wp-content\/uploads\/wpforms\/4630-e5c381196b9d5e5d94eeb66bc5aa2734\/Moth-feadb63becdce7b29082439a07727369.gif\" width=\"750\" height=\"500\" frameborder=\"0\" class=\"giphy-embed\" allowfullscreen><\/iframe>\n\n\n\n<p class=\"has-text-align-center\"><strong>Niks Z\u012bl\u012bte (Liepaja, \u0141otwa)<\/strong><br>Materia\u0142 \u017ar\u00f3d\u0142owy: <em><a href=\"https:\/\/www.europeana.eu\/item\/875\/NHMUKXBMNHXEXXBMNHXEX1562778\">Macroglossum stellatarum (Linnaeus, 1758)<\/a> | Zarz\u0105d Muzeum Historii Naturalnej w Londynie | Europeana<\/em> | CC BY<\/p>\n\n\n\n<p class=\"has-text-align-center\"><\/p>\n\n\n\n<hr class=\"wp-block-separator has-css-opacity\"\/>\n\n\n\n<h2 class=\"wp-block-heading has-text-align-center\"><strong>Zwyci\u0119zcy w kategorii \u201eJedzenie i napoje\u201d<\/strong><\/h2>\n\n\n\n<div align=\"center\"><figure><iframe loading=\"lazy\" src=\"https:\/\/gifitup.net\/wp-content\/uploads\/wpforms\/4630-e5c381196b9d5e5d94eeb66bc5aa2734\/GIF-IT-UP-54288d80d405e07304469aab24e3775e.gif\" width=\"350\" height=\"550\" frameborder=\"0\" allowfullscreen><\/iframe><p><\/figure><\/div>\n\n\n\n<p class=\"has-text-align-center\"><strong><strong>Just\u012bne Ofkante (Wentpils, \u0141otwa)<\/strong><\/strong><br>Materia\u0142y \u017ar\u00f3d\u0142owe<em>: 1.<a href=\"https:\/\/www.europeana.eu\/item\/2020903\/KMS1117\">&nbsp;Martwa natura z ryb\u0105&nbsp;<\/a>| Carl Bloch | Muzeum Sztuki Narodowej <\/em><br><em>2.<a href=\"https:\/\/www.europeana.eu\/item\/2064116\/Museu_ProvidedCHO_Nationalmuseum__Sweden_17801\">\u015aniadanie z ostrygami<\/a>&nbsp;| Alexandre-Fran\u00e7ois Desportes<\/em>|<em> Muzeum Narodowe Szwecji<\/em><br><em>3.<a href=\"https:\/\/www.europeana.eu\/item\/90402\/RP_T_1892_A_2661\">&nbsp;Muzycy&nbsp;<\/a>| Henri\u00ebtte Ronner&nbsp;<\/em>| <em>Muzeum Narodowe <\/em><br><em>| za po\u015brednictwem Europeany <\/em>| <em>domena publiczna <\/em><br><em>4.<a href=\"https:\/\/www.artic.edu\/artworks\/27819\/the-scullion\">Scullion<\/a>&nbsp;| Th\u00e9odule Ribot<\/em> |<em> Art Institute of Chicago (Instytut Sztuki w Chicago)<\/em> | CC0<\/p>\n\n\n\n<p class=\"has-text-align-center\"><\/p>\n\n\n\n<div align=\"center\"><iframe loading=\"lazy\" src=\"https:\/\/gifitup.net\/wp-content\/uploads\/wpforms\/4630-e5c381196b9d5e5d94eeb66bc5aa2734\/IMG_0732-757500433b6ef3f4fc6a3ef3bc5ef4b9.gif\" width=\"500\" height=\"750\" frameborder=\"0\" allowfullscreen><\/iframe><\/figure><\/div>\n\n\n\n<p class=\"has-text-align-center\"><strong><strong>Irene Maseda Ag\u00fcero (Madryt, Hiszpania)<\/strong><\/strong><br>Materia\u0142 \u017ar\u00f3d\u0142owy:<em>&nbsp;<\/em> <em><a href=\"https:\/\/www.artic.edu\/artworks\/181777\/the-irish-question\">Kwestia irlandzka<\/a> | De Scott Evans | Instytut Sztuki w Chicago<\/em> | CC0<\/p>\n\n\n\n<hr class=\"wp-block-separator has-css-opacity\"\/>\n\n\n\n<h2 class=\"wp-block-heading has-text-align-center\"><strong>Nagroda dla pocz\u0105tkuj\u0105cych tw\u00f3rc\u00f3w GIF-\u00f3w<\/strong><\/h2>\n\n\n\n<div align=\"center\"><iframe loading=\"lazy\" src=\"https:\/\/gifitup.net\/wp-content\/uploads\/wpforms\/4630-e5c381196b9d5e5d94eeb66bc5aa2734\/Adobe-Express-papagaio_voando-4a872002b644e92a6ca0b13d949ec7fc.gif\" width=\"760\" height=\"600\" frameborder=\"0\"  allowfullscreen><\/iframe><\/figure><\/div>\n\n\n\n<p class=\"has-text-align-center\"><strong>Synd Ferreira (Porto, Portugalia)<\/strong><br>Materia\u0142 \u017ar\u00f3d\u0142owy:&nbsp;<em><a href=\"https:\/\/dp.la\/item\/90bcd57a1c8442de7d88138c0b594071\">Papuga \u017c\u00f3\u0142tog\u0142owa&nbsp;<\/a>| Lith Dreser, William autorstwa T. Sinclair | Biblioteka publiczna w Nowym Jorku | DPLA<\/em><\/p>\n\n\n\n<hr class=\"wp-block-separator has-css-opacity\"\/>\n\n\n\n<h2 class=\"wp-block-heading has-text-align-center\"><strong>Zwyci\u0119zcy kategorii dla dzieci i m\u0142odzie\u017cy<\/strong><\/h2>\n\n\n\n<p class=\"has-text-align-center\"><\/p>\n\n\n\n<div align=\"center\"><iframe loading=\"lazy\" src=\"https:\/\/gifitup.net\/wp-content\/uploads\/wpforms\/4630-e5c381196b9d5e5d94eeb66bc5aa2734\/Milk-and-Cheese-4736966ba9eb22b5a08043e5d47aab13.gif\" width=\"750\" height=\"350\" frameborder=\"0\" allowfullscreen><\/iframe>\n\n\n\n<p class=\"has-text-align-center\"><strong><strong>Knuts Jonaitis (Liepaja, \u0141otwa)<\/strong>, 16 lat<\/strong><br>Materia\u0142 \u017ar\u00f3d\u0142owy: <em>1.<a href=\"https:\/\/www.europeana.eu\/item\/2059502\/data_foodanddrink_http___www_bildarchivaustria_at_Preview_13834954_jpg\">&nbsp;Kod. 5264, fol. 98r: R\u0119kopis zbiorczy: Mleko i ser<\/a>,  2.&nbsp;<a href=\"https:\/\/www.europeana.eu\/item\/2059502\/data_foodanddrink_http___www_bildarchivaustria_at_Preview_13834961_jpg\">Kod. 5264, fol. 99v: R\u0119kopis zbiorczy: Mi\u0119so wo\u0142owe, baranie i kozie&nbsp;<\/a>| Austriacka Biblioteka Narodowa | Europeana<\/em> | domena publiczna<\/p>\n\n\n\n<p class=\"has-text-align-center\"><\/p>\n\n\n\n<div align=\"center\"><iframe loading=\"lazy\" src=\"https:\/\/gifitup.net\/wp-content\/uploads\/wpforms\/4630-e5c381196b9d5e5d94eeb66bc5aa2734\/Gato-gif-fb0a39dd106d0ca2d14c96af4dd85beb.gif\" width=\"800\" height=\"600\" frameborder=\"0\" allowfullscreen><\/iframe><p>\n\n\n\n<p class=\"has-text-align-center\"><strong><strong>Sanda Pl\u012bta (Saldus, \u0141otwa)<\/strong>, 17 lat<\/strong><br>Materia\u0142 \u017ar\u00f3d\u0142owy: <em><a href=\"https:\/\/www.europeana.eu\/lv\/item\/90402\/RP_T_1904_190\">G\u0142owa kota tr\u00f3jbarwnego, od przodu, z zamkni\u0119tymi oczami<\/a>| Jean Bernard | Rijksmuseum | Europeana<\/em> | domena publiczna<\/p>\n\n\n\n<hr class=\"wp-block-separator has-css-opacity\"\/>\n\n\n\n<h2 class=\"wp-block-heading has-text-align-center\"><strong>Zwyci\u0119zca nagrody publiczno\u015bci<\/strong> \u2013 1. miejsce (1041 g\u0142os\u00f3w)<\/h2>\n\n\n\n<div align=\"center\"><figure><iframe loading=\"lazy\" src=\"https:\/\/gifitup.net\/wp-content\/uploads\/wpforms\/4630-e5c381196b9d5e5d94eeb66bc5aa2734\/The-cat-and-the-birds-ade7d47f298d7b82c29cee60b13e207b.gif\" width=\"372\" height=\"450\" frameborder=\"0\"allowfullscreen><\/iframe>\n\n\n\n<p class=\"has-text-align-center\"><strong>Francesco Trentadue (Valenzano, W\u0142ochy)<\/strong>, <strong>12 lat<\/strong><br>Materia\u0142 \u017ar\u00f3d\u0142owy: <em><em><a href=\"https:\/\/www.europeana.eu\/item\/401\/item_GJNG7K25LXWIHF3YLD62GV7PQL3SKHRO\">Kass akna wszystko&nbsp;<\/a>| Muzeum w P\u00e4rnu | Europeana <\/em><\/em>| CC0<\/p>\n\n\n\n<hr class=\"wp-block-separator has-css-opacity\"\/>\n\n\n\n<h2 class=\"wp-block-heading has-text-align-center\"><strong>Zwyci\u0119zca nagrody publiczno\u015bci<\/strong> \u2013 2. miejsce (1008 g\u0142os\u00f3w)<\/h2>\n\n\n\n<div align=\"center\"><figure><iframe loading=\"lazy\" src=\"https:\/\/gifitup.net\/wp-content\/uploads\/wpforms\/4630-e5c381196b9d5e5d94eeb66bc5aa2734\/1000083473-1810325dcfcd205e1892b74288ae3e6d.gif\" width=\"295\" height=\"480\" frameborder=\"0\" allowfullscreen><\/iframe>\n\n\n\n<p class=\"has-text-align-center\"><strong><strong>Mattia Prudente (Valenzano Bari, W\u0142ochy)<\/strong>, 11 lat<\/strong><br>Materia\u0142 \u017ar\u00f3d\u0142owy: <em><em><a href=\"https:\/\/www.europeana.eu\/item\/285\/gam28679\">nagie dziecko z pi\u0142k\u0105 (rze\u017aba)<\/a>&nbsp;| Galeria Sztuki Nowoczesnej i Wsp\u00f3\u0142czesnej w Turynie | Europeana<\/em><\/em> | CC BY<\/p>\n\n\n\n<hr class=\"wp-block-separator has-css-opacity\"\/>\n\n\n\n<h2 class=\"wp-block-heading has-text-align-center\"><strong>Zwyci\u0119zca nagrody publiczno\u015bci<\/strong> \u2013 3. miejsce (619 g\u0142os\u00f3w)<\/h2>\n\n\n\n<div align=\"center\"><figure><iframe loading=\"lazy\" src=\"https:\/\/gifitup.net\/wp-content\/uploads\/wpforms\/4630-e5c381196b9d5e5d94eeb66bc5aa2734\/1000036273-d444e2e8b9f3c5d5c16747386b88799c.gif\" width=\"480\" height=\"480\" frameborder=\"0\" allowfullscreen><\/iframe>\n\n\n\n<p class=\"has-text-align-center\"><strong>Alice Pellegrino (Valenzano Bari, W\u0142ochy), 11 lat<\/strong><br>Materia\u0142 \u017ar\u00f3d\u0142owy: <em><a href=\"https:\/\/www.europeana.eu\/it\/item\/90402\/RP_T_1914_17_149\">Giraffa camelopardalis (\u017cyrafa)&nbsp;<\/a>| Robert Jacob Gordon | Rijksmuseum | Europeana<\/em> | domena publiczna<\/p>\n\n\n\n<hr class=\"wp-block-separator has-alpha-channel-opacity\"\/>\n\n\n\n<h2 class=\"wp-block-heading has-text-align-center\"><strong>Nagroda specjalna dla nauczyciela<\/strong> <\/h2>\n\n\n\n<p class=\"has-text-align-center\">idzie do <strong>J\u0101nisa Jankevicsa<\/strong>, nauczyciela animacji w \u0142otewskim Liceum Sztuki i Projektowania w Lipawie (LMMDV) za zach\u0119cenie ponad 30 swoich uczni\u00f3w do zg\u0142oszenia swoich prac.<\/p>\n\n\n\n<hr class=\"wp-block-separator has-css-opacity\"\/>\n\n\n\n<h2 class=\"wp-block-heading has-text-align-center\"><strong>Specjalne wyr\u00f3\u017cnienie<\/strong><\/h2>\n\n\n\n<p class=\"has-text-align-center\"> trafia do szko\u0142y I.C.S. \u201cPapa Giovanni XXIII\u2013Capozzi\u2013Galilei\u201d w Valenzano we W\u0142oszech oraz do jej nauczyciela, <strong>Luigia Palumbo<\/strong>, kt\u00f3rego uczniowie zg\u0142osili najwi\u0119ksz\u0105 liczb\u0119 prawid\u0142owych odpowiedzi.<\/p>\n\n\n\n<hr class=\"wp-block-separator has-alpha-channel-opacity\"\/>\n\n\n\n<p><strong>Gratulacje dla wszystkich zwyci\u0119zc\u00f3w \ud83c\udf89 Skontaktujemy si\u0119 z Wami mailowo w sprawie nagr\u00f3d. <\/strong><br><strong><br>Ogromne podzi\u0119kowania dla wszystkich uczestnik\u00f3w: my <strong>jeste\u015bmy zachwyceni Waszymi zg\u0142oszeniami<\/strong>, kreatywno\u015bci\u0105 i entuzjazmem! Do zobaczenia za rok!<\/strong><\/p>\n\n\n\n<p class=\"has-text-align-center\"><\/p>\n\n\n\n<p><\/p>","protected":false},"excerpt":{"rendered":"<p>Poznaj zwyci\u0119zc\u00f3w 2025 edycji GIF IT UP!<\/p>","protected":false},"author":1,"featured_media":4959,"parent":0,"menu_order":0,"comment_status":"closed","ping_status":"closed","template":"","meta":{"_coblocks_attr":"","_coblocks_dimensions":"","_coblocks_responsive_height":"","_coblocks_accordion_ie_support":"","advanced_seo_description":"Congratulations to all the winners of 2025 edition of GIF IT UP animation contest! And a huge thank you to everyone who participated - hope to see you again next year!","jetpack_seo_html_title":"Meet the winners of 2025 edition of GIF IT UP animation contest!","jetpack_seo_noindex":false,"footnotes":""},"class_list":["post-5069","page","type-page","status-publish","has-post-thumbnail","hentry","grid-item","grid-item-landscape"],"jetpack_sharing_enabled":true,"jetpack_shortlink":"https:\/\/wp.me\/Pad3Th-1jL","jetpack_likes_enabled":false,"_links":{"self":[{"href":"https:\/\/gifitup.net\/pl\/wp-json\/wp\/v2\/pages\/5069","targetHints":{"allow":["GET"]}}],"collection":[{"href":"https:\/\/gifitup.net\/pl\/wp-json\/wp\/v2\/pages"}],"about":[{"href":"https:\/\/gifitup.net\/pl\/wp-json\/wp\/v2\/types\/page"}],"author":[{"embeddable":true,"href":"https:\/\/gifitup.net\/pl\/wp-json\/wp\/v2\/users\/1"}],"replies":[{"embeddable":true,"href":"https:\/\/gifitup.net\/pl\/wp-json\/wp\/v2\/comments?post=5069"}],"version-history":[{"count":33,"href":"https:\/\/gifitup.net\/pl\/wp-json\/wp\/v2\/pages\/5069\/revisions"}],"predecessor-version":[{"id":5121,"href":"https:\/\/gifitup.net\/pl\/wp-json\/wp\/v2\/pages\/5069\/revisions\/5121"}],"wp:featuredmedia":[{"embeddable":true,"href":"https:\/\/gifitup.net\/pl\/wp-json\/wp\/v2\/media\/4959"}],"wp:attachment":[{"href":"https:\/\/gifitup.net\/pl\/wp-json\/wp\/v2\/media?parent=5069"}],"curies":[{"name":"wp","href":"https:\/\/api.w.org\/{rel}","templated":true}]}}