{"id":3880,"date":"2024-09-25T15:03:27","date_gmt":"2024-09-25T13:03:27","guid":{"rendered":"https:\/\/gifitup.net\/?page_id=3880"},"modified":"2025-12-05T12:41:34","modified_gmt":"2025-12-05T11:41:34","slug":"jury-i-nagrody","status":"publish","type":"page","link":"https:\/\/gifitup.net\/pl\/jury-i-nagrody\/","title":{"rendered":"Jury i nagrody"},"content":{"rendered":"<p>Poznaj nasze jury GIF IT UP:<\/p>\n\n\n\n<ul class=\"wp-block-list\">\n<li>Zuzanna Sta\u0144ska - za\u0142o\u017cycielka <a href=\"https:\/\/www.getdailyart.com\/\">DailyArt<\/a><\/li>\n\n\n\n<li>Chiara Longobardi - specjalista ds. projekt\u00f3w w zakresie bada\u0144 edukacyjnych i pedagogiki w <a href=\"http:\/\/www.eun.org\/\">European Schoolnet<\/a><\/li>\n<\/ul>\n\n\n\n<p>Tegoroczne nagrody i kategorie:<\/p>\n\n\n\n<p><strong>Nagroda g\u0142\u00f3wna<\/strong> Zwyci\u0119zca otrzyma pakiet 12 kurs\u00f3w Domestika oraz kart\u0119 podarunkow\u0105 Etsy o warto\u015bci 100 euro.\u00a0<\/p>\n\n\n\n<p><strong>Zdobywcy drugiego miejsca <\/strong>otrzymuj\u0105 pakiet 3 kurs\u00f3w Domestika i kart\u0119 podarunkow\u0105 Etsy o warto\u015bci 50 euro&nbsp;<\/p>\n\n\n\n<p><strong>Nagroda dla pocz\u0105tkuj\u0105cych tw\u00f3rc\u00f3w GIF-\u00f3w<\/strong> Zwyci\u0119zca otrzymuje pakiet 3 kurs\u00f3w Domestika i kart\u0119 podarunkow\u0105 Etsy o warto\u015bci 50 euro.<\/p>\n\n\n\n<p><strong>Nagroda publiczno\u015bci<\/strong> Zwyci\u0119zca otrzymuje pakiet 3 kurs\u00f3w Domestika i kart\u0119 podarunkow\u0105 Etsy o warto\u015bci 50 euro.\u00a0<\/p>\n\n\n\n<p><strong>Kategoria dzieci i m\u0142odzie\u017cy (6-18 lat)<\/strong> zwyci\u0119zca otrzymuje pakiet 3 kurs\u00f3w Domestika i kart\u0119 podarunkow\u0105 Etsy o warto\u015bci 50 euro&nbsp;<\/p>\n\n\n\n<p><strong>Kategoria specjalna: Jedzenie i napoje<\/strong> Zwyci\u0119zca otrzymuje pakiet 3 kurs\u00f3w Domestika i kart\u0119 podarunkow\u0105 Etsy o warto\u015bci 50 euro.<\/p>\n\n\n\n<p><strong>Nagroda specjalna dla nauczycieli<\/strong> Zwyci\u0119zca otrzymuje pakiet 3 kurs\u00f3w Domestika i kart\u0119 podarunkow\u0105 Etsy o warto\u015bci 50 euro.<\/p>\n\n\n\n<p><\/p>\n\n\n\n<p><strong>Wyniki zostan\u0105 og\u0142oszone <span style=\"box-sizing: border-box; margin: 0px; padding: 0px;\">na&nbsp;<a href=\"https:\/\/gifitup.net\/pl\/\" target=\"_blank\" rel=\"noopener\">stronie GIF IT UP<\/a>&nbsp;i powi\u0105zanych mediach spo\u0142eczno\u015bciowe w listopadzie<\/span>.<\/strong><\/p>","protected":false},"excerpt":{"rendered":"<p>Odkryj jury GIF IT UP i nagrody dla zwyci\u0119zc\u00f3w w r\u00f3\u017cnych kategoriach.<\/p>","protected":false},"author":1,"featured_media":0,"parent":0,"menu_order":0,"comment_status":"closed","ping_status":"closed","template":"","meta":{"_coblocks_attr":"","_coblocks_dimensions":"","_coblocks_responsive_height":"","_coblocks_accordion_ie_support":"","advanced_seo_description":"Discover GIF IT UP jury and prizes for winners in various categories.","jetpack_seo_html_title":"Meet the Jury and Prizes for GIF IT UP Competition","jetpack_seo_noindex":false,"footnotes":""},"class_list":["post-3880","page","type-page","status-publish","hentry","grid-item"],"jetpack_sharing_enabled":true,"jetpack_shortlink":"https:\/\/wp.me\/Pad3Th-10A","jetpack_likes_enabled":false,"_links":{"self":[{"href":"https:\/\/gifitup.net\/pl\/wp-json\/wp\/v2\/pages\/3880","targetHints":{"allow":["GET"]}}],"collection":[{"href":"https:\/\/gifitup.net\/pl\/wp-json\/wp\/v2\/pages"}],"about":[{"href":"https:\/\/gifitup.net\/pl\/wp-json\/wp\/v2\/types\/page"}],"author":[{"embeddable":true,"href":"https:\/\/gifitup.net\/pl\/wp-json\/wp\/v2\/users\/1"}],"replies":[{"embeddable":true,"href":"https:\/\/gifitup.net\/pl\/wp-json\/wp\/v2\/comments?post=3880"}],"version-history":[{"count":7,"href":"https:\/\/gifitup.net\/pl\/wp-json\/wp\/v2\/pages\/3880\/revisions"}],"predecessor-version":[{"id":5084,"href":"https:\/\/gifitup.net\/pl\/wp-json\/wp\/v2\/pages\/3880\/revisions\/5084"}],"wp:attachment":[{"href":"https:\/\/gifitup.net\/pl\/wp-json\/wp\/v2\/media?parent=3880"}],"curies":[{"name":"wp","href":"https:\/\/api.w.org\/{rel}","templated":true}]}}