{"id":2841,"date":"2022-11-25T09:11:15","date_gmt":"2022-11-25T08:11:15","guid":{"rendered":"https:\/\/gifitup.net\/?page_id=2841"},"modified":"2022-11-25T09:19:17","modified_gmt":"2022-11-25T08:19:17","slug":"zwyciezcy-2022","status":"publish","type":"page","link":"https:\/\/gifitup.net\/pl\/zwyciezcy-2022\/","title":{"rendered":"Zwyci\u0119zcy 2022"},"content":{"rendered":"<h2 class=\"has-text-align-center wp-block-heading\"> <strong>Zdobywca nagrody g\u0142\u00f3wnej<\/strong><\/h2>\n\n\n\n<p class=\"has-text-align-center\"><strong>Justin Gammon (Greenville, USA)<\/strong> - Oba jego gify otrzyma\u0142y identyczne i najwy\u017csze noty od jury: <\/p>\n\n\n\n<div align=\"center\"><figure><iframe loading=\"lazy\" src=\"https:\/\/giphy.com\/embed\/aPZwzmfWWz2vGxs86c\" width=\"480\" height=\"480\" frameborder=\"0\" class=\"giphy-embed\" allowfullscreen=\"\"><\/iframe><\/figure><\/div>\n\n\n\n<p class=\"has-text-align-center\">1. Materia\u0142 \u017ar\u00f3d\u0142owy: <em><a href=\"https:\/\/dp.la\/item\/0ed3554debe4af77b7c0be0d1c9ee5bb?q=Mother+Hubbard%27s+dog+reading+a+newspaper\">Pies Matki Hubbard czytaj\u0105cy gazet\u0119<\/a> <\/em>| Jessie Willcox Smith | <br>Kolekcje cyfrowe Nowojorskiej Biblioteki Publicznej| DPLA&nbsp;<\/p>\n\n\n\n<div align=\"center\"><figure><iframe loading=\"lazy\" src=\"https:\/\/giphy.com\/embed\/xyFpHGNvnwEphb0jlF\" \"=\"\" width=\"309\" height=\"480\" frameborder=\"0\" class=\"giphy-embed\" allowfullscreen=\"\"><\/iframe><\/figure><\/div>\n\n\n\n<p class=\"has-text-align-center\">2. Materia\u0142 \u017ar\u00f3d\u0142owy:<em>&nbsp;<a href=\"https:\/\/www.europeana.eu\/item\/9200579\/zwb5bzmz\">Taniec \u015bmierci w Bazylei: \u015bmier\u0107 i biskup<\/a>&nbsp;<\/em>| <br>Wellcome Collection | Europeana&nbsp;<\/p>\n\n\n\n<hr class=\"wp-block-separator has-css-opacity\"\/>\n\n\n\n<h2 class=\"has-text-align-center wp-block-heading\"><strong>2 Zdobywcy drugiego miejsca<\/strong><\/h2>\n\n\n\n<div align=\"center\"><figure><iframe loading=\"lazy\" src=\"https:\/\/giphy.com\/embed\/RfvTnGE0Waj6vXcuGq\" width=\"480\" height=\"471\" frameborder=\"0\" class=\"giphy-embed\" allowfullscreen=\"\"><\/iframe><\/figure><\/div>\n\n\n\n<p class=\"has-text-align-center\"><strong>Bernadetta Pastuszka<\/strong> <strong>(Krak\u00f3w, Polska)<\/strong><em> <\/em><br>Materia\u0142 \u017ar\u00f3d\u0142owy:<em><a href=\"https:\/\/jpsearch.go.jp\/item\/tfam_art_db-3577\"> <\/a><a href=\"https:\/\/www.europeana.eu\/en\/item\/9200579\/xea6v74a\">Ewolucja artyku\u0142\u00f3w gospodarstwa domowego, zwierz\u0105t<\/a> <\/em>| O. Schmidt | <br>Wellcome Collection | Europeana&nbsp;<\/p>\n\n\n\n<div align=\"center\"><figure><iframe loading=\"lazy\" src=\"https:\/\/giphy.com\/embed\/6qvBOnQAx8JBEFXcQv\" width=\"480\" height=\"480\" frameborder=\"0\" class=\"giphy-embed\" allowfullscreen=\"\"><\/iframe><\/figure><\/div>\n\n\n\n<p class=\"has-text-align-center\"><strong>Irene Maseda (Madryt, Hiszpania)<em> <\/em><\/strong><br>Materia\u0142 \u017ar\u00f3d\u0142owy:<em> <\/em><a href=\"https:\/\/www.europeana.eu\/es\/item\/418\/BVMDefensa_bib_BMDB20160051186\"><em>Kr\u00f3tka metoda zarz\u0105dzania kawalerzystami i doprowadzenia ich do najs\u0142uszniejszego pos\u0142usze\u0144stwa<\/em><\/a> | Antoine de Pluvinel, Jos\u00e9 Andrade | Wirtualna Biblioteka Ministerstwa Obrony Narodowej | Europeana&nbsp;<\/p>\n\n\n\n<hr class=\"wp-block-separator has-css-opacity\"\/>\n\n\n\n<h2 class=\"has-text-align-center wp-block-heading\">2 <strong>Nagroda dla pocz\u0105tkuj\u0105cych tw\u00f3rc\u00f3w GIF-\u00f3w<\/strong><\/h2>\n\n\n\n<div align=\"center\"><figure><iframe loading=\"lazy\" src=\"https:\/\/giphy.com\/embed\/ZGFz4CPihkR7Pn6bqO\" width=\"480\" height=\"359\" frameborder=\"0\" class=\"giphy-embed\" allowfullscreen=\"\"><\/iframe><\/figure><\/div>\n\n\n\n<p class=\"has-text-align-center\"><strong>Daniel Carranza (Montevideo, Urugauy)<\/strong><br>Materia\u0142 \u017ar\u00f3d\u0142owy<em>:&nbsp;<a href=\"https:\/\/commons.wikimedia.org\/wiki\/File:Dirigible_Graf_Zeppelin.jpg\">Sterowiec Graf Zeppelin<\/a> <\/em>| Centro de Fotograf\u00eda de Montevideo <\/p>\n\n\n\n<div align=\"center\"><iframe loading=\"lazy\" src=\"https:\/\/giphy.com\/embed\/zIGoP3fSOkNU0ofjlg\" width=\"480\" height=\"270\" frameborder=\"0\" class=\"giphy-embed\" allowfullscreen=\"\"><\/iframe><\/div>\n\n\n\n<p class=\"has-text-align-center\"><strong>Tatiana Santiago (Hiszpania)<\/strong><br>Materia\u0142 \u017ar\u00f3d\u0142owy:<em>&nbsp;<a href=\"https:\/\/jpsearch.go.jp\/item\/tfam_art_db-1961\">Henryk II, kr\u00f3l Francji<\/a> <\/em>| Francois Clouet | <br>Tokijskie Muzeum Sztuki Fuji | Wyszukiwanie w Japonii<\/p>\n\n\n\n<hr class=\"wp-block-separator has-css-opacity\"\/>\n\n\n\n<h2 class=\"has-text-align-center wp-block-heading\"><strong>Zwyci\u0119zca kategorii dzieci i m\u0142odzie\u017c<\/strong><\/h2>\n\n\n\n<div align=\"center\"><figure><iframe loading=\"lazy\" src=\"https:\/\/giphy.com\/embed\/P0Xol0W7uzdMSbfpny\" width=\"374\" height=\"480\" frameborder=\"0\" class=\"giphy-embed\" allowfullscreen=\"\"><\/iframe><\/figure><\/div>\n\n\n\n<p class=\"has-text-align-center\"><strong>Leons Skudr\u012btis (Liepaja, \u0141otwa)<\/strong>, lat 17<br>Materia\u0142 \u017ar\u00f3d\u0142owy:<em>&nbsp;<a href=\"https:\/\/www.europeana.eu\/en\/item\/2021672\/resource_document_mauritshuis_725\">Lament Chrystusa<\/a> <\/em>| Gerard David | <br>Mauritshuis | Europeana&nbsp;<\/p>\n\n\n\n<hr class=\"wp-block-separator has-css-opacity\"\/>\n\n\n\n<h2 class=\"has-text-align-center wp-block-heading\"><strong>Zwyci\u0119zca nagrody publiczno\u015bci<\/strong><\/h2>\n\n\n\n<div align=\"center\"><figure><iframe loading=\"lazy\" src=\"https:\/\/giphy.com\/embed\/duCqgAqKKkoWG9iVgI\" width=\"480\" height=\"368\" frameborder=\"0\" class=\"giphy-embed\" allowfullscreen=\"\"><\/iframe><\/figure><\/div>\n\n\n\n<p class=\"has-text-align-center\"><strong>Giancarlo Grasso (Bari, W\u0142ochy)<\/strong><br>Materia\u0142 \u017ar\u00f3d\u0142owy<em>: <\/em><a href=\"https:\/\/www.europeana.eu\/en\/item\/9200369\/webclient_DeliveryManager_pid_6331209_custom_att_2_simple_viewer\"><em>Servizio fotografico Bologna, <\/em><\/a><em><a href=\"https:\/\/www.europeana.eu\/en\/item\/9200369\/webclient_DeliveryManager_pid_6331209_custom_att_2_simple_viewer\">1982<\/a> <\/em>| Monti, Paolo | <br>Fondazione Biblioteca Europea di Informazione e Cultura | Europeana&nbsp;<\/p>\n\n\n\n<hr class=\"wp-block-separator has-css-opacity\"\/>\n\n\n\n<h2 class=\"has-text-align-center wp-block-heading\"><strong>Zwyci\u0119zca kategorii Natura<\/strong><\/h2>\n\n\n\n<div align=\"center\"><figure><iframe loading=\"lazy\" src=\"https:\/\/giphy.com\/embed\/Cdult5zk92jFCQSuiH\" width=\"480\" height=\"296\" frameborder=\"0\" class=\"giphy-embed\" allowfullscreen=\"\"><\/iframe><\/figure><\/div>\n\n\n\n<p class=\"has-text-align-center\"><strong>Irene Maseda (Madryt, Hiszpania)<\/strong><br><em>Materia\u0142 \u017ar\u00f3d\u0142owy:&nbsp;<\/em>1. <a href=\"https:\/\/bit.ly\/3fMNSTX\">Ajolote macho abierto por el vientre<\/a>; 2. <a href=\"https:\/\/bit.ly\/3tcFWhP\">Ajolote<\/a>&nbsp;| <br>Jos\u00e9 Gu\u00edo y S\u00e1nchez | Wirtualna Biblioteka Ministerstwa Obrony Narodowej; <br>3. <a href=\"https:\/\/www.europeana.eu\/item\/9200579\/bgxcmas3\"><em>P\u0142ytka 14, Bourgery i Jacob, Iconografia d'anatomia<\/em><\/a> | Wellcome Collection; <br>4. <a href=\"https:\/\/bit.ly\/3NOu2nN\"><em>Die chirurgische Entfernung des Katarakts&nbsp;<\/em><\/a>| Biblioteka Uniwersytecka w Heidelbergu&nbsp;<br>przez European\u0119&nbsp;<\/p>\n\n\n\n<hr class=\"wp-block-separator has-css-opacity\"\/>\n\n\n\n<h2 class=\"has-text-align-center wp-block-heading\"><strong>Zwyci\u0119zca kategorii r\u0119kodzie\u0142o<\/strong><\/h2>\n\n\n\n<div align=\"center\"><figure><iframe loading=\"lazy\" src=\"https:\/\/giphy.com\/embed\/s9OqlHl5GcT6XALA1A\" width=\"404\" height=\"480\" frameborder=\"0\" class=\"giphy-embed\" allowfullscreen=\"\"><\/iframe><\/figure><\/div>\n\n\n\n<p class=\"has-text-align-center\"><strong>Bernadetta Pastuszka<\/strong> <strong>(Krak\u00f3w, Polska)<\/strong><br><em>Materia\u0142 \u017ar\u00f3d\u0142owy:&nbsp;<\/em>1. <a href=\"https:\/\/www.europeana.eu\/en\/item\/2021672\/resource_document_mauritshuis_670\">Dziewczyna z per\u0142owym kolczykiem<\/a> | Johannes Vermeer | Mauritshuis;<br>2. <a href=\"https:\/\/www.europeana.eu\/en\/item\/2048221\/europeana_fashion_528600\">Tkanina<\/a>; 3. <a href=\"https:\/\/www.europeana.eu\/en\/item\/2048221\/europeana_fashion_780550\">Uk\u0142ad dla kobiet<\/a>; 4. <a href=\"https:\/\/www.europeana.eu\/en\/item\/2048221\/europeana_fashion_46401\">Srebrne kolczyki&nbsp;<\/a>| Nationaal Museum van Wereldculturen <br>przez European\u0119&nbsp;<\/p>\n\n\n\n<hr class=\"wp-block-separator has-css-opacity\"\/>\n\n\n\n<p><strong>Gratulujemy zwyci\u0119zcom - skontaktujemy si\u0119 z wami w sprawie nagr\u00f3d drog\u0105 mailow\u0105. Ogromne podzi\u0119kowania dla wszystkich uczestnik\u00f3w! Do zobaczenia w przysz\u0142ym roku<\/strong>.<\/p>\n\n\n\n<p class=\"has-text-align-center\"><\/p>\n\n\n\n<p><\/p>","protected":false},"excerpt":{"rendered":"<p>Przeczytaj o zwyci\u0119zcach konkursu!<\/p>","protected":false},"author":1,"featured_media":0,"parent":0,"menu_order":0,"comment_status":"closed","ping_status":"closed","template":"","meta":{"_coblocks_attr":"","_coblocks_dimensions":"","_coblocks_responsive_height":"","_coblocks_accordion_ie_support":"","advanced_seo_description":"","jetpack_seo_html_title":"","jetpack_seo_noindex":false,"jetpack_post_was_ever_published":false,"footnotes":""},"class_list":["post-2841","page","type-page","status-publish","hentry","grid-item"],"jetpack_sharing_enabled":true,"jetpack_shortlink":"https:\/\/wp.me\/Pad3Th-JP","jetpack_likes_enabled":false,"_links":{"self":[{"href":"https:\/\/gifitup.net\/pl\/wp-json\/wp\/v2\/pages\/2841","targetHints":{"allow":["GET"]}}],"collection":[{"href":"https:\/\/gifitup.net\/pl\/wp-json\/wp\/v2\/pages"}],"about":[{"href":"https:\/\/gifitup.net\/pl\/wp-json\/wp\/v2\/types\/page"}],"author":[{"embeddable":true,"href":"https:\/\/gifitup.net\/pl\/wp-json\/wp\/v2\/users\/1"}],"replies":[{"embeddable":true,"href":"https:\/\/gifitup.net\/pl\/wp-json\/wp\/v2\/comments?post=2841"}],"version-history":[{"count":27,"href":"https:\/\/gifitup.net\/pl\/wp-json\/wp\/v2\/pages\/2841\/revisions"}],"predecessor-version":[{"id":2875,"href":"https:\/\/gifitup.net\/pl\/wp-json\/wp\/v2\/pages\/2841\/revisions\/2875"}],"wp:attachment":[{"href":"https:\/\/gifitup.net\/pl\/wp-json\/wp\/v2\/media?parent=2841"}],"curies":[{"name":"wp","href":"https:\/\/api.w.org\/{rel}","templated":true}]}}