{"id":2405,"date":"2022-10-01T11:06:33","date_gmt":"2022-10-01T09:06:33","guid":{"rendered":"https:\/\/gifitup.net\/?page_id=2405"},"modified":"2025-09-25T15:56:22","modified_gmt":"2025-09-25T13:56:22","slug":"rzemioslo-kategorii-specjalnej","status":"publish","type":"page","link":"https:\/\/gifitup.net\/pl\/rzemioslo-kategorii-specjalnej\/","title":{"rendered":"Kategoria specjalna: R\u0119kodzie\u0142o"},"content":{"rendered":"<p>Niezale\u017cnie od tego, czy tworzysz gifa przedstawiaj\u0105cego tkacza koszyk\u00f3w, srebrnika czy hafciarza, prze\u015blij go do naszej kategorii inspirowanej rzemios\u0142em! Mo\u017cesz tak\u017ce stworzy\u0107 go samodzielnie, korzystaj\u0105c z w\u0142asnego kunsztu, na przyk\u0142ad: gif poklatkowy przy u\u017cyciu klock\u00f3w LEGO, wyrze\u017abi\u0107 gif claymation lub z\u0142o\u017cy\u0107 gif origami. <\/p>\n\n\n\n<p>Nie wiesz od czego zacz\u0105\u0107? Sp\u00f3jrz na te<a href=\"https:\/\/gifitup.net\/pl\/rzemioslo\/\"> inspiruj\u0105ce kolekcje<\/a> aby znale\u017a\u0107 osza\u0142amiaj\u0105ce dziedzictwo kulturowe dotycz\u0105ce rzemios\u0142a artystycznego i rzemios\u0142a na przestrzeni wiek\u00f3w. <\/p>\n\n\n\n<figure class=\"wp-block-embed is-type-photo is-provider-giphy wp-block-embed-giphy\"><div class=\"wp-block-embed__wrapper\">\n<a href=\"https:\/\/giphy.com\/gifs\/gifitup-gifitup2021-untie-unravelling-luZ3A7gmwszo99iYHa\"><img data-recalc-dims=\"1\" loading=\"lazy\" decoding=\"async\" src=\"https:\/\/i0.wp.com\/media2.giphy.com\/media\/luZ3A7gmwszo99iYHa\/giphy.gif?resize=313%2C527&#038;ssl=1\" alt=\"Art Im Out Gif By GIF - Znajd\u017a i udost\u0119pnij na GIPHY\" width=\"313\" height=\"527\" \/><\/a>\n<\/div><\/figure>","protected":false},"excerpt":{"rendered":"<p>Whether you make a gif of a basket weaver, a silversmith, or embroidery, submit it to our craft inspired category! You can also craft it up yourself using your own artisanship such as: a stop motion gif using LEGO bricks, sculpt a claymation gif, or fold an origami gif. Don&#8217;t know where to start? Take [&hellip;]<\/p>\n","protected":false},"author":6,"featured_media":1928,"parent":0,"menu_order":0,"comment_status":"closed","ping_status":"closed","template":"","meta":{"_coblocks_attr":"","_coblocks_dimensions":"","_coblocks_responsive_height":"","_coblocks_accordion_ie_support":"","advanced_seo_description":"","jetpack_seo_html_title":"","jetpack_seo_noindex":false,"footnotes":""},"class_list":["post-2405","page","type-page","status-publish","has-post-thumbnail","hentry","grid-item","grid-item-small","grid-item-portrait"],"jetpack_sharing_enabled":true,"jetpack_shortlink":"https:\/\/wp.me\/Pad3Th-CN","jetpack_likes_enabled":false,"_links":{"self":[{"href":"https:\/\/gifitup.net\/pl\/wp-json\/wp\/v2\/pages\/2405","targetHints":{"allow":["GET"]}}],"collection":[{"href":"https:\/\/gifitup.net\/pl\/wp-json\/wp\/v2\/pages"}],"about":[{"href":"https:\/\/gifitup.net\/pl\/wp-json\/wp\/v2\/types\/page"}],"author":[{"embeddable":true,"href":"https:\/\/gifitup.net\/pl\/wp-json\/wp\/v2\/users\/6"}],"replies":[{"embeddable":true,"href":"https:\/\/gifitup.net\/pl\/wp-json\/wp\/v2\/comments?post=2405"}],"version-history":[{"count":10,"href":"https:\/\/gifitup.net\/pl\/wp-json\/wp\/v2\/pages\/2405\/revisions"}],"predecessor-version":[{"id":2639,"href":"https:\/\/gifitup.net\/pl\/wp-json\/wp\/v2\/pages\/2405\/revisions\/2639"}],"wp:featuredmedia":[{"embeddable":true,"href":"https:\/\/gifitup.net\/pl\/wp-json\/wp\/v2\/media\/1928"}],"wp:attachment":[{"href":"https:\/\/gifitup.net\/pl\/wp-json\/wp\/v2\/media?parent=2405"}],"curies":[{"name":"wp","href":"https:\/\/api.w.org\/{rel}","templated":true}]}}