{"id":1812,"date":"2021-09-30T16:32:09","date_gmt":"2021-09-30T14:32:09","guid":{"rendered":"https:\/\/gifitup.net\/?page_id=1812"},"modified":"2021-09-30T16:32:10","modified_gmt":"2021-09-30T14:32:10","slug":"sport-specjalnej-kategorii","status":"publish","type":"page","link":"https:\/\/gifitup.net\/pl\/sport-specjalnej-kategorii\/","title":{"rendered":"Kategoria specjalna: Sport"},"content":{"rendered":"<p>W 2021 roku mamy specjaln\u0105 kategori\u0119 nagr\u00f3d dla gif\u00f3w inspirowanych dziedzictwem sportowym. <\/p>\n\n\n\n<p>Odkryj dziedzictwo sportowe Europy na stronie Europeany. <a href=\"https:\/\/www.europeana.eu\/en\/sport\">strona po\u015bwi\u0119cona sportowi<\/a>.<\/p>\n\n\n\n<p>Nie wiesz od czego zacz\u0105\u0107? Sp\u00f3jrz na te <a href=\"https:\/\/gifitup.net\/pl\/sport\/\">inspiruj\u0105ce kolekcje<\/a>.<\/p>\n\n\n\n<iframe loading=\"lazy\" src=\"https:\/\/giphy.com\/embed\/gk9AIOq4j2OzbG9XCQ\" width=\"480\" height=\"324\" frameborder=\"0\" class=\"giphy-embed\" allowfullscreen><\/iframe><p><a href=\"https:\/\/giphy.com\/gifs\/gifitup-ski-quinn-hottendorf-dartmouth-winter-carnival-gk9AIOq4j2OzbG9XCQ\">za po\u015brednictwem GIPHY<\/a><\/p>","protected":false},"excerpt":{"rendered":"<p>In 2021, we have a special prize category for a gif inspired by sporting heritage. Explore the heritage of sport across Europe on on Europeana&#8217;s sport feature page. Don&#8217;t know where to start? Take a look at these inspiring collections. via GIPHY<\/p>","protected":false},"author":1,"featured_media":341,"parent":0,"menu_order":0,"comment_status":"closed","ping_status":"closed","template":"","meta":{"_coblocks_attr":"","_coblocks_dimensions":"","_coblocks_responsive_height":"","_coblocks_accordion_ie_support":"","advanced_seo_description":"","jetpack_seo_html_title":"","jetpack_seo_noindex":false,"jetpack_post_was_ever_published":false,"footnotes":""},"class_list":["post-1812","page","type-page","status-publish","has-post-thumbnail","hentry","grid-item","grid-item-portrait"],"jetpack_sharing_enabled":true,"jetpack_shortlink":"https:\/\/wp.me\/Pad3Th-te","jetpack_likes_enabled":false,"_links":{"self":[{"href":"https:\/\/gifitup.net\/pl\/wp-json\/wp\/v2\/pages\/1812","targetHints":{"allow":["GET"]}}],"collection":[{"href":"https:\/\/gifitup.net\/pl\/wp-json\/wp\/v2\/pages"}],"about":[{"href":"https:\/\/gifitup.net\/pl\/wp-json\/wp\/v2\/types\/page"}],"author":[{"embeddable":true,"href":"https:\/\/gifitup.net\/pl\/wp-json\/wp\/v2\/users\/1"}],"replies":[{"embeddable":true,"href":"https:\/\/gifitup.net\/pl\/wp-json\/wp\/v2\/comments?post=1812"}],"version-history":[{"count":8,"href":"https:\/\/gifitup.net\/pl\/wp-json\/wp\/v2\/pages\/1812\/revisions"}],"predecessor-version":[{"id":1827,"href":"https:\/\/gifitup.net\/pl\/wp-json\/wp\/v2\/pages\/1812\/revisions\/1827"}],"wp:featuredmedia":[{"embeddable":true,"href":"https:\/\/gifitup.net\/pl\/wp-json\/wp\/v2\/media\/341"}],"wp:attachment":[{"href":"https:\/\/gifitup.net\/pl\/wp-json\/wp\/v2\/media?parent=1812"}],"curies":[{"name":"wp","href":"https:\/\/api.w.org\/{rel}","templated":true}]}}