{"id":18,"date":"2018-09-06T13:00:30","date_gmt":"2018-09-06T13:00:30","guid":{"rendered":"https:\/\/gifitup.net\/?page_id=18"},"modified":"2025-01-29T12:57:26","modified_gmt":"2025-01-29T11:57:26","slug":"jak-zrobic-gif","status":"publish","type":"page","link":"https:\/\/gifitup.net\/pl\/jak-zrobic-gif\/","title":{"rendered":"Jak zrobi\u0107 sw\u00f3j pierwszy GIF?"},"content":{"rendered":"<p>Nigdy nie stworzyli\u015bcie GIF-a? Bez obaw! Sprawd\u017acie jeden z naszych samouczk\u00f3w online:<\/p>\n\n\n\n<ul class=\"wp-block-list\">\n<li><a href=\"https:\/\/www.europeana.eu\/stories\/4-simple-ways-to-make-creative-gifs\">Cztery proste sposoby tworzenia ciekawych GIF-\u00f3w<\/a> (Europeana)<\/li>\n\n\n\n<li><a href=\"https:\/\/www.europeana.eu\/blog\/getting-creative-with-stickers-effects-make-your-first-gif\">Kreatywno\u015b\u0107 z naklejkami i efektami - stw\u00f3rz sw\u00f3j pierwszy GIF<\/a>&nbsp;(Europeana)<\/li>\n\n\n\n<li><a href=\"https:\/\/www.europeana.eu\/blog\/playing-with-colours-make-your-first-gif-it-up-entry\">Zabawa kolorami - stw\u00f3rz sw\u00f3j pierwszy wpis GIF IT UP<\/a>&nbsp;(Europeana)<\/li>\n\n\n\n<li><a href=\"https:\/\/www.europeana.eu\/blog\/how-to-make-a-gif-from-a-series-of-photos\">Jak utworzy\u0107 GIF z serii zdj\u0119\u0107<\/a>&nbsp;(Europeana)<\/li>\n\n\n\n<li><a href=\"https:\/\/www.europeana.eu\/blog\/make-a-gif-from-a-vintage-video\">Tworzenie GIF-a z filmu wideo w stylu vintage<\/a>&nbsp;(Europeana)<\/li>\n\n\n\n<li><a href=\"https:\/\/pro.dp.la\/events\/workshops#gifs\" target=\"_blank\" rel=\"noopener\">Warsztaty online z tworzenia GIF-\u00f3w<\/a>&nbsp;(DPLA)<\/li>\n\n\n\n<li><a href=\"https:\/\/digitalnz.org\/blog\/posts\/how-to-make-a-simple-animated-gif-with-free-software\" target=\"_blank\" rel=\"noopener\">Jak utworzy\u0107 GIF przy u\u017cyciu bezp\u0142atnego oprogramowania<\/a>&nbsp;(DigitalNZ)<\/li>\n\n\n\n<li><a href=\"https:\/\/digitalnz.org\/blog\/posts\/how-to-make-an-animated-gif-from-a-stereograph\" target=\"_blank\" rel=\"noopener\">Jak utworzy\u0107 animowany GIF ze stereogramu<\/a>&nbsp;(DigitalNZ)<\/li>\n\n\n\n<li><a href=\"https:\/\/digitalnz.org\/blog\/posts\/how-to-make-an-animated-gif-from-a-stereograph\" target=\"_blank\" rel=\"noopener\">Jak utworzy\u0107 animowany GIF przy u\u017cyciu oprogramowania Gimp<\/a>&nbsp;+ <a href=\"http:\/\/www.screencast.com\/t\/iKD5my0piB\">screencast<\/a> (DigitalNZ)<\/li>\n<\/ul>\n\n\n\n<hr class=\"wp-block-coblocks-dynamic-separator\" style=\"height:20px\"\/>\n\n\n\n<ul class=\"wp-block-list\">\n<li><a href=\"https:\/\/www.youtube.com\/watch?v=SMhjH-lAkF4\">Jak znale\u017a\u0107 otwarte tre\u015bci na Europeana.eu<\/a>? (wideo)<\/li>\n<\/ul>\n\n\n<div class=\"wp-block-image size-full wp-image-96\">\n<figure class=\"aligncenter\"><img data-recalc-dims=\"1\" loading=\"lazy\" decoding=\"async\" width=\"540\" height=\"405\" data-attachment-id=\"96\" data-permalink=\"https:\/\/gifitup.net\/pl\/jak-zrobic-gif\/laptop1922\/\" data-orig-file=\"https:\/\/i0.wp.com\/gifitup.net\/wp-content\/uploads\/2018\/09\/LapTop1922.gif?fit=540%2C405&amp;ssl=1\" data-orig-size=\"540,405\" data-comments-opened=\"1\" data-image-meta=\"{&quot;aperture&quot;:&quot;0&quot;,&quot;credit&quot;:&quot;&quot;,&quot;camera&quot;:&quot;&quot;,&quot;caption&quot;:&quot;&quot;,&quot;created_timestamp&quot;:&quot;0&quot;,&quot;copyright&quot;:&quot;&quot;,&quot;focal_length&quot;:&quot;0&quot;,&quot;iso&quot;:&quot;0&quot;,&quot;shutter_speed&quot;:&quot;0&quot;,&quot;title&quot;:&quot;&quot;,&quot;orientation&quot;:&quot;0&quot;}\" data-image-title=\"LapTop1922\" data-image-description=\"\" data-image-caption=\"\" data-medium-file=\"https:\/\/i0.wp.com\/gifitup.net\/wp-content\/uploads\/2018\/09\/LapTop1922.gif?fit=300%2C225&amp;ssl=1\" data-large-file=\"https:\/\/i0.wp.com\/gifitup.net\/wp-content\/uploads\/2018\/09\/LapTop1922.gif?fit=540%2C405&amp;ssl=1\" src=\"https:\/\/i0.wp.com\/gifitup.net\/wp-content\/uploads\/2018\/09\/LapTop1922.gif?resize=540%2C405&#038;ssl=1\" alt=\"LapTop1922\" class=\"wp-image-96\"\/><figcaption class=\"wp-element-caption\">Korzystanie z laptopa w M\u0142odej Belgii w 1922 r, <br>Alex Segers, GIF IT UP 2017<br> <br>materia\u0142 \u017ar\u00f3d\u0142owy: <a href=\"https:\/\/www.europeana.eu\/item\/08623\/12420\">La jeune Belgique<\/a>, re\u017c. Armand du Plessy, 1922, Kr\u00f3lewskie Archiwum Filmowe Belgii - CINEMATEK, domena publiczna<\/figcaption><\/figure>\n<\/div>","protected":false},"excerpt":{"rendered":"<p>Nigdy nie stworzyli\u015bcie GIF-a? Bez obaw! Sprawd\u017acie jeden z naszych samouczk\u00f3w online:<\/p>","protected":false},"author":1,"featured_media":96,"parent":0,"menu_order":0,"comment_status":"closed","ping_status":"closed","template":"","meta":{"_coblocks_attr":"","_coblocks_dimensions":"","_coblocks_responsive_height":"","_coblocks_accordion_ie_support":"","advanced_seo_description":"Always wanted to make a gif but you don't know how? We got you covered - just check one of our online tutorials.","jetpack_seo_html_title":"","jetpack_seo_noindex":false,"jetpack_post_was_ever_published":false,"footnotes":""},"class_list":["post-18","page","type-page","status-publish","has-post-thumbnail","hentry","grid-item","grid-item-landscape"],"jetpack_sharing_enabled":true,"jetpack_shortlink":"https:\/\/wp.me\/Pad3Th-i","jetpack_likes_enabled":false,"_links":{"self":[{"href":"https:\/\/gifitup.net\/pl\/wp-json\/wp\/v2\/pages\/18","targetHints":{"allow":["GET"]}}],"collection":[{"href":"https:\/\/gifitup.net\/pl\/wp-json\/wp\/v2\/pages"}],"about":[{"href":"https:\/\/gifitup.net\/pl\/wp-json\/wp\/v2\/types\/page"}],"author":[{"embeddable":true,"href":"https:\/\/gifitup.net\/pl\/wp-json\/wp\/v2\/users\/1"}],"replies":[{"embeddable":true,"href":"https:\/\/gifitup.net\/pl\/wp-json\/wp\/v2\/comments?post=18"}],"version-history":[{"count":14,"href":"https:\/\/gifitup.net\/pl\/wp-json\/wp\/v2\/pages\/18\/revisions"}],"predecessor-version":[{"id":4291,"href":"https:\/\/gifitup.net\/pl\/wp-json\/wp\/v2\/pages\/18\/revisions\/4291"}],"wp:featuredmedia":[{"embeddable":true,"href":"https:\/\/gifitup.net\/pl\/wp-json\/wp\/v2\/media\/96"}],"wp:attachment":[{"href":"https:\/\/gifitup.net\/pl\/wp-json\/wp\/v2\/media?parent=18"}],"curies":[{"name":"wp","href":"https:\/\/api.w.org\/{rel}","templated":true}]}}