{"id":1626,"date":"2020-12-10T12:42:17","date_gmt":"2020-12-10T11:42:17","guid":{"rendered":"https:\/\/gifitup.net\/?page_id=1626"},"modified":"2021-03-08T16:31:24","modified_gmt":"2021-03-08T15:31:24","slug":"zwyciezcy-2020","status":"publish","type":"page","link":"https:\/\/gifitup.net\/pl\/zwyciezcy-2020\/","title":{"rendered":"Zwyci\u0119zcy 2020"},"content":{"rendered":"<h2 class=\"has-text-align-center wp-block-heading\"><strong>Zdobywca nagrody g\u0142\u00f3wnej<\/strong><\/h2>\n\n\n\n<div align=\"center\"><figure><iframe loading=\"lazy\" src=\"https:\/\/giphy.com\/embed\/W9lunhV5bih6bqzuR0\" width=\"304\" height=\"480\" frameborder=\"0\" class=\"giphy-embed\" allowfullscreen=\"\"><\/iframe><\/figure><\/div>\n\n\n\n<p class=\"has-text-align-center\"><strong>Nisha Alberti (Edynburg, Szkocja)<\/strong><em> <\/em><br><em>Materia\u0142 \u017ar\u00f3d\u0142owy:&nbsp;<a href=\"https:\/\/www.europeana.eu\/en\/item\/90402\/RP_P_2009_4054\">Tr\u00e8s Parisien<\/a> | Rijksmuseum via Europeana<\/em> <\/p>\n\n\n\n<hr class=\"wp-block-separator\"\/>\n\n\n\n<h2 class=\"has-text-align-center wp-block-heading\"><strong>3 Zdobywcy drugiego miejsca<\/strong><\/h2>\n\n\n\n<div align=\"center\"><figure><iframe loading=\"lazy\" src=\"https:\/\/giphy.com\/embed\/G5x89KBliaCgf9ST8c\" width=\"312\" height=\"480\" frameborder=\"0\" class=\"giphy-embed\" allowfullscreen=\"\"><\/iframe><\/figure><\/div>\n\n\n\n<p class=\"has-text-align-center\"><strong>Nisha Alberti (Edynburg, Szkocja)<\/strong><em> <\/em><br><em>Materia\u0142 \u017ar\u00f3d\u0142owy:&nbsp;<a href=\"https:\/\/www.europeana.eu\/en\/item\/90402\/RP_P_2009_2471\">Moda m\u0119ska<\/a> | Rijksmuseum via Europeana<\/em><\/p>\n\n\n\n<div align=\"center\"><figure><iframe loading=\"lazy\" src=\"https:\/\/giphy.com\/embed\/XUxyh5p29d7VpzQnty\" width=\"480\" height=\"472\" frameborder=\"0\" class=\"giphy-embed\" allowfullscreen=\"\"><\/iframe><\/figure><\/div>\n\n\n\n<p class=\"has-text-align-center\"><strong>Friederike Fankh\u00e4nel (Hamburg, Niemcy)<\/strong><em> <\/em><br><em>Materia\u0142 \u017ar\u00f3d\u0142owy:&nbsp;<a href=\"https:\/\/www.europeana.eu\/de\/item\/2048429\/item_AFVPTFDONXE6R3FCKB2A2F3L4UE32WBB\">Ilustrowany magazyn Boona<\/a> | Johann van Caspel | Muzeum Sztuki i Rzemios\u0142a w Hamburgu za po\u015brednictwem Europeany<\/em><\/p>\n\n\n\n<div align=\"center\"><figure><iframe loading=\"lazy\" src=\"https:\/\/giphy.com\/embed\/GUG2yMaRxqS7NPgmym\" width=\"307\" height=\"480\" frameborder=\"0\" class=\"giphy-embed\" allowfullscreen=\"\"><\/iframe><\/figure><\/div>\n\n\n\n<p class=\"has-text-align-center\"><strong>Helene Nozon (Rostock, Niemcy)<\/strong><em> <\/em><br><em>Materia\u0142 \u017ar\u00f3d\u0142owy:&nbsp;<a href=\"https:\/\/www.europeana.eu\/item\/9200579\/urc4max8\">Lavoisier wyja\u015bniaj\u0105cy swojej \u017conie<\/a>| Zarz\u0105d Earnest | Kolekcja Wellcome za po\u015brednictwem Europeany<\/em><\/p>\n\n\n\n<hr class=\"wp-block-separator\"\/>\n\n\n\n<h2 class=\"has-text-align-center wp-block-heading\"><strong>2 Zwyci\u0119zcy kategorii dla tw\u00f3rc\u00f3w GIF-\u00f3w po raz pierwszy<\/strong><\/h2>\n\n\n\n<div align=\"center\"><figure><iframe loading=\"lazy\" src=\"https:\/\/giphy.com\/embed\/JyY7J5QyaX6Q6sshwa\" width=\"341\" height=\"480\" frameborder=\"0\" class=\"giphy-embed\" allowfullscreen=\"\"><\/iframe><\/figure><\/div>\n\n\n\n<p class=\"has-text-align-center\"><strong>Asterios Alexandrou (Berlin, Niemcy)<\/strong><br><em>Materia\u0142 \u017ar\u00f3d\u0142owy:&nbsp;<a href=\"https:\/\/www.europeana.eu\/en\/item\/15514\/BI_13977_616\">Zdj\u0119cie pos\u0105gu Aspazji<\/a> | MAK \u2013 Muzeum Sztuki U\u017cytkowej, Wiede\u0144 za po\u015brednictwem Europeany<\/em><\/p>\n\n\n\n<div align=\"center\"><figure><iframe loading=\"lazy\" src=\"https:\/\/giphy.com\/embed\/6iLK0bYnQHbEKvdtXL\" width=\"480\" height=\"320\" frameborder=\"0\" class=\"giphy-embed\" allowfullscreen=\"\"><\/iframe><\/figure><\/div>\n\n\n\n<p class=\"has-text-align-center\"><strong>Henriette Roued-Cunliffe (Kopenhaga, Dania)<\/strong><br><em>Materia\u0142 \u017ar\u00f3d\u0142owy:&nbsp;<a href=\"https:\/\/www.europeana.eu\/item\/2064116\/Museu_ProvidedCHO_Nationalmuseum__Sweden_24209\">Kwiaty na parapecie<\/a>| Carl Larsson | Muzeum Narodowe, Szwecja za po\u015brednictwem Europeany<\/em><\/p>\n\n\n\n<hr class=\"wp-block-separator\"\/>\n\n\n\n<h2 class=\"has-text-align-center wp-block-heading\"><strong>4 zwyci\u0119zcy w kategorii dzieci i m\u0142odzie\u017c<\/strong><\/h2>\n\n\n\n<div align=\"center\"><figure><iframe loading=\"lazy\" src=\"https:\/\/giphy.com\/embed\/FgTuajNOlLGmpR6cRS\" width=\"373\" height=\"480\" frameborder=\"0\" class=\"giphy-embed\" allowfullscreen=\"\"><\/iframe><\/figure><\/div>\n\n\n\n<p class=\"has-text-align-center\"><strong>Jana Br\u016bvere (Lipawa, \u0141otwa)<\/strong>, lat 17<em> <\/em><br><em>Materia\u0142 \u017ar\u00f3d\u0142owy: 1.<a href=\"https:\/\/www.europeana.eu\/item\/2020903\/KMS616\">Dr\u00f3b<\/a>| Jacomo Victors | DK-National Aggregation Service;<br>2.<a href=\"https:\/\/www.europeana.eu\/item\/9200579\/wvmv8ap6\">William Cheselden przeprowadza demonstracj\u0119 anatomiczn\u0105 przed sze\u015bcioma widzami.<\/a> | Kolekcja Wellcome za po\u015brednictwem Europeany<\/em><\/p>\n\n\n\n<div align=\"center\"><figure><iframe loading=\"lazy\" src=\"https:\/\/giphy.com\/embed\/W7KhXSNkvT02FB3s7o\" width=\"403\" height=\"480\" frameborder=\"0\" class=\"giphy-embed\" allowfullscreen=\"\"><\/iframe><\/figure><\/div>\n\n\n\n<p class=\"has-text-align-center\"><strong>Charu Smita (Ranchi, Indie)<\/strong>, 14 lat<br><em>Materia\u0142 \u017ar\u00f3d\u0142owy:&nbsp;<a href=\"https:\/\/www.europeana.eu\/item\/2064116\/Museu_ProvidedCHO_Nationalmuseum__Sweden_39075\">Jenny Lind<\/a>| Johan Gustaf Sandberg | Muzeum Narodowe, Szwecja za po\u015brednictwem Europeany<\/em><\/p>\n\n\n\n<div align=\"center\"><figure><iframe loading=\"lazy\" src=\"https:\/\/giphy.com\/embed\/wbY6dFxpJ4jzXq9FLf\" width=\"480\" height=\"360\" frameborder=\"0\" class=\"giphy-embed\" allowfullscreen=\"\"><\/iframe><\/figure><\/div>\n\n\n\n<p class=\"has-text-align-center\"><strong>Marta Stankevica (Lipawa, \u0141otwa)<\/strong>, 18 lat<br><em>Materia\u0142 \u017ar\u00f3d\u0142owy:&nbsp;<a href=\"https:\/\/www.europeana.eu\/item\/2021672\/resource_document_mauritshuis_797\">Kobieta pisz\u0105ca list<\/a> | Gerard ter Borch | Mauritshuis via Europeana<\/em><\/p>\n\n\n\n<div align=\"center\"><figure><iframe loading=\"lazy\" src=\"https:\/\/giphy.com\/embed\/AAL02XREYwThABO3J9\" width=\"318\" height=\"480\" frameborder=\"0\" class=\"giphy-embed\" allowfullscreen=\"\"><\/iframe><\/figure><\/div>\n\n\n\n<p class=\"has-text-align-center\"><strong>Punya Kaul (New Delhi, Indie)<\/strong>, lat 12<br><em>Materia\u0142 \u017ar\u00f3d\u0142owy:&nbsp;<a href=\"https:\/\/www.europeana.eu\/item\/9200579\/fvpa2pdz\">Joseph Bienaim\u00e9 Caventou<\/a> | Catherine Buisson i Elisa Desrivi\u00e8res | Kolekcja Wellcome za po\u015brednictwem Europeany<\/em><\/p>\n\n\n\n<hr class=\"wp-block-separator\"\/>\n\n\n\n<h2 class=\"has-text-align-center wp-block-heading\"><strong>Zwyci\u0119zca nagrody publiczno\u015bci<\/strong><\/h2>\n\n\n\n<div align=\"center\"><figure><iframe loading=\"lazy\" src=\"https:\/\/giphy.com\/embed\/FXnGhBrjb2mqYFFbIz\" width=\"304\" height=\"480\" frameborder=\"0\" class=\"giphy-embed\" allowfullscreen=\"\"><\/iframe><\/figure><\/div>\n\n\n\n<p class=\"has-text-align-center\"><strong>Mareks Ziemelis (Lipawa, \u0141otwa)<\/strong><br><em>Materia\u0142 \u017ar\u00f3d\u0142owy:&nbsp;<a href=\"https:\/\/www.europeana.eu\/item\/2020601\/https___1914_1918_europeana_eu_contributions_10425_attachments_109979\">Carte postale<\/a> | Archiwa Departamentu Seine-et-Marne za po\u015brednictwem Europeany<\/em><\/p>\n\n\n\n<hr class=\"wp-block-separator\"\/>\n\n\n\n<h2 class=\"has-text-align-center wp-block-heading\"><strong>Zwyci\u0119zca kategorii \u201eT\u0142o\u201d GIPHY<\/strong><\/h2>\n\n\n\n<div align=\"center\"><figure><iframe loading=\"lazy\" src=\"https:\/\/giphy.com\/embed\/hqcSZuoLzXECotPoV6\" width=\"480\" height=\"235\" frameborder=\"0\" class=\"giphy-embed\" allowfullscreen=\"\"><\/iframe><\/figure><\/div>\n\n\n\n<p class=\"has-text-align-center\"><strong>Yachiyo Hara (Tokio, Japonia)<\/strong><br><em>Materia\u0142 \u017ar\u00f3d\u0142owy:&nbsp;<a href=\"https:\/\/jpsearch.go.jp\/item\/tfam_art_db-9164\">Ksi\u0119\u017cniczka Takiyasha przywo\u0142uje potworne widmo szkieletu<\/a> | Utagawa Kuniyosh | Muzeum Sztuki Fuji w Tokio za po\u015brednictwem Japan Search<\/em><\/p>\n\n\n\n<hr class=\"wp-block-separator\"\/>\n\n\n\n<p><strong>Gratulujemy zwyci\u0119zcom - skontaktujemy si\u0119 z wami w sprawie nagr\u00f3d drog\u0105 mailow\u0105. Ogromne podzi\u0119kowania dla wszystkich uczestnik\u00f3w! Do zobaczenia w przysz\u0142ym roku.<\/strong><\/p>","protected":false},"excerpt":{"rendered":"<p>Zwyci\u0119zcy konkursu GIF IT UP 2020<\/p>","protected":false},"author":1,"featured_media":0,"parent":0,"menu_order":0,"comment_status":"closed","ping_status":"closed","template":"","meta":{"_coblocks_attr":"","_coblocks_dimensions":"","_coblocks_responsive_height":"","_coblocks_accordion_ie_support":"","advanced_seo_description":"Winners of GIF IT UP 2020","jetpack_seo_html_title":"","jetpack_seo_noindex":false,"footnotes":""},"class_list":["post-1626","page","type-page","status-publish","hentry","grid-item"],"jetpack_sharing_enabled":true,"jetpack_shortlink":"https:\/\/wp.me\/Pad3Th-qe","jetpack_likes_enabled":false,"_links":{"self":[{"href":"https:\/\/gifitup.net\/pl\/wp-json\/wp\/v2\/pages\/1626","targetHints":{"allow":["GET"]}}],"collection":[{"href":"https:\/\/gifitup.net\/pl\/wp-json\/wp\/v2\/pages"}],"about":[{"href":"https:\/\/gifitup.net\/pl\/wp-json\/wp\/v2\/types\/page"}],"author":[{"embeddable":true,"href":"https:\/\/gifitup.net\/pl\/wp-json\/wp\/v2\/users\/1"}],"replies":[{"embeddable":true,"href":"https:\/\/gifitup.net\/pl\/wp-json\/wp\/v2\/comments?post=1626"}],"version-history":[{"count":32,"href":"https:\/\/gifitup.net\/pl\/wp-json\/wp\/v2\/pages\/1626\/revisions"}],"predecessor-version":[{"id":2164,"href":"https:\/\/gifitup.net\/pl\/wp-json\/wp\/v2\/pages\/1626\/revisions\/2164"}],"wp:attachment":[{"href":"https:\/\/gifitup.net\/pl\/wp-json\/wp\/v2\/media?parent=1626"}],"curies":[{"name":"wp","href":"https:\/\/api.w.org\/{rel}","templated":true}]}}