{"id":94,"date":"2018-09-20T14:14:55","date_gmt":"2018-09-20T12:14:55","guid":{"rendered":"https:\/\/gifitup.net\/?page_id=94"},"modified":"2025-12-05T15:12:47","modified_gmt":"2025-12-05T14:12:47","slug":"a-propos-de","status":"publish","type":"page","link":"https:\/\/gifitup.net\/fr\/","title":{"rendered":"\u00c0 propos de nous"},"content":{"rendered":"<p class=\"is-style-default\">GIF IT UP est un concours annuel de cr\u00e9ation de GIFs qui c\u00e9l\u00e8bre le remixage cr\u00e9atif du patrimoine culturel. Il est organis\u00e9 par <a href=\"https:\/\/europeana.eu\/\">Europeana<\/a> en partenariat avec des organisations du monde entier.<\/p>\n\n\n\n<p class=\"translation-block\">Tout au long du mois d'octobre, les cr\u00e9ateurs de GIFs et les amateurs de patrimoine culturel sont invit\u00e9s \u00e0 cr\u00e9er des GIFs originaux \u00e0 partir de collections num\u00e9riques en libre acc\u00e8s. De grands prix seront d\u00e9cern\u00e9s aux meilleures cr\u00e9ations, \u00e9valu\u00e9es par le public et notre jury d'experts en cr\u00e9ation.<\/p>\n\n\n\n<p>L'\u00e9dition de cette ann\u00e9e est termin\u00e9e. <strong><a href=\"https:\/\/gifitup.net\/fr\/laureats-2025\/\" data-type=\"page\" data-id=\"5069\">D\u00e9couvrez les projets gagnants de 2025<\/a><\/strong>.<\/p>\n\n\n\n<p><em>Mise \u00e0 jour : 5 d\u00e9cembre 2025<\/em><\/p>\n\n\n\n<p><\/p>","protected":false},"excerpt":{"rendered":"<p>Du 1er au 31 octobre, tous les cr\u00e9ateurs de gifs, passionn\u00e9s du patrimoine culturel et amateurs d'Internet sont invit\u00e9s \u00e0 cr\u00e9er de tout nouveaux gifs en remixant des contenus libres de droits et sous licence libre.<\/p>","protected":false},"author":1,"featured_media":37,"parent":0,"menu_order":0,"comment_status":"closed","ping_status":"closed","template":"","meta":{"_coblocks_attr":"","_coblocks_dimensions":"","_coblocks_responsive_height":"","_coblocks_accordion_ie_support":"","advanced_seo_description":"Remix open-access cultural heritage into GIFs! Share your creations and compete for prizes, 1\u201331 October.","jetpack_seo_html_title":"Join the GIF IT UP Contest: Create and Win Prizes!","jetpack_seo_noindex":false,"jetpack_post_was_ever_published":true,"footnotes":""},"class_list":["post-94","page","type-page","status-publish","has-post-thumbnail","hentry","grid-item","grid-item-portrait"],"jetpack_sharing_enabled":true,"jetpack_shortlink":"https:\/\/wp.me\/Pad3Th-1w","jetpack_likes_enabled":false,"_links":{"self":[{"href":"https:\/\/gifitup.net\/fr\/wp-json\/wp\/v2\/pages\/94","targetHints":{"allow":["GET"]}}],"collection":[{"href":"https:\/\/gifitup.net\/fr\/wp-json\/wp\/v2\/pages"}],"about":[{"href":"https:\/\/gifitup.net\/fr\/wp-json\/wp\/v2\/types\/page"}],"author":[{"embeddable":true,"href":"https:\/\/gifitup.net\/fr\/wp-json\/wp\/v2\/users\/1"}],"replies":[{"embeddable":true,"href":"https:\/\/gifitup.net\/fr\/wp-json\/wp\/v2\/comments?post=94"}],"version-history":[{"count":62,"href":"https:\/\/gifitup.net\/fr\/wp-json\/wp\/v2\/pages\/94\/revisions"}],"predecessor-version":[{"id":5112,"href":"https:\/\/gifitup.net\/fr\/wp-json\/wp\/v2\/pages\/94\/revisions\/5112"}],"wp:featuredmedia":[{"embeddable":true,"href":"https:\/\/gifitup.net\/fr\/wp-json\/wp\/v2\/media\/37"}],"wp:attachment":[{"href":"https:\/\/gifitup.net\/fr\/wp-json\/wp\/v2\/media?parent=94"}],"curies":[{"name":"wp","href":"https:\/\/api.w.org\/{rel}","templated":true}]}}