{"id":634,"date":"2019-10-03T12:00:43","date_gmt":"2019-10-03T10:00:43","guid":{"rendered":"https:\/\/gifitup.net\/?page_id=634"},"modified":"2023-10-01T11:28:21","modified_gmt":"2023-10-01T09:28:21","slug":"categorie-speciale-pour-les-enfants-et-les-adolescents","status":"publish","type":"page","link":"https:\/\/gifitup.net\/fr\/categorie-speciale-pour-les-enfants-et-les-adolescents\/","title":{"rendered":"La cat\u00e9gorie sp\u00e9ciale \u00ab enfants et adolescents \u00bb"},"content":{"rendered":"<p>La cr\u00e9ation de GIFs est un excellent moyen de d\u00e9velopper des comp\u00e9tences dans le num\u00e9rique et de se familiariser avec les droits d'auteur et le partage en ligne d\u00e8s le plus jeune \u00e2ge. C'est pourquoi nous avons cr\u00e9\u00e9 une cat\u00e9gorie sp\u00e9ciale de prix pour les jeunes cr\u00e9ateurs de GIFs \u00e2g\u00e9s entre 6 et 18 ans.<\/p>\n\n\n\n<p class=\"translation-block\">Vous ne savez pas par o\u00f9 commencer ? Consultez cette <a href=\"https:\/\/www.europeana.eu\/galleries\/9009-animals\" target=\"_self\">Animaux<\/a> qui contient des images sous licence libre de diff\u00e9rentes cr\u00e9atures et voyez si vous pouvez leur donner vie.<\/p>\n\n\n\n<p class=\"has-text-align-center\"><iframe loading=\"lazy\" class=\"giphy-embed\" src=\"https:\/\/giphy.com\/embed\/5qFDFuWRjHm2aS8gJm\" width=\"279\" height=\"480\" frameborder=\"0\" align=\"middle\" allowfullscreen=\"allowfullscreen\"><\/iframe><\/p>","protected":false},"excerpt":{"rendered":"<p>Creating GIFs is a great way to develop digital skills and learn about copyright and online sharing from a young age. That&#8217;s why we are including a special prize category for young GIF-makers, age 6-18. Don&#8217;t know where to start? Check out this Animals gallery with openly licensed images of different creatures and see if [&hellip;]<\/p>\n","protected":false},"author":1,"featured_media":1400,"parent":0,"menu_order":0,"comment_status":"closed","ping_status":"closed","template":"","meta":{"_coblocks_attr":"","_coblocks_dimensions":"","_coblocks_responsive_height":"","_coblocks_accordion_ie_support":"","advanced_seo_description":"","jetpack_seo_html_title":"","jetpack_seo_noindex":false,"jetpack_post_was_ever_published":false,"footnotes":""},"class_list":["post-634","page","type-page","status-publish","has-post-thumbnail","hentry","grid-item","grid-item-portrait"],"jetpack_sharing_enabled":true,"jetpack_shortlink":"https:\/\/wp.me\/Pad3Th-ae","jetpack_likes_enabled":false,"_links":{"self":[{"href":"https:\/\/gifitup.net\/fr\/wp-json\/wp\/v2\/pages\/634","targetHints":{"allow":["GET"]}}],"collection":[{"href":"https:\/\/gifitup.net\/fr\/wp-json\/wp\/v2\/pages"}],"about":[{"href":"https:\/\/gifitup.net\/fr\/wp-json\/wp\/v2\/types\/page"}],"author":[{"embeddable":true,"href":"https:\/\/gifitup.net\/fr\/wp-json\/wp\/v2\/users\/1"}],"replies":[{"embeddable":true,"href":"https:\/\/gifitup.net\/fr\/wp-json\/wp\/v2\/comments?post=634"}],"version-history":[{"count":9,"href":"https:\/\/gifitup.net\/fr\/wp-json\/wp\/v2\/pages\/634\/revisions"}],"predecessor-version":[{"id":3246,"href":"https:\/\/gifitup.net\/fr\/wp-json\/wp\/v2\/pages\/634\/revisions\/3246"}],"wp:featuredmedia":[{"embeddable":true,"href":"https:\/\/gifitup.net\/fr\/wp-json\/wp\/v2\/media\/1400"}],"wp:attachment":[{"href":"https:\/\/gifitup.net\/fr\/wp-json\/wp\/v2\/media?parent=634"}],"curies":[{"name":"wp","href":"https:\/\/api.w.org\/{rel}","templated":true}]}}