{"id":5069,"date":"2025-12-05T14:53:50","date_gmt":"2025-12-05T13:53:50","guid":{"rendered":"https:\/\/gifitup.net\/?page_id=5069"},"modified":"2025-12-08T09:45:05","modified_gmt":"2025-12-08T08:45:05","slug":"laureats-2025","status":"publish","type":"page","link":"https:\/\/gifitup.net\/fr\/laureats-2025\/","title":{"rendered":"D\u00e9couvrez les gagnants du concours GIF IT UP 2025"},"content":{"rendered":"<h2 class=\"wp-block-heading has-text-align-center\"><strong>Gagnant du grand prix<\/strong><\/h2>\n\n\n\n<div align=\"center\"><figure><iframe loading=\"lazy\" src=\"https:\/\/gifitup.net\/wp-content\/uploads\/wpforms\/4630-e5c381196b9d5e5d94eeb66bc5aa2734\/Cool-Swordsman-Surprise-Sm-0093ba06060589cdcea81bf1c774bc1c.gif\" width=\"650\" height=\"500\" style=\"\" frameborder=\"0\" allowfullscreen><\/iframe>\n\n\n\n<p class=\"has-text-align-center\"><strong>Nick Cave (Birmingham, Royaume-Uni)<\/strong><br>Mat\u00e9riel d&#039;origine\u00a0: <em><a href=\"https:\/\/www.europeana.eu\/item\/2022093\/10622_2F756977_51A7_495D_8E23_491A1F2F4160_cho\">La loi sur la milice&nbsp;<\/a>| Hahn, Albert, dessinateur | Institut international d'histoire sociale | Europeana<\/em> | domaine public<\/p>\n\n\n\n<hr class=\"wp-block-separator has-css-opacity\"\/>\n\n\n\n<h2 class=\"wp-block-heading has-text-align-center\"><strong>Les finalistes -<\/strong><\/h2>\n\n\n\n<div align=\"center\"><figure><iframe loading=\"lazy\" src=\"https:\/\/gifitup.net\/wp-content\/uploads\/wpforms\/4630-e5c381196b9d5e5d94eeb66bc5aa2734\/BertaLigute_GIF-IT-UP-submission-659a936de5785a30d64cb5260c076703.gif\" width=\"400\" height=\"520\" frameborder=\"0\" allowfullscreen><\/iframe>\n\n\n\n<p class=\"has-text-align-center\"><strong>Berta L\u012bgute (Liep\u0101ja, Lettonie)<\/strong><br>Mat\u00e9riel d&#039;origine\u00a0: <em><em><a href=\"https:\/\/www.flickr.com\/photos\/banq\/54750795224\/in\/album-72177720328652005\">Mon magazine (1926) \u2013 Publicit\u00e9 pour la bi\u00e8re Dow<\/a>&nbsp;| BAnQ<\/em><\/em> | domaine public<\/p>\n\n\n\n<p class=\"has-text-align-center\"><\/p>\n\n\n\n<div align=\"center\"><figure><iframe loading=\"lazy\" src=\"https:\/\/gifitup.net\/wp-content\/uploads\/wpforms\/4630-e5c381196b9d5e5d94eeb66bc5aa2734\/Moth-feadb63becdce7b29082439a07727369.gif\" width=\"750\" height=\"500\" frameborder=\"0\" class=\"giphy-embed\" allowfullscreen><\/iframe>\n\n\n\n<p class=\"has-text-align-center\"><strong>Niks Z\u012bl\u012bte (Liepaja, Lettonie)<\/strong><br>Mat\u00e9riel d&#039;origine\u00a0: <em><a href=\"https:\/\/www.europeana.eu\/item\/875\/NHMUKXBMNHXEXXBMNHXEX1562778\">Macroglossum stellatarum (Linnaeus, 1758)<\/a> | Les administrateurs du Mus\u00e9e d'histoire naturelle de Londres | Europeana<\/em> | CC BY<\/p>\n\n\n\n<p class=\"has-text-align-center\"><\/p>\n\n\n\n<hr class=\"wp-block-separator has-css-opacity\"\/>\n\n\n\n<h2 class=\"wp-block-heading has-text-align-center\"><strong>Laur\u00e9ats dans la cat\u00e9gorie Alimentation et boissons<\/strong><\/h2>\n\n\n\n<div align=\"center\"><figure><iframe loading=\"lazy\" src=\"https:\/\/gifitup.net\/wp-content\/uploads\/wpforms\/4630-e5c381196b9d5e5d94eeb66bc5aa2734\/GIF-IT-UP-54288d80d405e07304469aab24e3775e.gif\" width=\"350\" height=\"550\" frameborder=\"0\" allowfullscreen><\/iframe><p><\/figure><\/div>\n\n\n\n<p class=\"has-text-align-center\"><strong><strong>Just\u012bne Ofkante (Ventspils, Lettonie)<\/strong><\/strong><br>Mat\u00e9riaux sources<em>: 1.<a href=\"https:\/\/www.europeana.eu\/item\/2020903\/KMS1117\">&nbsp;Nature morte avec poisson&nbsp;<\/a>| Carl Bloch | Mus\u00e9e national d'art <\/em><br><em>2.<a href=\"https:\/\/www.europeana.eu\/item\/2064116\/Museu_ProvidedCHO_Nationalmuseum__Sweden_17801\">Petit-d\u00e9jeuner avec hu\u00eetres<\/a>&nbsp;| Alexandre-Fran\u00e7ois Desportes<\/em>|<em> Mus\u00e9e national de Su\u00e8de<\/em><br><em>3.<a href=\"https:\/\/www.europeana.eu\/item\/90402\/RP_T_1892_A_2661\">&nbsp;Les musiciens&nbsp;<\/a>| Henri\u00ebtte Ronner&nbsp;<\/em>| <em>Mus\u00e9e national <\/em><br><em>| via Europeana <\/em>| <em>domaine public <\/em><br><em>4.<a href=\"https:\/\/www.artic.edu\/artworks\/27819\/the-scullion\">Le Scullion<\/a>&nbsp;| Th\u00e9odule Ribot<\/em> |<em> Art Institute of Chicago<\/em> | CC0<\/p>\n\n\n\n<p class=\"has-text-align-center\"><\/p>\n\n\n\n<div align=\"center\"><iframe loading=\"lazy\" src=\"https:\/\/gifitup.net\/wp-content\/uploads\/wpforms\/4630-e5c381196b9d5e5d94eeb66bc5aa2734\/IMG_0732-757500433b6ef3f4fc6a3ef3bc5ef4b9.gif\" width=\"500\" height=\"750\" frameborder=\"0\" allowfullscreen><\/iframe><\/figure><\/div>\n\n\n\n<p class=\"has-text-align-center\"><strong><strong>Irene Maseda Ag\u00fcero (Madrid, Espagne)<\/strong><\/strong><br>Mat\u00e9riel d&#039;origine\u00a0:<em>&nbsp;<\/em> <em><a href=\"https:\/\/www.artic.edu\/artworks\/181777\/the-irish-question\">La question irlandaise<\/a> | De Scott Evans | Institut d'art de Chicago<\/em> | CC0<\/p>\n\n\n\n<hr class=\"wp-block-separator has-css-opacity\"\/>\n\n\n\n<h2 class=\"wp-block-heading has-text-align-center\"><strong>Prix de la premi\u00e8re cr\u00e9ation de GIF -<\/strong><\/h2>\n\n\n\n<div align=\"center\"><iframe loading=\"lazy\" src=\"https:\/\/gifitup.net\/wp-content\/uploads\/wpforms\/4630-e5c381196b9d5e5d94eeb66bc5aa2734\/Adobe-Express-papagaio_voando-4a872002b644e92a6ca0b13d949ec7fc.gif\" width=\"760\" height=\"600\" frameborder=\"0\"  allowfullscreen><\/iframe><\/figure><\/div>\n\n\n\n<p class=\"has-text-align-center\"><strong>Synd Ferreira (Porto, Portugal)<\/strong><br>Mat\u00e9riel d&#039;origine\u00a0:&nbsp;<em><a href=\"https:\/\/dp.la\/item\/90bcd57a1c8442de7d88138c0b594071\">Perroquet \u00e0 t\u00eate jaune&nbsp;<\/a>| Lith Dreser, William de T. Sinclair | Biblioth\u00e8que publique de New York | DPLA<\/em><\/p>\n\n\n\n<hr class=\"wp-block-separator has-css-opacity\"\/>\n\n\n\n<h2 class=\"wp-block-heading has-text-align-center\"><strong>Gagnants de la cat\u00e9gorie enfants et adolescents<\/strong><\/h2>\n\n\n\n<p class=\"has-text-align-center\"><\/p>\n\n\n\n<div align=\"center\"><iframe loading=\"lazy\" src=\"https:\/\/gifitup.net\/wp-content\/uploads\/wpforms\/4630-e5c381196b9d5e5d94eeb66bc5aa2734\/Milk-and-Cheese-4736966ba9eb22b5a08043e5d47aab13.gif\" width=\"750\" height=\"350\" frameborder=\"0\" allowfullscreen><\/iframe>\n\n\n\n<p class=\"has-text-align-center\"><strong><strong>Knuts Jonaitis (Liepaja, Lettonie)<\/strong>, 16 ans<\/strong><br>Mat\u00e9riel d&#039;origine\u00a0: <em>1.<a href=\"https:\/\/www.europeana.eu\/item\/2059502\/data_foodanddrink_http___www_bildarchivaustria_at_Preview_13834954_jpg\">&nbsp;Cod. 5264, fol. 98r : Manuscrit composite : Lait et fromage<\/a>,  2.&nbsp;<a href=\"https:\/\/www.europeana.eu\/item\/2059502\/data_foodanddrink_http___www_bildarchivaustria_at_Preview_13834961_jpg\">Cod. 5264, fol. 99v : Manuscrit composite : Viande de b\u0153uf, de mouton et de ch\u00e8vre&nbsp;<\/a>| Biblioth\u00e8que nationale autrichienne | Europeana<\/em> | domaine public<\/p>\n\n\n\n<p class=\"has-text-align-center\"><\/p>\n\n\n\n<div align=\"center\"><iframe loading=\"lazy\" src=\"https:\/\/gifitup.net\/wp-content\/uploads\/wpforms\/4630-e5c381196b9d5e5d94eeb66bc5aa2734\/Gato-gif-fb0a39dd106d0ca2d14c96af4dd85beb.gif\" width=\"800\" height=\"600\" frameborder=\"0\" allowfullscreen><\/iframe><p>\n\n\n\n<p class=\"has-text-align-center\"><strong><strong>Sanda Pl\u012bta (Saldus, Lettonie)<\/strong>, 17 ans<\/strong><br>Mat\u00e9riel d&#039;origine\u00a0: <em><a href=\"https:\/\/www.europeana.eu\/lv\/item\/90402\/RP_T_1904_190\">T\u00eate d'un chat calicot, vue de face, les yeux ferm\u00e9s<\/a>| Jean Bernard | Rijksmuseum | Europeana<\/em> | domaine public<\/p>\n\n\n\n<hr class=\"wp-block-separator has-css-opacity\"\/>\n\n\n\n<h2 class=\"wp-block-heading has-text-align-center\"><strong>Gagnant du prix du public<\/strong> \u2013 1\u00e8re place (1041 votes)<\/h2>\n\n\n\n<div align=\"center\"><figure><iframe loading=\"lazy\" src=\"https:\/\/gifitup.net\/wp-content\/uploads\/wpforms\/4630-e5c381196b9d5e5d94eeb66bc5aa2734\/The-cat-and-the-birds-ade7d47f298d7b82c29cee60b13e207b.gif\" width=\"372\" height=\"450\" frameborder=\"0\"allowfullscreen><\/iframe>\n\n\n\n<p class=\"has-text-align-center\"><strong>Francesco Trentadue (Valenzano, Italie)<\/strong>, <strong>12 ans<\/strong><br>Mat\u00e9riel d&#039;origine\u00a0: <em><em><a href=\"https:\/\/www.europeana.eu\/item\/401\/item_GJNG7K25LXWIHF3YLD62GV7PQL3SKHRO\">Kass akna tout&nbsp;<\/a>| Mus\u00e9e de P\u00e4rnu | Europeana <\/em><\/em>| CC0<\/p>\n\n\n\n<hr class=\"wp-block-separator has-css-opacity\"\/>\n\n\n\n<h2 class=\"wp-block-heading has-text-align-center\"><strong>Gagnant du prix du public<\/strong> \u2013 2e place (1008 votes)<\/h2>\n\n\n\n<div align=\"center\"><figure><iframe loading=\"lazy\" src=\"https:\/\/gifitup.net\/wp-content\/uploads\/wpforms\/4630-e5c381196b9d5e5d94eeb66bc5aa2734\/1000083473-1810325dcfcd205e1892b74288ae3e6d.gif\" width=\"295\" height=\"480\" frameborder=\"0\" allowfullscreen><\/iframe>\n\n\n\n<p class=\"has-text-align-center\"><strong><strong>Mattia Prudente (Valenzano Bari, Italie)<\/strong>, 11 ans<\/strong><br>Mat\u00e9riel d&#039;origine\u00a0: <em><em><a href=\"https:\/\/www.europeana.eu\/item\/285\/gam28679\">Enfant nu avec balle (statue)<\/a>&nbsp;| Galerie d'art moderne et contemporain de Turin | Europeana<\/em><\/em> | CC BY<\/p>\n\n\n\n<hr class=\"wp-block-separator has-css-opacity\"\/>\n\n\n\n<h2 class=\"wp-block-heading has-text-align-center\"><strong>Gagnant du prix du public<\/strong> \u2013 3e place (619 votes)<\/h2>\n\n\n\n<div align=\"center\"><figure><iframe loading=\"lazy\" src=\"https:\/\/gifitup.net\/wp-content\/uploads\/wpforms\/4630-e5c381196b9d5e5d94eeb66bc5aa2734\/1000036273-d444e2e8b9f3c5d5c16747386b88799c.gif\" width=\"480\" height=\"480\" frameborder=\"0\" allowfullscreen><\/iframe>\n\n\n\n<p class=\"has-text-align-center\"><strong>Alice Pellegrino (Valenzano Bari, Italie), 11 ans<\/strong><br>Mat\u00e9riel d&#039;origine\u00a0: <em><a href=\"https:\/\/www.europeana.eu\/it\/item\/90402\/RP_T_1914_17_149\">Giraffa camelopardalis (Girafe)&nbsp;<\/a>| Robert Jacob Gordon | Rijksmuseum | Europeana<\/em> | domaine public<\/p>\n\n\n\n<hr class=\"wp-block-separator has-alpha-channel-opacity\"\/>\n\n\n\n<h2 class=\"wp-block-heading has-text-align-center\"><strong>Prix sp\u00e9cial pour les enseignants<\/strong> <\/h2>\n\n\n\n<p class=\"has-text-align-center\">va \u00e0 <strong>J\u0101nis Jankevics<\/strong>, professeur d'animation \u00e0 l'\u00c9cole secondaire de design et d'art de Liep\u0101ja (LMMDV), pour avoir encourag\u00e9 plus de 30 de ses \u00e9l\u00e8ves \u00e0 soumettre leurs cr\u00e9ations.<\/p>\n\n\n\n<hr class=\"wp-block-separator has-css-opacity\"\/>\n\n\n\n<h2 class=\"wp-block-heading has-text-align-center\"><strong>Reconnaissance sp\u00e9ciale<\/strong><\/h2>\n\n\n\n<p class=\"has-text-align-center\"> va \u00e0 l'\u00e9cole I.C.S. \u201c Papa Giovanni XXIII\u2013Capozzi\u2013Galilei \u201d \u00e0 Valenzano, en Italie, et \u00e0 son professeur, <strong>Luigia Palumbo<\/strong>, dont les \u00e9l\u00e8ves ont soumis le plus grand nombre de candidatures valides.<\/p>\n\n\n\n<hr class=\"wp-block-separator has-alpha-channel-opacity\"\/>\n\n\n\n<p><strong>F\u00e9licitations \u00e0 tous nos gagnants \ud83c\udf89 Nous vous contacterons par e-mail au sujet de vos prix. <\/strong><br><strong><br>Et un immense merci \u00e0 tous ceux qui ont particip\u00e9 : nous <strong>J'ai ador\u00e9 vos contributions.<\/strong>, cr\u00e9ativit\u00e9 et enthousiasme ! Au plaisir de vous revoir l'ann\u00e9e prochaine !<\/strong><\/p>\n\n\n\n<p class=\"has-text-align-center\"><\/p>\n\n\n\n<p><\/p>","protected":false},"excerpt":{"rendered":"<p>Voici les gagnants de l'\u00e9dition 2025 du concours GIF IT UP !<\/p>","protected":false},"author":1,"featured_media":4959,"parent":0,"menu_order":0,"comment_status":"closed","ping_status":"closed","template":"","meta":{"_coblocks_attr":"","_coblocks_dimensions":"","_coblocks_responsive_height":"","_coblocks_accordion_ie_support":"","advanced_seo_description":"Congratulations to all the winners of 2025 edition of GIF IT UP animation contest! And a huge thank you to everyone who participated - hope to see you again next year!","jetpack_seo_html_title":"Meet the winners of 2025 edition of GIF IT UP animation contest!","jetpack_seo_noindex":false,"footnotes":""},"class_list":["post-5069","page","type-page","status-publish","has-post-thumbnail","hentry","grid-item","grid-item-landscape"],"jetpack_sharing_enabled":true,"jetpack_shortlink":"https:\/\/wp.me\/Pad3Th-1jL","jetpack_likes_enabled":false,"_links":{"self":[{"href":"https:\/\/gifitup.net\/fr\/wp-json\/wp\/v2\/pages\/5069","targetHints":{"allow":["GET"]}}],"collection":[{"href":"https:\/\/gifitup.net\/fr\/wp-json\/wp\/v2\/pages"}],"about":[{"href":"https:\/\/gifitup.net\/fr\/wp-json\/wp\/v2\/types\/page"}],"author":[{"embeddable":true,"href":"https:\/\/gifitup.net\/fr\/wp-json\/wp\/v2\/users\/1"}],"replies":[{"embeddable":true,"href":"https:\/\/gifitup.net\/fr\/wp-json\/wp\/v2\/comments?post=5069"}],"version-history":[{"count":33,"href":"https:\/\/gifitup.net\/fr\/wp-json\/wp\/v2\/pages\/5069\/revisions"}],"predecessor-version":[{"id":5121,"href":"https:\/\/gifitup.net\/fr\/wp-json\/wp\/v2\/pages\/5069\/revisions\/5121"}],"wp:featuredmedia":[{"embeddable":true,"href":"https:\/\/gifitup.net\/fr\/wp-json\/wp\/v2\/media\/4959"}],"wp:attachment":[{"href":"https:\/\/gifitup.net\/fr\/wp-json\/wp\/v2\/media?parent=5069"}],"curies":[{"name":"wp","href":"https:\/\/api.w.org\/{rel}","templated":true}]}}