{"id":501,"date":"2019-03-18T18:05:21","date_gmt":"2019-03-18T17:05:21","guid":{"rendered":"https:\/\/gifitup.net\/?page_id=501"},"modified":"2019-09-30T18:00:14","modified_gmt":"2019-09-30T16:00:14","slug":"laureats-2018","status":"publish","type":"page","link":"https:\/\/gifitup.net\/fr\/laureats-2018\/","title":{"rendered":"Gagnants 2018"},"content":{"rendered":"<h1>Grand prix -<\/h1>\n<p><span style=\"font-weight: 400;\"><strong>Kristen et Jeff Gill<\/strong> (Los Angeles, USA) pour l&#039;inscription\u00a0:\u00a0<a href=\"https:\/\/gifitup.net\/fr\/contest-gif\/267\/\">https:\/\/gifitup.net\/contest-gif\/267\/<\/a><\/span><\/p>\n<p><img data-recalc-dims=\"1\" loading=\"lazy\" decoding=\"async\" data-attachment-id=\"392\" data-permalink=\"https:\/\/gifitup.net\/fr\/drunkbird_final-5bd97dd25a7d2\/\" data-orig-file=\"https:\/\/i0.wp.com\/gifitup.net\/wp-content\/uploads\/2018\/10\/drunkbird_final-5bd97dd25a7d2.gif?fit=506%2C809&amp;ssl=1\" data-orig-size=\"506,809\" data-comments-opened=\"1\" data-image-meta=\"{&quot;aperture&quot;:&quot;0&quot;,&quot;credit&quot;:&quot;&quot;,&quot;camera&quot;:&quot;&quot;,&quot;caption&quot;:&quot;&quot;,&quot;created_timestamp&quot;:&quot;0&quot;,&quot;copyright&quot;:&quot;&quot;,&quot;focal_length&quot;:&quot;0&quot;,&quot;iso&quot;:&quot;0&quot;,&quot;shutter_speed&quot;:&quot;0&quot;,&quot;title&quot;:&quot;&quot;,&quot;orientation&quot;:&quot;0&quot;}\" data-image-title=\"Kristen and Jeff Gill from Los Angeles\" data-image-description=\"&lt;p&gt;Source material: &lt;a href=&quot;https:\/\/www.europeana.eu\/portal\/record\/2021648\/1186_EL01151.html&quot;&gt;houtgravure, Rozendaal, W.J. | CODA Museum&lt;\/a&gt; via Europeana&lt;\/p&gt;\" data-image-caption=\"\" data-medium-file=\"https:\/\/i0.wp.com\/gifitup.net\/wp-content\/uploads\/2018\/10\/drunkbird_final-5bd97dd25a7d2.gif?fit=188%2C300&amp;ssl=1\" data-large-file=\"https:\/\/i0.wp.com\/gifitup.net\/wp-content\/uploads\/2018\/10\/drunkbird_final-5bd97dd25a7d2.gif?fit=506%2C809&amp;ssl=1\" class=\"wp-image-392 aligncenter\" src=\"https:\/\/i0.wp.com\/gifitup.net\/wp-content\/uploads\/2018\/10\/drunkbird_final-5bd97dd25a7d2.gif?resize=305%2C486&#038;ssl=1\" alt=\"Kristen et Jeff Gill de Los Angeles\" width=\"305\" height=\"486\" \/><\/p>\n<h2>4 finalistes<\/h2>\n<ol>\n<li><span style=\"font-weight: 400;\"><strong>Guillaume Gaudard <\/strong>(Paris, France) <\/span><span style=\"font-weight: 400;\">pour l&#039;entr\u00e9e<\/span><a href=\"https:\/\/gifitup.net\/fr\/contest-gif\/333\/\"><span style=\"font-weight: 400;\">\u00a0https:\/\/gifitup.net\/contest-gif\/333\/<\/span><\/a><br \/>\n<span style=\"font-weight: 400;\"><br \/>\n<img data-recalc-dims=\"1\" loading=\"lazy\" decoding=\"async\" data-attachment-id=\"323\" data-permalink=\"https:\/\/gifitup.net\/fr\/trumpet-5bd050554db55\/\" data-orig-file=\"https:\/\/i0.wp.com\/gifitup.net\/wp-content\/uploads\/2018\/10\/TRUMPET-5bd050554db55.gif?fit=800%2C500&amp;ssl=1\" data-orig-size=\"800,500\" data-comments-opened=\"1\" data-image-meta=\"{&quot;aperture&quot;:&quot;0&quot;,&quot;credit&quot;:&quot;&quot;,&quot;camera&quot;:&quot;&quot;,&quot;caption&quot;:&quot;&quot;,&quot;created_timestamp&quot;:&quot;0&quot;,&quot;copyright&quot;:&quot;&quot;,&quot;focal_length&quot;:&quot;0&quot;,&quot;iso&quot;:&quot;0&quot;,&quot;shutter_speed&quot;:&quot;0&quot;,&quot;title&quot;:&quot;&quot;,&quot;orientation&quot;:&quot;0&quot;}\" data-image-title=\"Gaudart Guillaume from Paris, France\" data-image-description=\"&lt;p&gt;Source material: &lt;a href=&quot;https:\/\/www.europeana.eu\/portal\/record\/91625\/nomu_photo_NMA0042590.html&quot;&gt;Flicka bl\u00e5ser i n\u00e4verlur&lt;\/a&gt; | Stiftelsen Nordiska museet via Europeana&lt;\/p&gt;\" data-image-caption=\"\" data-medium-file=\"https:\/\/i0.wp.com\/gifitup.net\/wp-content\/uploads\/2018\/10\/TRUMPET-5bd050554db55.gif?fit=300%2C188&amp;ssl=1\" data-large-file=\"https:\/\/i0.wp.com\/gifitup.net\/wp-content\/uploads\/2018\/10\/TRUMPET-5bd050554db55.gif?fit=770%2C481&amp;ssl=1\" class=\"wp-image-323 aligncenter\" src=\"https:\/\/i0.wp.com\/gifitup.net\/wp-content\/uploads\/2018\/10\/TRUMPET-5bd050554db55.gif?resize=602%2C376&#038;ssl=1\" alt=\"Gaudart Guillaume de Paris, France\" width=\"602\" height=\"376\" \/><br \/>\n<\/span><\/li>\n<li><span style=\"font-weight: 400;\"><strong>Julien Brachhammer<\/strong> (Rouen, France) f<\/span>ou l&#039;entr\u00e9e : <a href=\"https:\/\/gifitup.net\/fr\/contest-gif\/304\/\"><span style=\"font-weight: 400;\">https:\/\/gifitup.net\/contest-gif\/304\/\u00a0<\/span><\/a><br \/>\n<span style=\"font-weight: 400;\"><br \/>\n<\/span><span style=\"font-weight: 400;\"><img data-recalc-dims=\"1\" loading=\"lazy\" decoding=\"async\" data-attachment-id=\"354\" data-permalink=\"https:\/\/gifitup.net\/fr\/gif-bave-julien-brachhammer-5bd5877c2b98b\/\" data-orig-file=\"https:\/\/i0.wp.com\/gifitup.net\/wp-content\/uploads\/2018\/10\/gif-bave-julien-brachhammer-5bd5877c2b98b.gif?fit=362%2C540&amp;ssl=1\" data-orig-size=\"362,540\" data-comments-opened=\"1\" data-image-meta=\"{&quot;aperture&quot;:&quot;0&quot;,&quot;credit&quot;:&quot;&quot;,&quot;camera&quot;:&quot;&quot;,&quot;caption&quot;:&quot;&quot;,&quot;created_timestamp&quot;:&quot;0&quot;,&quot;copyright&quot;:&quot;&quot;,&quot;focal_length&quot;:&quot;0&quot;,&quot;iso&quot;:&quot;0&quot;,&quot;shutter_speed&quot;:&quot;0&quot;,&quot;title&quot;:&quot;&quot;,&quot;orientation&quot;:&quot;0&quot;}\" data-image-title=\"Julien Brachhammer from Rouen, France\" data-image-description=\"&lt;p&gt;Source material: &lt;a href=&quot;https:\/\/www.europeana.eu\/portal\/record\/2064116\/Museu_ProvidedCHO_Nationalmuseum__Sweden_24282.html&quot;&gt;The Artist&amp;#8217;s Wife, Anders Zorn | Mationalmuseum, Sweden&lt;\/a&gt; via Europeana&lt;\/p&gt;\" data-image-caption=\"\" data-medium-file=\"https:\/\/i0.wp.com\/gifitup.net\/wp-content\/uploads\/2018\/10\/gif-bave-julien-brachhammer-5bd5877c2b98b.gif?fit=201%2C300&amp;ssl=1\" data-large-file=\"https:\/\/i0.wp.com\/gifitup.net\/wp-content\/uploads\/2018\/10\/gif-bave-julien-brachhammer-5bd5877c2b98b.gif?fit=362%2C540&amp;ssl=1\" class=\"wp-image-354 aligncenter\" src=\"https:\/\/i0.wp.com\/gifitup.net\/wp-content\/uploads\/2018\/10\/gif-bave-julien-brachhammer-5bd5877c2b98b.gif?resize=322%2C480&#038;ssl=1\" alt=\"Julien Brachhammer de Rouen, France\" width=\"322\" height=\"480\" \/><br \/>\n<\/span><\/li>\n<li><span style=\"font-weight: 400;\"><strong>Ronny Khalil<\/strong> (Astoria, New York, \u00c9tats-Unis)\u00a0<\/span>pour l&#039;entr\u00e9e :\u00a0<a href=\"https:\/\/gifitup.net\/fr\/contest-gif\/302\/\"><span style=\"font-weight: 400;\">https:\/\/gifitup.net\/contest-gif\/302\/<\/span><\/a><br \/>\n<span style=\"font-weight: 400;\"><br \/>\n<\/span><span style=\"font-weight: 400;\"><img data-recalc-dims=\"1\" loading=\"lazy\" decoding=\"async\" data-attachment-id=\"356\" data-permalink=\"https:\/\/gifitup.net\/fr\/betteroutthanin-5bd67f9edecfe\/\" data-orig-file=\"https:\/\/i0.wp.com\/gifitup.net\/wp-content\/uploads\/2018\/10\/BetterOutThanIn-5bd67f9edecfe.gif?fit=540%2C540&amp;ssl=1\" data-orig-size=\"540,540\" data-comments-opened=\"1\" data-image-meta=\"{&quot;aperture&quot;:&quot;0&quot;,&quot;credit&quot;:&quot;&quot;,&quot;camera&quot;:&quot;&quot;,&quot;caption&quot;:&quot;&quot;,&quot;created_timestamp&quot;:&quot;0&quot;,&quot;copyright&quot;:&quot;&quot;,&quot;focal_length&quot;:&quot;0&quot;,&quot;iso&quot;:&quot;0&quot;,&quot;shutter_speed&quot;:&quot;0&quot;,&quot;title&quot;:&quot;&quot;,&quot;orientation&quot;:&quot;0&quot;}\" data-image-title=\"Ronny Khalil from Astoria, USA\" data-image-description=\"&lt;p&gt;Source material: &lt;a href=&quot;https:\/\/dp.la\/item\/05050f2423e5eb51773655a9834beac0&quot;&gt;Chantilly, Mus\u00e9e Cond\u00e9 334 (569)&lt;\/a&gt; | University of North Carolina at Chapel Hill via DPLA and &lt;a href=&quot;https:\/\/www.europeana.eu\/portal\/record\/9200579\/k9mu7av5.html&quot;&gt;The miser in hell. Mezzotint after A. Teniers&lt;\/a&gt; | Wellcome Collection via Europeana&lt;\/p&gt;\" data-image-caption=\"\" data-medium-file=\"https:\/\/i0.wp.com\/gifitup.net\/wp-content\/uploads\/2018\/10\/BetterOutThanIn-5bd67f9edecfe.gif?fit=300%2C300&amp;ssl=1\" data-large-file=\"https:\/\/i0.wp.com\/gifitup.net\/wp-content\/uploads\/2018\/10\/BetterOutThanIn-5bd67f9edecfe.gif?fit=540%2C540&amp;ssl=1\" class=\"wp-image-356 aligncenter\" src=\"https:\/\/i0.wp.com\/gifitup.net\/wp-content\/uploads\/2018\/10\/BetterOutThanIn-5bd67f9edecfe.gif?resize=461%2C461&#038;ssl=1\" alt=\"Ronny Khalil de Astoria, \u00c9tats-Unis\" width=\"461\" height=\"461\" \/><br \/>\n<\/span><\/li>\n<li><span style=\"font-weight: 400;\"><strong>Rebecca Bakker<\/strong> (Miami, \u00c9tats-Unis)\u00a0<\/span>pour l&#039;entr\u00e9e : <a href=\"https:\/\/gifitup.net\/fr\/contest-gif\/288\/\"><span style=\"font-weight: 400;\">https:\/\/gifitup.net\/contest-gif\/288\/<\/span><\/a><br \/>\n<span style=\"font-weight: 400;\"><br \/>\n<img data-recalc-dims=\"1\" loading=\"lazy\" decoding=\"async\" data-attachment-id=\"370\" data-permalink=\"https:\/\/gifitup.net\/fr\/fi05112302_smallest-5bd7337e991f2\/\" data-orig-file=\"https:\/\/i0.wp.com\/gifitup.net\/wp-content\/uploads\/2018\/10\/FI05112302_smallest-5bd7337e991f2.gif?fit=350%2C225&amp;ssl=1\" data-orig-size=\"350,225\" data-comments-opened=\"1\" data-image-meta=\"{&quot;aperture&quot;:&quot;0&quot;,&quot;credit&quot;:&quot;&quot;,&quot;camera&quot;:&quot;&quot;,&quot;caption&quot;:&quot;&quot;,&quot;created_timestamp&quot;:&quot;0&quot;,&quot;copyright&quot;:&quot;&quot;,&quot;focal_length&quot;:&quot;0&quot;,&quot;iso&quot;:&quot;0&quot;,&quot;shutter_speed&quot;:&quot;0&quot;,&quot;title&quot;:&quot;&quot;,&quot;orientation&quot;:&quot;0&quot;}\" data-image-title=\"Rebecca Bakker from Miami, Florida\" data-image-description=\"&lt;p&gt;Source material: &lt;a href=&quot;https:\/\/dp.la\/item\/6f940af63241c8c02aa1a538f0b1a6b7&quot;&gt;Taking my morning ride at Miami, Florida&lt;\/a&gt; | Florida International University Libraries via DPLA&lt;\/p&gt;\" data-image-caption=\"\" data-medium-file=\"https:\/\/i0.wp.com\/gifitup.net\/wp-content\/uploads\/2018\/10\/FI05112302_smallest-5bd7337e991f2.gif?fit=300%2C193&amp;ssl=1\" data-large-file=\"https:\/\/i0.wp.com\/gifitup.net\/wp-content\/uploads\/2018\/10\/FI05112302_smallest-5bd7337e991f2.gif?fit=350%2C225&amp;ssl=1\" class=\"wp-image-370 aligncenter\" src=\"https:\/\/i0.wp.com\/gifitup.net\/wp-content\/uploads\/2018\/10\/FI05112302_smallest-5bd7337e991f2.gif?resize=439%2C282&#038;ssl=1\" alt=\"Rebecca Bakker de Miami, Floride\" width=\"439\" height=\"282\" \/><\/span><\/li>\n<\/ol>\n<p>&nbsp;<\/p>\n<h1>Cat\u00e9gorie Cr\u00e9ateur de GIF pour la premi\u00e8re fois<\/h1>\n<p><span style=\"font-weight: 400;\"><strong>Ben Cecarelli<\/strong> (Philadelphie, USA) pour l&#039;inscription\u00a0:\u00a0<a href=\"https:\/\/gifitup.net\/fr\/contest-gif\/192\/\">https:\/\/gifitup.net\/contest-gif\/192\/<\/a><\/span><\/p>\n<p><img data-recalc-dims=\"1\" loading=\"lazy\" decoding=\"async\" data-attachment-id=\"294\" data-permalink=\"https:\/\/gifitup.net\/fr\/gif_actual-5bc9192c7f797-1\/\" data-orig-file=\"https:\/\/i0.wp.com\/gifitup.net\/wp-content\/uploads\/2018\/10\/gif_actual-5bc9192c7f797-1.gif?fit=593%2C800&amp;ssl=1\" data-orig-size=\"593,800\" data-comments-opened=\"1\" data-image-meta=\"{&quot;aperture&quot;:&quot;0&quot;,&quot;credit&quot;:&quot;&quot;,&quot;camera&quot;:&quot;&quot;,&quot;caption&quot;:&quot;&quot;,&quot;created_timestamp&quot;:&quot;0&quot;,&quot;copyright&quot;:&quot;&quot;,&quot;focal_length&quot;:&quot;0&quot;,&quot;iso&quot;:&quot;0&quot;,&quot;shutter_speed&quot;:&quot;0&quot;,&quot;title&quot;:&quot;&quot;,&quot;orientation&quot;:&quot;0&quot;}\" data-image-title=\"Ben Ceccarelli from Philadelphia, PA\" data-image-description=\"&lt;p&gt;Source: &lt;a href=&quot;https:\/\/www.europeana.eu\/portal\/record\/2064101\/Museu_ProvidedCHO_Nacionalinis_M__K___iurlionio_dail_s_muziejus___M__K___iurlionis_National_Museum_of_Art_LIMIS_50000001134729.html&quot;&gt;Evangelistas Morkus&lt;\/a&gt;, &lt;a href=&quot;https:\/\/www.europeana.eu\/portal\/record\/2064101\/Museu_ProvidedCHO_Nacionalinis_M__K___iurlionio_dail_s_muziejus___M__K___iurlionis_National_Museum_of_Art_LIMIS_50000001140748.html&quot;&gt;Diana&lt;\/a&gt;, &lt;a href=&quot;https:\/\/www.europeana.eu\/portal\/record\/2064101\/Museu_ProvidedCHO_Nacionalinis_M__K___iurlionio_dail_s_muziejus___M__K___iurlionis_National_Museum_of_Art_LIMIS_50000001131436.html&quot;&gt;Atgailaujanti Marija Magdaliet\u0117&lt;\/a&gt; and &lt;a href=&quot;https:\/\/www.europeana.eu\/portal\/record\/2064101\/Museu_ProvidedCHO_Nacionalinis_M__K___iurlionio_dail_s_muziejus___M__K___iurlionis_National_Museum_of_Art_LIMIS_50000001117275.html&quot;&gt;Atgailaujanti Marija Magdaliet\u0117&lt;\/a&gt; | M. K. \u010ciurlionis National Museum of Art via Europeana&lt;\/p&gt;\" data-image-caption=\"\" data-medium-file=\"https:\/\/i0.wp.com\/gifitup.net\/wp-content\/uploads\/2018\/10\/gif_actual-5bc9192c7f797-1.gif?fit=222%2C300&amp;ssl=1\" data-large-file=\"https:\/\/i0.wp.com\/gifitup.net\/wp-content\/uploads\/2018\/10\/gif_actual-5bc9192c7f797-1.gif?fit=593%2C800&amp;ssl=1\" class=\"wp-image-294 aligncenter\" src=\"https:\/\/i0.wp.com\/gifitup.net\/wp-content\/uploads\/2018\/10\/gif_actual-5bc9192c7f797-1.gif?resize=356%2C481&#038;ssl=1\" alt=\"Ben Ceccarelli de Philadelphie, Pennsylvanie\" width=\"356\" height=\"481\" \/><\/p>\n<h1>Cat\u00e9gorie WW1<\/h1>\n<p><span style=\"font-weight: 400;\"><strong>Dani Sanchis<\/strong> (Valence, Espagne) pour l&#039;inscription\u00a0:\u00a0<a href=\"https:\/\/gifitup.net\/fr\/contest-gif\/277\/\">https:\/\/gifitup.net\/contest-gif\/277\/<\/a><\/span><\/p>\n<p><img data-recalc-dims=\"1\" loading=\"lazy\" decoding=\"async\" data-attachment-id=\"382\" data-permalink=\"https:\/\/gifitup.net\/fr\/frbnfm_255_9403_danisanchis-5bd8bcea61e02\/\" data-orig-file=\"https:\/\/i0.wp.com\/gifitup.net\/wp-content\/uploads\/2018\/10\/FRBNFM_255_9403_DANISANCHIS-5bd8bcea61e02.gif?fit=369%2C607&amp;ssl=1\" data-orig-size=\"369,607\" data-comments-opened=\"1\" data-image-meta=\"{&quot;aperture&quot;:&quot;0&quot;,&quot;credit&quot;:&quot;&quot;,&quot;camera&quot;:&quot;&quot;,&quot;caption&quot;:&quot;&quot;,&quot;created_timestamp&quot;:&quot;0&quot;,&quot;copyright&quot;:&quot;&quot;,&quot;focal_length&quot;:&quot;0&quot;,&quot;iso&quot;:&quot;0&quot;,&quot;shutter_speed&quot;:&quot;0&quot;,&quot;title&quot;:&quot;&quot;,&quot;orientation&quot;:&quot;0&quot;}\" data-image-title=\"Dani Sanchis from Valencia, Spain\" data-image-description=\"&lt;p&gt;Source material: &lt;a href=&quot;https:\/\/www.europeana.eu\/portal\/record\/2020601\/contributions_9403.html&quot;&gt;FRBNFM-255 Alph\u00e9 Gosselin&lt;\/a&gt; via Europeana 1914-1918&lt;\/p&gt;\" data-image-caption=\"\" data-medium-file=\"https:\/\/i0.wp.com\/gifitup.net\/wp-content\/uploads\/2018\/10\/FRBNFM_255_9403_DANISANCHIS-5bd8bcea61e02.gif?fit=182%2C300&amp;ssl=1\" data-large-file=\"https:\/\/i0.wp.com\/gifitup.net\/wp-content\/uploads\/2018\/10\/FRBNFM_255_9403_DANISANCHIS-5bd8bcea61e02.gif?fit=369%2C607&amp;ssl=1\" class=\"wp-image-382 aligncenter\" src=\"https:\/\/i0.wp.com\/gifitup.net\/wp-content\/uploads\/2018\/10\/FRBNFM_255_9403_DANISANCHIS-5bd8bcea61e02.gif?resize=294%2C482&#038;ssl=1\" alt=\"Dani Sanchis de Valence, Espagne\" width=\"294\" height=\"482\" \/><\/p>\n<h1>Prix du public -<\/h1>\n<p><span style=\"font-weight: 400;\"><strong>\u0218une Anamaria<\/strong> (Bucarest, Roumanie) pour l&#039;inscription\u00a0:\u00a0<a href=\"https:\/\/gifitup.net\/fr\/contest-gif\/310\/\">https:\/\/gifitup.net\/contest-gif\/310\/<\/a><\/span><\/p>\n<p><img data-recalc-dims=\"1\" loading=\"lazy\" decoding=\"async\" data-attachment-id=\"348\" data-permalink=\"https:\/\/gifitup.net\/fr\/ezgif-com-optimize-5bd490b0e6ca4\/\" data-orig-file=\"https:\/\/i0.wp.com\/gifitup.net\/wp-content\/uploads\/2018\/10\/ezgif.com-optimize-5bd490b0e6ca4.gif?fit=570%2C800&amp;ssl=1\" data-orig-size=\"570,800\" data-comments-opened=\"1\" data-image-meta=\"{&quot;aperture&quot;:&quot;0&quot;,&quot;credit&quot;:&quot;&quot;,&quot;camera&quot;:&quot;&quot;,&quot;caption&quot;:&quot;&quot;,&quot;created_timestamp&quot;:&quot;0&quot;,&quot;copyright&quot;:&quot;&quot;,&quot;focal_length&quot;:&quot;0&quot;,&quot;iso&quot;:&quot;0&quot;,&quot;shutter_speed&quot;:&quot;0&quot;,&quot;title&quot;:&quot;&quot;,&quot;orientation&quot;:&quot;0&quot;}\" data-image-title=\"\u0218une Anamaria from Romania, Bucharest\" data-image-description=\"&lt;p&gt;Source material: &lt;a href=&quot;https:\/\/www.europeana.eu\/portal\/record\/91625\/nomu_photo_NMA0054262.html&quot;&gt;Tv\u00e5 unga m\u00e4n i utomhusmilj\u00f6, den ene sittande med promenadk\u00e4pp och plommonstop&lt;\/a&gt;, &lt;a href=&quot;https:\/\/www.europeana.eu\/portal\/record\/91625\/nomu_photo_NMA0054263.html&quot;&gt;Tv\u00e5 unga kvinnor i dr\u00e4kt och hatt sittande p\u00e5 r\u00e4cke&lt;\/a&gt; | Stiftelsen Nordiska museet via Europeana&lt;\/p&gt;\" data-image-caption=\"\" data-medium-file=\"https:\/\/i0.wp.com\/gifitup.net\/wp-content\/uploads\/2018\/10\/ezgif.com-optimize-5bd490b0e6ca4.gif?fit=214%2C300&amp;ssl=1\" data-large-file=\"https:\/\/i0.wp.com\/gifitup.net\/wp-content\/uploads\/2018\/10\/ezgif.com-optimize-5bd490b0e6ca4.gif?fit=570%2C800&amp;ssl=1\" class=\"wp-image-348 aligncenter\" src=\"https:\/\/i0.wp.com\/gifitup.net\/wp-content\/uploads\/2018\/10\/ezgif.com-optimize-5bd490b0e6ca4.gif?resize=343%2C481&#038;ssl=1\" alt=\"\u0218une Anamaria de Roumanie, Bucarest\" width=\"343\" height=\"481\" \/><br \/>\n<strong>F\u00e9licitations aux gagnants - vous serez contact\u00e9 au sujet des prix par e-mail.<\/strong><\/p>\n<p><strong>Et un grand merci \u00e0 tous les participants ! J&#039;esp\u00e8re vous revoir en octobre!<\/strong><\/p>","protected":false},"excerpt":{"rendered":"<p>Grand prize Kristen and Jeff Gill (Los Angeles, USA) for the entry:\u00a0https:\/\/gifitup.net\/contest-gif\/267\/ 4 runners-up Guillaume Gaudart (Paris, France) for the entry\u00a0https:\/\/gifitup.net\/contest-gif\/333\/ Julien Brachhammer (Rouen, France) for the entry: <a href=\"https:\/\/gifitup.net\/contest-gif\/304\/\u00a0\">https:\/\/gifitup.net\/contest-gif\/304\/\u00a0<\/a> Ronny Khalil (Astoria, NY USA)\u00a0for the entry:\u00a0https:\/\/gifitup.net\/contest-gif\/302\/ Rebecca Bakker (Miami, USA)\u00a0for the entry: <a href=\"https:\/\/gifitup.net\/contest-gif\/288\/\">https:\/\/gifitup.net\/contest-gif\/288\/<\/a> &nbsp; First-time GIF-maker category Ben Ceccarelli (Philadelphia, USA) for the entry:\u00a0https:\/\/gifitup.net\/contest-gif\/192\/ WW1 [&hellip;]<\/p>\n","protected":false},"author":1,"featured_media":323,"parent":0,"menu_order":0,"comment_status":"closed","ping_status":"closed","template":"","meta":{"_coblocks_attr":"","_coblocks_dimensions":"","_coblocks_responsive_height":"","_coblocks_accordion_ie_support":"","advanced_seo_description":"Winners of GIF IT UP 2018 announcement ","jetpack_seo_html_title":"","jetpack_seo_noindex":false,"jetpack_post_was_ever_published":false,"footnotes":""},"class_list":["post-501","page","type-page","status-publish","has-post-thumbnail","hentry","grid-item","grid-item-landscape"],"jetpack_sharing_enabled":true,"jetpack_shortlink":"https:\/\/wp.me\/Pad3Th-85","jetpack_likes_enabled":false,"_links":{"self":[{"href":"https:\/\/gifitup.net\/fr\/wp-json\/wp\/v2\/pages\/501","targetHints":{"allow":["GET"]}}],"collection":[{"href":"https:\/\/gifitup.net\/fr\/wp-json\/wp\/v2\/pages"}],"about":[{"href":"https:\/\/gifitup.net\/fr\/wp-json\/wp\/v2\/types\/page"}],"author":[{"embeddable":true,"href":"https:\/\/gifitup.net\/fr\/wp-json\/wp\/v2\/users\/1"}],"replies":[{"embeddable":true,"href":"https:\/\/gifitup.net\/fr\/wp-json\/wp\/v2\/comments?post=501"}],"version-history":[{"count":13,"href":"https:\/\/gifitup.net\/fr\/wp-json\/wp\/v2\/pages\/501\/revisions"}],"predecessor-version":[{"id":606,"href":"https:\/\/gifitup.net\/fr\/wp-json\/wp\/v2\/pages\/501\/revisions\/606"}],"wp:featuredmedia":[{"embeddable":true,"href":"https:\/\/gifitup.net\/fr\/wp-json\/wp\/v2\/media\/323"}],"wp:attachment":[{"href":"https:\/\/gifitup.net\/fr\/wp-json\/wp\/v2\/media?parent=501"}],"curies":[{"name":"wp","href":"https:\/\/api.w.org\/{rel}","templated":true}]}}