{"id":4160,"date":"2024-11-22T15:55:10","date_gmt":"2024-11-22T14:55:10","guid":{"rendered":"https:\/\/gifitup.net\/?page_id=4160"},"modified":"2025-10-15T17:16:38","modified_gmt":"2025-10-15T15:16:38","slug":"gagnants-2024","status":"publish","type":"page","link":"https:\/\/gifitup.net\/fr\/gagnants-2024\/","title":{"rendered":"Vainqueurs 2024"},"content":{"rendered":"<h2 class=\"wp-block-heading has-text-align-center\"><strong>Gagnant du grand prix<\/strong><\/h2>\n\n\n\n<div align=\"center\"><figure><iframe loading=\"lazy\" src=\"https:\/\/giphy.com\/embed\/29VBHwsgmXNYW3aydZ\" width=\"650\" height=\"500\" frameborder=\"0\" class=\"giphy-embed\" allowfullscreen><\/iframe>\n\n\n\n<p class=\"has-text-align-center\"><strong>Antonio Amorim (Vila de Conde, Portugal)<\/strong><br>Mat\u00e9riel d&#039;origine\u00a0: <em><a href=\"https:\/\/www.europeana.eu\/en\/item\/90402\/RP_P_2004_508B_1\">Croquis de fleurs et d'oiseaux<\/a>| Matsumura Keibun <\/em><br><em>Rijksmuseum | Europeana<\/em>&nbsp;|<em>Domaine public<\/em><\/p>\n\n\n\n<hr class=\"wp-block-separator has-css-opacity\"\/>\n\n\n\n<h2 class=\"wp-block-heading has-text-align-center\"><strong>Les finalistes -<\/strong><\/h2>\n\n\n\n<div align=\"center\"><figure><iframe loading=\"lazy\" src=\"https:\/\/giphy.com\/embed\/iMj6nNK8mlHlpkAdV1\" width=\"650\" height=\"500\" frameborder=\"0\" class=\"giphy-embed\" allowfullscreen><\/iframe>\n\n\n\n<p class=\"has-text-align-center\"><strong>G\u00e9za Hal\u00e1sz (Dunakeszi, Hongrie)<\/strong><br>Mat\u00e9riel d&#039;origine\u00a0: <em><a href=\"https:\/\/www.artic.edu\/artworks\/30283\/the-rhinoceros\">Le rhinoc\u00e9ros<\/a>&nbsp;| Albrecht D\u00fcrer | Art Institute of Chicago<\/em> | CC0<\/p>\n\n\n\n<p class=\"has-text-align-center\"><\/p>\n\n\n\n<hr class=\"wp-block-separator has-css-opacity\"\/>\n\n\n\n<p class=\"has-text-align-center\"><\/p>\n\n\n\n<div align=\"center\"><figure><iframe loading=\"lazy\" src=\"https:\/\/giphy.com\/embed\/iPFBHi1n3V9aQ1iuBG\" width=\"500\" height=\"650\" frameborder=\"0\" class=\"giphy-embed\" allowfullscreen><\/iframe>\n\n\n\n<p class=\"has-text-align-center\"><strong>Hel\u0113na Migla (Liepaja, Lettonie)<\/strong><br>Mat\u00e9riel d&#039;origine\u00a0: <em><a href=\"https:\/\/www.europeana.eu\/item\/90402\/RP_P_1909_907\">Portrait-silhouette de D. Monnier<\/a>&nbsp;| Pieter Barbiers - Rijksmuseum - Mus\u00e9e des beaux-arts du Canada - Mus\u00e9e des beaux-arts du Canada - Mus\u00e9e des beaux-arts du Canada <\/em><br><em>Europeana<\/em> |<em>Domaine public<\/em><\/p>\n\n\n\n<p class=\"has-text-align-center\"><\/p>\n\n\n\n<hr class=\"wp-block-separator has-css-opacity\"\/>\n\n\n\n<p class=\"has-text-align-center\"><\/p>\n\n\n\n<div align=\"center\"><figure><iframe loading=\"lazy\" src=\"https:\/\/giphy.com\/embed\/yr3F5h5qv0YeYNoIYC\" width=\"500\" height=\"550\" frameborder=\"0\" class=\"giphy-embed\" allowfullscreen><\/iframe>\n\n\n\n<p class=\"has-text-align-center\"><strong>Elina Rieksta (Liep\u0101ja, Lettonie)<\/strong><br>Mat\u00e9riel d&#039;origine\u00a0: <em>m\u00e5lning, grafik, graphic art | Don Yeomans | Mus\u00e9e d'ethnographie<em> |<\/em> Europeana<\/em> <em>|<\/em> CC BY<\/p>\n\n\n\n<hr class=\"wp-block-separator has-css-opacity\"\/>\n\n\n\n<h2 class=\"wp-block-heading has-text-align-center\"><strong>Gagnants de la cat\u00e9gorie Voyages<\/strong><\/h2>\n\n\n\n<div align=\"center\"><figure><iframe loading=\"lazy\" src=\"https:\/\/giphy.com\/embed\/ItkC7XnPYWY4WJzuMK\" width=\"500\" height=\"450\" frameborder=\"0\" class=\"giphy-embed\" allowfullscreen><\/iframe><p><\/figure><\/div>\n\n\n\n<p class=\"has-text-align-center\"><strong>Leons Skudritis (Liepaja, Lettonie)<\/strong><br>Mat\u00e9riel source<em>: <a href=\"https:\/\/www.artic.edu\/artworks\/215327\/in-a-railway-carriage-after-a-night-s-journey\">Dans un wagon de chemin de fer (apr\u00e8s une nuit de voyage)<\/a>&nbsp;| Adolph Menzel<\/em><br><em> Art Institute of Chicago | CC0<\/em><\/p>\n\n\n\n<p class=\"has-text-align-center\"><\/p>\n\n\n\n<div align=\"center\"><iframe loading=\"lazy\" src=\"https:\/\/giphy.com\/embed\/AJh0eaMgI6iP0UWZB3\" width=\"400\" height=\"800\" frameborder=\"0\" class=\"giphy-embed\" allowfullscreen><\/iframe><\/figure><\/div>\n\n\n\n<p class=\"has-text-align-center\"><strong>Ir\u00e8ne Maseda (Madrid, Espagne)<\/strong><br>Mat\u00e9riel d&#039;origine\u00a0:<em>&nbsp;<\/em> <em><a href=\"https:\/\/www.artic.edu\/artworks\/25023\/kinryuzan-temple-in-asakusa-in-falling-snow-asakusa-kinryuzan-setchu-no-zu-from-the-series-famous-views-of-the-eastern-capital-toto-meisho-no-uchi\">Temple Kinryuzan \u00e0 Asakusa sous la neige<\/a>&nbsp;| <\/em><br><em>Utagawa Hiroshige | Art Institute in Chicago<\/em> | CC0<\/p>\n\n\n\n<hr class=\"wp-block-separator has-css-opacity\"\/>\n\n\n\n<h2 class=\"wp-block-heading has-text-align-center\"><strong>Cr\u00e9ateurs de GIF pour la premi\u00e8re fois<\/strong><\/h2>\n\n\n\n<div align=\"center\"><iframe loading=\"lazy\" src=\"https:\/\/giphy.com\/embed\/WPuBuNE0ib7L6qj5hk\" width=\"650\" height=\"500\" frameborder=\"0\" class=\"giphy-embed\" allowfullscreen><\/iframe><\/figure><\/div>\n\n\n\n<p class=\"has-text-align-center\"><strong>Okitsu Yuuki (Japon)<\/strong><br>Mat\u00e9riel d&#039;origine\u00a0:&nbsp; <em><a href=\"https:\/\/jpsearch.go.jp\/item\/tfam_art_db-6888\">Rivi\u00e8re Fujikawa<\/a>&nbsp;| Kawase Hasui <\/em><br><em>Tokyo Fuji Art Museum | Japan Search | CC0<\/em><\/p>\n\n\n\n<p class=\"has-text-align-center\"><\/p>\n\n\n\n<div align=\"center\"><iframe loading=\"lazy\" src=\"https:\/\/giphy.com\/embed\/pZTdcLDrBWZIP2A4o0\" width=\"400\" height=\"650\" frameborder=\"0\" class=\"giphy-embed\" allowfullscreen><\/iframe><\/figure><\/div>\n\n\n\n<p class=\"has-text-align-center\"><strong>Anne M\u00fchlich (Leipzig, Allemagne)<\/strong><br>Mat\u00e9riel d&#039;origine\u00a0:&nbsp; <em>1. <a href=\"https:\/\/www.europeana.eu\/item\/739\/europeana_fashion_RP_P_2009_1794\">Journal des Dames et des Modes : les illustrateurs de mode<\/a>&nbsp;| Jan van Brock | Rijksmuseum | Europeana | Domaine public<\/em><br><em>2. <a href=\"https:\/\/www.europeana.eu\/de\/item\/9200579\/yx36bccy\">Un homme avec la bouche ouverte de terreur<\/a> | Charles Le Brun | Wellcome Collection<br>| Europeana | CC BY<\/em><\/p>\n\n\n\n<p class=\"has-text-align-center\"><\/p>\n\n\n\n<div align=\"center\"><iframe loading=\"lazy\" src=\"https:\/\/giphy.com\/embed\/sG69Eihdse9zkaFVbu\" width=\"500\" height=\"600\" frameborder=\"0\" class=\"giphy-embed\" allowfullscreen><\/iframe><\/figure><\/div>\n\n\n\n<p class=\"has-text-align-center\"><strong>Giada Sumerano (Italie)<\/strong><br>Mat\u00e9riel d&#039;origine\u00a0:&nbsp; <em><a href=\"https:\/\/www.europeana.eu\/item\/90402\/SK_A_965\">Frederika Sophia Wilhelmina de Prusse<\/a>&nbsp;| Benjamin Samuel Bolomey | Rijksmuseum | Europeana | Domaine public<\/em><\/p>\n\n\n\n<hr class=\"wp-block-separator has-css-opacity\"\/>\n\n\n\n<h2 class=\"wp-block-heading has-text-align-center\"><strong>Gagnants de la cat\u00e9gorie enfants et adolescents<\/strong><\/h2>\n\n\n\n<p class=\"has-text-align-center\"><\/p>\n\n\n\n<div align=\"center\"><iframe loading=\"lazy\" src=\"https:\/\/giphy.com\/embed\/fVwTrgAu1Y6YhZkqeI\" width=\"400\" height=\"600\" frameborder=\"0\" class=\"giphy-embed\" allowfullscreen><\/iframe>\n\n\n\n<p class=\"has-text-align-center\"><strong>H\u00e9ctor Hern\u00e1ndez (Madrid, Espagne), 15 ans<\/strong><br>Mat\u00e9riel d&#039;origine\u00a0: <em><a href=\"https:\/\/www.artic.edu\/artworks\/25472\/putto\">Putto<\/a>&nbsp;| Hans Peiser | The Art Institute of Chicago<\/em> | CC0<\/p>\n\n\n\n<p class=\"has-text-align-center\"><\/p>\n\n\n\n<div align=\"center\"><iframe loading=\"lazy\" src=\"https:\/\/giphy.com\/embed\/7rVo4sfoUMPNs4MwaF\" width=\"600\" height=\"400\" frameborder=\"0\" class=\"giphy-embed\" allowfullscreen><\/iframe><p>\n\n\n\n<p class=\"has-text-align-center\"><strong>Bruno Hern\u00e1ndez (Madrid, Espagne), 13 ans<\/strong><br>Mat\u00e9riel d&#039;origine\u00a0: <em>1. <a href=\"https:\/\/www.europeana.eu\/item\/9200579\/ps25uprj\">\u00c9volution des articles m\u00e9nagers, des animaux, etc.<\/a> | Pr. Schmidt | <br>Wellcome Collection | Europeana | CC BY<\/em><br><em>2. <a href=\"https:\/\/www.europeana.eu\/item\/15508\/28359\">Saloninterieur aus der Makartzeit Rudolf von Alt <\/a>| Albertina<br>Europeana | Domaine public<\/em><\/p>\n\n\n\n<hr class=\"wp-block-separator has-css-opacity\"\/>\n\n\n\n<h2 class=\"wp-block-heading has-text-align-center\"><strong>Gagnant du prix du public<\/strong> - 1\u00e8re place (1297 votes)<\/h2>\n\n\n\n<div align=\"center\"><figure><iframe loading=\"lazy\" src=\"https:\/\/giphy.com\/embed\/FutdOLi7SV1Ax0Kw21\" width=\"600\" height=\"500\" frameborder=\"0\" class=\"giphy-embed\" allowfullscreen><\/iframe>\n\n\n\n<p class=\"has-text-align-center\"><strong>Francesco Trentadue (Valenzano, Italie)<\/strong><br>Mat\u00e9riel d&#039;origine\u00a0: <em><a href=\"https:\/\/www.europeana.eu\/item\/15508\/14873\">Chute d'eau<\/a>&nbsp;| Le mus\u00e9e d'art contemporain de l'Universit\u00e9 d'Amsterdam - domaine public - Franz Rechberger - Albertina - Europeana <\/em><\/p>\n\n\n\n<hr class=\"wp-block-separator has-css-opacity\"\/>\n\n\n\n<h2 class=\"wp-block-heading has-text-align-center\"><strong>Gagnant du prix du public<\/strong> - 2\u00e8me place (1244 votes)<\/h2>\n\n\n\n<div align=\"center\"><figure><iframe loading=\"lazy\" src=\"https:\/\/giphy.com\/embed\/jJ6hxQHmSUH1NoiSr2\" width=\"400\" height=\"600\" frameborder=\"0\" class=\"giphy-embed\" allowfullscreen><\/iframe>\n\n\n\n<p class=\"has-text-align-center\"><strong>Maria Palermo (Valenzano, Italie)<\/strong><br>Mat\u00e9riel d&#039;origine\u00a0: <em><a href=\"https:\/\/www.europeana.eu\/item\/318\/marc_nli_004048099\">Chat<\/a>&nbsp;| Dan Hadani | Biblioth\u00e8que nationale d'Isra\u00ebl | Europeana<\/em> | CC BY<\/p>\n\n\n\n<hr class=\"wp-block-separator has-css-opacity\"\/>\n\n\n\n<h2 class=\"wp-block-heading has-text-align-center\"><strong>Gagnant du prix du public<\/strong> - 3\u00e8me place (1115 votes)<\/h2>\n\n\n\n<div align=\"center\"><figure><iframe loading=\"lazy\" src=\"https:\/\/giphy.com\/embed\/xMhLMZrA9Sj5QR6vsY\" width=\"500\" height=\"400\" frameborder=\"0\" class=\"giphy-embed\" allowfullscreen><\/iframe>\n\n\n\n<p class=\"has-text-align-center\"><strong>Nicole Pierri (Valenzano, Italie)<\/strong><br>Mat\u00e9riel d&#039;origine\u00a0: <em><em><a href=\"https:\/\/www.europeana.eu\/item\/91672\/MM_foto_624676\">hund<\/a>&nbsp;| Nils J\u00f6nsson | Mus\u00e9e de Malm\u00f6 | Europeana<\/em> <\/em>| CC BY<\/p>\n\n\n\n<hr class=\"wp-block-separator has-css-opacity\"\/>\n\n\n\n<p><strong>F\u00e9licitations aux gagnants - vous avez \u00e9t\u00e9 contact\u00e9s par e-mail au sujet des prix. Un grand merci \u00e0 tous les participants ! Nous esp\u00e9rons vous revoir l'ann\u00e9e prochaine<\/strong>.<\/p>\n\n\n\n<p class=\"has-text-align-center\"><\/p>\n\n\n\n<p><\/p>","protected":false},"excerpt":{"rendered":"<p>Grand Prize Winner Antonio Amorim (Vila de Conde, Portugal)Source material: Flower and Bird Sketches| Matsumura Keibun Rijksmuseum | Europeana&nbsp;|Public domain Runners-up G\u00e9za Hal\u00e1sz (Dunakeszi, Hungary)Source material: The Rhinoceros&nbsp;| Albrecht D\u00fcrer | Art Institute of Chicago | CC0 Hel\u0113na Migla (Liepaja, Latvia)Source material: Silhouette portrait of D. Monnier&nbsp;| Pieter Barbiers | Rijksmuseum | Europeana |Public domain [&hellip;]<\/p>\n","protected":false},"author":1,"featured_media":4032,"parent":0,"menu_order":0,"comment_status":"closed","ping_status":"closed","template":"","meta":{"_coblocks_attr":"","_coblocks_dimensions":"","_coblocks_responsive_height":"","_coblocks_accordion_ie_support":"","advanced_seo_description":"List of winners of the 2024 edition of GIF IT UP: global GIF-making contest ","jetpack_seo_html_title":"Meet the winners of GIF IT UP 2024!","jetpack_seo_noindex":false,"jetpack_post_was_ever_published":false,"footnotes":""},"class_list":["post-4160","page","type-page","status-publish","has-post-thumbnail","hentry","grid-item","grid-item-landscape"],"jetpack_sharing_enabled":true,"jetpack_shortlink":"https:\/\/wp.me\/Pad3Th-156","jetpack_likes_enabled":false,"_links":{"self":[{"href":"https:\/\/gifitup.net\/fr\/wp-json\/wp\/v2\/pages\/4160","targetHints":{"allow":["GET"]}}],"collection":[{"href":"https:\/\/gifitup.net\/fr\/wp-json\/wp\/v2\/pages"}],"about":[{"href":"https:\/\/gifitup.net\/fr\/wp-json\/wp\/v2\/types\/page"}],"author":[{"embeddable":true,"href":"https:\/\/gifitup.net\/fr\/wp-json\/wp\/v2\/users\/1"}],"replies":[{"embeddable":true,"href":"https:\/\/gifitup.net\/fr\/wp-json\/wp\/v2\/comments?post=4160"}],"version-history":[{"count":65,"href":"https:\/\/gifitup.net\/fr\/wp-json\/wp\/v2\/pages\/4160\/revisions"}],"predecessor-version":[{"id":4743,"href":"https:\/\/gifitup.net\/fr\/wp-json\/wp\/v2\/pages\/4160\/revisions\/4743"}],"wp:featuredmedia":[{"embeddable":true,"href":"https:\/\/gifitup.net\/fr\/wp-json\/wp\/v2\/media\/4032"}],"wp:attachment":[{"href":"https:\/\/gifitup.net\/fr\/wp-json\/wp\/v2\/media?parent=4160"}],"curies":[{"name":"wp","href":"https:\/\/api.w.org\/{rel}","templated":true}]}}