{"id":3171,"date":"2023-09-29T17:10:26","date_gmt":"2023-09-29T15:10:26","guid":{"rendered":"https:\/\/gifitup.net\/?page_id=3171"},"modified":"2023-09-29T17:39:28","modified_gmt":"2023-09-29T15:39:28","slug":"evenements","status":"publish","type":"page","link":"https:\/\/gifitup.net\/fr\/evenements\/","title":{"rendered":"Ev\u00e9nements"},"content":{"rendered":"<h2 class=\"wp-block-heading\">En ligne<\/h2>\n\n\n\n<div class=\"wp-block-coblocks-events wp-block-coblocks-events-front-container\"><div class=\"wp-block-coblocks-front-events-swiper-container\"><div class=\"swiper-wrapper-loading\">\n<div class=\"wp-block-coblocks-event-item swiper-slide\" data-page=\"undefined\"><div class=\"wp-block-coblocks-events__date\"><span class=\"wp-block-coblocks-events__day\">4<\/span><div><span class=\"wp-block-coblocks-events__month\">Octobre<\/span><span class=\"wp-block-coblocks-events__year\">2023<\/span><\/div><\/div><div class=\"wp-block-coblocks-events__content\"><span class=\"wp-block-coblocks-events__title\"><a href=\"https:\/\/pro.europeana.eu\/event\/make-your-first-animated-gif\">R\u00e9alisez votre premier gif anim\u00e9<\/a> (en anglais)<\/span><span class=\"wp-block-coblocks-events__description\" itemprop=\"description\">Cet atelier vous apprendra \u00e0 trouver du contenu \u00e0 utiliser pour votre GIF et vous pr\u00e9sentera des techniques simples de cr\u00e9ation de GIF \u00e0 l'aide d'outils gratuits et en ligne.<br><br>Les connaissances et les comp\u00e9tences acquises au cours de l'atelier vous aideront \u00e0 cr\u00e9er votre GIF anim\u00e9 et \u00e0 participer au concours.<br><br>Registre <a href=\"https:\/\/pretix.eu\/Europeana-Foundation\/animatedGIF-2023\/\"><strong>ici<\/strong><\/a>.<\/span><\/div><div class=\"wp-block-coblocks-events__details\"><span class=\"wp-block-coblocks-events__time\">15:00 - 16:00 CEST<\/span><span class=\"wp-block-coblocks-events__location\">En ligne<\/span><\/div><\/div>\n<\/div><\/div><button class=\"wp-coblocks-events-nav-button__prev\" id=\"wp-coblocks-event-swiper-prev\" style=\"visibility:hidden\"><\/button><button class=\"wp-coblocks-events-nav-button__next\" id=\"wp-coblocks-event-swiper-next\" style=\"visibility:hidden\"><\/button><\/div>\n\n\n\n<h2 class=\"wp-block-heading\">En personne<\/h2>\n\n\n\n<div class=\"wp-block-coblocks-events wp-block-coblocks-events-front-container\"><div class=\"wp-block-coblocks-front-events-swiper-container\"><div class=\"swiper-wrapper-loading\">\n<div class=\"wp-block-coblocks-event-item swiper-slide\" data-page=\"undefined\"><div class=\"wp-block-coblocks-events__date\"><span class=\"wp-block-coblocks-events__day\">13<\/span><div><span class=\"wp-block-coblocks-events__month\">Octobre<\/span><span class=\"wp-block-coblocks-events__year\">2023<\/span><\/div><\/div><div class=\"wp-block-coblocks-events__content\"><span class=\"wp-block-coblocks-events__title\"><a href=\"https:\/\/www.goethe.de\/ins\/nl\/nl\/ver.cfm?event_id=24990390\" data-type=\"link\" data-id=\"https:\/\/www.goethe.de\/ins\/nl\/nl\/ver.cfm?event_id=24990390\">Atelier GIF IT UP<\/a> (en n\u00e9erlandais)<\/span><span class=\"wp-block-coblocks-events__description\" itemprop=\"description\"><strong>D\u00e9couvrez l'h\u00e9ritage culturel de l'Europe num\u00e9rique et apprenez comment les \u0153uvres d'art chinoises peuvent \u00eatre remix\u00e9es pour que vous puissiez cr\u00e9er vos propres gifs Pop Art !<\/strong><br>Au cours de cet atelier d'une dur\u00e9e d'une heure et demie (avec un cours suppl\u00e9mentaire) avec notre partenaire Europeana, nous parlerons de l'h\u00e9ritage culturel riche et vari\u00e9 de l'Europe et de la mani\u00e8re dont nous pouvons utiliser les outils num\u00e9riques pour cr\u00e9er des gifs \u00e0 partir de pi\u00e8ces d'art classique.<br><br>Les internautes peuvent utiliser leurs gifs dans le cadre du concours GIF IT UP d'Europeana. Le th\u00e8me sp\u00e9cial de cette ann\u00e9e, parrain\u00e9 par le Goethe-Institut, est \"diversit\u00e9 et inclusion\".<br><br><strong>Envoyez-moi un e-mail \u00e0 l'adresse suivante : bibliothek-amsterdam@goethe.de<\/strong><\/span><\/div><div class=\"wp-block-coblocks-events__details\"><span class=\"wp-block-coblocks-events__time\">16:00 - 19:00 CEST<\/span><span class=\"wp-block-coblocks-events__location\">Goethe-Institut Amsterdam<br>Herengracht 470<br>1017 CA Amsterdam, Pays-Bas<\/span><\/div><\/div>\n\n\n\n<div class=\"wp-block-coblocks-event-item swiper-slide\" data-page=\"undefined\"><div class=\"wp-block-coblocks-events__date\"><span class=\"wp-block-coblocks-events__day\">19<\/span><div><span class=\"wp-block-coblocks-events__month\">Octobre<\/span><span class=\"wp-block-coblocks-events__year\">2023<\/span><\/div><\/div><div class=\"wp-block-coblocks-events__content\"><span class=\"wp-block-coblocks-events__title\"><a href=\"https:\/\/www.eventbrite.co.uk\/e\/gif-it-up-workshop-tickets-700814152997?aff=ebdsoporgprofile\">Atelier GIF IT UP<\/a> (en anglais)<\/span><span class=\"wp-block-coblocks-events__description\" itemprop=\"description\"><strong>Explorez l'h\u00e9ritage culturel de l'Europe en num\u00e9rique et apprenez \u00e0 remixer des \u0153uvres d'art allemandes pour cr\u00e9er vos propres gifs Pop Art !<\/strong><br>Dans cet atelier d'une heure et demie organis\u00e9 par notre partenaire Europeana, nous explorerons le patrimoine culturel riche et diversifi\u00e9 de l'Europe et apprendrons \u00e0 utiliser des outils num\u00e9riques pour cr\u00e9er des gifs individuels avec des \u0153uvres d'art allemandes classiques.<br><br>Les participants peuvent soumettre leur gif au concours GIF IT UP de cette ann\u00e9e sur le th\u00e8me de la diversit\u00e9 et de l'inclusion, organis\u00e9 par Europeana et des institutions culturelles du monde entier, dont le Goethe-Institut.<br><br>Registre <a href=\"https:\/\/www.eventbrite.co.uk\/e\/gif-it-up-workshop-tickets-700814152997?aff=ebdsoporgprofile\"><strong>ici<\/strong><\/a>.<\/span><\/div><div class=\"wp-block-coblocks-events__details\"><span class=\"wp-block-coblocks-events__time\">19:00 - 20:30 BST<\/span><span class=\"wp-block-coblocks-events__location\">Goethe-Institut Londres<br>50 Princes Gate Exhibition Road Londres SW7 2PH Royaume-Uni<\/span><\/div><\/div>\n<\/div><\/div><button class=\"wp-coblocks-events-nav-button__prev\" id=\"wp-coblocks-event-swiper-prev\" style=\"visibility:hidden\"><\/button><button class=\"wp-coblocks-events-nav-button__next\" id=\"wp-coblocks-event-swiper-next\" style=\"visibility:hidden\"><\/button><\/div>","protected":false},"excerpt":{"rendered":"<p>En ligne En personne<\/p>","protected":false},"author":1,"featured_media":0,"parent":0,"menu_order":0,"comment_status":"closed","ping_status":"closed","template":"","meta":{"_coblocks_attr":"","_coblocks_dimensions":"","_coblocks_responsive_height":"","_coblocks_accordion_ie_support":"","advanced_seo_description":"","jetpack_seo_html_title":"","jetpack_seo_noindex":false,"footnotes":""},"class_list":["post-3171","page","type-page","status-publish","hentry","grid-item"],"jetpack_sharing_enabled":true,"jetpack_shortlink":"https:\/\/wp.me\/Pad3Th-P9","jetpack_likes_enabled":false,"_links":{"self":[{"href":"https:\/\/gifitup.net\/fr\/wp-json\/wp\/v2\/pages\/3171","targetHints":{"allow":["GET"]}}],"collection":[{"href":"https:\/\/gifitup.net\/fr\/wp-json\/wp\/v2\/pages"}],"about":[{"href":"https:\/\/gifitup.net\/fr\/wp-json\/wp\/v2\/types\/page"}],"author":[{"embeddable":true,"href":"https:\/\/gifitup.net\/fr\/wp-json\/wp\/v2\/users\/1"}],"replies":[{"embeddable":true,"href":"https:\/\/gifitup.net\/fr\/wp-json\/wp\/v2\/comments?post=3171"}],"version-history":[{"count":15,"href":"https:\/\/gifitup.net\/fr\/wp-json\/wp\/v2\/pages\/3171\/revisions"}],"predecessor-version":[{"id":3239,"href":"https:\/\/gifitup.net\/fr\/wp-json\/wp\/v2\/pages\/3171\/revisions\/3239"}],"wp:attachment":[{"href":"https:\/\/gifitup.net\/fr\/wp-json\/wp\/v2\/media?parent=3171"}],"curies":[{"name":"wp","href":"https:\/\/api.w.org\/{rel}","templated":true}]}}