{"id":3062,"date":"2023-08-28T10:53:18","date_gmt":"2023-08-28T08:53:18","guid":{"rendered":"https:\/\/gifitup.net\/?page_id=3062"},"modified":"2023-09-28T14:01:32","modified_gmt":"2023-09-28T12:01:32","slug":"categorie-speciale-communautes-sous-representees","status":"publish","type":"page","link":"https:\/\/gifitup.net\/fr\/categorie-speciale-communautes-sous-representees\/","title":{"rendered":"Cat\u00e9gorie sp\u00e9ciale\u00a0: Communaut\u00e9s sous-repr\u00e9sent\u00e9es"},"content":{"rendered":"<p>Soumettez un nouveau GIF c\u00e9l\u00e9brant la diversit\u00e9\u00a0! Chaque ann\u00e9e, en mars, nous c\u00e9l\u00e9brons le Mois de l&#039;histoire des femmes, en juin le Mois de la fiert\u00e9 et en juillet le Mois de la fiert\u00e9 du handicap. Octobre est le mois de l&#039;histoire des Noirs en Europe et, dans le cadre de nos c\u00e9l\u00e9brations annuelles, nous souhaitons mettre en avant davantage de GIF sur le th\u00e8me de la diversit\u00e9 et de l&#039;inclusion.\u00a0<br><br>Recherchez du contenu sur les communaut\u00e9s sous-repr\u00e9sent\u00e9es et cr\u00e9ez un GIF incroyable. Besoin d&#039;inspiration ? D\u00e9couvrez les collections mises en avant de <a href=\"https:\/\/gifitup.net\/fr\/communautes-sous-representees\/\" data-type=\"link\" data-id=\"https:\/\/gifitup.net\/en\/underrepresented-communities\/\">Communaut\u00e9s sous-repr\u00e9sent\u00e9es<\/a> ou nos blogs, expositions et galeries sur <a href=\"https:\/\/www.europeana.eu\/en\/inclusion-and-diversity-through-citizenship\" data-type=\"link\" data-id=\"https:\/\/www.europeana.eu\/en\/inclusion-and-diversity-through-citizenship\">Diversit\u00e9 et inclusion<\/a>.<\/p>\n\n\n\n<figure class=\"wp-block-embed is-type-photo is-provider-giphy wp-block-embed-giphy\"><div class=\"wp-block-embed__wrapper\">\n<a href=\"https:\/\/giphy.com\/gifs\/gifitup-gifitup2018-238gXDuURbdJyyB0Aw\"><img data-recalc-dims=\"1\" loading=\"lazy\" decoding=\"async\" src=\"https:\/\/i0.wp.com\/media3.giphy.com\/media\/238gXDuURbdJyyB0Aw\/giphy.gif?resize=520%2C664&#038;ssl=1\" alt=\"Gifitup2018 Par GIF - Trouver et partager sur GIPHY\" width=\"520\" height=\"664\" \/><\/a>\n<\/div><\/figure>\n\n\n\n<p><\/p>","protected":false},"excerpt":{"rendered":"<p>Submit a new GIF celebrating diversity! Each year, in March, we celebrate Women\u2019s History Month, in June Pride Month and in July Disability Pride Month. October is the month of Black History in Europe, and as part of our annual celebrations, we want to highlight more GIFs around the topic of Diversity and Inclusion.\u00a0 Find [&hellip;]<\/p>\n","protected":false},"author":1,"featured_media":0,"parent":0,"menu_order":0,"comment_status":"closed","ping_status":"closed","template":"","meta":{"_coblocks_attr":"","_coblocks_dimensions":"","_coblocks_responsive_height":"","_coblocks_accordion_ie_support":"","advanced_seo_description":"","jetpack_seo_html_title":"","jetpack_seo_noindex":false,"jetpack_post_was_ever_published":false,"footnotes":""},"class_list":["post-3062","page","type-page","status-publish","hentry","grid-item"],"jetpack_sharing_enabled":true,"jetpack_shortlink":"https:\/\/wp.me\/Pad3Th-No","jetpack_likes_enabled":false,"_links":{"self":[{"href":"https:\/\/gifitup.net\/fr\/wp-json\/wp\/v2\/pages\/3062","targetHints":{"allow":["GET"]}}],"collection":[{"href":"https:\/\/gifitup.net\/fr\/wp-json\/wp\/v2\/pages"}],"about":[{"href":"https:\/\/gifitup.net\/fr\/wp-json\/wp\/v2\/types\/page"}],"author":[{"embeddable":true,"href":"https:\/\/gifitup.net\/fr\/wp-json\/wp\/v2\/users\/1"}],"replies":[{"embeddable":true,"href":"https:\/\/gifitup.net\/fr\/wp-json\/wp\/v2\/comments?post=3062"}],"version-history":[{"count":4,"href":"https:\/\/gifitup.net\/fr\/wp-json\/wp\/v2\/pages\/3062\/revisions"}],"predecessor-version":[{"id":3169,"href":"https:\/\/gifitup.net\/fr\/wp-json\/wp\/v2\/pages\/3062\/revisions\/3169"}],"wp:attachment":[{"href":"https:\/\/gifitup.net\/fr\/wp-json\/wp\/v2\/media?parent=3062"}],"curies":[{"name":"wp","href":"https:\/\/api.w.org\/{rel}","templated":true}]}}