{"id":2841,"date":"2022-11-25T09:11:15","date_gmt":"2022-11-25T08:11:15","guid":{"rendered":"https:\/\/gifitup.net\/?page_id=2841"},"modified":"2022-11-25T09:19:17","modified_gmt":"2022-11-25T08:19:17","slug":"laureats-2022","status":"publish","type":"page","link":"https:\/\/gifitup.net\/fr\/laureats-2022\/","title":{"rendered":"Gagnants 2022"},"content":{"rendered":"<h2 class=\"has-text-align-center wp-block-heading\"> <strong>Gagnant du grand prix<\/strong><\/h2>\n\n\n\n<p class=\"has-text-align-center\"><strong>Justin Gammon (Greenville, \u00c9tats-Unis)<\/strong> \u2013 ses deux gifs ont re\u00e7u des scores identiques et les plus \u00e9lev\u00e9s du jury : <\/p>\n\n\n\n<div align=\"center\"><figure><iframe loading=\"lazy\" src=\"https:\/\/giphy.com\/embed\/aPZwzmfWWz2vGxs86c\" width=\"480\" height=\"480\" frameborder=\"0\" class=\"giphy-embed\" allowfullscreen=\"\"><\/iframe><\/figure><\/div>\n\n\n\n<p class=\"has-text-align-center\">1. Mat\u00e9riel source : <em><a href=\"https:\/\/dp.la\/item\/0ed3554debe4af77b7c0be0d1c9ee5bb?q=Mother+Hubbard%27s+dog+reading+a+newspaper\">Le chien de m\u00e8re Hubbard lisant un journal<\/a> <\/em>| Jessie Willcox Smith | <br>Les collections num\u00e9riques de la biblioth\u00e8que publique de New York | DPLA&nbsp;<\/p>\n\n\n\n<div align=\"center\"><figure><iframe loading=\"lazy\" src=\"https:\/\/giphy.com\/embed\/xyFpHGNvnwEphb0jlF\" \"=\"\" width=\"309\" height=\"480\" frameborder=\"0\" class=\"giphy-embed\" allowfullscreen=\"\"><\/iframe><\/figure><\/div>\n\n\n\n<p class=\"has-text-align-center\">2. Mat\u00e9riel source :<em>&nbsp;<a href=\"https:\/\/www.europeana.eu\/item\/9200579\/zwb5bzmz\">La danse macabre \u00e0 B\u00e2le : la mort et l&#039;\u00e9v\u00eaque<\/a>&nbsp;<\/em>| <br>Collection Bienvenue | Europeana&nbsp;<\/p>\n\n\n\n<hr class=\"wp-block-separator has-css-opacity\"\/>\n\n\n\n<h2 class=\"has-text-align-center wp-block-heading\"><strong>2 finalistes<\/strong><\/h2>\n\n\n\n<div align=\"center\"><figure><iframe loading=\"lazy\" src=\"https:\/\/giphy.com\/embed\/RfvTnGE0Waj6vXcuGq\" width=\"480\" height=\"471\" frameborder=\"0\" class=\"giphy-embed\" allowfullscreen=\"\"><\/iframe><\/figure><\/div>\n\n\n\n<p class=\"has-text-align-center\"><strong>Bernadette Pastuszka<\/strong> <strong>(Cracovie, Pologne)<\/strong><em> <\/em><br>Mat\u00e9riel d&#039;origine\u00a0:<em><a href=\"https:\/\/jpsearch.go.jp\/item\/tfam_art_db-3577\"> <\/a><a href=\"https:\/\/www.europeana.eu\/en\/item\/9200579\/xea6v74a\">\u00c9volution des articles m\u00e9nagers, animaux<\/a> <\/em>| Pr. Schmidt | <br>Collection Bienvenue | Europeana&nbsp;<\/p>\n\n\n\n<div align=\"center\"><figure><iframe loading=\"lazy\" src=\"https:\/\/giphy.com\/embed\/6qvBOnQAx8JBEFXcQv\" width=\"480\" height=\"480\" frameborder=\"0\" class=\"giphy-embed\" allowfullscreen=\"\"><\/iframe><\/figure><\/div>\n\n\n\n<p class=\"has-text-align-center\"><strong>Ir\u00e8ne Maseda (Madrid, Espagne)<em> <\/em><\/strong><br>Mat\u00e9riel d&#039;origine\u00a0:<em> <\/em><a href=\"https:\/\/www.europeana.eu\/es\/item\/418\/BVMDefensa_bib_BMDB20160051186\"><em>Breve methodo de mandar los cavallos, y traerlos a la m\u00e1s justa obediencia<\/em><\/a> | Antoine de Pluvinel, Jos\u00e9 Andrade | Biblioth\u00e8que virtuelle du minist\u00e8re de la D\u00e9fense | Europeana&nbsp;<\/p>\n\n\n\n<hr class=\"wp-block-separator has-css-opacity\"\/>\n\n\n\n<h2 class=\"has-text-align-center wp-block-heading\">2 <strong>Cr\u00e9ateurs de GIF pour la premi\u00e8re fois<\/strong><\/h2>\n\n\n\n<div align=\"center\"><figure><iframe loading=\"lazy\" src=\"https:\/\/giphy.com\/embed\/ZGFz4CPihkR7Pn6bqO\" width=\"480\" height=\"359\" frameborder=\"0\" class=\"giphy-embed\" allowfullscreen=\"\"><\/iframe><\/figure><\/div>\n\n\n\n<p class=\"has-text-align-center\"><strong>Daniel Carranza (Montevideo, Urugauy)<\/strong><br>Mat\u00e9riel source<em>:&nbsp;<a href=\"https:\/\/commons.wikimedia.org\/wiki\/File:Dirigible_Graf_Zeppelin.jpg\">Dirigeable Graf Zeppelin<\/a> <\/em>| Centre de photographie de Montevideo <\/p>\n\n\n\n<div align=\"center\"><iframe loading=\"lazy\" src=\"https:\/\/giphy.com\/embed\/zIGoP3fSOkNU0ofjlg\" width=\"480\" height=\"270\" frameborder=\"0\" class=\"giphy-embed\" allowfullscreen=\"\"><\/iframe><\/div>\n\n\n\n<p class=\"has-text-align-center\"><strong>Tatiana Santiago (Espagne)<\/strong><br>Mat\u00e9riel d&#039;origine\u00a0:<em>&nbsp;<a href=\"https:\/\/jpsearch.go.jp\/item\/tfam_art_db-1961\">Henri II, roi de France<\/a> <\/em>| Fran\u00e7ois Clouet | <br>Mus\u00e9e d&#039;art Fuji de Tokyo | Japon Rechercher<\/p>\n\n\n\n<hr class=\"wp-block-separator has-css-opacity\"\/>\n\n\n\n<h2 class=\"has-text-align-center wp-block-heading\"><strong>Gagnant cat\u00e9gorie enfants et adolescents<\/strong><\/h2>\n\n\n\n<div align=\"center\"><figure><iframe loading=\"lazy\" src=\"https:\/\/giphy.com\/embed\/P0Xol0W7uzdMSbfpny\" width=\"374\" height=\"480\" frameborder=\"0\" class=\"giphy-embed\" allowfullscreen=\"\"><\/iframe><\/figure><\/div>\n\n\n\n<p class=\"has-text-align-center\"><strong>Leons Skudr\u012btis (Liepaja, Lettonie)<\/strong>, 17 ans<br>Mat\u00e9riel d&#039;origine\u00a0:<em>&nbsp;<a href=\"https:\/\/www.europeana.eu\/en\/item\/2021672\/resource_document_mauritshuis_725\">La lamentation du Christ<\/a> <\/em>| G\u00e9rard David | <br>Mauritshuis | Europeana&nbsp;<\/p>\n\n\n\n<hr class=\"wp-block-separator has-css-opacity\"\/>\n\n\n\n<h2 class=\"has-text-align-center wp-block-heading\"><strong>Gagnant du prix du public<\/strong><\/h2>\n\n\n\n<div align=\"center\"><figure><iframe loading=\"lazy\" src=\"https:\/\/giphy.com\/embed\/duCqgAqKKkoWG9iVgI\" width=\"480\" height=\"368\" frameborder=\"0\" class=\"giphy-embed\" allowfullscreen=\"\"><\/iframe><\/figure><\/div>\n\n\n\n<p class=\"has-text-align-center\"><strong>Giancarlo Grasso (Bari, Italie)<\/strong><br>Mat\u00e9riel source<em>: <\/em><a href=\"https:\/\/www.europeana.eu\/en\/item\/9200369\/webclient_DeliveryManager_pid_6331209_custom_att_2_simple_viewer\"><em>Servizio fotografico Bologne, <\/em><\/a><em><a href=\"https:\/\/www.europeana.eu\/en\/item\/9200369\/webclient_DeliveryManager_pid_6331209_custom_att_2_simple_viewer\">1982<\/a> <\/em>| Monti, Paulo | <br>Fondazione Biblioteca Europea di Informazione e Cultura | Europeana&nbsp;<\/p>\n\n\n\n<hr class=\"wp-block-separator has-css-opacity\"\/>\n\n\n\n<h2 class=\"has-text-align-center wp-block-heading\"><strong>Gagnant de la cat\u00e9gorie Nature<\/strong><\/h2>\n\n\n\n<div align=\"center\"><figure><iframe loading=\"lazy\" src=\"https:\/\/giphy.com\/embed\/Cdult5zk92jFCQSuiH\" width=\"480\" height=\"296\" frameborder=\"0\" class=\"giphy-embed\" allowfullscreen=\"\"><\/iframe><\/figure><\/div>\n\n\n\n<p class=\"has-text-align-center\"><strong>Ir\u00e8ne Maseda (Madrid, Espagne)<\/strong><br><em>Mat\u00e9riel d&#039;origine\u00a0:&nbsp;<\/em>1. <a href=\"https:\/\/bit.ly\/3fMNSTX\">Ajolote macho ouvert par le vientre<\/a>; 2. <a href=\"https:\/\/bit.ly\/3tcFWhP\">Ajolote<\/a>&nbsp;| <br>Jos\u00e9 Gu\u00edo y S\u00e1nchez | Biblioth\u00e8que virtuelle du minist\u00e8re de la D\u00e9fense ; <br>3. <a href=\"https:\/\/www.europeana.eu\/item\/9200579\/bgxcmas3\"><em>Planche 14, Bourgery et Jacob, Iconografia d&#039;anatomia<\/em><\/a> | Collection Bienvenue\u00a0; <br>4. <a href=\"https:\/\/bit.ly\/3NOu2nN\"><em>Die chirurgische Entfernung des Katarakts&nbsp;<\/em><\/a>| Biblioth\u00e8que de l&#039;Universit\u00e9 de Heidelberg&nbsp;<br>via Europeana&nbsp;<\/p>\n\n\n\n<hr class=\"wp-block-separator has-css-opacity\"\/>\n\n\n\n<h2 class=\"has-text-align-center wp-block-heading\"><strong>Gagnant de la cat\u00e9gorie Artisanat<\/strong><\/h2>\n\n\n\n<div align=\"center\"><figure><iframe loading=\"lazy\" src=\"https:\/\/giphy.com\/embed\/s9OqlHl5GcT6XALA1A\" width=\"404\" height=\"480\" frameborder=\"0\" class=\"giphy-embed\" allowfullscreen=\"\"><\/iframe><\/figure><\/div>\n\n\n\n<p class=\"has-text-align-center\"><strong>Bernadette Pastuszka<\/strong> <strong>(Cracovie, Pologne)<\/strong><br><em>Mat\u00e9riel d&#039;origine\u00a0:&nbsp;<\/em>1. <a href=\"https:\/\/www.europeana.eu\/en\/item\/2021672\/resource_document_mauritshuis_670\">une fille avec une boucle d&#039;oreille<\/a> | Jean Vermeer | Mauritshuis\u00a0;<br>2. <a href=\"https:\/\/www.europeana.eu\/en\/item\/2048221\/europeana_fashion_528600\">Chiffon<\/a>; 3. <a href=\"https:\/\/www.europeana.eu\/en\/item\/2048221\/europeana_fashion_780550\">Disposition des femmes<\/a>; 4. <a href=\"https:\/\/www.europeana.eu\/en\/item\/2048221\/europeana_fashion_46401\">Boucles d&#039;oreilles en argent&nbsp;<\/a>| Mus\u00e9e national de Wereldculturen <br>via Europeana&nbsp;<\/p>\n\n\n\n<hr class=\"wp-block-separator has-css-opacity\"\/>\n\n\n\n<p><strong>F\u00e9licitations aux gagnants - vous serez contact\u00e9 au sujet des prix par e-mail. Et un grand merci \u00e0 tous les participants ! J&#039;espere te revoir l&#039;ann\u00e9e prochaine<\/strong>.<\/p>\n\n\n\n<p class=\"has-text-align-center\"><\/p>\n\n\n\n<p><\/p>","protected":false},"excerpt":{"rendered":"<p>D\u00e9couvrez les laur\u00e9ats du concours !<\/p>","protected":false},"author":1,"featured_media":0,"parent":0,"menu_order":0,"comment_status":"closed","ping_status":"closed","template":"","meta":{"_coblocks_attr":"","_coblocks_dimensions":"","_coblocks_responsive_height":"","_coblocks_accordion_ie_support":"","advanced_seo_description":"","jetpack_seo_html_title":"","jetpack_seo_noindex":false,"jetpack_post_was_ever_published":false,"footnotes":""},"class_list":["post-2841","page","type-page","status-publish","hentry","grid-item"],"jetpack_sharing_enabled":true,"jetpack_shortlink":"https:\/\/wp.me\/Pad3Th-JP","jetpack_likes_enabled":false,"_links":{"self":[{"href":"https:\/\/gifitup.net\/fr\/wp-json\/wp\/v2\/pages\/2841","targetHints":{"allow":["GET"]}}],"collection":[{"href":"https:\/\/gifitup.net\/fr\/wp-json\/wp\/v2\/pages"}],"about":[{"href":"https:\/\/gifitup.net\/fr\/wp-json\/wp\/v2\/types\/page"}],"author":[{"embeddable":true,"href":"https:\/\/gifitup.net\/fr\/wp-json\/wp\/v2\/users\/1"}],"replies":[{"embeddable":true,"href":"https:\/\/gifitup.net\/fr\/wp-json\/wp\/v2\/comments?post=2841"}],"version-history":[{"count":27,"href":"https:\/\/gifitup.net\/fr\/wp-json\/wp\/v2\/pages\/2841\/revisions"}],"predecessor-version":[{"id":2875,"href":"https:\/\/gifitup.net\/fr\/wp-json\/wp\/v2\/pages\/2841\/revisions\/2875"}],"wp:attachment":[{"href":"https:\/\/gifitup.net\/fr\/wp-json\/wp\/v2\/media?parent=2841"}],"curies":[{"name":"wp","href":"https:\/\/api.w.org\/{rel}","templated":true}]}}