{"id":1626,"date":"2020-12-10T12:42:17","date_gmt":"2020-12-10T11:42:17","guid":{"rendered":"https:\/\/gifitup.net\/?page_id=1626"},"modified":"2021-03-08T16:31:24","modified_gmt":"2021-03-08T15:31:24","slug":"laureats-2020","status":"publish","type":"page","link":"https:\/\/gifitup.net\/fr\/laureats-2020\/","title":{"rendered":"Laur\u00e9ats 2020"},"content":{"rendered":"<h2 class=\"has-text-align-center wp-block-heading\"><strong>Gagnant du grand prix<\/strong><\/h2>\n\n\n\n<div align=\"center\"><figure><iframe loading=\"lazy\" src=\"https:\/\/giphy.com\/embed\/W9lunhV5bih6bqzuR0\" width=\"304\" height=\"480\" frameborder=\"0\" class=\"giphy-embed\" allowfullscreen=\"\"><\/iframe><\/figure><\/div>\n\n\n\n<p class=\"has-text-align-center\"><strong>Nisha Alberti (\u00c9dimbourg, \u00c9cosse)<\/strong><em> <\/em><br><em>Mat\u00e9riel d&#039;origine\u00a0:&nbsp;<a href=\"https:\/\/www.europeana.eu\/en\/item\/90402\/RP_P_2009_4054\">Tr\u00e8s Parisien<\/a> | Rijksmuseum via Europeana<\/em> <\/p>\n\n\n\n<hr class=\"wp-block-separator\"\/>\n\n\n\n<h2 class=\"has-text-align-center wp-block-heading\"><strong>3 finalistes<\/strong><\/h2>\n\n\n\n<div align=\"center\"><figure><iframe loading=\"lazy\" src=\"https:\/\/giphy.com\/embed\/G5x89KBliaCgf9ST8c\" width=\"312\" height=\"480\" frameborder=\"0\" class=\"giphy-embed\" allowfullscreen=\"\"><\/iframe><\/figure><\/div>\n\n\n\n<p class=\"has-text-align-center\"><strong>Nisha Alberti (\u00c9dimbourg, \u00c9cosse)<\/strong><em> <\/em><br><em>Mat\u00e9riel d&#039;origine\u00a0:&nbsp;<a href=\"https:\/\/www.europeana.eu\/en\/item\/90402\/RP_P_2009_2471\">La mode masculine<\/a> | Rijksmuseum via Europeana<\/em><\/p>\n\n\n\n<div align=\"center\"><figure><iframe loading=\"lazy\" src=\"https:\/\/giphy.com\/embed\/XUxyh5p29d7VpzQnty\" width=\"480\" height=\"472\" frameborder=\"0\" class=\"giphy-embed\" allowfullscreen=\"\"><\/iframe><\/figure><\/div>\n\n\n\n<p class=\"has-text-align-center\"><strong>Friederike Fankh\u00e4nel (Hambourg, Allemagne)<\/strong><em> <\/em><br><em>Mat\u00e9riel d&#039;origine\u00a0:&nbsp;<a href=\"https:\/\/www.europeana.eu\/de\/item\/2048429\/item_AFVPTFDONXE6R3FCKB2A2F3L4UE32WBB\">Le magazine en ligne de Boon<\/a> | Johann van Caspel | Museum f\u00fcr Kunst und Gewerbe Hamburg via Europeana<\/em><\/p>\n\n\n\n<div align=\"center\"><figure><iframe loading=\"lazy\" src=\"https:\/\/giphy.com\/embed\/GUG2yMaRxqS7NPgmym\" width=\"307\" height=\"480\" frameborder=\"0\" class=\"giphy-embed\" allowfullscreen=\"\"><\/iframe><\/figure><\/div>\n\n\n\n<p class=\"has-text-align-center\"><strong>H\u00e9l\u00e8ne Nozon (Rostock, Allemagne)<\/strong><em> <\/em><br><em>Mat\u00e9riel d&#039;origine\u00a0:&nbsp;<a href=\"https:\/\/www.europeana.eu\/item\/9200579\/urc4max8\">Lavoisier expliquant \u00e0 sa femme<\/a>| Earnest Board | Wellcome Collection via Europeana<\/em><\/p>\n\n\n\n<hr class=\"wp-block-separator\"\/>\n\n\n\n<h2 class=\"has-text-align-center wp-block-heading\"><strong>2 gagnants de la cat\u00e9gorie des cr\u00e9ateurs de GIF pour la premi\u00e8re fois<\/strong><\/h2>\n\n\n\n<div align=\"center\"><figure><iframe loading=\"lazy\" src=\"https:\/\/giphy.com\/embed\/JyY7J5QyaX6Q6sshwa\" width=\"341\" height=\"480\" frameborder=\"0\" class=\"giphy-embed\" allowfullscreen=\"\"><\/iframe><\/figure><\/div>\n\n\n\n<p class=\"has-text-align-center\"><strong>Asterios Alexandrou (Berlin, Allemagne)<\/strong><br><em>Mat\u00e9riel d&#039;origine\u00a0:&nbsp;<a href=\"https:\/\/www.europeana.eu\/en\/item\/15514\/BI_13977_616\">Photographie de la statue d&#039;Aspasia<\/a> | MAK - Museum f\u00fcr angewandte Kunst, Wien via Europeana<\/em><\/p>\n\n\n\n<div align=\"center\"><figure><iframe loading=\"lazy\" src=\"https:\/\/giphy.com\/embed\/6iLK0bYnQHbEKvdtXL\" width=\"480\" height=\"320\" frameborder=\"0\" class=\"giphy-embed\" allowfullscreen=\"\"><\/iframe><\/figure><\/div>\n\n\n\n<p class=\"has-text-align-center\"><strong>Henriette Roued-Cunliffe (Copenhague, Danemark)<\/strong><br><em>Mat\u00e9riel d&#039;origine\u00a0:&nbsp;<a href=\"https:\/\/www.europeana.eu\/item\/2064116\/Museu_ProvidedCHO_Nationalmuseum__Sweden_24209\">Fleurs sur le rebord de la fen\u00eatre<\/a>| Carl Larsson | Nationalmuseum, Su\u00e8de via Europeana<\/em><\/p>\n\n\n\n<hr class=\"wp-block-separator\"\/>\n\n\n\n<h2 class=\"has-text-align-center wp-block-heading\"><strong>4 Gagnants de la cat\u00e9gorie enfants et adolescents<\/strong><\/h2>\n\n\n\n<div align=\"center\"><figure><iframe loading=\"lazy\" src=\"https:\/\/giphy.com\/embed\/FgTuajNOlLGmpR6cRS\" width=\"373\" height=\"480\" frameborder=\"0\" class=\"giphy-embed\" allowfullscreen=\"\"><\/iframe><\/figure><\/div>\n\n\n\n<p class=\"has-text-align-center\"><strong>Jana Br\u016bvere (Liep\u0101ja, Lettonie)<\/strong>, 17 ans<em> <\/em><br><em>Mat\u00e9riel d'origine : 1.<a href=\"https:\/\/www.europeana.eu\/item\/2020903\/KMS616\">la volaille<\/a>| Jacomo Victors |DK-National Aggregation Service ;<br>2.<a href=\"https:\/\/www.europeana.eu\/item\/9200579\/wvmv8ap6\">William Cheselden faisant une d\u00e9monstration anatomique \u00e0 six spectateurs<\/a> | Collection Bienvenue via Europeana<\/em><\/p>\n\n\n\n<div align=\"center\"><figure><iframe loading=\"lazy\" src=\"https:\/\/giphy.com\/embed\/W7KhXSNkvT02FB3s7o\" width=\"403\" height=\"480\" frameborder=\"0\" class=\"giphy-embed\" allowfullscreen=\"\"><\/iframe><\/figure><\/div>\n\n\n\n<p class=\"has-text-align-center\"><strong>Charu Smita (Ranchi, Inde)<\/strong>, 14 ans<br><em>Mat\u00e9riel d&#039;origine\u00a0:&nbsp;<a href=\"https:\/\/www.europeana.eu\/item\/2064116\/Museu_ProvidedCHO_Nationalmuseum__Sweden_39075\">Jenny Lind<\/a>| Johan Gustaf Sandberg | Nationalmuseum, Su\u00e8de via Europeana<\/em><\/p>\n\n\n\n<div align=\"center\"><figure><iframe loading=\"lazy\" src=\"https:\/\/giphy.com\/embed\/wbY6dFxpJ4jzXq9FLf\" width=\"480\" height=\"360\" frameborder=\"0\" class=\"giphy-embed\" allowfullscreen=\"\"><\/iframe><\/figure><\/div>\n\n\n\n<p class=\"has-text-align-center\"><strong>Marta Stankevica (Liep\u0101ja, Lettonie)<\/strong>, 18 ans<br><em>Mat\u00e9riel d&#039;origine\u00a0:&nbsp;<a href=\"https:\/\/www.europeana.eu\/item\/2021672\/resource_document_mauritshuis_797\">Femme \u00e9crivant une lettre<\/a> | G\u00e9rard ter Borch | Mauritshuis via Europeana<\/em><\/p>\n\n\n\n<div align=\"center\"><figure><iframe loading=\"lazy\" src=\"https:\/\/giphy.com\/embed\/AAL02XREYwThABO3J9\" width=\"318\" height=\"480\" frameborder=\"0\" class=\"giphy-embed\" allowfullscreen=\"\"><\/iframe><\/figure><\/div>\n\n\n\n<p class=\"has-text-align-center\"><strong>Punya Kaul (New Delhi, Inde)<\/strong>, 12 ans<br><em>Mat\u00e9riel d&#039;origine\u00a0:&nbsp;<a href=\"https:\/\/www.europeana.eu\/item\/9200579\/fvpa2pdz\">Joseph Bienaim\u00e9 Caventou<\/a> | Catherine Buisson &amp; Elisa Desrivi\u00e8res | Wellcome Collection via Europeana<\/em><\/p>\n\n\n\n<hr class=\"wp-block-separator\"\/>\n\n\n\n<h2 class=\"has-text-align-center wp-block-heading\"><strong>Gagnant du prix du public<\/strong><\/h2>\n\n\n\n<div align=\"center\"><figure><iframe loading=\"lazy\" src=\"https:\/\/giphy.com\/embed\/FXnGhBrjb2mqYFFbIz\" width=\"304\" height=\"480\" frameborder=\"0\" class=\"giphy-embed\" allowfullscreen=\"\"><\/iframe><\/figure><\/div>\n\n\n\n<p class=\"has-text-align-center\"><strong>Mareks Ziemelis (Liep\u0101ja, Lettonie)<\/strong><br><em>Mat\u00e9riel d&#039;origine\u00a0:&nbsp;<a href=\"https:\/\/www.europeana.eu\/item\/2020601\/https___1914_1918_europeana_eu_contributions_10425_attachments_109979\">Carte postale<\/a> | Archives d\u00e9partementales de Seine-et-Marne via Europeana<\/em><\/p>\n\n\n\n<hr class=\"wp-block-separator\"\/>\n\n\n\n<h2 class=\"has-text-align-center wp-block-heading\"><strong>GIPHY Gagnant de la cat\u00e9gorie Toile de fond<\/strong><\/h2>\n\n\n\n<div align=\"center\"><figure><iframe loading=\"lazy\" src=\"https:\/\/giphy.com\/embed\/hqcSZuoLzXECotPoV6\" width=\"480\" height=\"235\" frameborder=\"0\" class=\"giphy-embed\" allowfullscreen=\"\"><\/iframe><\/figure><\/div>\n\n\n\n<p class=\"has-text-align-center\"><strong>Yachiyo Hara (Tokyo, Japon)<\/strong><br><em>Mat\u00e9riel d&#039;origine\u00a0:&nbsp;<a href=\"https:\/\/jpsearch.go.jp\/item\/tfam_art_db-9164\">Princesse Takiyasha appelant un spectre squelette monstrueux<\/a> | Utagawa Kuniyosh - Mus\u00e9e d'art Fuji de Tokyo via Japan Search<\/em><\/p>\n\n\n\n<hr class=\"wp-block-separator\"\/>\n\n\n\n<p><strong>F\u00e9licitations aux gagnants - vous serez contact\u00e9 au sujet des prix par e-mail. Et un grand merci \u00e0 tous les participants ! J&#039;espere te revoir l&#039;ann\u00e9e prochaine.<\/strong><\/p>","protected":false},"excerpt":{"rendered":"<p>Gagnants du concours GIF IT UP 2020<\/p>","protected":false},"author":1,"featured_media":0,"parent":0,"menu_order":0,"comment_status":"closed","ping_status":"closed","template":"","meta":{"_coblocks_attr":"","_coblocks_dimensions":"","_coblocks_responsive_height":"","_coblocks_accordion_ie_support":"","advanced_seo_description":"Winners of GIF IT UP 2020","jetpack_seo_html_title":"","jetpack_seo_noindex":false,"footnotes":""},"class_list":["post-1626","page","type-page","status-publish","hentry","grid-item"],"jetpack_sharing_enabled":true,"jetpack_shortlink":"https:\/\/wp.me\/Pad3Th-qe","jetpack_likes_enabled":false,"_links":{"self":[{"href":"https:\/\/gifitup.net\/fr\/wp-json\/wp\/v2\/pages\/1626","targetHints":{"allow":["GET"]}}],"collection":[{"href":"https:\/\/gifitup.net\/fr\/wp-json\/wp\/v2\/pages"}],"about":[{"href":"https:\/\/gifitup.net\/fr\/wp-json\/wp\/v2\/types\/page"}],"author":[{"embeddable":true,"href":"https:\/\/gifitup.net\/fr\/wp-json\/wp\/v2\/users\/1"}],"replies":[{"embeddable":true,"href":"https:\/\/gifitup.net\/fr\/wp-json\/wp\/v2\/comments?post=1626"}],"version-history":[{"count":32,"href":"https:\/\/gifitup.net\/fr\/wp-json\/wp\/v2\/pages\/1626\/revisions"}],"predecessor-version":[{"id":2164,"href":"https:\/\/gifitup.net\/fr\/wp-json\/wp\/v2\/pages\/1626\/revisions\/2164"}],"wp:attachment":[{"href":"https:\/\/gifitup.net\/fr\/wp-json\/wp\/v2\/media?parent=1626"}],"curies":[{"name":"wp","href":"https:\/\/api.w.org\/{rel}","templated":true}]}}