{"id":153,"date":"2018-10-01T01:41:01","date_gmt":"2018-09-30T23:41:01","guid":{"rendered":"https:\/\/gifitup.net\/?page_id=153"},"modified":"2025-09-26T14:07:14","modified_gmt":"2025-09-26T12:07:14","slug":"regles","status":"publish","type":"page","link":"https:\/\/gifitup.net\/fr\/regles\/","title":{"rendered":"R\u00e8glement du concours"},"content":{"rendered":"<ul>\n<li style=\"font-weight: 400;\" aria-level=\"1\"><span style=\"font-weight: 400;\">La participation est gratuite !<\/span><\/li>\n<li style=\"font-weight: 400;\" aria-level=\"1\"><span style=\"font-weight: 400;\">Les candidatures doivent \u00eatre envoy\u00e9es via <\/span><a href=\"https:\/\/gifitup.net\/fr\/soumettez-votre-gif\/\"><span style=\"font-weight: 400;\">le formulaire de soumission<\/span><\/a>.<\/li>\n<li style=\"font-weight: 400;\" aria-level=\"1\"><span style=\"font-weight: 400;\"><strong>Les candidatures doivent inclure un objet du patrimoine num\u00e9rique provenant de l'un des sites Web suivants<\/strong>: <a href=\"http:\/\/europeana.eu\">Europeana<\/a>, <\/span><span style=\"font-weight: 400;\"><a href=\"https:\/\/dp.la\/\">Biblioth\u00e8que publique num\u00e9rique d&#039;Am\u00e9rique<\/a>,<\/span><span style=\"font-weight: 400;\">\u00a0<a href=\"http:\/\/digitalnz.org\">DigitalNZ<\/a>,<\/span><span style=\"font-weight: 400;\">\u00a0<a href=\"http:\/\/trove.nla.gov.au\">Trove<\/a><\/span><span style=\"font-weight: 400;\">, <a href=\"https:\/\/jpsearch.go.jp\/\">Japan Search<\/a><\/span><span style=\"font-weight: 400;\">, <a href=\"https:\/\/www.artic.edu\/\">Art Institute of Chicago<\/a><\/span><span style=\"font-weight: 400;\">, <a href=\"https:\/\/gifitup.net\/fr\/musees-dag\/\">DAG Museums<\/a>,<\/span><span style=\"font-weight: 400;\">\u00a0<a href=\"https:\/\/numerique.banq.qc.ca\/rechercheExterne\/encoded\/Kg==\/false\/D_D\/desc\/W3sibm9tIjoiY29ycHVzIiwidmFsZXVyIjoiUGF0cmltb2luZSUyMHF1w6liw6ljb2lzIn0seyJub20iOiJjb25kaXRpb25fdXRpbGlzYXRpb24iLCJ2YWxldXIiOiI3In0seyJub20iOiJ0eXBlX2RvY19mIiwidmFsZXVyIjoiSW1hZ2VzIn1d\/Toutes%20les%20ressources\/true\/false\/eyJkZWJ1dCI6MTUwNCwiZmluIjoxOTQ5fQ==\">Biblioth\u00e8que et Archives nationales du Qu\u00e9bec<\/a>,<\/span><span style=\"font-weight: 400;\">\u00a0<a href=\"https:\/\/commons.wikimedia.org\/wiki\/Category:Centro_de_Fotograf%C3%ADa_de_Montevideo_GIF_IT_UP\">Centro de Fotograf\u00eda de Montevideo<\/a> et <a href=\"https:\/\/digitalabiblioteka.lv\/\">Biblioth\u00e8que num\u00e9rique de Lettonie<\/a>. Les projets qui ne contiennent pas d'objet provenant de ces sources ne seront pas consid\u00e9r\u00e9s.<\/span><\/li>\n<li style=\"font-weight: 400;\" aria-level=\"1\"><strong>Un maximum de 3 GIFs peuvent \u00eatre saisis.<\/strong><\/li>\n<li style=\"font-weight: 400;\" aria-level=\"1\"><span style=\"font-weight: 400;\">Les fichiers GIF ne doivent pas d\u00e9passer 2 Mo.<\/span><\/li>\n<li style=\"font-weight: 400;\" aria-level=\"1\"><span style=\"font-weight: 400;\"><strong>Chaque contribution doit contenir l'adresse URL du mat\u00e9riel source<\/strong> (par exemple, <\/span><a href=\"https:\/\/www.europeana.eu\/item\/90402\/SK_A_3089\"><span style=\"font-weight: 400;\">https:\/\/www.europeana.eu\/item\/90402\/SK_A_3089<\/span><\/a><span style=\"font-weight: 400;\">).  Les projets soumis sans URL ne seront pas consid\u00e9r\u00e9s.<\/span><\/li>\n<li style=\"font-weight: 400;\" aria-level=\"1\"><span style=\"font-weight: 400;\"><strong>Tout le mat\u00e9riel source utilis\u00e9 dans les GIFs doit \u00eatre disponible pour une r\u00e9utilisation gratuite<\/strong>, c'est-\u00e0-dire que l'objet doit \u00eatre dans le domaine public, ne pas avoir de droit d'auteur connu ou \u00eatre sous licence ouverte. Le contenu limit\u00e9 \u00e0 un usage non commercial ou \u00ab sans modification (No derivatives) \u00bb ne peut \u00eatre utilis\u00e9 dans le cadre de ce concours.\u00a0<\/span><span style=\"font-weight: 400;\">Pour r\u00e9cup\u00e9rer du mat\u00e9riel libre de droits sur <\/span><a href=\"https:\/\/numerique.banq.qc.ca\/rechercheExterne\/encoded\/Kg==\/false\/D_D\/desc\/W3sibm9tIjoiY29ycHVzIiwidmFsZXVyIjoiUGF0cmltb2luZSUyMHF1w6liw6ljb2lzIn0seyJub20iOiJjb25kaXRpb25fdXRpbGlzYXRpb24iLCJ2YWxldXIiOiI3In0seyJub20iOiJ0eXBlX2RvY19mIiwidmFsZXVyIjoiSW1hZ2VzIn1d\/Toutes%20les%20ressources\/true\/false\/eyJkZWJ1dCI6MTUwNCwiZmluIjoxOTQ5fQ==\"><span style=\"font-weight: 400;\">BAnQ num\u00e9rique<\/span><\/a><span style=\"font-weight: 400;\">, cochez la case \u00ab Domaine public au Canada \u00bb sur une page de r\u00e9sultats, et d\u00e9finissez des dates pour limiter la recherche. Assurez-vous que la date choisie soit ant\u00e9rieure \u00e0 1949. Vous pouvez \u00e9galement suivre <\/span><a href=\"https:\/\/numerique.banq.qc.ca\/rechercheExterne\/encoded\/Kg==\/false\/D_D\/desc\/W3sibm9tIjoiY29ycHVzIiwidmFsZXVyIjoiUGF0cmltb2luZSUyMHF1w6liw6ljb2lzIn0seyJub20iOiJjb25kaXRpb25fdXRpbGlzYXRpb24iLCJ2YWxldXIiOiI3In0seyJub20iOiJ0eXBlX2RvY19mIiwidmFsZXVyIjoiSW1hZ2VzIn1d\/Toutes%20les%20ressources\/true\/false\/eyJkZWJ1dCI6MTUwNCwiZmluIjoxOTQ5fQ==\"><span style=\"font-weight: 400;\">ce lien<\/span><\/a><span style=\"font-weight: 400;\">.<\/span><\/li>\n<li style=\"font-weight: 400;\" aria-level=\"1\"><span style=\"font-weight: 400;\">Les projets soumis \u00e0 GIF IT UP utilisant du mat\u00e9riel du domaine public ou CC0 accordent aux organisateurs du concours le droit d'attribuer <\/span><a href=\"https:\/\/creativecommons.org\/licenses\/by\/4.0\/deed.fr\"><span style=\"font-weight: 400;\">une licence Creative Commons Attribution 4.0 International<\/span><\/a><span style=\"font-weight: 400;\"> (CC BY 4.0) \u00e0 votre \u0153uvre. Les projets contenant des objets sous licence Creative Commons se verront \u00e9galement attribuer une licence CC BY 4.0, sauf si la licence de l'objet comporte une composante SA, auquel cas cette m\u00eame licence sera appliqu\u00e9e.<\/span><\/li>\n<li style=\"font-weight: 400;\" aria-level=\"1\"><span style=\"font-weight: 400;\">Les candidatures seront \u00e9tudi\u00e9es par un jury externe et sa d\u00e9cision sera d\u00e9finitive. Aucune correspondance ne sera \u00e9chang\u00e9e.<\/span><\/li>\n<li style=\"font-weight: 400;\" aria-level=\"1\"><span style=\"font-weight: 400;\">Les organisateurs se r\u00e9servent le droit de disqualifier les \u0153uvres violant les r\u00e8gles de la propri\u00e9t\u00e9 intellectuelle, contenant un langage ou des images offensants ou obsc\u00e8nes, ou bien du mat\u00e9riel confidentiel, portant atteinte \u00e0 la vie priv\u00e9e, ou enfreignant les droits de toute autre personne.<\/span><\/li>\n<li style=\"font-weight: 400;\" aria-level=\"1\"><span style=\"font-weight: 400;\">En soumettant votre projet, vous autorisez Europeana, ses partenaires du concours et le jury \u00e0 publier votre \u0153uvre sur le site Web de GIF IT UP, sur GIPHY.com, et \u00e0 promouvoir votre travail sur d'autres plateformes en ligne, \u00e0 des fins promotionnelles et \u00e9ditoriales.<\/span><\/li>\n<li style=\"font-weight: 400;\" aria-level=\"1\"><span style=\"font-weight: 400;\"><strong>Lors de la r\u00e9alisation de votre GIF, tenez compte des personnes souffrant de d\u00e9ficience visuelle<\/strong>. Pensez \u00e0 ralentir l'animation et \u00e0 fournir des informations contextuelles descriptives avec votre projet.<\/span><\/li>\n<\/ul>\n<p><em>Mise \u00e0 jour : 25 septembre 2025<\/em><\/p>\n\n\n<p><\/p>","protected":false},"excerpt":{"rendered":"<p>Entry is free! Entries must be submitted via the GIF IT UP submission form. Entries must include a piece of digital heritage content sourced from one of the following linked websites: Europeana, Digital Public Library of America,\u00a0DigitalNZ,\u00a0Trove, Japan Search, Art Institute of Chicago, DAG Museums,\u00a0Biblioth\u00e8que et Archives nationales du Qu\u00e9bec,\u00a0Centro de Fotograf\u00eda de Montevideo and [&hellip;]<\/p>\n","protected":false},"author":1,"featured_media":0,"parent":0,"menu_order":0,"comment_status":"closed","ping_status":"closed","template":"","meta":{"_coblocks_attr":"","_coblocks_dimensions":"","_coblocks_responsive_height":"","_coblocks_accordion_ie_support":"","advanced_seo_description":"Rules of GIF IT UP 2018 competition.","jetpack_seo_html_title":"","jetpack_seo_noindex":false,"footnotes":""},"class_list":["post-153","page","type-page","status-publish","hentry","grid-item"],"jetpack_sharing_enabled":true,"jetpack_shortlink":"https:\/\/wp.me\/Pad3Th-2t","jetpack_likes_enabled":false,"_links":{"self":[{"href":"https:\/\/gifitup.net\/fr\/wp-json\/wp\/v2\/pages\/153","targetHints":{"allow":["GET"]}}],"collection":[{"href":"https:\/\/gifitup.net\/fr\/wp-json\/wp\/v2\/pages"}],"about":[{"href":"https:\/\/gifitup.net\/fr\/wp-json\/wp\/v2\/types\/page"}],"author":[{"embeddable":true,"href":"https:\/\/gifitup.net\/fr\/wp-json\/wp\/v2\/users\/1"}],"replies":[{"embeddable":true,"href":"https:\/\/gifitup.net\/fr\/wp-json\/wp\/v2\/comments?post=153"}],"version-history":[{"count":28,"href":"https:\/\/gifitup.net\/fr\/wp-json\/wp\/v2\/pages\/153\/revisions"}],"predecessor-version":[{"id":4659,"href":"https:\/\/gifitup.net\/fr\/wp-json\/wp\/v2\/pages\/153\/revisions\/4659"}],"wp:attachment":[{"href":"https:\/\/gifitup.net\/fr\/wp-json\/wp\/v2\/media?parent=153"}],"curies":[{"name":"wp","href":"https:\/\/api.w.org\/{rel}","templated":true}]}}