{"id":1126,"date":"2020-09-30T18:25:58","date_gmt":"2020-09-30T16:25:58","guid":{"rendered":"https:\/\/gifitup.net\/?page_id=1126"},"modified":"2025-09-22T09:49:09","modified_gmt":"2025-09-22T07:49:09","slug":"film-danse-theatre","status":"publish","type":"page","link":"https:\/\/gifitup.net\/fr\/film-danse-theatre\/","title":{"rendered":"Film, danse et th\u00e9\u00e2tre"},"content":{"rendered":"<div class=\"wp-block-media-text alignwide has-media-on-the-right is-stacked-on-mobile\"><div class=\"wp-block-media-text__content\">\n<p class=\"has-large-font-size\"><a href=\"https:\/\/trove.nla.gov.au\/list\/148688\" target=\"_blank\" rel=\"noreferrer noopener\">Photographies\/films de ballet des archives de Tamara Finch<\/a><\/p>\n<\/div><figure class=\"wp-block-media-text__media\"><img data-recalc-dims=\"1\" loading=\"lazy\" decoding=\"async\" width=\"400\" height=\"400\" data-attachment-id=\"1837\" data-permalink=\"https:\/\/gifitup.net\/fr\/film-danse-theatre\/tamara-finch\/\" data-orig-file=\"https:\/\/i0.wp.com\/gifitup.net\/wp-content\/uploads\/2021\/09\/Tamara-Finch.jpg?fit=400%2C400&amp;ssl=1\" data-orig-size=\"400,400\" data-comments-opened=\"1\" data-image-meta=\"{&quot;aperture&quot;:&quot;0&quot;,&quot;credit&quot;:&quot;&quot;,&quot;camera&quot;:&quot;&quot;,&quot;caption&quot;:&quot;&quot;,&quot;created_timestamp&quot;:&quot;0&quot;,&quot;copyright&quot;:&quot;&quot;,&quot;focal_length&quot;:&quot;0&quot;,&quot;iso&quot;:&quot;0&quot;,&quot;shutter_speed&quot;:&quot;0&quot;,&quot;title&quot;:&quot;&quot;,&quot;orientation&quot;:&quot;0&quot;}\" data-image-title=\"Tamara-Finch\" data-image-description=\"\" data-image-caption=\"\" data-medium-file=\"https:\/\/i0.wp.com\/gifitup.net\/wp-content\/uploads\/2021\/09\/Tamara-Finch.jpg?fit=300%2C300&amp;ssl=1\" data-large-file=\"https:\/\/i0.wp.com\/gifitup.net\/wp-content\/uploads\/2021\/09\/Tamara-Finch.jpg?fit=400%2C400&amp;ssl=1\" src=\"https:\/\/i0.wp.com\/gifitup.net\/wp-content\/uploads\/2021\/09\/Tamara-Finch.jpg?resize=400%2C400&#038;ssl=1\" alt=\"\" class=\"wp-image-1837 size-full\" srcset=\"https:\/\/i0.wp.com\/gifitup.net\/wp-content\/uploads\/2021\/09\/Tamara-Finch.jpg?w=400&amp;ssl=1 400w, https:\/\/i0.wp.com\/gifitup.net\/wp-content\/uploads\/2021\/09\/Tamara-Finch.jpg?resize=300%2C300&amp;ssl=1 300w, https:\/\/i0.wp.com\/gifitup.net\/wp-content\/uploads\/2021\/09\/Tamara-Finch.jpg?resize=150%2C150&amp;ssl=1 150w\" sizes=\"auto, (max-width: 400px) 100vw, 400px\" \/><\/figure><\/div>\n\n\n\n<div class=\"wp-block-media-text alignwide is-stacked-on-mobile\"><figure class=\"wp-block-media-text__media\"><img data-recalc-dims=\"1\" loading=\"lazy\" decoding=\"async\" width=\"400\" height=\"400\" data-attachment-id=\"1130\" data-permalink=\"https:\/\/gifitup.net\/fr\/film-danse-theatre\/film-neerlandais\/\" data-orig-file=\"https:\/\/i0.wp.com\/gifitup.net\/wp-content\/uploads\/2020\/09\/film-dutch.png?fit=400%2C400&amp;ssl=1\" data-orig-size=\"400,400\" data-comments-opened=\"1\" data-image-meta=\"{&quot;aperture&quot;:&quot;0&quot;,&quot;credit&quot;:&quot;&quot;,&quot;camera&quot;:&quot;&quot;,&quot;caption&quot;:&quot;&quot;,&quot;created_timestamp&quot;:&quot;0&quot;,&quot;copyright&quot;:&quot;&quot;,&quot;focal_length&quot;:&quot;0&quot;,&quot;iso&quot;:&quot;0&quot;,&quot;shutter_speed&quot;:&quot;0&quot;,&quot;title&quot;:&quot;&quot;,&quot;orientation&quot;:&quot;0&quot;}\" data-image-title=\"film dutch\" data-image-description=\"\" data-image-caption=\"\" data-medium-file=\"https:\/\/i0.wp.com\/gifitup.net\/wp-content\/uploads\/2020\/09\/film-dutch.png?fit=300%2C300&amp;ssl=1\" data-large-file=\"https:\/\/i0.wp.com\/gifitup.net\/wp-content\/uploads\/2020\/09\/film-dutch.png?fit=400%2C400&amp;ssl=1\" src=\"https:\/\/i0.wp.com\/gifitup.net\/wp-content\/uploads\/2020\/09\/film-dutch.png?resize=400%2C400&#038;ssl=1\" alt=\"\" class=\"wp-image-1130 size-full\" srcset=\"https:\/\/i0.wp.com\/gifitup.net\/wp-content\/uploads\/2020\/09\/film-dutch.png?w=400&amp;ssl=1 400w, https:\/\/i0.wp.com\/gifitup.net\/wp-content\/uploads\/2020\/09\/film-dutch.png?resize=300%2C300&amp;ssl=1 300w, https:\/\/i0.wp.com\/gifitup.net\/wp-content\/uploads\/2020\/09\/film-dutch.png?resize=150%2C150&amp;ssl=1 150w\" sizes=\"auto, (max-width: 400px) 100vw, 400px\" \/><\/figure><div class=\"wp-block-media-text__content\">\n<p class=\"has-large-font-size\"><a href=\"https:\/\/www.europeana.eu\/en\/search?page=1&amp;qf=TYPE%3A%22VIDEO%22&amp;qf=DATA_PROVIDER%3A%22Netherlands%20Institute%20for%20Sound%20%5C%26%20Vision%22&amp;query=polygoon&amp;reusability=open&amp;view=grid&amp;qa=-proxy_dc_title%3APolygoon%5C%20Dutch%5C%20News\" target=\"_blank\" rel=\"noreferrer noopener\">Films d'actualit\u00e9s de l'Institut n\u00e9erlandais de l'image et du son<\/a><\/p>\n<\/div><\/div>\n\n\n\n<div class=\"wp-block-media-text alignwide has-media-on-the-right is-stacked-on-mobile\"><div class=\"wp-block-media-text__content\">\n<p class=\"has-large-font-size\"><a rel=\"noreferrer noopener\" href=\"https:\/\/digitalnz.org\/records?text=&amp;i%5Bcontent_partner%5D=Archives+New+Zealand+Te+Rua+Mahara+o+te+K%C4%81wanatanga&amp;i%5Bprimary_collection%5D=Archives+New+Zealand+YouTube&amp;i%5Busage%5D=Use+commercially&amp;tab=Videos\" target=\"_blank\">Archives de Nouvelle-Z\u00e9lande<\/a><\/p>\n<\/div><figure class=\"wp-block-media-text__media\"><img data-recalc-dims=\"1\" loading=\"lazy\" decoding=\"async\" width=\"400\" height=\"400\" data-attachment-id=\"1230\" data-permalink=\"https:\/\/gifitup.net\/fr\/film-danse-theatre\/maori\/\" data-orig-file=\"https:\/\/i0.wp.com\/gifitup.net\/wp-content\/uploads\/2020\/09\/Maori.png?fit=400%2C400&amp;ssl=1\" data-orig-size=\"400,400\" data-comments-opened=\"1\" data-image-meta=\"{&quot;aperture&quot;:&quot;0&quot;,&quot;credit&quot;:&quot;&quot;,&quot;camera&quot;:&quot;&quot;,&quot;caption&quot;:&quot;&quot;,&quot;created_timestamp&quot;:&quot;0&quot;,&quot;copyright&quot;:&quot;&quot;,&quot;focal_length&quot;:&quot;0&quot;,&quot;iso&quot;:&quot;0&quot;,&quot;shutter_speed&quot;:&quot;0&quot;,&quot;title&quot;:&quot;&quot;,&quot;orientation&quot;:&quot;0&quot;}\" data-image-title=\"Maori\" data-image-description=\"\" data-image-caption=\"\" data-medium-file=\"https:\/\/i0.wp.com\/gifitup.net\/wp-content\/uploads\/2020\/09\/Maori.png?fit=300%2C300&amp;ssl=1\" data-large-file=\"https:\/\/i0.wp.com\/gifitup.net\/wp-content\/uploads\/2020\/09\/Maori.png?fit=400%2C400&amp;ssl=1\" src=\"https:\/\/i0.wp.com\/gifitup.net\/wp-content\/uploads\/2020\/09\/Maori.png?resize=400%2C400&#038;ssl=1\" alt=\"\" class=\"wp-image-1230 size-full\" srcset=\"https:\/\/i0.wp.com\/gifitup.net\/wp-content\/uploads\/2020\/09\/Maori.png?w=400&amp;ssl=1 400w, https:\/\/i0.wp.com\/gifitup.net\/wp-content\/uploads\/2020\/09\/Maori.png?resize=300%2C300&amp;ssl=1 300w, https:\/\/i0.wp.com\/gifitup.net\/wp-content\/uploads\/2020\/09\/Maori.png?resize=150%2C150&amp;ssl=1 150w\" sizes=\"auto, (max-width: 400px) 100vw, 400px\" \/><\/figure><\/div>\n\n\n\n<div class=\"wp-block-media-text alignwide is-stacked-on-mobile\"><figure class=\"wp-block-media-text__media\"><img data-recalc-dims=\"1\" loading=\"lazy\" decoding=\"async\" width=\"400\" height=\"400\" data-attachment-id=\"1155\" data-permalink=\"https:\/\/gifitup.net\/fr\/sport\/le-monde-pittoresque-et-monumental-langleterre-lecosse-et-lirlande-cartes-en-couleur-et-gravures\/\" data-orig-file=\"https:\/\/i0.wp.com\/gifitup.net\/wp-content\/uploads\/2020\/09\/Dance.jpeg?fit=400%2C400&amp;ssl=1\" data-orig-size=\"400,400\" data-comments-opened=\"1\" data-image-meta=\"{&quot;aperture&quot;:&quot;0&quot;,&quot;credit&quot;:&quot;&quot;,&quot;camera&quot;:&quot;&quot;,&quot;caption&quot;:&quot;&quot;,&quot;created_timestamp&quot;:&quot;0&quot;,&quot;copyright&quot;:&quot;Public Domain, from the British Library&#039;s collections, 2013&quot;,&quot;focal_length&quot;:&quot;0&quot;,&quot;iso&quot;:&quot;0&quot;,&quot;shutter_speed&quot;:&quot;0&quot;,&quot;title&quot;:&quot;Le Monde pittoresque et monumental. L&#039;Angleterre, l&#039;E\\u0301cosse et l&#039;Irlande ... Cartes en couleur et ... gravures&quot;,&quot;orientation&quot;:&quot;1&quot;}\" data-image-title=\"Le Monde pittoresque et monumental. L&amp;#8217;Angleterre, l&amp;#8217;E\u0301cosse et l&amp;#8217;Irlande &amp;#8230; Cartes en couleur et &amp;#8230; gravures\" data-image-description=\"\" data-image-caption=\"\" data-medium-file=\"https:\/\/i0.wp.com\/gifitup.net\/wp-content\/uploads\/2020\/09\/Dance.jpeg?fit=300%2C300&amp;ssl=1\" data-large-file=\"https:\/\/i0.wp.com\/gifitup.net\/wp-content\/uploads\/2020\/09\/Dance.jpeg?fit=400%2C400&amp;ssl=1\" src=\"https:\/\/i0.wp.com\/gifitup.net\/wp-content\/uploads\/2020\/09\/Dance.jpeg?resize=400%2C400&#038;ssl=1\" alt=\"\" class=\"wp-image-1155 size-full\" srcset=\"https:\/\/i0.wp.com\/gifitup.net\/wp-content\/uploads\/2020\/09\/Dance.jpeg?w=400&amp;ssl=1 400w, https:\/\/i0.wp.com\/gifitup.net\/wp-content\/uploads\/2020\/09\/Dance.jpeg?resize=300%2C300&amp;ssl=1 300w, https:\/\/i0.wp.com\/gifitup.net\/wp-content\/uploads\/2020\/09\/Dance.jpeg?resize=150%2C150&amp;ssl=1 150w\" sizes=\"auto, (max-width: 400px) 100vw, 400px\" \/><\/figure><div class=\"wp-block-media-text__content\">\n<p class=\"has-large-font-size\"><a href=\"https:\/\/www.europeana.eu\/en\/search?page=1&amp;qa=-proxy_dc_title%3Atraditional%5C%20food&amp;qf=TYPE%3A%22IMAGE%22&amp;qf=DATA_PROVIDER%3A%22%C3%96rebro%20County%20Museum%22&amp;qf=DATA_PROVIDER%3A%22Deutsche%20Fotothek%22&amp;qf=DATA_PROVIDER%3A%22Upplands%20Museum%22&amp;qf=DATA_PROVIDER%3A%22Cluj%20County%20Centre%20for%20the%20Preservation%20and%20Promotion%20of%20Traditional%20Culture%22&amp;qf=DATA_PROVIDER%3A%22Wellcome%20Collection%22&amp;query=proxy_dc_subject%3Adance&amp;reusability=open&amp;view=grid\" target=\"_blank\" rel=\"noreferrer noopener\">Danse<\/a><\/p>\n<\/div><\/div>\n\n\n\n<div class=\"wp-block-media-text alignwide has-media-on-the-right is-stacked-on-mobile\"><div class=\"wp-block-media-text__content\">\n<p class=\"has-large-font-size\"><a href=\"https:\/\/www.europeana.eu\/search?page=1&amp;query=%28europeana_collectionName%3A08641%2a%20AND%20NOT%28proxy_dc_identifier%3A%221037479000000477087%22%29%29&amp;reusability=open&amp;view=grid\" target=\"_blank\" rel=\"noreferrer noopener\">Cin\u00e9ma des premiers temps de la filmoth\u00e8que de Catalogne<\/a><\/p>\n<\/div><figure class=\"wp-block-media-text__media\"><img data-recalc-dims=\"1\" loading=\"lazy\" decoding=\"async\" width=\"400\" height=\"402\" data-attachment-id=\"1128\" data-permalink=\"https:\/\/gifitup.net\/fr\/film-danse-theatre\/cinema\/\" data-orig-file=\"https:\/\/i0.wp.com\/gifitup.net\/wp-content\/uploads\/2020\/09\/cinema.png?fit=400%2C402&amp;ssl=1\" data-orig-size=\"400,402\" data-comments-opened=\"1\" data-image-meta=\"{&quot;aperture&quot;:&quot;0&quot;,&quot;credit&quot;:&quot;&quot;,&quot;camera&quot;:&quot;&quot;,&quot;caption&quot;:&quot;&quot;,&quot;created_timestamp&quot;:&quot;0&quot;,&quot;copyright&quot;:&quot;&quot;,&quot;focal_length&quot;:&quot;0&quot;,&quot;iso&quot;:&quot;0&quot;,&quot;shutter_speed&quot;:&quot;0&quot;,&quot;title&quot;:&quot;&quot;,&quot;orientation&quot;:&quot;0&quot;}\" data-image-title=\"cinema\" data-image-description=\"\" data-image-caption=\"\" data-medium-file=\"https:\/\/i0.wp.com\/gifitup.net\/wp-content\/uploads\/2020\/09\/cinema.png?fit=300%2C300&amp;ssl=1\" data-large-file=\"https:\/\/i0.wp.com\/gifitup.net\/wp-content\/uploads\/2020\/09\/cinema.png?fit=400%2C402&amp;ssl=1\" src=\"https:\/\/i0.wp.com\/gifitup.net\/wp-content\/uploads\/2020\/09\/cinema.png?resize=400%2C402&#038;ssl=1\" alt=\"\" class=\"wp-image-1128 size-full\" srcset=\"https:\/\/i0.wp.com\/gifitup.net\/wp-content\/uploads\/2020\/09\/cinema.png?w=400&amp;ssl=1 400w, https:\/\/i0.wp.com\/gifitup.net\/wp-content\/uploads\/2020\/09\/cinema.png?resize=150%2C150&amp;ssl=1 150w\" sizes=\"auto, (max-width: 400px) 100vw, 400px\" \/><\/figure><\/div>\n\n\n\n<div class=\"wp-block-media-text alignwide is-stacked-on-mobile\"><figure class=\"wp-block-media-text__media\"><img data-recalc-dims=\"1\" loading=\"lazy\" decoding=\"async\" width=\"732\" height=\"734\" data-attachment-id=\"2489\" data-permalink=\"https:\/\/gifitup.net\/fr\/film-danse-theatre\/screenshot-2022-09-21-at-10-15-07-2\/\" data-orig-file=\"https:\/\/i0.wp.com\/gifitup.net\/wp-content\/uploads\/2022\/09\/Screenshot-2022-09-21-at-10.15.07-2.png?fit=732%2C734&amp;ssl=1\" data-orig-size=\"732,734\" data-comments-opened=\"1\" data-image-meta=\"{&quot;aperture&quot;:&quot;0&quot;,&quot;credit&quot;:&quot;&quot;,&quot;camera&quot;:&quot;&quot;,&quot;caption&quot;:&quot;&quot;,&quot;created_timestamp&quot;:&quot;0&quot;,&quot;copyright&quot;:&quot;&quot;,&quot;focal_length&quot;:&quot;0&quot;,&quot;iso&quot;:&quot;0&quot;,&quot;shutter_speed&quot;:&quot;0&quot;,&quot;title&quot;:&quot;&quot;,&quot;orientation&quot;:&quot;0&quot;}\" data-image-title=\"Screenshot-2022-09-21-at-10.15.07-2\" data-image-description=\"\" data-image-caption=\"\" data-medium-file=\"https:\/\/i0.wp.com\/gifitup.net\/wp-content\/uploads\/2022\/09\/Screenshot-2022-09-21-at-10.15.07-2.png?fit=300%2C300&amp;ssl=1\" data-large-file=\"https:\/\/i0.wp.com\/gifitup.net\/wp-content\/uploads\/2022\/09\/Screenshot-2022-09-21-at-10.15.07-2.png?fit=732%2C734&amp;ssl=1\" src=\"https:\/\/i0.wp.com\/gifitup.net\/wp-content\/uploads\/2022\/09\/Screenshot-2022-09-21-at-10.15.07-2.png?resize=732%2C734&#038;ssl=1\" alt=\"\" class=\"wp-image-2489 size-full\" srcset=\"https:\/\/i0.wp.com\/gifitup.net\/wp-content\/uploads\/2022\/09\/Screenshot-2022-09-21-at-10.15.07-2.png?w=732&amp;ssl=1 732w, https:\/\/i0.wp.com\/gifitup.net\/wp-content\/uploads\/2022\/09\/Screenshot-2022-09-21-at-10.15.07-2.png?resize=300%2C300&amp;ssl=1 300w, https:\/\/i0.wp.com\/gifitup.net\/wp-content\/uploads\/2022\/09\/Screenshot-2022-09-21-at-10.15.07-2.png?resize=150%2C150&amp;ssl=1 150w, https:\/\/i0.wp.com\/gifitup.net\/wp-content\/uploads\/2022\/09\/Screenshot-2022-09-21-at-10.15.07-2.png?resize=640%2C642&amp;ssl=1 640w\" sizes=\"auto, (max-width: 732px) 100vw, 732px\" \/><\/figure><div class=\"wp-block-media-text__content\">\n<p class=\"has-large-font-size\"><a href=\"https:\/\/jpsearch.go.jp\/gallery\/ndl-GgWOBBj4R2a\" target=\"_blank\" rel=\"noreferrer noopener\">Acteurs \u00e9minents de la p\u00e9riode Edo repr\u00e9sent\u00e9s dans les yakusha-e<\/a><\/p>\n<\/div><\/div>","protected":false},"excerpt":{"rendered":"<p>Laissez-vous inspirer par nos collections de films en libre acc\u00e8s !<\/p>","protected":false},"author":6,"featured_media":1230,"parent":0,"menu_order":0,"comment_status":"closed","ping_status":"closed","template":"","meta":{"_coblocks_attr":"","_coblocks_dimensions":"","_coblocks_responsive_height":"","_coblocks_accordion_ie_support":"","advanced_seo_description":"Get inspired by our open film collections!","jetpack_seo_html_title":"","jetpack_seo_noindex":false,"jetpack_post_was_ever_published":false,"footnotes":""},"class_list":["post-1126","page","type-page","status-publish","has-post-thumbnail","hentry","grid-item","grid-item-landscape"],"jetpack_sharing_enabled":true,"jetpack_shortlink":"https:\/\/wp.me\/Pad3Th-ia","jetpack_likes_enabled":false,"_links":{"self":[{"href":"https:\/\/gifitup.net\/fr\/wp-json\/wp\/v2\/pages\/1126","targetHints":{"allow":["GET"]}}],"collection":[{"href":"https:\/\/gifitup.net\/fr\/wp-json\/wp\/v2\/pages"}],"about":[{"href":"https:\/\/gifitup.net\/fr\/wp-json\/wp\/v2\/types\/page"}],"author":[{"embeddable":true,"href":"https:\/\/gifitup.net\/fr\/wp-json\/wp\/v2\/users\/6"}],"replies":[{"embeddable":true,"href":"https:\/\/gifitup.net\/fr\/wp-json\/wp\/v2\/comments?post=1126"}],"version-history":[{"count":15,"href":"https:\/\/gifitup.net\/fr\/wp-json\/wp\/v2\/pages\/1126\/revisions"}],"predecessor-version":[{"id":4546,"href":"https:\/\/gifitup.net\/fr\/wp-json\/wp\/v2\/pages\/1126\/revisions\/4546"}],"wp:featuredmedia":[{"embeddable":true,"href":"https:\/\/gifitup.net\/fr\/wp-json\/wp\/v2\/media\/1230"}],"wp:attachment":[{"href":"https:\/\/gifitup.net\/fr\/wp-json\/wp\/v2\/media?parent=1126"}],"curies":[{"name":"wp","href":"https:\/\/api.w.org\/{rel}","templated":true}]}}