{"id":94,"date":"2018-09-20T14:14:55","date_gmt":"2018-09-20T12:14:55","guid":{"rendered":"https:\/\/gifitup.net\/?page_id=94"},"modified":"2025-12-05T15:12:47","modified_gmt":"2025-12-05T14:12:47","slug":"acerca-de","status":"publish","type":"page","link":"https:\/\/gifitup.net\/es\/","title":{"rendered":"Sobre nosotros"},"content":{"rendered":"<p class=\"is-style-default\">GIF IT UP es un concurso anual de creaci\u00f3n de GIF que celebra la remezcla creativa del patrimonio cultural. Est\u00e1 dirigido por <a href=\"https:\/\/europeana.eu\/\">Europeana<\/a> en colaboraci\u00f3n con organizaciones de todo el mundo.<\/p>\n\n\n\n<p class=\"translation-block\">A lo largo de octubre, se invita a los creadores de GIFs y a los aficionados al patrimonio cultural a crear nuevos GIFs a partir de colecciones digitales de acceso abierto. Se conceder\u00e1n grandes premios para las mejores obras, juzgadas por el p\u00fablico y nuestro jurado de expertos en creaci\u00f3n.<\/p>\n\n\n\n<p>La edici\u00f3n de este a\u00f1o est\u00e1 cerrada. <strong><a href=\"https:\/\/gifitup.net\/es\/ganadores-2025\/\" data-type=\"page\" data-id=\"5069\">Echa un vistazo a los trabajos ganadores de 2025.<\/a><\/strong>.<\/p>\n\n\n\n<p><em>Actualizado: 5 de diciembre de 2025<\/em><\/p>\n\n\n\n<p><\/p>","protected":false},"excerpt":{"rendered":"<p>Del 1 al 31 de octubre, todos los creadores de gifs, entusiastas del patrimonio cultural y amantes de Internet est\u00e1n invitados a crear gifs totalmente nuevos remezclando material libre de derechos de autor y con licencia abierta.<\/p>","protected":false},"author":1,"featured_media":37,"parent":0,"menu_order":0,"comment_status":"closed","ping_status":"closed","template":"","meta":{"_coblocks_attr":"","_coblocks_dimensions":"","_coblocks_responsive_height":"","_coblocks_accordion_ie_support":"","advanced_seo_description":"Remix open-access cultural heritage into GIFs! Share your creations and compete for prizes, 1\u201331 October.","jetpack_seo_html_title":"Join the GIF IT UP Contest: Create and Win Prizes!","jetpack_seo_noindex":false,"jetpack_post_was_ever_published":true,"footnotes":""},"class_list":["post-94","page","type-page","status-publish","has-post-thumbnail","hentry","grid-item","grid-item-portrait"],"jetpack_sharing_enabled":true,"jetpack_shortlink":"https:\/\/wp.me\/Pad3Th-1w","jetpack_likes_enabled":false,"_links":{"self":[{"href":"https:\/\/gifitup.net\/es\/wp-json\/wp\/v2\/pages\/94","targetHints":{"allow":["GET"]}}],"collection":[{"href":"https:\/\/gifitup.net\/es\/wp-json\/wp\/v2\/pages"}],"about":[{"href":"https:\/\/gifitup.net\/es\/wp-json\/wp\/v2\/types\/page"}],"author":[{"embeddable":true,"href":"https:\/\/gifitup.net\/es\/wp-json\/wp\/v2\/users\/1"}],"replies":[{"embeddable":true,"href":"https:\/\/gifitup.net\/es\/wp-json\/wp\/v2\/comments?post=94"}],"version-history":[{"count":62,"href":"https:\/\/gifitup.net\/es\/wp-json\/wp\/v2\/pages\/94\/revisions"}],"predecessor-version":[{"id":5112,"href":"https:\/\/gifitup.net\/es\/wp-json\/wp\/v2\/pages\/94\/revisions\/5112"}],"wp:featuredmedia":[{"embeddable":true,"href":"https:\/\/gifitup.net\/es\/wp-json\/wp\/v2\/media\/37"}],"wp:attachment":[{"href":"https:\/\/gifitup.net\/es\/wp-json\/wp\/v2\/media?parent=94"}],"curies":[{"name":"wp","href":"https:\/\/api.w.org\/{rel}","templated":true}]}}