{"id":5069,"date":"2025-12-05T14:53:50","date_gmt":"2025-12-05T13:53:50","guid":{"rendered":"https:\/\/gifitup.net\/?page_id=5069"},"modified":"2025-12-08T09:45:05","modified_gmt":"2025-12-08T08:45:05","slug":"ganadores-2025","status":"publish","type":"page","link":"https:\/\/gifitup.net\/es\/ganadores-2025\/","title":{"rendered":"Conoce a los ganadores de GIF IT UP 2025"},"content":{"rendered":"<h2 class=\"wp-block-heading has-text-align-center\"><strong>Ganador del Gran Premio<\/strong><\/h2>\n\n\n\n<div align=\"center\"><figure><iframe loading=\"lazy\" src=\"https:\/\/gifitup.net\/wp-content\/uploads\/wpforms\/4630-e5c381196b9d5e5d94eeb66bc5aa2734\/Cool-Swordsman-Surprise-Sm-0093ba06060589cdcea81bf1c774bc1c.gif\" width=\"650\" height=\"500\" style=\"\" frameborder=\"0\" allowfullscreen><\/iframe>\n\n\n\n<p class=\"has-text-align-center\"><strong>Nick Cave (Birmingham, Reino Unido)<\/strong><br>Material de origen: <em><a href=\"https:\/\/www.europeana.eu\/item\/2022093\/10622_2F756977_51A7_495D_8E23_491A1F2F4160_cho\">La Ley de la Milicia&nbsp;<\/a>| Hahn, Albert, dibujante | Instituto Internacional de Historia Social | Europeana<\/em> | dominio p\u00fablico<\/p>\n\n\n\n<hr class=\"wp-block-separator has-css-opacity\"\/>\n\n\n\n<h2 class=\"wp-block-heading has-text-align-center\"><strong>Los Subcampeones<\/strong><\/h2>\n\n\n\n<div align=\"center\"><figure><iframe loading=\"lazy\" src=\"https:\/\/gifitup.net\/wp-content\/uploads\/wpforms\/4630-e5c381196b9d5e5d94eeb66bc5aa2734\/BertaLigute_GIF-IT-UP-submission-659a936de5785a30d64cb5260c076703.gif\" width=\"400\" height=\"520\" frameborder=\"0\" allowfullscreen><\/iframe>\n\n\n\n<p class=\"has-text-align-center\"><strong>Berta L\u012bgute (Liep\u0101ja, Letonia)<\/strong><br>Material de origen: <em><em><a href=\"https:\/\/www.flickr.com\/photos\/banq\/54750795224\/in\/album-72177720328652005\">Revista Mon (1926) \u2013 Publicidad de la cerveza Dow<\/a>&nbsp;| BAnQ<\/em><\/em> | dominio p\u00fablico<\/p>\n\n\n\n<p class=\"has-text-align-center\"><\/p>\n\n\n\n<div align=\"center\"><figure><iframe loading=\"lazy\" src=\"https:\/\/gifitup.net\/wp-content\/uploads\/wpforms\/4630-e5c381196b9d5e5d94eeb66bc5aa2734\/Moth-feadb63becdce7b29082439a07727369.gif\" width=\"750\" height=\"500\" frameborder=\"0\" class=\"giphy-embed\" allowfullscreen><\/iframe>\n\n\n\n<p class=\"has-text-align-center\"><strong>Niks Z\u012bl\u012bte (Liepaja, Letonia)<\/strong><br>Material de origen: <em><a href=\"https:\/\/www.europeana.eu\/item\/875\/NHMUKXBMNHXEXXBMNHXEX1562778\">Macroglossum stellatarum (Linneo, 1758)<\/a> | The Trustees of the Natural History Museum, London | Europeana<\/em> | CC BY<\/p>\n\n\n\n<p class=\"has-text-align-center\"><\/p>\n\n\n\n<hr class=\"wp-block-separator has-css-opacity\"\/>\n\n\n\n<h2 class=\"wp-block-heading has-text-align-center\"><strong>Ganadores de la categor\u00eda Comida y bebida<\/strong><\/h2>\n\n\n\n<div align=\"center\"><figure><iframe loading=\"lazy\" src=\"https:\/\/gifitup.net\/wp-content\/uploads\/wpforms\/4630-e5c381196b9d5e5d94eeb66bc5aa2734\/GIF-IT-UP-54288d80d405e07304469aab24e3775e.gif\" width=\"350\" height=\"550\" frameborder=\"0\" allowfullscreen><\/iframe><p><\/figure><\/div>\n\n\n\n<p class=\"has-text-align-center\"><strong><strong>Just\u012bne Ofkante (Ventspils, Letonia)<\/strong><\/strong><br>Materiales de origen<em>: 1.<a href=\"https:\/\/www.europeana.eu\/item\/2020903\/KMS1117\">&nbsp;Bodeg\u00f3n con peces&nbsp;<\/a>| Carl Bloch | Museo Nacional de Arte <\/em><br><em>2.<a href=\"https:\/\/www.europeana.eu\/item\/2064116\/Museu_ProvidedCHO_Nationalmuseum__Sweden_17801\">Desayuno con ostras<\/a>&nbsp;| Alexandre-Fran\u00e7ois Desportes<\/em>|<em> Museo Nacional de Suecia<\/em><br><em>3.<a href=\"https:\/\/www.europeana.eu\/item\/90402\/RP_T_1892_A_2661\">&nbsp;Los m\u00fasicos&nbsp;<\/a>| Henri\u00ebtte Ronner&nbsp;<\/em>| <em>Museo Nacional <\/em><br><em>| v\u00eda Europeana <\/em>| <em>dominio p\u00fablico <\/em><br><em>4.<a href=\"https:\/\/www.artic.edu\/artworks\/27819\/the-scullion\">El pinche de cocina<\/a>&nbsp;| Teodulo Ribot<\/em> |<em> Art Institute of Chicago<\/em> | CC0<\/p>\n\n\n\n<p class=\"has-text-align-center\"><\/p>\n\n\n\n<div align=\"center\"><iframe loading=\"lazy\" src=\"https:\/\/gifitup.net\/wp-content\/uploads\/wpforms\/4630-e5c381196b9d5e5d94eeb66bc5aa2734\/IMG_0732-757500433b6ef3f4fc6a3ef3bc5ef4b9.gif\" width=\"500\" height=\"750\" frameborder=\"0\" allowfullscreen><\/iframe><\/figure><\/div>\n\n\n\n<p class=\"has-text-align-center\"><strong><strong>Irene Maseda Ag\u00fcero (Madrid, Espa\u00f1a)<\/strong><\/strong><br>Material de origen:<em>&nbsp;<\/em> <em><a href=\"https:\/\/www.artic.edu\/artworks\/181777\/the-irish-question\">La cuesti\u00f3n irlandesa<\/a> | De Scott Evans | Instituto de Arte de Chicago<\/em> | CC0<\/p>\n\n\n\n<hr class=\"wp-block-separator has-css-opacity\"\/>\n\n\n\n<h2 class=\"wp-block-heading has-text-align-center\"><strong>Primera vez como creador de GIF<\/strong><\/h2>\n\n\n\n<div align=\"center\"><iframe loading=\"lazy\" src=\"https:\/\/gifitup.net\/wp-content\/uploads\/wpforms\/4630-e5c381196b9d5e5d94eeb66bc5aa2734\/Adobe-Express-papagaio_voando-4a872002b644e92a6ca0b13d949ec7fc.gif\" width=\"760\" height=\"600\" frameborder=\"0\"  allowfullscreen><\/iframe><\/figure><\/div>\n\n\n\n<p class=\"has-text-align-center\"><strong>Synd Ferreira (Oporto, Portugal)<\/strong><br>Material de origen:&nbsp;<em><a href=\"https:\/\/dp.la\/item\/90bcd57a1c8442de7d88138c0b594071\">Psittacus ochrocephalus gmelin&nbsp;<\/a>| Lith Dreser, William, de T. Sinclair | Biblioteca P\u00fablica de Nueva York | DPLA<\/em><\/p>\n\n\n\n<hr class=\"wp-block-separator has-css-opacity\"\/>\n\n\n\n<h2 class=\"wp-block-heading has-text-align-center\"><strong>Ganadores de la categor\u00eda infantil y juvenil<\/strong><\/h2>\n\n\n\n<p class=\"has-text-align-center\"><\/p>\n\n\n\n<div align=\"center\"><iframe loading=\"lazy\" src=\"https:\/\/gifitup.net\/wp-content\/uploads\/wpforms\/4630-e5c381196b9d5e5d94eeb66bc5aa2734\/Milk-and-Cheese-4736966ba9eb22b5a08043e5d47aab13.gif\" width=\"750\" height=\"350\" frameborder=\"0\" allowfullscreen><\/iframe>\n\n\n\n<p class=\"has-text-align-center\"><strong><strong>Knuts Jonaitis (Liepaja, Letonia)<\/strong>, 16 a\u00f1os<\/strong><br>Material de origen: <em>1.<a href=\"https:\/\/www.europeana.eu\/item\/2059502\/data_foodanddrink_http___www_bildarchivaustria_at_Preview_13834954_jpg\">&nbsp;Cod. 5264, fol. 98r: Manuscrito recopilatorio: Leche y queso<\/a>,  2.&nbsp;<a href=\"https:\/\/www.europeana.eu\/item\/2059502\/data_foodanddrink_http___www_bildarchivaustria_at_Preview_13834961_jpg\">Cod. 5264, fol. 99v: Manuscrito recopilatorio: Carne de vacuno, cordero y cabra.&nbsp;<\/a>| Biblioteca Nacional de Austria | Europeana<\/em> | dominio p\u00fablico<\/p>\n\n\n\n<p class=\"has-text-align-center\"><\/p>\n\n\n\n<div align=\"center\"><iframe loading=\"lazy\" src=\"https:\/\/gifitup.net\/wp-content\/uploads\/wpforms\/4630-e5c381196b9d5e5d94eeb66bc5aa2734\/Gato-gif-fb0a39dd106d0ca2d14c96af4dd85beb.gif\" width=\"800\" height=\"600\" frameborder=\"0\" allowfullscreen><\/iframe><p>\n\n\n\n<p class=\"has-text-align-center\"><strong><strong>Sanda Pl\u012bta (Saldus, Letonia)<\/strong>, 17 a\u00f1os<\/strong><br>Material de origen: <em><a href=\"https:\/\/www.europeana.eu\/lv\/item\/90402\/RP_T_1904_190\">Cabeza de un gato calic\u00f3, de frente, con los ojos cerrados.<\/a>| Jean Bernard | Museo Nacional | Europeana<\/em> | dominio p\u00fablico<\/p>\n\n\n\n<hr class=\"wp-block-separator has-css-opacity\"\/>\n\n\n\n<h2 class=\"wp-block-heading has-text-align-center\"><strong>Ganador del Premio del P\u00fablico<\/strong> \u2013 1.\u00ba puesto (1041 votos)<\/h2>\n\n\n\n<div align=\"center\"><figure><iframe loading=\"lazy\" src=\"https:\/\/gifitup.net\/wp-content\/uploads\/wpforms\/4630-e5c381196b9d5e5d94eeb66bc5aa2734\/The-cat-and-the-birds-ade7d47f298d7b82c29cee60b13e207b.gif\" width=\"372\" height=\"450\" frameborder=\"0\"allowfullscreen><\/iframe>\n\n\n\n<p class=\"has-text-align-center\"><strong>Francesco Trentadue (Valenzano, Italia)<\/strong>, <strong>12 a\u00f1os<\/strong><br>Material de origen: <em><em><a href=\"https:\/\/www.europeana.eu\/item\/401\/item_GJNG7K25LXWIHF3YLD62GV7PQL3SKHRO\">Kass akna todos&nbsp;<\/a>| Museo de P\u00e4rnu | Europeana <\/em><\/em>| CC0<\/p>\n\n\n\n<hr class=\"wp-block-separator has-css-opacity\"\/>\n\n\n\n<h2 class=\"wp-block-heading has-text-align-center\"><strong>Ganador del Premio del P\u00fablico<\/strong> \u2013 2.\u00ba puesto (1008 votos)<\/h2>\n\n\n\n<div align=\"center\"><figure><iframe loading=\"lazy\" src=\"https:\/\/gifitup.net\/wp-content\/uploads\/wpforms\/4630-e5c381196b9d5e5d94eeb66bc5aa2734\/1000083473-1810325dcfcd205e1892b74288ae3e6d.gif\" width=\"295\" height=\"480\" frameborder=\"0\" allowfullscreen><\/iframe>\n\n\n\n<p class=\"has-text-align-center\"><strong><strong>Mattia Prudente (Valenzano Bari, Italia)<\/strong>, 11 a\u00f1os<\/strong><br>Material de origen: <em><em><a href=\"https:\/\/www.europeana.eu\/item\/285\/gam28679\">Ni\u00f1o desnudo con pelota (estatua)<\/a>&nbsp;| Galer\u00eda de Arte Moderno y Contempor\u00e1neo de Tur\u00edn | Europeana<\/em><\/em> | CC BY<\/p>\n\n\n\n<hr class=\"wp-block-separator has-css-opacity\"\/>\n\n\n\n<h2 class=\"wp-block-heading has-text-align-center\"><strong>Ganador del Premio del P\u00fablico<\/strong> \u2013 3.\u00ba puesto (619 votos)<\/h2>\n\n\n\n<div align=\"center\"><figure><iframe loading=\"lazy\" src=\"https:\/\/gifitup.net\/wp-content\/uploads\/wpforms\/4630-e5c381196b9d5e5d94eeb66bc5aa2734\/1000036273-d444e2e8b9f3c5d5c16747386b88799c.gif\" width=\"480\" height=\"480\" frameborder=\"0\" allowfullscreen><\/iframe>\n\n\n\n<p class=\"has-text-align-center\"><strong>Alice Pellegrino (Valenzano Bari, Italia), 11 a\u00f1os<\/strong><br>Material de origen: <em><a href=\"https:\/\/www.europeana.eu\/it\/item\/90402\/RP_T_1914_17_149\">Giraffa camelopardalis (jirafa)&nbsp;<\/a>| Robert Jacob Gordon | Museo Nacional | Europeana<\/em> | dominio p\u00fablico<\/p>\n\n\n\n<hr class=\"wp-block-separator has-alpha-channel-opacity\"\/>\n\n\n\n<h2 class=\"wp-block-heading has-text-align-center\"><strong>Premio especial para profesores<\/strong> <\/h2>\n\n\n\n<p class=\"has-text-align-center\">va a <strong>J\u0101nis Jankevics<\/strong>, profesor de animaci\u00f3n en la Escuela Secundaria de Dise\u00f1o y Arte de Liep\u0101ja (LMMDV), por animar a m\u00e1s de 30 de sus alumnos a presentar sus creaciones.<\/p>\n\n\n\n<hr class=\"wp-block-separator has-css-opacity\"\/>\n\n\n\n<h2 class=\"wp-block-heading has-text-align-center\"><strong>Reconocimiento especial<\/strong><\/h2>\n\n\n\n<p class=\"has-text-align-center\"> va a la escuela I.C.S. \u201cPapa Giovanni XXIII\u2013Capozzi\u2013Galilei\u201d en Valenzano, Italia, y a su profesor, <strong>Luigia Palumbo<\/strong>, cuyos alumnos presentaron el mayor n\u00famero de trabajos v\u00e1lidos.<\/p>\n\n\n\n<hr class=\"wp-block-separator has-alpha-channel-opacity\"\/>\n\n\n\n<p><strong>Enhorabuena a todos los ganadores \ud83c\udf89 Nos pondremos en contacto con vosotros por correo electr\u00f3nico para informaros sobre vuestros premios. <\/strong><br><strong><br>Y muchas gracias a todos los que participaron: nosotros <strong>Me encantaron tus contribuciones.<\/strong>, \u00a1Creatividad y entusiasmo! \u00a1Esperamos volver a veros el a\u00f1o que viene!<\/strong><\/p>\n\n\n\n<p class=\"has-text-align-center\"><\/p>\n\n\n\n<p><\/p>","protected":false},"excerpt":{"rendered":"<p>Meet the winners of 2025 edition of GIF IT UP!<\/p>","protected":false},"author":1,"featured_media":4959,"parent":0,"menu_order":0,"comment_status":"closed","ping_status":"closed","template":"","meta":{"_coblocks_attr":"","_coblocks_dimensions":"","_coblocks_responsive_height":"","_coblocks_accordion_ie_support":"","advanced_seo_description":"Congratulations to all the winners of 2025 edition of GIF IT UP animation contest! And a huge thank you to everyone who participated - hope to see you again next year!","jetpack_seo_html_title":"Meet the winners of 2025 edition of GIF IT UP animation contest!","jetpack_seo_noindex":false,"footnotes":""},"class_list":["post-5069","page","type-page","status-publish","has-post-thumbnail","hentry","grid-item","grid-item-landscape"],"jetpack_sharing_enabled":true,"jetpack_shortlink":"https:\/\/wp.me\/Pad3Th-1jL","jetpack_likes_enabled":false,"_links":{"self":[{"href":"https:\/\/gifitup.net\/es\/wp-json\/wp\/v2\/pages\/5069","targetHints":{"allow":["GET"]}}],"collection":[{"href":"https:\/\/gifitup.net\/es\/wp-json\/wp\/v2\/pages"}],"about":[{"href":"https:\/\/gifitup.net\/es\/wp-json\/wp\/v2\/types\/page"}],"author":[{"embeddable":true,"href":"https:\/\/gifitup.net\/es\/wp-json\/wp\/v2\/users\/1"}],"replies":[{"embeddable":true,"href":"https:\/\/gifitup.net\/es\/wp-json\/wp\/v2\/comments?post=5069"}],"version-history":[{"count":33,"href":"https:\/\/gifitup.net\/es\/wp-json\/wp\/v2\/pages\/5069\/revisions"}],"predecessor-version":[{"id":5121,"href":"https:\/\/gifitup.net\/es\/wp-json\/wp\/v2\/pages\/5069\/revisions\/5121"}],"wp:featuredmedia":[{"embeddable":true,"href":"https:\/\/gifitup.net\/es\/wp-json\/wp\/v2\/media\/4959"}],"wp:attachment":[{"href":"https:\/\/gifitup.net\/es\/wp-json\/wp\/v2\/media?parent=5069"}],"curies":[{"name":"wp","href":"https:\/\/api.w.org\/{rel}","templated":true}]}}