{"id":4604,"date":"2025-09-25T14:07:04","date_gmt":"2025-09-25T12:07:04","guid":{"rendered":"https:\/\/gifitup.net\/?page_id=4604"},"modified":"2025-09-25T14:36:40","modified_gmt":"2025-09-25T12:36:40","slug":"categoria-especial-alimentos-y-bebidas","status":"publish","type":"page","link":"https:\/\/gifitup.net\/es\/categoria-especial-alimentos-y-bebidas\/","title":{"rendered":"Categor\u00eda especial: Alimentaci\u00f3n"},"content":{"rendered":"<p>\u00bfHambriento de creatividad? Este a\u00f1o, GIF IT UP introduce una nueva y sabrosa categor\u00eda de premios dedicada a la comida y la bebida. Intenta dar vida a la cultura culinaria a trav\u00e9s de GIF animados realizados con material patrimonial de libre acceso.<\/p>\n\n\n\n<p>\u00bfNecesita inspiraci\u00f3n? Dale un mordisco a nuestro delicioso <a href=\"https:\/\/gifitup.net\/es\/comida-y-bebida\/\">colecciones seleccionadas<\/a> \u00a1y empieza a remezclar hoy mismo!<\/p>\n\n\n\n<p align=\"center\"><iframe loading=\"lazy\" src=\"https:\/\/giphy.com\/embed\/pZTdcLDrBWZIP2A4o0\" width=\"262\" height=\"480\" style=\"\" frameborder=\"0\" class=\"giphy-embed\" allowfullscreen><\/iframe><\/p>\n\n\n\n<p><\/p>","protected":false},"excerpt":{"rendered":"<p>\u00bfHambriento de creatividad? Este a\u00f1o, GIF IT UP introduce una nueva y sabrosa categor\u00eda de premios dedicada a la comida y la bebida. Intente dar vida a la cultura culinaria a trav\u00e9s de GIF animados realizados con material patrimonial de libre acceso. \u00bfNecesitas inspiraci\u00f3n? Echa un bocado a nuestras deliciosas colecciones y empieza a remezclar hoy mismo.<\/p>","protected":false},"author":1,"featured_media":3993,"parent":0,"menu_order":0,"comment_status":"closed","ping_status":"closed","template":"","meta":{"_coblocks_attr":"","_coblocks_dimensions":"","_coblocks_responsive_height":"","_coblocks_accordion_ie_support":"","advanced_seo_description":"","jetpack_seo_html_title":"","jetpack_seo_noindex":false,"jetpack_post_was_ever_published":false,"footnotes":""},"class_list":["post-4604","page","type-page","status-publish","has-post-thumbnail","hentry","grid-item","grid-item-portrait"],"jetpack_sharing_enabled":true,"jetpack_shortlink":"https:\/\/wp.me\/Pad3Th-1cg","jetpack_likes_enabled":false,"_links":{"self":[{"href":"https:\/\/gifitup.net\/es\/wp-json\/wp\/v2\/pages\/4604","targetHints":{"allow":["GET"]}}],"collection":[{"href":"https:\/\/gifitup.net\/es\/wp-json\/wp\/v2\/pages"}],"about":[{"href":"https:\/\/gifitup.net\/es\/wp-json\/wp\/v2\/types\/page"}],"author":[{"embeddable":true,"href":"https:\/\/gifitup.net\/es\/wp-json\/wp\/v2\/users\/1"}],"replies":[{"embeddable":true,"href":"https:\/\/gifitup.net\/es\/wp-json\/wp\/v2\/comments?post=4604"}],"version-history":[{"count":5,"href":"https:\/\/gifitup.net\/es\/wp-json\/wp\/v2\/pages\/4604\/revisions"}],"predecessor-version":[{"id":4619,"href":"https:\/\/gifitup.net\/es\/wp-json\/wp\/v2\/pages\/4604\/revisions\/4619"}],"wp:featuredmedia":[{"embeddable":true,"href":"https:\/\/gifitup.net\/es\/wp-json\/wp\/v2\/media\/3993"}],"wp:attachment":[{"href":"https:\/\/gifitup.net\/es\/wp-json\/wp\/v2\/media?parent=4604"}],"curies":[{"name":"wp","href":"https:\/\/api.w.org\/{rel}","templated":true}]}}