{"id":4160,"date":"2024-11-22T15:55:10","date_gmt":"2024-11-22T14:55:10","guid":{"rendered":"https:\/\/gifitup.net\/?page_id=4160"},"modified":"2025-10-15T17:16:38","modified_gmt":"2025-10-15T15:16:38","slug":"ganadores-2024","status":"publish","type":"page","link":"https:\/\/gifitup.net\/es\/ganadores-2024\/","title":{"rendered":"Ganadores 2024"},"content":{"rendered":"<h2 class=\"wp-block-heading has-text-align-center\"><strong>Ganador del Gran Premio<\/strong><\/h2>\n\n\n\n<div align=\"center\"><figure><iframe loading=\"lazy\" src=\"https:\/\/giphy.com\/embed\/29VBHwsgmXNYW3aydZ\" width=\"650\" height=\"500\" frameborder=\"0\" class=\"giphy-embed\" allowfullscreen><\/iframe>\n\n\n\n<p class=\"has-text-align-center\"><strong>Antonio Amorim (Vila de Conde, Portugal)<\/strong><br>Material de origen: <em><a href=\"https:\/\/www.europeana.eu\/en\/item\/90402\/RP_P_2004_508B_1\">Dibujos de flores y p\u00e1jaros<\/a>| Matsumura Keibun <\/em><br><em>Rijksmuseum | Europeana<\/em>&nbsp;|<em>Dominio p\u00fablico<\/em><\/p>\n\n\n\n<hr class=\"wp-block-separator has-css-opacity\"\/>\n\n\n\n<h2 class=\"wp-block-heading has-text-align-center\"><strong>Los Subcampeones<\/strong><\/h2>\n\n\n\n<div align=\"center\"><figure><iframe loading=\"lazy\" src=\"https:\/\/giphy.com\/embed\/iMj6nNK8mlHlpkAdV1\" width=\"650\" height=\"500\" frameborder=\"0\" class=\"giphy-embed\" allowfullscreen><\/iframe>\n\n\n\n<p class=\"has-text-align-center\"><strong>G\u00e9za Hal\u00e1sz (Dunakeszi, Hungr\u00eda)<\/strong><br>Material de origen: <em><a href=\"https:\/\/www.artic.edu\/artworks\/30283\/the-rhinoceros\">El Rinoceronte<\/a>&nbsp;| Alberto Durero | Instituto de Arte de Chicago<\/em> | CC0<\/p>\n\n\n\n<p class=\"has-text-align-center\"><\/p>\n\n\n\n<hr class=\"wp-block-separator has-css-opacity\"\/>\n\n\n\n<p class=\"has-text-align-center\"><\/p>\n\n\n\n<div align=\"center\"><figure><iframe loading=\"lazy\" src=\"https:\/\/giphy.com\/embed\/iPFBHi1n3V9aQ1iuBG\" width=\"500\" height=\"650\" frameborder=\"0\" class=\"giphy-embed\" allowfullscreen><\/iframe>\n\n\n\n<p class=\"has-text-align-center\"><strong>Hel\u0113na Migla (Liepaja, Letonia)<\/strong><br>Material de origen: <em><a href=\"https:\/\/www.europeana.eu\/item\/90402\/RP_P_1909_907\">Retrato silueta de D. Monnier<\/a>&nbsp;| Pieter Barbiers Rijksmuseum <\/em><br><em>Europeana<\/em> |<em>Dominio p\u00fablico<\/em><\/p>\n\n\n\n<p class=\"has-text-align-center\"><\/p>\n\n\n\n<hr class=\"wp-block-separator has-css-opacity\"\/>\n\n\n\n<p class=\"has-text-align-center\"><\/p>\n\n\n\n<div align=\"center\"><figure><iframe loading=\"lazy\" src=\"https:\/\/giphy.com\/embed\/yr3F5h5qv0YeYNoIYC\" width=\"500\" height=\"550\" frameborder=\"0\" class=\"giphy-embed\" allowfullscreen><\/iframe>\n\n\n\n<p class=\"has-text-align-center\"><strong>Elina Rieksta (Liep\u0101ja, Letonia)<\/strong><br>Material de origen: <em>m\u00e5lning, grafik, graphic art | Don Yeomans | Museo de Etnograf\u00eda<em> |<\/em> Europeana<\/em> <em>|<\/em> CC BY<\/p>\n\n\n\n<hr class=\"wp-block-separator has-css-opacity\"\/>\n\n\n\n<h2 class=\"wp-block-heading has-text-align-center\"><strong>Ganadores de la categor\u00eda Viajes<\/strong><\/h2>\n\n\n\n<div align=\"center\"><figure><iframe loading=\"lazy\" src=\"https:\/\/giphy.com\/embed\/ItkC7XnPYWY4WJzuMK\" width=\"500\" height=\"450\" frameborder=\"0\" class=\"giphy-embed\" allowfullscreen><\/iframe><p><\/figure><\/div>\n\n\n\n<p class=\"has-text-align-center\"><strong>Leons Skudritis (Liepaja, Letonia)<\/strong><br>Material de origen<em>: <a href=\"https:\/\/www.artic.edu\/artworks\/215327\/in-a-railway-carriage-after-a-night-s-journey\">En un vag\u00f3n de ferrocarril (Despu\u00e9s de una noche de viaje)<\/a>&nbsp;| Adolph Menzel |<\/em><br><em> Instituto de Arte de Chicago | CC0<\/em><\/p>\n\n\n\n<p class=\"has-text-align-center\"><\/p>\n\n\n\n<div align=\"center\"><iframe loading=\"lazy\" src=\"https:\/\/giphy.com\/embed\/AJh0eaMgI6iP0UWZB3\" width=\"400\" height=\"800\" frameborder=\"0\" class=\"giphy-embed\" allowfullscreen><\/iframe><\/figure><\/div>\n\n\n\n<p class=\"has-text-align-center\"><strong>Irene Maseda (Madrid, Espa\u00f1a)<\/strong><br>Material de origen:<em>&nbsp;<\/em> <em><a href=\"https:\/\/www.artic.edu\/artworks\/25023\/kinryuzan-temple-in-asakusa-in-falling-snow-asakusa-kinryuzan-setchu-no-zu-from-the-series-famous-views-of-the-eastern-capital-toto-meisho-no-uchi\">Templo Kinryuzan de Asakusa con nieve ca\u00edda<\/a>&nbsp;| <\/em><br><em>Utagawa Hiroshige | Instituto de Arte de Chicago<\/em> | CC0<\/p>\n\n\n\n<hr class=\"wp-block-separator has-css-opacity\"\/>\n\n\n\n<h2 class=\"wp-block-heading has-text-align-center\"><strong>Nuevos creadores de GIF<\/strong><\/h2>\n\n\n\n<div align=\"center\"><iframe loading=\"lazy\" src=\"https:\/\/giphy.com\/embed\/WPuBuNE0ib7L6qj5hk\" width=\"650\" height=\"500\" frameborder=\"0\" class=\"giphy-embed\" allowfullscreen><\/iframe><\/figure><\/div>\n\n\n\n<p class=\"has-text-align-center\"><strong>Okitsu Yuuki (Jap\u00f3n)<\/strong><br>Material de origen:&nbsp; <em><a href=\"https:\/\/jpsearch.go.jp\/item\/tfam_art_db-6888\">R\u00edo Fujikawa<\/a>&nbsp;| Kawase Hasui | <\/em><br><em>Museo de Arte Fuji de Tokio | Japan Search | CC0<\/em><\/p>\n\n\n\n<p class=\"has-text-align-center\"><\/p>\n\n\n\n<div align=\"center\"><iframe loading=\"lazy\" src=\"https:\/\/giphy.com\/embed\/pZTdcLDrBWZIP2A4o0\" width=\"400\" height=\"650\" frameborder=\"0\" class=\"giphy-embed\" allowfullscreen><\/iframe><\/figure><\/div>\n\n\n\n<p class=\"has-text-align-center\"><strong>Anne M\u00fchlich (Leipzig, Alemania)<\/strong><br>Material de origen:&nbsp; <em>1. <a href=\"https:\/\/www.europeana.eu\/item\/739\/europeana_fashion_RP_P_2009_1794\">Journal des Dames et des Modes: los ilustradores de moda<\/a>&nbsp;| Jan van Brock Rijksmuseum Europeana Dominio p\u00fablico<\/em><br><em>2. <a href=\"https:\/\/www.europeana.eu\/de\/item\/9200579\/yx36bccy\">Un hombre con la boca abierta de terror<\/a> | Charles Le Brun | Wellcome Collection<br>| Europeana | CC BY<\/em><\/p>\n\n\n\n<p class=\"has-text-align-center\"><\/p>\n\n\n\n<div align=\"center\"><iframe loading=\"lazy\" src=\"https:\/\/giphy.com\/embed\/sG69Eihdse9zkaFVbu\" width=\"500\" height=\"600\" frameborder=\"0\" class=\"giphy-embed\" allowfullscreen><\/iframe><\/figure><\/div>\n\n\n\n<p class=\"has-text-align-center\"><strong>Giada Sumerano (Italia)<\/strong><br>Material de origen:&nbsp; <em><a href=\"https:\/\/www.europeana.eu\/item\/90402\/SK_A_965\">Frederika Sophia Wilhelmina de Prusia<\/a>&nbsp;| Benjamin Samuel Bolomey | Rijksmuseum | Europeana | Dominio p\u00fablico<\/em><\/p>\n\n\n\n<hr class=\"wp-block-separator has-css-opacity\"\/>\n\n\n\n<h2 class=\"wp-block-heading has-text-align-center\"><strong>Ganadores de la categor\u00eda infantil y juvenil<\/strong><\/h2>\n\n\n\n<p class=\"has-text-align-center\"><\/p>\n\n\n\n<div align=\"center\"><iframe loading=\"lazy\" src=\"https:\/\/giphy.com\/embed\/fVwTrgAu1Y6YhZkqeI\" width=\"400\" height=\"600\" frameborder=\"0\" class=\"giphy-embed\" allowfullscreen><\/iframe>\n\n\n\n<p class=\"has-text-align-center\"><strong>H\u00e9ctor Hern\u00e1ndez (Madrid, Espa\u00f1a), 15 a\u00f1os<\/strong><br>Material de origen: <em><a href=\"https:\/\/www.artic.edu\/artworks\/25472\/putto\">Putto<\/a>&nbsp;| Hans Peiser | El Instituto de Arte de Chicago<\/em> | CC0<\/p>\n\n\n\n<p class=\"has-text-align-center\"><\/p>\n\n\n\n<div align=\"center\"><iframe loading=\"lazy\" src=\"https:\/\/giphy.com\/embed\/7rVo4sfoUMPNs4MwaF\" width=\"600\" height=\"400\" frameborder=\"0\" class=\"giphy-embed\" allowfullscreen><\/iframe><p>\n\n\n\n<p class=\"has-text-align-center\"><strong>Bruno Hern\u00e1ndez (Madrid, Espa\u00f1a), 13 a\u00f1os<\/strong><br>Material de origen: <em>1. <a href=\"https:\/\/www.europeana.eu\/item\/9200579\/ps25uprj\">Evoluci\u00f3n de art\u00edculos dom\u00e9sticos, animales, etc.<\/a> | P. Schmidt | <br>Wellcome Collection | Europeana | CC BY<\/em><br><em>2. <a href=\"https:\/\/www.europeana.eu\/item\/15508\/28359\">Saloninterieur aus der Makartzeit Rudolf von Alt <\/a>| Albertina |<br>Europeana | Dominio p\u00fablico<\/em><\/p>\n\n\n\n<hr class=\"wp-block-separator has-css-opacity\"\/>\n\n\n\n<h2 class=\"wp-block-heading has-text-align-center\"><strong>Ganador del Premio del P\u00fablico<\/strong> - 1er puesto (1297 votos)<\/h2>\n\n\n\n<div align=\"center\"><figure><iframe loading=\"lazy\" src=\"https:\/\/giphy.com\/embed\/FutdOLi7SV1Ax0Kw21\" width=\"600\" height=\"500\" frameborder=\"0\" class=\"giphy-embed\" allowfullscreen><\/iframe>\n\n\n\n<p class=\"has-text-align-center\"><strong>Francesco Trentadue (Valenzano, Italia)<\/strong><br>Material de origen: <em><a href=\"https:\/\/www.europeana.eu\/item\/15508\/14873\">Wasserfall<\/a>&nbsp;| Dominio p\u00fablico | Franz Rechberger | Albertina | Europeana <\/em><\/p>\n\n\n\n<hr class=\"wp-block-separator has-css-opacity\"\/>\n\n\n\n<h2 class=\"wp-block-heading has-text-align-center\"><strong>Ganador del Premio del P\u00fablico<\/strong> - 2\u00ba puesto (1244 votos)<\/h2>\n\n\n\n<div align=\"center\"><figure><iframe loading=\"lazy\" src=\"https:\/\/giphy.com\/embed\/jJ6hxQHmSUH1NoiSr2\" width=\"400\" height=\"600\" frameborder=\"0\" class=\"giphy-embed\" allowfullscreen><\/iframe>\n\n\n\n<p class=\"has-text-align-center\"><strong>Maria Palermo (Valenzano, Italia)<\/strong><br>Material de origen: <em><a href=\"https:\/\/www.europeana.eu\/item\/318\/marc_nli_004048099\">Gato<\/a>&nbsp;| Dan Hadani | Biblioteca Nacional de Israel | Europeana<\/em> | CC BY<\/p>\n\n\n\n<hr class=\"wp-block-separator has-css-opacity\"\/>\n\n\n\n<h2 class=\"wp-block-heading has-text-align-center\"><strong>Ganador del Premio del P\u00fablico<\/strong> - 3er puesto (1115 votos)<\/h2>\n\n\n\n<div align=\"center\"><figure><iframe loading=\"lazy\" src=\"https:\/\/giphy.com\/embed\/xMhLMZrA9Sj5QR6vsY\" width=\"500\" height=\"400\" frameborder=\"0\" class=\"giphy-embed\" allowfullscreen><\/iframe>\n\n\n\n<p class=\"has-text-align-center\"><strong>Nicole Pierri (Valenzano, Italia)<\/strong><br>Material de origen: <em><em><a href=\"https:\/\/www.europeana.eu\/item\/91672\/MM_foto_624676\">hund<\/a>&nbsp;| Nils J\u00f6nsson Museo de Malm\u00f6 Europeana<\/em> <\/em>| CC BY<\/p>\n\n\n\n<hr class=\"wp-block-separator has-css-opacity\"\/>\n\n\n\n<p><strong>Enhorabuena a los ganadores: se ha contactado con vosotros por correo electr\u00f3nico para comunicaros los premios. Muchas gracias a todos los participantes. Esperamos volver a verles el a\u00f1o que viene.<\/strong>.<\/p>\n\n\n\n<p class=\"has-text-align-center\"><\/p>\n\n\n\n<p><\/p>","protected":false},"excerpt":{"rendered":"<p>Grand Prize Winner Antonio Amorim (Vila de Conde, Portugal)Source material: Flower and Bird Sketches| Matsumura Keibun Rijksmuseum | Europeana&nbsp;|Public domain Runners-up G\u00e9za Hal\u00e1sz (Dunakeszi, Hungary)Source material: The Rhinoceros&nbsp;| Albrecht D\u00fcrer | Art Institute of Chicago | CC0 Hel\u0113na Migla (Liepaja, Latvia)Source material: Silhouette portrait of D. Monnier&nbsp;| Pieter Barbiers | Rijksmuseum | Europeana |Public domain [&hellip;]<\/p>\n","protected":false},"author":1,"featured_media":4032,"parent":0,"menu_order":0,"comment_status":"closed","ping_status":"closed","template":"","meta":{"_coblocks_attr":"","_coblocks_dimensions":"","_coblocks_responsive_height":"","_coblocks_accordion_ie_support":"","advanced_seo_description":"List of winners of the 2024 edition of GIF IT UP: global GIF-making contest ","jetpack_seo_html_title":"Meet the winners of GIF IT UP 2024!","jetpack_seo_noindex":false,"jetpack_post_was_ever_published":false,"footnotes":""},"class_list":["post-4160","page","type-page","status-publish","has-post-thumbnail","hentry","grid-item","grid-item-landscape"],"jetpack_sharing_enabled":true,"jetpack_shortlink":"https:\/\/wp.me\/Pad3Th-156","jetpack_likes_enabled":false,"_links":{"self":[{"href":"https:\/\/gifitup.net\/es\/wp-json\/wp\/v2\/pages\/4160","targetHints":{"allow":["GET"]}}],"collection":[{"href":"https:\/\/gifitup.net\/es\/wp-json\/wp\/v2\/pages"}],"about":[{"href":"https:\/\/gifitup.net\/es\/wp-json\/wp\/v2\/types\/page"}],"author":[{"embeddable":true,"href":"https:\/\/gifitup.net\/es\/wp-json\/wp\/v2\/users\/1"}],"replies":[{"embeddable":true,"href":"https:\/\/gifitup.net\/es\/wp-json\/wp\/v2\/comments?post=4160"}],"version-history":[{"count":65,"href":"https:\/\/gifitup.net\/es\/wp-json\/wp\/v2\/pages\/4160\/revisions"}],"predecessor-version":[{"id":4743,"href":"https:\/\/gifitup.net\/es\/wp-json\/wp\/v2\/pages\/4160\/revisions\/4743"}],"wp:featuredmedia":[{"embeddable":true,"href":"https:\/\/gifitup.net\/es\/wp-json\/wp\/v2\/media\/4032"}],"wp:attachment":[{"href":"https:\/\/gifitup.net\/es\/wp-json\/wp\/v2\/media?parent=4160"}],"curies":[{"name":"wp","href":"https:\/\/api.w.org\/{rel}","templated":true}]}}