{"id":3880,"date":"2024-09-25T15:03:27","date_gmt":"2024-09-25T13:03:27","guid":{"rendered":"https:\/\/gifitup.net\/?page_id=3880"},"modified":"2025-12-05T12:41:34","modified_gmt":"2025-12-05T11:41:34","slug":"jurado-y-premios","status":"publish","type":"page","link":"https:\/\/gifitup.net\/es\/jurado-y-premios\/","title":{"rendered":"Jurado y premios"},"content":{"rendered":"<p>Descubre a nuestro jurado de GIF IT UP:<\/p>\n\n\n\n<ul class=\"wp-block-list\">\n<li>Zuzanna Sta\u0144ska \u2013 Fundadora de <a href=\"https:\/\/www.getdailyart.com\/\">DailyArt<\/a><\/li>\n\n\n\n<li>Chiara Longobardi - Responsable de Proyectos de Investigaci\u00f3n Educativa y Pedagog\u00eda en <a href=\"http:\/\/www.eun.org\/\">Red de Escuelas Europeas<\/a><\/li>\n<\/ul>\n\n\n\n<p>Premios y categor\u00edas de este a\u00f1o:<\/p>\n\n\n\n<p><strong>Gran Premio<\/strong> El ganador recibir\u00e1 un paquete de 12 cursos de Domestika y una tarjeta regalo de Etsy por valor de 100 euros.\u00a0<\/p>\n\n\n\n<p><strong>Los Subcampeones <\/strong>reciben un lote de 3 cursos de Domestika y una tarjeta regalo de 50 euros para Etsy&nbsp;<\/p>\n\n\n\n<p><strong>Primera vez como creador de GIF<\/strong> - el ganador recibe un lote de 3 cursos de Domestika y una tarjeta regalo de 50 euros para Etsy<\/p>\n\n\n\n<p><strong>Premio del p\u00fablico<\/strong> - el ganador recibe un lote de 3 cursos de Domestika y una tarjeta regalo de 50 euros para Etsy\u00a0<\/p>\n\n\n\n<p><strong>Categor\u00eda Ni\u00f1os y Adolescentes (6-18 a\u00f1os)<\/strong> - el ganador recibe un lote de 3 cursos de Domestika y una tarjeta regalo de 50 euros para Etsy&nbsp;<\/p>\n\n\n\n<p><strong>Categor\u00eda especial: Alimentaci\u00f3n<\/strong> - el ganador recibe un lote de 3 cursos de Domestika y una tarjeta regalo de 50 euros para Etsy<\/p>\n\n\n\n<p><strong>Premio especial para profesores<\/strong> - el ganador recibe un lote de 3 cursos de Domestika y una tarjeta regalo de 50 euros para Etsy<\/p>\n\n\n\n<p><\/p>\n\n\n\n<p><strong>Los resultados se anunciar\u00e1n en noviembre <span style=\"box-sizing: border-box; margin: 0px; padding: 0px;\">en el&nbsp;<a href=\"https:\/\/gifitup.net\/es\/\" target=\"_blank\" rel=\"noopener\">sitio web GIF IT UP<\/a>&nbsp;y en las redes sociales relacionadas<\/span>.<\/strong><\/p>","protected":false},"excerpt":{"rendered":"<p>Descubra al jurado de GIF IT UP y los premios para los ganadores de las distintas categor\u00edas.<\/p>","protected":false},"author":1,"featured_media":0,"parent":0,"menu_order":0,"comment_status":"closed","ping_status":"closed","template":"","meta":{"_coblocks_attr":"","_coblocks_dimensions":"","_coblocks_responsive_height":"","_coblocks_accordion_ie_support":"","advanced_seo_description":"Discover GIF IT UP jury and prizes for winners in various categories.","jetpack_seo_html_title":"Meet the Jury and Prizes for GIF IT UP Competition","jetpack_seo_noindex":false,"footnotes":""},"class_list":["post-3880","page","type-page","status-publish","hentry","grid-item"],"jetpack_sharing_enabled":true,"jetpack_shortlink":"https:\/\/wp.me\/Pad3Th-10A","jetpack_likes_enabled":false,"_links":{"self":[{"href":"https:\/\/gifitup.net\/es\/wp-json\/wp\/v2\/pages\/3880","targetHints":{"allow":["GET"]}}],"collection":[{"href":"https:\/\/gifitup.net\/es\/wp-json\/wp\/v2\/pages"}],"about":[{"href":"https:\/\/gifitup.net\/es\/wp-json\/wp\/v2\/types\/page"}],"author":[{"embeddable":true,"href":"https:\/\/gifitup.net\/es\/wp-json\/wp\/v2\/users\/1"}],"replies":[{"embeddable":true,"href":"https:\/\/gifitup.net\/es\/wp-json\/wp\/v2\/comments?post=3880"}],"version-history":[{"count":7,"href":"https:\/\/gifitup.net\/es\/wp-json\/wp\/v2\/pages\/3880\/revisions"}],"predecessor-version":[{"id":5084,"href":"https:\/\/gifitup.net\/es\/wp-json\/wp\/v2\/pages\/3880\/revisions\/5084"}],"wp:attachment":[{"href":"https:\/\/gifitup.net\/es\/wp-json\/wp\/v2\/media?parent=3880"}],"curies":[{"name":"wp","href":"https:\/\/api.w.org\/{rel}","templated":true}]}}