{"id":3171,"date":"2023-09-29T17:10:26","date_gmt":"2023-09-29T15:10:26","guid":{"rendered":"https:\/\/gifitup.net\/?page_id=3171"},"modified":"2023-09-29T17:39:28","modified_gmt":"2023-09-29T15:39:28","slug":"eventos","status":"publish","type":"page","link":"https:\/\/gifitup.net\/es\/eventos\/","title":{"rendered":"Eventos"},"content":{"rendered":"<h2 class=\"wp-block-heading\">En l\u00ednea<\/h2>\n\n\n\n<div class=\"wp-block-coblocks-events wp-block-coblocks-events-front-container\"><div class=\"wp-block-coblocks-front-events-swiper-container\"><div class=\"swiper-wrapper-loading\">\n<div class=\"wp-block-coblocks-event-item swiper-slide\" data-page=\"undefined\"><div class=\"wp-block-coblocks-events__date\"><span class=\"wp-block-coblocks-events__day\">4<\/span><div><span class=\"wp-block-coblocks-events__month\">Octubre<\/span><span class=\"wp-block-coblocks-events__year\">2023<\/span><\/div><\/div><div class=\"wp-block-coblocks-events__content\"><span class=\"wp-block-coblocks-events__title\"><a href=\"https:\/\/pro.europeana.eu\/event\/make-your-first-animated-gif\">Haz tu primer gif animado<\/a> (en ingl\u00e9s)<\/span><span class=\"wp-block-coblocks-events__description\" itemprop=\"description\">Este taller le ense\u00f1ar\u00e1 a encontrar contenidos para su GIF y le introducir\u00e1 en t\u00e9cnicas sencillas de creaci\u00f3n de GIF utilizando herramientas gratuitas y en l\u00ednea.<br><br>Los conocimientos y t\u00e9cnicas adquiridos durante el taller le ayudar\u00e1n a crear su GIF animado y a participar en el concurso.<br><br>Reg\u00edstrese en <a href=\"https:\/\/pretix.eu\/Europeana-Foundation\/animatedGIF-2023\/\"><strong>aqu\u00ed<\/strong><\/a>.<\/span><\/div><div class=\"wp-block-coblocks-events__details\"><span class=\"wp-block-coblocks-events__time\">15:00 - 16:00 CEST<\/span><span class=\"wp-block-coblocks-events__location\">En l\u00ednea<\/span><\/div><\/div>\n<\/div><\/div><button class=\"wp-coblocks-events-nav-button__prev\" id=\"wp-coblocks-event-swiper-prev\" style=\"visibility:hidden\"><\/button><button class=\"wp-coblocks-events-nav-button__next\" id=\"wp-coblocks-event-swiper-next\" style=\"visibility:hidden\"><\/button><\/div>\n\n\n\n<h2 class=\"wp-block-heading\">En persona<\/h2>\n\n\n\n<div class=\"wp-block-coblocks-events wp-block-coblocks-events-front-container\"><div class=\"wp-block-coblocks-front-events-swiper-container\"><div class=\"swiper-wrapper-loading\">\n<div class=\"wp-block-coblocks-event-item swiper-slide\" data-page=\"undefined\"><div class=\"wp-block-coblocks-events__date\"><span class=\"wp-block-coblocks-events__day\">13<\/span><div><span class=\"wp-block-coblocks-events__month\">Octubre<\/span><span class=\"wp-block-coblocks-events__year\">2023<\/span><\/div><\/div><div class=\"wp-block-coblocks-events__content\"><span class=\"wp-block-coblocks-events__title\"><a href=\"https:\/\/www.goethe.de\/ins\/nl\/nl\/ver.cfm?event_id=24990390\" data-type=\"link\" data-id=\"https:\/\/www.goethe.de\/ins\/nl\/nl\/ver.cfm?event_id=24990390\">Taller GIF IT UP<\/a> (en neerland\u00e9s)<\/span><span class=\"wp-block-coblocks-events__description\" itemprop=\"description\"><strong>Descubre el patrimonio cultural de Europa en formato digital y aprende a remezclar obras de arte holandesas para crear tus propios gifs de Pop Art.<\/strong><br>En este taller de una hora y media de duraci\u00f3n (con un taller adicional) con nuestro socio Europeana, hablaremos del rico y diverso patrimonio cultural de Europa y de c\u00f3mo podemos utilizar las herramientas digitales para crear, a partir de obras de arte cl\u00e1sicas suizas, im\u00e1genes animadas.<br><br>Los usuarios pueden enviar sus gifs a la secci\u00f3n GIF IT UP de Europeana. El tema especial de este a\u00f1o, patrocinado por el Goethe-Institut, es \"diversidad e inclusi\u00f3n\".<br><br><strong>Env\u00ede un correo electr\u00f3nico a: bibliothek-amsterdam@goethe.de<\/strong><\/span><\/div><div class=\"wp-block-coblocks-events__details\"><span class=\"wp-block-coblocks-events__time\">16:00 - 19:00 CEST<\/span><span class=\"wp-block-coblocks-events__location\">Instituto Goethe de \u00c1msterdam<br>Herengracht 470<br>1017 CA Amsterdam, Pa\u00edses Bajos<\/span><\/div><\/div>\n\n\n\n<div class=\"wp-block-coblocks-event-item swiper-slide\" data-page=\"undefined\"><div class=\"wp-block-coblocks-events__date\"><span class=\"wp-block-coblocks-events__day\">19<\/span><div><span class=\"wp-block-coblocks-events__month\">Octubre<\/span><span class=\"wp-block-coblocks-events__year\">2023<\/span><\/div><\/div><div class=\"wp-block-coblocks-events__content\"><span class=\"wp-block-coblocks-events__title\"><a href=\"https:\/\/www.eventbrite.co.uk\/e\/gif-it-up-workshop-tickets-700814152997?aff=ebdsoporgprofile\">Taller GIF IT UP<\/a> (en ingl\u00e9s)<\/span><span class=\"wp-block-coblocks-events__description\" itemprop=\"description\"><strong>Explore digitalmente el patrimonio cultural europeo y aprenda a remezclar obras de arte alemanas para crear sus propios gifs Pop Art.<\/strong><br>En este taller de hora y media impartido por nuestro socio Europeana, exploraremos el rico y diverso patrimonio cultural europeo y aprenderemos a utilizar herramientas digitales para crear gifs individuales con obras de arte cl\u00e1sicas alemanas.<br><br>Los participantes pueden presentar sus gifs al concurso GIF IT UP de este a\u00f1o, cuyo tema especial es \"Diversidad e inclusi\u00f3n\", organizado por Europeana e instituciones culturales de todo el mundo, entre ellas el Goethe-Institut.<br><br>Reg\u00edstrese en <a href=\"https:\/\/www.eventbrite.co.uk\/e\/gif-it-up-workshop-tickets-700814152997?aff=ebdsoporgprofile\"><strong>aqu\u00ed<\/strong><\/a>.<\/span><\/div><div class=\"wp-block-coblocks-events__details\"><span class=\"wp-block-coblocks-events__time\">19:00 - 20:30 BST<\/span><span class=\"wp-block-coblocks-events__location\">Goethe-Institut de Londres<br>50 Princes Gate Exhibition Road Londres SW7 2PH Reino Unido<\/span><\/div><\/div>\n<\/div><\/div><button class=\"wp-coblocks-events-nav-button__prev\" id=\"wp-coblocks-event-swiper-prev\" style=\"visibility:hidden\"><\/button><button class=\"wp-coblocks-events-nav-button__next\" id=\"wp-coblocks-event-swiper-next\" style=\"visibility:hidden\"><\/button><\/div>","protected":false},"excerpt":{"rendered":"<p>En l\u00ednea En persona<\/p>","protected":false},"author":1,"featured_media":0,"parent":0,"menu_order":0,"comment_status":"closed","ping_status":"closed","template":"","meta":{"_coblocks_attr":"","_coblocks_dimensions":"","_coblocks_responsive_height":"","_coblocks_accordion_ie_support":"","advanced_seo_description":"","jetpack_seo_html_title":"","jetpack_seo_noindex":false,"jetpack_post_was_ever_published":false,"footnotes":""},"class_list":["post-3171","page","type-page","status-publish","hentry","grid-item"],"jetpack_sharing_enabled":true,"jetpack_shortlink":"https:\/\/wp.me\/Pad3Th-P9","jetpack_likes_enabled":false,"_links":{"self":[{"href":"https:\/\/gifitup.net\/es\/wp-json\/wp\/v2\/pages\/3171","targetHints":{"allow":["GET"]}}],"collection":[{"href":"https:\/\/gifitup.net\/es\/wp-json\/wp\/v2\/pages"}],"about":[{"href":"https:\/\/gifitup.net\/es\/wp-json\/wp\/v2\/types\/page"}],"author":[{"embeddable":true,"href":"https:\/\/gifitup.net\/es\/wp-json\/wp\/v2\/users\/1"}],"replies":[{"embeddable":true,"href":"https:\/\/gifitup.net\/es\/wp-json\/wp\/v2\/comments?post=3171"}],"version-history":[{"count":15,"href":"https:\/\/gifitup.net\/es\/wp-json\/wp\/v2\/pages\/3171\/revisions"}],"predecessor-version":[{"id":3239,"href":"https:\/\/gifitup.net\/es\/wp-json\/wp\/v2\/pages\/3171\/revisions\/3239"}],"wp:attachment":[{"href":"https:\/\/gifitup.net\/es\/wp-json\/wp\/v2\/media?parent=3171"}],"curies":[{"name":"wp","href":"https:\/\/api.w.org\/{rel}","templated":true}]}}