{"id":2841,"date":"2022-11-25T09:11:15","date_gmt":"2022-11-25T08:11:15","guid":{"rendered":"https:\/\/gifitup.net\/?page_id=2841"},"modified":"2022-11-25T09:19:17","modified_gmt":"2022-11-25T08:19:17","slug":"ganadores-2022","status":"publish","type":"page","link":"https:\/\/gifitup.net\/es\/ganadores-2022\/","title":{"rendered":"Ganadores 2022"},"content":{"rendered":"<h2 class=\"has-text-align-center wp-block-heading\"> <strong>Ganador del Gran Premio<\/strong><\/h2>\n\n\n\n<p class=\"has-text-align-center\"><strong>Justin Gammon (Greenville, EE.UU.)<\/strong> - sus dos gifs recibieron id\u00e9ntica y m\u00e1xima puntuaci\u00f3n del jurado: <\/p>\n\n\n\n<div align=\"center\"><figure><iframe loading=\"lazy\" src=\"https:\/\/giphy.com\/embed\/aPZwzmfWWz2vGxs86c\" width=\"480\" height=\"480\" frameborder=\"0\" class=\"giphy-embed\" allowfullscreen=\"\"><\/iframe><\/figure><\/div>\n\n\n\n<p class=\"has-text-align-center\">1. Material de origen: <em><a href=\"https:\/\/dp.la\/item\/0ed3554debe4af77b7c0be0d1c9ee5bb?q=Mother+Hubbard%27s+dog+reading+a+newspaper\">El perro de la Madre Hubbard leyendo el peri\u00f3dico<\/a> <\/em>| Jessie Willcox Smith... <br>Colecciones digitales de la Biblioteca P\u00fablica de Nueva York| DPLA&nbsp;<\/p>\n\n\n\n<div align=\"center\"><figure><iframe loading=\"lazy\" src=\"https:\/\/giphy.com\/embed\/xyFpHGNvnwEphb0jlF\" \"=\"\" width=\"309\" height=\"480\" frameborder=\"0\" class=\"giphy-embed\" allowfullscreen=\"\"><\/iframe><\/figure><\/div>\n\n\n\n<p class=\"has-text-align-center\">2. Material de origen:<em>&nbsp;<a href=\"https:\/\/www.europeana.eu\/item\/9200579\/zwb5bzmz\">La danza de la muerte en Basilea: la muerte y el obispo<\/a>&nbsp;<\/em>| <br>Wellcome Collection | Europeana&nbsp;<\/p>\n\n\n\n<hr class=\"wp-block-separator has-css-opacity\"\/>\n\n\n\n<h2 class=\"has-text-align-center wp-block-heading\"><strong>2 subcampeones<\/strong><\/h2>\n\n\n\n<div align=\"center\"><figure><iframe loading=\"lazy\" src=\"https:\/\/giphy.com\/embed\/RfvTnGE0Waj6vXcuGq\" width=\"480\" height=\"471\" frameborder=\"0\" class=\"giphy-embed\" allowfullscreen=\"\"><\/iframe><\/figure><\/div>\n\n\n\n<p class=\"has-text-align-center\"><strong>Bernadetta Pastuszka<\/strong> <strong>(Cracovia, Polonia)<\/strong><em> <\/em><br>Material de origen:<em><a href=\"https:\/\/jpsearch.go.jp\/item\/tfam_art_db-3577\"> <\/a><a href=\"https:\/\/www.europeana.eu\/en\/item\/9200579\/xea6v74a\">Evoluci\u00f3n de los art\u00edculos dom\u00e9sticos, animales<\/a> <\/em>| P. Schmidt | <br>Wellcome Collection | Europeana&nbsp;<\/p>\n\n\n\n<div align=\"center\"><figure><iframe loading=\"lazy\" src=\"https:\/\/giphy.com\/embed\/6qvBOnQAx8JBEFXcQv\" width=\"480\" height=\"480\" frameborder=\"0\" class=\"giphy-embed\" allowfullscreen=\"\"><\/iframe><\/figure><\/div>\n\n\n\n<p class=\"has-text-align-center\"><strong>Irene Maseda (Madrid, Espa\u00f1a)<em> <\/em><\/strong><br>Material de origen:<em> <\/em><a href=\"https:\/\/www.europeana.eu\/es\/item\/418\/BVMDefensa_bib_BMDB20160051186\"><em>Breve m\u00e9todo de mandar los caballos, y traerlos a la m\u00e1s justa obediencia<\/em><\/a> | Antoine de Pluvinel, Jos\u00e9 Andrade | Biblioteca Virtual del Ministerio de Defensa | Europeana&nbsp;<\/p>\n\n\n\n<hr class=\"wp-block-separator has-css-opacity\"\/>\n\n\n\n<h2 class=\"has-text-align-center wp-block-heading\">2 <strong>Nuevos creadores de GIF<\/strong><\/h2>\n\n\n\n<div align=\"center\"><figure><iframe loading=\"lazy\" src=\"https:\/\/giphy.com\/embed\/ZGFz4CPihkR7Pn6bqO\" width=\"480\" height=\"359\" frameborder=\"0\" class=\"giphy-embed\" allowfullscreen=\"\"><\/iframe><\/figure><\/div>\n\n\n\n<p class=\"has-text-align-center\"><strong>Daniel Carranza (Montevideo, Urugauy)<\/strong><br>Material de origen<em>:&nbsp;<a href=\"https:\/\/commons.wikimedia.org\/wiki\/File:Dirigible_Graf_Zeppelin.jpg\">Dirigible Graf Zeppelin<\/a> <\/em>| Centro de Fotograf\u00eda de Montevideo <\/p>\n\n\n\n<div align=\"center\"><iframe loading=\"lazy\" src=\"https:\/\/giphy.com\/embed\/zIGoP3fSOkNU0ofjlg\" width=\"480\" height=\"270\" frameborder=\"0\" class=\"giphy-embed\" allowfullscreen=\"\"><\/iframe><\/div>\n\n\n\n<p class=\"has-text-align-center\"><strong>Tatiana Santiago (Espa\u00f1a)<\/strong><br>Material de origen:<em>&nbsp;<a href=\"https:\/\/jpsearch.go.jp\/item\/tfam_art_db-1961\">Enrique II, rey de Francia<\/a> <\/em>| Francois Clouet | <br>Museo de Arte Fuji de Tokio | Jap\u00f3n B\u00fasqueda<\/p>\n\n\n\n<hr class=\"wp-block-separator has-css-opacity\"\/>\n\n\n\n<h2 class=\"has-text-align-center wp-block-heading\"><strong>Ganador en la categor\u00eda de ni\u00f1os y adolescentes<\/strong><\/h2>\n\n\n\n<div align=\"center\"><figure><iframe loading=\"lazy\" src=\"https:\/\/giphy.com\/embed\/P0Xol0W7uzdMSbfpny\" width=\"374\" height=\"480\" frameborder=\"0\" class=\"giphy-embed\" allowfullscreen=\"\"><\/iframe><\/figure><\/div>\n\n\n\n<p class=\"has-text-align-center\"><strong>Leons Skudr\u012btis (Liepaja, Letonia)<\/strong>17 a\u00f1os<br>Material de origen:<em>&nbsp;<a href=\"https:\/\/www.europeana.eu\/en\/item\/2021672\/resource_document_mauritshuis_725\">La lamentaci\u00f3n de Cristo<\/a> <\/em>| Gerard David | <br>Mauritshuis | Europeana&nbsp;<\/p>\n\n\n\n<hr class=\"wp-block-separator has-css-opacity\"\/>\n\n\n\n<h2 class=\"has-text-align-center wp-block-heading\"><strong>Ganador del Premio del P\u00fablico<\/strong><\/h2>\n\n\n\n<div align=\"center\"><figure><iframe loading=\"lazy\" src=\"https:\/\/giphy.com\/embed\/duCqgAqKKkoWG9iVgI\" width=\"480\" height=\"368\" frameborder=\"0\" class=\"giphy-embed\" allowfullscreen=\"\"><\/iframe><\/figure><\/div>\n\n\n\n<p class=\"has-text-align-center\"><strong>Giancarlo Grasso (Bari, Italia)<\/strong><br>Material de origen<em>: <\/em><a href=\"https:\/\/www.europeana.eu\/en\/item\/9200369\/webclient_DeliveryManager_pid_6331209_custom_att_2_simple_viewer\"><em>Servizio fotografico Bologna, <\/em><\/a><em><a href=\"https:\/\/www.europeana.eu\/en\/item\/9200369\/webclient_DeliveryManager_pid_6331209_custom_att_2_simple_viewer\">1982<\/a> <\/em>| Monti, Paolo | <br>Fondazione Biblioteca Europea di Informazione e Cultura | Europeana&nbsp;<\/p>\n\n\n\n<hr class=\"wp-block-separator has-css-opacity\"\/>\n\n\n\n<h2 class=\"has-text-align-center wp-block-heading\"><strong>Ganador de la categor\u00eda Naturaleza<\/strong><\/h2>\n\n\n\n<div align=\"center\"><figure><iframe loading=\"lazy\" src=\"https:\/\/giphy.com\/embed\/Cdult5zk92jFCQSuiH\" width=\"480\" height=\"296\" frameborder=\"0\" class=\"giphy-embed\" allowfullscreen=\"\"><\/iframe><\/figure><\/div>\n\n\n\n<p class=\"has-text-align-center\"><strong>Irene Maseda (Madrid, Espa\u00f1a)<\/strong><br><em>Material de origen:&nbsp;<\/em>1. <a href=\"https:\/\/bit.ly\/3fMNSTX\">Ajolote macho abierto por el vientre<\/a>; 2. <a href=\"https:\/\/bit.ly\/3tcFWhP\">Ajolote<\/a>&nbsp;| <br>Jos\u00e9 Gu\u00edo y S\u00e1nchez | Biblioteca Virtual del Ministerio de Defensa; <br>3. <a href=\"https:\/\/www.europeana.eu\/item\/9200579\/bgxcmas3\"><em>L\u00e1mina 14, Bourgery y Jacob, Iconografia d'anatomia<\/em><\/a> | Wellcome Collection; <br>4. <a href=\"https:\/\/bit.ly\/3NOu2nN\"><em>La intervenci\u00f3n quir\u00fargica de los cataratas&nbsp;<\/em><\/a>| Biblioteca de la Universidad de Heidelberg&nbsp;<br>v\u00eda Europeana&nbsp;<\/p>\n\n\n\n<hr class=\"wp-block-separator has-css-opacity\"\/>\n\n\n\n<h2 class=\"has-text-align-center wp-block-heading\"><strong>Ganador de la categor\u00eda Artesan\u00eda<\/strong><\/h2>\n\n\n\n<div align=\"center\"><figure><iframe loading=\"lazy\" src=\"https:\/\/giphy.com\/embed\/s9OqlHl5GcT6XALA1A\" width=\"404\" height=\"480\" frameborder=\"0\" class=\"giphy-embed\" allowfullscreen=\"\"><\/iframe><\/figure><\/div>\n\n\n\n<p class=\"has-text-align-center\"><strong>Bernadetta Pastuszka<\/strong> <strong>(Cracovia, Polonia)<\/strong><br><em>Material de origen:&nbsp;<\/em>1. <a href=\"https:\/\/www.europeana.eu\/en\/item\/2021672\/resource_document_mauritshuis_670\">La joven de la perla<\/a> | Johannes Vermeer Mauritshuis;<br>2. <a href=\"https:\/\/www.europeana.eu\/en\/item\/2048221\/europeana_fashion_528600\">Tela<\/a>; 3. <a href=\"https:\/\/www.europeana.eu\/en\/item\/2048221\/europeana_fashion_780550\">Disposici\u00f3n de las mujeres<\/a>; 4. <a href=\"https:\/\/www.europeana.eu\/en\/item\/2048221\/europeana_fashion_46401\">Pendientes de plata&nbsp;<\/a>| Museo Nacional de Culturas del Mundo <br>v\u00eda Europeana&nbsp;<\/p>\n\n\n\n<hr class=\"wp-block-separator has-css-opacity\"\/>\n\n\n\n<p><strong>Enhorabuena a los ganadores. Nos pondremos en contacto con vosotros por correo electr\u00f3nico para comunicaros los premios. Muchas gracias a todos los participantes. Esperamos verles de nuevo el a\u00f1o que viene.<\/strong>.<\/p>\n\n\n\n<p class=\"has-text-align-center\"><\/p>\n\n\n\n<p><\/p>","protected":false},"excerpt":{"rendered":"<p>Conozca a los ganadores del concurso<\/p>","protected":false},"author":1,"featured_media":0,"parent":0,"menu_order":0,"comment_status":"closed","ping_status":"closed","template":"","meta":{"_coblocks_attr":"","_coblocks_dimensions":"","_coblocks_responsive_height":"","_coblocks_accordion_ie_support":"","advanced_seo_description":"","jetpack_seo_html_title":"","jetpack_seo_noindex":false,"jetpack_post_was_ever_published":false,"footnotes":""},"class_list":["post-2841","page","type-page","status-publish","hentry","grid-item"],"jetpack_sharing_enabled":true,"jetpack_shortlink":"https:\/\/wp.me\/Pad3Th-JP","jetpack_likes_enabled":false,"_links":{"self":[{"href":"https:\/\/gifitup.net\/es\/wp-json\/wp\/v2\/pages\/2841","targetHints":{"allow":["GET"]}}],"collection":[{"href":"https:\/\/gifitup.net\/es\/wp-json\/wp\/v2\/pages"}],"about":[{"href":"https:\/\/gifitup.net\/es\/wp-json\/wp\/v2\/types\/page"}],"author":[{"embeddable":true,"href":"https:\/\/gifitup.net\/es\/wp-json\/wp\/v2\/users\/1"}],"replies":[{"embeddable":true,"href":"https:\/\/gifitup.net\/es\/wp-json\/wp\/v2\/comments?post=2841"}],"version-history":[{"count":27,"href":"https:\/\/gifitup.net\/es\/wp-json\/wp\/v2\/pages\/2841\/revisions"}],"predecessor-version":[{"id":2875,"href":"https:\/\/gifitup.net\/es\/wp-json\/wp\/v2\/pages\/2841\/revisions\/2875"}],"wp:attachment":[{"href":"https:\/\/gifitup.net\/es\/wp-json\/wp\/v2\/media?parent=2841"}],"curies":[{"name":"wp","href":"https:\/\/api.w.org\/{rel}","templated":true}]}}