{"id":120,"date":"2018-09-21T10:35:58","date_gmt":"2018-09-21T09:35:58","guid":{"rendered":"https:\/\/gifitup.net\/?page_id=120"},"modified":"2025-11-06T15:31:39","modified_gmt":"2025-11-06T14:31:39","slug":"envie-su-gif","status":"publish","type":"page","link":"https:\/\/gifitup.net\/es\/envie-su-gif\/","title":{"rendered":"Env\u00eda tu gif"},"content":{"rendered":"<p><strong>El formulario de env\u00edo ya est\u00e1 cerrado.<\/strong> La votaci\u00f3n se abrir\u00e1 en breve.<br><br>Tienes hasta el 31 de octubre (final del d\u00eda) para presentar hasta 3 GIFs. Para participar en GIF IT UP, tienes que hacer un GIF con material encontrado en una de estas fuentes:<\/p>\n\n\n\n<ul class=\"wp-block-list\">\n<li><a href=\"https:\/\/europeana.eu\/\">Europeana.eu<\/a><\/li>\n\n\n\n<li><a href=\"http:\/\/dp.la\/\">DPLA<\/a><\/li>\n\n\n\n<li><a href=\"http:\/\/www.digitalnz.org\/\">Digital NZ<\/a><\/li>\n\n\n\n<li><a href=\"https:\/\/trove.nla.gov.au\/\">Trove<\/a><\/li>\n\n\n\n<li><a href=\"https:\/\/jpsearch.go.jp\/\">Japan Search<\/a><\/li>\n\n\n\n<li><a href=\"https:\/\/gifitup.net\/es\/museos-dag\/\">DAG Museums<\/a><\/li>\n\n\n\n<li><a href=\"https:\/\/www.artic.edu\/collection\">Art Institute of Chicago<\/a><\/li>\n\n\n\n<li><a href=\"https:\/\/numerique.banq.qc.ca\/rechercheExterne\/encoded\/Kg==\/false\/D_D\/desc\/W3sibm9tIjoiY29ycHVzIiwidmFsZXVyIjoiUGF0cmltb2luZSUyMHF1w6liw6ljb2lzIn0seyJub20iOiJjb25kaXRpb25fdXRpbGlzYXRpb24iLCJ2YWxldXIiOiI3In0seyJub20iOiJ0eXBlX2RvY19mIiwidmFsZXVyIjoiSW1hZ2VzIn1d\/Toutes%20les%20ressources\/true\/false\/eyJkZWJ1dCI6MTUwNCwiZmluIjoxOTQ5fQ==\">Biblioth\u00e8que et Archives nationales du Qu\u00e9bec<\/a><\/li>\n\n\n\n<li><a href=\"https:\/\/commons.wikimedia.org\/wiki\/Category:Centro_de_Fotograf%C3%ADa_de_Montevideo_GIF_IT_UP\">Centro de Fotograf\u00eda de Montevideo<\/a><\/li>\n\n\n\n<li><a href=\"https:\/\/digitalabiblioteka.lv\/\">Biblioteca Digital de Letonia<\/a><\/li>\n<\/ul>\n\n\n\n<p>El material de origen debe estar identificado de forma clara del siguiente modo: de dominio p\u00fablico, con la declaraci\u00f3n \u00absin restricciones de derechos de autor conocidas\u00bb o con la licencia Creative Commons para su reutilizaci\u00f3n (<a href=\"https:\/\/creativecommons.org\/publicdomain\/zero\/1.0\/deed.es\">CC0<\/a>, <a href=\"https:\/\/creativecommons.org\/licenses\/by\/4.0\/deed.es\">CC BY<\/a>, <a href=\"https:\/\/creativecommons.org\/licenses\/by-sa\/4.0\/deed.es\">CC BY-SA<\/a>).<\/p>","protected":false},"excerpt":{"rendered":"<p>Del 1 al 31 de octubre, todos los creadores de gifs, entusiastas del patrimonio cultural y amantes de Internet est\u00e1n invitados a crear nuevos gifs remezclando material libre de derechos de autor y de licencia abierta.<\/p>","protected":false},"author":1,"featured_media":114,"parent":0,"menu_order":0,"comment_status":"closed","ping_status":"closed","template":"","meta":{"_coblocks_attr":"","_coblocks_dimensions":"","_coblocks_responsive_height":"","_coblocks_accordion_ie_support":"","advanced_seo_description":"","jetpack_seo_html_title":"","jetpack_seo_noindex":false,"footnotes":""},"class_list":["post-120","page","type-page","status-publish","has-post-thumbnail","hentry","grid-item","grid-item-small","grid-item-landscape"],"jetpack_sharing_enabled":true,"jetpack_shortlink":"https:\/\/wp.me\/Pad3Th-1W","jetpack_likes_enabled":false,"_links":{"self":[{"href":"https:\/\/gifitup.net\/es\/wp-json\/wp\/v2\/pages\/120","targetHints":{"allow":["GET"]}}],"collection":[{"href":"https:\/\/gifitup.net\/es\/wp-json\/wp\/v2\/pages"}],"about":[{"href":"https:\/\/gifitup.net\/es\/wp-json\/wp\/v2\/types\/page"}],"author":[{"embeddable":true,"href":"https:\/\/gifitup.net\/es\/wp-json\/wp\/v2\/users\/1"}],"replies":[{"embeddable":true,"href":"https:\/\/gifitup.net\/es\/wp-json\/wp\/v2\/comments?post=120"}],"version-history":[{"count":71,"href":"https:\/\/gifitup.net\/es\/wp-json\/wp\/v2\/pages\/120\/revisions"}],"predecessor-version":[{"id":4893,"href":"https:\/\/gifitup.net\/es\/wp-json\/wp\/v2\/pages\/120\/revisions\/4893"}],"wp:featuredmedia":[{"embeddable":true,"href":"https:\/\/gifitup.net\/es\/wp-json\/wp\/v2\/media\/114"}],"wp:attachment":[{"href":"https:\/\/gifitup.net\/es\/wp-json\/wp\/v2\/media?parent=120"}],"curies":[{"name":"wp","href":"https:\/\/api.w.org\/{rel}","templated":true}]}}