{"id":4160,"date":"2024-11-22T15:55:10","date_gmt":"2024-11-22T14:55:10","guid":{"rendered":"https:\/\/gifitup.net\/?page_id=4160"},"modified":"2025-10-15T17:16:38","modified_gmt":"2025-10-15T15:16:38","slug":"winners-2024","status":"publish","type":"page","link":"https:\/\/gifitup.net\/en\/winners-2024\/","title":{"rendered":"Winners 2024"},"content":{"rendered":"\n<h2 class=\"wp-block-heading has-text-align-center\"><strong>Grand Prize Winner<\/strong><\/h2>\n\n\n\n<div align=\"center\"><figure><iframe loading=\"lazy\" src=\"https:\/\/giphy.com\/embed\/29VBHwsgmXNYW3aydZ\" width=\"650\" height=\"500\" frameBorder=\"0\" class=\"giphy-embed\" allowFullScreen><\/iframe>\n\n\n\n<p class=\"has-text-align-center\"><strong>Antonio Amorim (Vila de Conde, Portugal)<\/strong><br>Source material: <em><a href=\"https:\/\/www.europeana.eu\/en\/item\/90402\/RP_P_2004_508B_1\">Flower and Bird Sketches<\/a>| Matsumura Keibun <\/em><br><em>Rijksmuseum | Europeana<\/em>&nbsp;|<em>Public domain<\/em><\/p>\n\n\n\n<hr class=\"wp-block-separator has-css-opacity\"\/>\n\n\n\n<h2 class=\"wp-block-heading has-text-align-center\"><strong>Runners-up<\/strong><\/h2>\n\n\n\n<div align=\"center\"><figure><iframe loading=\"lazy\" src=\"https:\/\/giphy.com\/embed\/iMj6nNK8mlHlpkAdV1\" width=\"650\" height=\"500\" frameBorder=\"0\" class=\"giphy-embed\" allowFullScreen><\/iframe>\n\n\n\n<p class=\"has-text-align-center\"><strong>G\u00e9za Hal\u00e1sz (Dunakeszi, Hungary)<\/strong><br>Source material: <em><a href=\"https:\/\/www.artic.edu\/artworks\/30283\/the-rhinoceros\">The Rhinoceros<\/a>&nbsp;| Albrecht D\u00fcrer | Art Institute of Chicago<\/em> | CC0<\/p>\n\n\n\n<p class=\"has-text-align-center\"><\/p>\n\n\n\n<hr class=\"wp-block-separator has-css-opacity\"\/>\n\n\n\n<p class=\"has-text-align-center\"><\/p>\n\n\n\n<div align=\"center\"><figure><iframe loading=\"lazy\" src=\"https:\/\/giphy.com\/embed\/iPFBHi1n3V9aQ1iuBG\" width=\"500\" height=\"650\" frameBorder=\"0\" class=\"giphy-embed\" allowFullScreen><\/iframe>\n\n\n\n<p class=\"has-text-align-center\"><strong>Hel\u0113na Migla (Liepaja, Latvia)<\/strong><br>Source material: <em><a href=\"https:\/\/www.europeana.eu\/item\/90402\/RP_P_1909_907\">Silhouette portrait of D. Monnier<\/a>&nbsp;| Pieter Barbiers | Rijksmuseum | <\/em><br><em>Europeana<\/em> |<em>Public domain<\/em><\/p>\n\n\n\n<p class=\"has-text-align-center\"><\/p>\n\n\n\n<hr class=\"wp-block-separator has-css-opacity\"\/>\n\n\n\n<p class=\"has-text-align-center\"><\/p>\n\n\n\n<div align=\"center\"><figure><iframe loading=\"lazy\" src=\"https:\/\/giphy.com\/embed\/yr3F5h5qv0YeYNoIYC\" width=\"500\" height=\"550\" frameBorder=\"0\" class=\"giphy-embed\" allowFullScreen><\/iframe>\n\n\n\n<p class=\"has-text-align-center\"><strong>Elina Rieksta (Liep\u0101ja, Latvia)<\/strong><br>Source material: <em>m\u00e5lning, grafik, graphic art | Don Yeomans | Museum of Ethnography<em> |<\/em> Europeana<\/em> <em>|<\/em> CC BY<\/p>\n\n\n\n<hr class=\"wp-block-separator has-css-opacity\"\/>\n\n\n\n<h2 class=\"wp-block-heading has-text-align-center\"><strong>Journeys Category Winners<\/strong><\/h2>\n\n\n\n<div align=\"center\"><figure><iframe loading=\"lazy\" src=\"https:\/\/giphy.com\/embed\/ItkC7XnPYWY4WJzuMK\" width=\"500\" height=\"450\" frameBorder=\"0\" class=\"giphy-embed\" allowFullScreen><\/iframe><p><\/figure><\/div>\n\n\n\n<p class=\"has-text-align-center\"><strong>Leons Skudritis (Liepaja, Latvia)<\/strong><br>Source material<em>: <a href=\"https:\/\/www.artic.edu\/artworks\/215327\/in-a-railway-carriage-after-a-night-s-journey\">In a Railway Carriage (After a Night\u2019s Journey)<\/a>&nbsp;| Adolph Menzel |<\/em><br><em> Art Institute of Chicago | CC0<\/em><\/p>\n\n\n\n<p class=\"has-text-align-center\"><\/p>\n\n\n\n<div align=\"center\"><iframe loading=\"lazy\" src=\"https:\/\/giphy.com\/embed\/AJh0eaMgI6iP0UWZB3\" width=\"400\" height=\"800\" frameBorder=\"0\" class=\"giphy-embed\" allowFullScreen><\/iframe><\/figure><\/div>\n\n\n\n<p class=\"has-text-align-center\"><strong>Irene Maseda (Madrid, Spain)<\/strong><br>Source material:<em>&nbsp;<\/em> <em><a href=\"https:\/\/www.artic.edu\/artworks\/25023\/kinryuzan-temple-in-asakusa-in-falling-snow-asakusa-kinryuzan-setchu-no-zu-from-the-series-famous-views-of-the-eastern-capital-toto-meisho-no-uchi\">Kinryuzan Temple in Asakusa in Falling Snow<\/a>&nbsp;| <\/em><br><em>Utagawa Hiroshige | Art Institute in Chicago<\/em> | CC0<\/p>\n\n\n\n<hr class=\"wp-block-separator has-css-opacity\"\/>\n\n\n\n<h2 class=\"wp-block-heading has-text-align-center\"><strong>First-time GIF-makers<\/strong><\/h2>\n\n\n\n<div align=\"center\"><iframe loading=\"lazy\" src=\"https:\/\/giphy.com\/embed\/WPuBuNE0ib7L6qj5hk\" width=\"650\" height=\"500\" frameBorder=\"0\" class=\"giphy-embed\" allowFullScreen><\/iframe><\/figure><\/div>\n\n\n\n<p class=\"has-text-align-center\"><strong>Okitsu Yuuki (Japan)<\/strong><br>Source material:&nbsp; <em><a href=\"https:\/\/jpsearch.go.jp\/item\/tfam_art_db-6888\">Fujikawa River<\/a>&nbsp;| Kawase Hasui | <\/em><br><em>Tokyo Fuji Art Museum | Japan Search | CC0<\/em><\/p>\n\n\n\n<p class=\"has-text-align-center\"><\/p>\n\n\n\n<div align=\"center\"><iframe loading=\"lazy\" src=\"https:\/\/giphy.com\/embed\/pZTdcLDrBWZIP2A4o0\" width=\"400\" height=\"650\" frameBorder=\"0\" class=\"giphy-embed\" allowFullScreen><\/iframe><\/figure><\/div>\n\n\n\n<p class=\"has-text-align-center\"><strong>Anne M\u00fchlich (Leipzig, Germany)<\/strong><br>Source material:&nbsp; <em>1. <a href=\"https:\/\/www.europeana.eu\/item\/739\/europeana_fashion_RP_P_2009_1794\">Journal des Dames et des Modes: the Fashion Illustrators<\/a>&nbsp;| Jan van Brock | Rijksmuseum | Europeana | Public Domain<\/em><br><em>2. <a href=\"https:\/\/www.europeana.eu\/de\/item\/9200579\/yx36bccy\">A man with his mouth open in terror<\/a> | Charles Le Brun | Wellcome Collection<br>| Europeana | CC BY<\/em><\/p>\n\n\n\n<p class=\"has-text-align-center\"><\/p>\n\n\n\n<div align=\"center\"><iframe loading=\"lazy\" src=\"https:\/\/giphy.com\/embed\/sG69Eihdse9zkaFVbu\" width=\"500\" height=\"600\" frameBorder=\"0\" class=\"giphy-embed\" allowFullScreen><\/iframe><\/figure><\/div>\n\n\n\n<p class=\"has-text-align-center\"><strong>Giada Sumerano (Italy)<\/strong><br>Source material:&nbsp; <em><a href=\"https:\/\/www.europeana.eu\/item\/90402\/SK_A_965\">Frederika Sophia Wilhelmina of Prussia<\/a>&nbsp;| Benjamin Samuel Bolomey | Rijksmuseum | Europeana | Public domain<\/em><\/p>\n\n\n\n<hr class=\"wp-block-separator has-css-opacity\"\/>\n\n\n\n<h2 class=\"wp-block-heading has-text-align-center\"><strong>Children and Teenagers Category Winners<\/strong><\/h2>\n\n\n\n<p class=\"has-text-align-center\"><\/p>\n\n\n\n<div align=\"center\"><iframe loading=\"lazy\" src=\"https:\/\/giphy.com\/embed\/fVwTrgAu1Y6YhZkqeI\" width=\"400\" height=\"600\" frameBorder=\"0\" class=\"giphy-embed\" allowFullScreen><\/iframe>\n\n\n\n<p class=\"has-text-align-center\"><strong>H\u00e9ctor Hern\u00e1ndez (Madrid, Spain), 15 years old<\/strong><br>Source material: <em><a href=\"https:\/\/www.artic.edu\/artworks\/25472\/putto\">Putto<\/a>&nbsp;| Hans Peiser | The Art Institute of Chicago<\/em> | CC0<\/p>\n\n\n\n<p class=\"has-text-align-center\"><\/p>\n\n\n\n<div align=\"center\"><iframe loading=\"lazy\" src=\"https:\/\/giphy.com\/embed\/7rVo4sfoUMPNs4MwaF\" width=\"600\" height=\"400\" frameBorder=\"0\" class=\"giphy-embed\" allowFullScreen><\/iframe><p>\n\n\n\n<p class=\"has-text-align-center\"><strong>Bruno Hern\u00e1ndez (Madrid, Spain), 13 years old<\/strong><br>Source material: <em>1. <a href=\"https:\/\/www.europeana.eu\/item\/9200579\/ps25uprj\">Evolution of household articles, animals etc<\/a> | Fr. Schmidt | <br>Wellcome Collection | Europeana | CC BY<\/em><br><em>2. <a href=\"https:\/\/www.europeana.eu\/item\/15508\/28359\">Saloninterieur aus der Makartzeit Rudolf von Alt <\/a>| Albertina |<br>Europeana | Public domain<\/em><\/p>\n\n\n\n<hr class=\"wp-block-separator has-css-opacity\"\/>\n\n\n\n<h2 class=\"wp-block-heading has-text-align-center\"><strong>People&#8217;s Choice Award Winner<\/strong> &#8211; 1st place (1297 votes)<\/h2>\n\n\n\n<div align=\"center\"><figure><iframe loading=\"lazy\" src=\"https:\/\/giphy.com\/embed\/FutdOLi7SV1Ax0Kw21\" width=\"600\" height=\"500\" frameBorder=\"0\" class=\"giphy-embed\" allowFullScreen><\/iframe>\n\n\n\n<p class=\"has-text-align-center\"><strong>Francesco Trentadue (Valenzano, Italy)<\/strong><br>Source material: <em><a href=\"https:\/\/www.europeana.eu\/item\/15508\/14873\">Wasserfall<\/a>&nbsp;| Public domain | Franz Rechberger | Albertina | Europeana <\/em><\/p>\n\n\n\n<hr class=\"wp-block-separator has-css-opacity\"\/>\n\n\n\n<h2 class=\"wp-block-heading has-text-align-center\"><strong>People&#8217;s Choice Award Winner<\/strong> &#8211; 2nd place (1244 votes)<\/h2>\n\n\n\n<div align=\"center\"><figure><iframe loading=\"lazy\" src=\"https:\/\/giphy.com\/embed\/jJ6hxQHmSUH1NoiSr2\" width=\"400\" height=\"600\" frameBorder=\"0\" class=\"giphy-embed\" allowFullScreen><\/iframe>\n\n\n\n<p class=\"has-text-align-center\"><strong>Maria Palermo (Valenzano, Italy)<\/strong><br>Source material: <em><a href=\"https:\/\/www.europeana.eu\/item\/318\/marc_nli_004048099\">Cat<\/a>&nbsp;| Dan Hadani | National Library of Israel | Europeana<\/em> | CC BY<\/p>\n\n\n\n<hr class=\"wp-block-separator has-css-opacity\"\/>\n\n\n\n<h2 class=\"wp-block-heading has-text-align-center\"><strong>People&#8217;s Choice Award Winner<\/strong> &#8211; 3rd place (1115 votes)<\/h2>\n\n\n\n<div align=\"center\"><figure><iframe loading=\"lazy\" src=\"https:\/\/giphy.com\/embed\/xMhLMZrA9Sj5QR6vsY\" width=\"500\" height=\"400\" frameBorder=\"0\" class=\"giphy-embed\" allowFullScreen><\/iframe>\n\n\n\n<p class=\"has-text-align-center\"><strong>Nicole Pierri (Valenzano, Italy)<\/strong><br>Source material: <em><em><a href=\"https:\/\/www.europeana.eu\/item\/91672\/MM_foto_624676\">hund<\/a>&nbsp;| Nils J\u00f6nsson | Malm\u00f6 Museum | Europeana<\/em> <\/em>| CC BY<\/p>\n\n\n\n<hr class=\"wp-block-separator has-css-opacity\"\/>\n\n\n\n<p><strong>Congratulations to the winners \u2013 you have been contacted about the prizes via email. And huge thanks to all the participants! Hope to see you again next year<\/strong>.<\/p>\n\n\n\n<p class=\"has-text-align-center\"><\/p>\n\n\n\n<p><\/p>\n","protected":false},"excerpt":{"rendered":"<p>Grand Prize Winner Antonio Amorim (Vila de Conde, Portugal)Source material: Flower and Bird Sketches| Matsumura Keibun Rijksmuseum | Europeana&nbsp;|Public domain Runners-up G\u00e9za Hal\u00e1sz (Dunakeszi, Hungary)Source material: The Rhinoceros&nbsp;| Albrecht D\u00fcrer | Art Institute of Chicago | CC0 Hel\u0113na Migla (Liepaja, Latvia)Source material: Silhouette portrait of D. Monnier&nbsp;| Pieter Barbiers | Rijksmuseum | Europeana |Public domain [&hellip;]<\/p>\n","protected":false},"author":1,"featured_media":4032,"parent":0,"menu_order":0,"comment_status":"closed","ping_status":"closed","template":"","meta":{"_coblocks_attr":"","_coblocks_dimensions":"","_coblocks_responsive_height":"","_coblocks_accordion_ie_support":"","advanced_seo_description":"List of winners of the 2024 edition of GIF IT UP: global GIF-making contest ","jetpack_seo_html_title":"Meet the winners of GIF IT UP 2024!","jetpack_seo_noindex":false,"jetpack_post_was_ever_published":false,"footnotes":""},"class_list":["post-4160","page","type-page","status-publish","has-post-thumbnail","hentry","grid-item","grid-item-landscape"],"jetpack_sharing_enabled":true,"jetpack_shortlink":"https:\/\/wp.me\/Pad3Th-156","jetpack_likes_enabled":false,"_links":{"self":[{"href":"https:\/\/gifitup.net\/en\/wp-json\/wp\/v2\/pages\/4160","targetHints":{"allow":["GET"]}}],"collection":[{"href":"https:\/\/gifitup.net\/en\/wp-json\/wp\/v2\/pages"}],"about":[{"href":"https:\/\/gifitup.net\/en\/wp-json\/wp\/v2\/types\/page"}],"author":[{"embeddable":true,"href":"https:\/\/gifitup.net\/en\/wp-json\/wp\/v2\/users\/1"}],"replies":[{"embeddable":true,"href":"https:\/\/gifitup.net\/en\/wp-json\/wp\/v2\/comments?post=4160"}],"version-history":[{"count":65,"href":"https:\/\/gifitup.net\/en\/wp-json\/wp\/v2\/pages\/4160\/revisions"}],"predecessor-version":[{"id":4743,"href":"https:\/\/gifitup.net\/en\/wp-json\/wp\/v2\/pages\/4160\/revisions\/4743"}],"wp:featuredmedia":[{"embeddable":true,"href":"https:\/\/gifitup.net\/en\/wp-json\/wp\/v2\/media\/4032"}],"wp:attachment":[{"href":"https:\/\/gifitup.net\/en\/wp-json\/wp\/v2\/media?parent=4160"}],"curies":[{"name":"wp","href":"https:\/\/api.w.org\/{rel}","templated":true}]}}