{"id":3470,"date":"2023-11-30T14:07:24","date_gmt":"2023-11-30T13:07:24","guid":{"rendered":"https:\/\/gifitup.net\/?page_id=3470"},"modified":"2023-11-30T14:17:13","modified_gmt":"2023-11-30T13:17:13","slug":"winners-2023","status":"publish","type":"page","link":"https:\/\/gifitup.net\/en\/winners-2023\/","title":{"rendered":"Winners 2023"},"content":{"rendered":"\n<h2 class=\"wp-block-heading has-text-align-center\">Grand Prize Winner<\/h2>\n\n\n\n<p class=\"has-text-align-center\"><strong>Bernadetta Pastuszka (Cracow, Poland)<\/strong> <\/p>\n\n\n\n<div align=\"center\"><figure><iframe loading=\"lazy\" src=\"https:\/\/giphy.com\/embed\/D0Tngf9RC6sdHP04Mz\" width=\"480\" height=\"480\" frameBorder=\"0\" class=\"giphy-embed\" allowFullScreen><\/iframe>\n\n\n\n<p class=\"has-text-align-center\">Source material: <em><a href=\"https:\/\/www.artic.edu\/artworks\/15468\/saint-george-and-the-dragon\">Saint George and the Dragon<\/a>&nbsp;<a href=\"https:\/\/www.artic.edu\/artworks\/111436\/the-basket-of-apples\">The Basket of Apples<\/a>,&nbsp;<a href=\"https:\/\/www.artic.edu\/artworks\/6565\/american-gothic\">American Gothic<\/a>&nbsp;| The Art Institute of Chicago<\/em>&nbsp;<\/p>\n\n\n\n<hr class=\"wp-block-separator has-css-opacity\"\/>\n\n\n\n<h2 class=\"wp-block-heading has-text-align-center\"><strong>Runner-up<\/strong><\/h2>\n\n\n\n<p class=\"has-text-align-center\"><strong>Ga\u00eblle Devoucoux (Paris, France)<\/strong><\/p>\n\n\n\n<div align=\"center\"><figure><iframe loading=\"lazy\" src=\"https:\/\/giphy.com\/embed\/mMMUKUQIBkb2NcNNKZ\" width=\"480\" height=\"333\" frameBorder=\"0\" class=\"giphy-embed\" allowFullScreen><\/iframe>\n\n\n\n<p class=\"has-text-align-center\">Source material: <em><a href=\"https:\/\/www.artic.edu\/artworks\/28849\/a-city-park\">A City Park<\/a>| William Merritt Chase | Art Institute Chicago 2. Untitled | Dmitriy Ganin | Pexels<\/em><\/p>\n\n\n\n<ol class=\"wp-block-list\"><\/ol>\n\n\n\n<hr class=\"wp-block-separator has-css-opacity\"\/>\n\n\n\n<h2 class=\"wp-block-heading has-text-align-center\"><strong>People&#8217;s Choice Award Winner<\/strong><\/h2>\n\n\n\n<p class=\"has-text-align-center\"><strong>Panagiota Bali (Thessaloniki, Greece)<\/strong><\/p>\n\n\n\n<div align=\"center\"><figure><iframe loading=\"lazy\" src=\"https:\/\/giphy.com\/embed\/RUogYeqBsyIOQ9JyBQ\" width=\"380\" height=\"480\" frameBorder=\"0\" class=\"giphy-embed\" allowFullScreen><\/iframe>\n\n\n\n<p class=\"has-text-align-center\">Source material: <em><a href=\"https:\/\/www.europeana.eu\/en\/item\/15513\/7803\">Tiroler Bauer in Stubaier Tracht<\/a>| August Pezzey d. \u00c4. | \u00d6sterreichische Galerie Belvedere | Europeana<\/em><\/p>\n\n\n\n<hr class=\"wp-block-separator has-css-opacity\"\/>\n\n\n\n<h2 class=\"wp-block-heading has-text-align-center\">3 <strong>Children and Teenagers Category Winner<\/strong>s<\/h2>\n\n\n\n<p class=\"has-text-align-center\"><strong>Leons Skudritis (Liepaja, Latvia)<\/strong><\/p>\n\n\n\n<div align=\"center\"><iframe loading=\"lazy\" src=\"https:\/\/giphy.com\/embed\/pmiRFQFt4LsXb9KfHP\" width=\"346\" height=\"480\" frameBorder=\"0\" class=\"giphy-embed\" allowFullScreen><\/iframe>\n\n\n\n<p>Source material: <em><a href=\"https:\/\/www.europeana.eu\/en\/item\/2021657\/resource_document_museon_97908\">Leesboekje met illustraties uit Thailand<\/a>| Museon | Europeana<\/em><\/p>\n\n\n\n<hr class=\"wp-block-separator has-css-opacity\"\/>\n\n\n\n<p class=\"has-text-align-center\"><strong>Ulvis Grenovskis (Liepaja, Latvia)<\/strong><\/p>\n\n\n\n<div align=\"center\"><iframe loading=\"lazy\" src=\"https:\/\/giphy.com\/embed\/RuMKf2pYIhBL9VR4WT\" width=\"422\" height=\"480\" frameBorder=\"0\" class=\"giphy-embed\" allowFullScreen><\/iframe><p>\n\n\n\n<p>Source material: <em>1.&nbsp;<a href=\"https:\/\/jpsearch.go.jp\/gallery\/ndl-QVBm9oG9EMr\">Smoker<\/a>&nbsp;| Georges de la Tour | Tokyo Fuji Art Museum 2. Portrait of Reiko | Kishida Ryusei | Tokyo National Museum via Japan Search 3. Head of a skeleton with a burning cigarette | Vincent van Gogh | Van Gogh Museum<\/em><\/p>\n\n\n\n<ol class=\"wp-block-list\"><\/ol>\n\n\n\n<hr class=\"wp-block-separator has-css-opacity\"\/>\n\n\n\n<p class=\"has-text-align-center\"><strong>Rainers D\u0101boli\u0146\u0161 (Liepaja Latvia)<\/strong><\/p>\n\n\n\n<div align=\"center\"><figure><iframe loading=\"lazy\" src=\"https:\/\/giphy.com\/embed\/jzSeqJYOImPF66bHRl\" width=\"250\" height=\"480\" frameBorder=\"0\" class=\"giphy-embed\" allowFullScreen><\/iframe>\n\n\n\n<p class=\"has-text-align-center\">Source material:<em>&nbsp;<a href=\"https:\/\/www.artic.edu\/artworks\/136981\/god-krishna-dancing-on-the-head-of-the-snake-demon-kaliya-kaliyadamana\">God Krishna Dancing on the Head of the Snake Demon Kaliya (Kaliyadamana)<\/a>&nbsp;| Art Institute Chicago<\/em><\/p>\n\n\n\n<hr class=\"wp-block-separator has-css-opacity\"\/>\n\n\n\n<h2 class=\"wp-block-heading has-text-align-center\"><strong>Underrepresented Communities Category Winner<\/strong><\/h2>\n\n\n\n<p class=\"has-text-align-center\"><strong>Nikola T\u0113rauda (Riga, Latvia)<\/strong><\/p>\n\n\n\n<div align=\"center\"><figure><iframe loading=\"lazy\" src=\"https:\/\/giphy.com\/embed\/ejOQ6BocZR1K98fMda\" width=\"333\" height=\"480\" frameBorder=\"0\" class=\"giphy-embed\" allowFullScreen><\/iframe><p><\/figure><\/div>\n\n\n\n<p class=\"has-text-align-center\"><br>Source material<em>: <a href=\"http:\/\/europeana.eu\/en\/item\/2021657\/resource_document_museon_97940\">English 3 third step, children&#8217;s book with illustrations from Mauritius<\/a>| Museon | Europeana<\/em><\/p>\n\n\n\n<p><\/p>\n\n\n\n<hr class=\"wp-block-separator has-css-opacity\"\/>\n\n\n\n<h2 class=\"wp-block-heading has-text-align-center\">First-time GIF-maker<\/h2>\n\n\n\n<p class=\"has-text-align-center\"><strong>Anna G<\/strong> <strong>(Syros, Greece)<\/strong><\/p>\n\n\n\n<div align=\"center\"><iframe loading=\"lazy\" src=\"https:\/\/giphy.com\/embed\/ldxC2GBssP4pHR5Fs8\" width=\"480\" height=\"480\" frameBorder=\"0\" class=\"giphy-embed\" allowFullScreen><\/iframe><\/figure><\/div>\n\n\n\n<p class=\"has-text-align-center\"><br>Source material:&nbsp; <em><a href=\"https:\/\/www.europeana.eu\/en\/item\/122\/https___www_searchculture_gr_aggregator_edm_ELIA_000100_25_354482\">Vue de Syra<\/a>| \u0395\u03bb\u03bb\u03b7\u03bd\u03b9\u03ba\u03cc \u039b\u03bf\u03b3\u03bf\u03c4\u03b5\u03c7\u03bd\u03b9\u03ba\u03cc \u03ba\u03b1\u03b9 \u0399\u03c3\u03c4\u03bf\u03c1\u03b9\u03ba\u03cc \u0391\u03c1\u03c7\u03b5\u03af\u03bf &#8211; \u039c\u03bf\u03c1\u03c6\u03c9\u03c4\u03b9\u03ba\u03cc \u038a\u03b4\u03c1\u03c5\u03bc\u03b1 \u0395\u03b8\u03bd\u03b9\u03ba\u03ae\u03c2 \u03a4\u03c1\u03b1\u03c0\u03ad\u03b6\u03b7\u03c2 | Europeana<\/em>&nbsp;<\/p>\n\n\n\n<hr class=\"wp-block-separator has-css-opacity\"\/>\n\n\n\n<p class=\"has-text-align-center\"><strong>Anna El\u012bza Gaitniece<\/strong> <strong>(Liepaja, Latvia)<\/strong><\/p>\n\n\n\n<div align=\"center\"><iframe loading=\"lazy\" src=\"https:\/\/giphy.com\/embed\/8uBerq4b46m49BBtQc\" width=\"480\" height=\"330\" frameBorder=\"0\" class=\"giphy-embed\" allowFullScreen><\/iframe><\/figure><\/div>\n\n\n\n<p class=\"has-text-align-center\"><br>Source material:<em>&nbsp;<\/em> <em><a href=\"https:\/\/www.europeana.eu\/lv\/item\/07101\/G_10107\">Aportovanie<\/a>| Wiliam Frensch, David Teniers | Slovensk\u00e1 n\u00e1rodn\u00e1 gal\u00e9ria | Europeana<\/em><\/p>\n\n\n\n<hr class=\"wp-block-separator has-css-opacity\"\/>\n\n\n\n<p class=\"has-text-align-center\"><strong>M\u00e1rio Dias<\/strong> <strong>(<strong>Vila Nova de Gaia, Portugal<\/strong>)<\/strong><\/p>\n\n\n\n<div align=\"center\"><iframe loading=\"lazy\" src=\"https:\/\/giphy.com\/embed\/42AH5bEFI9B1BojkHH\" width=\"397\" height=\"480\" frameBorder=\"0\" class=\"giphy-embed\" allowFullScreen><\/iframe><\/figure><\/div>\n\n\n\n<p class=\"has-text-align-center\"><br>Source material:&nbsp; <em><a href=\"https:\/\/www.artic.edu\/artworks\/61146\/j-ellis-bonham\">J. Ellis Bonham<\/a>| William Bonnell | Art Institute Chicago<\/em><\/p>\n\n\n\n<hr class=\"wp-block-separator has-css-opacity\"\/>\n\n\n\n<p class=\"has-text-align-center\"><strong>Isabel Sodric Golmayo<\/strong> <strong>(<strong>Alicante, <\/strong>Spain)<\/strong><\/p>\n\n\n\n<div align=\"center\"><iframe loading=\"lazy\" src=\"https:\/\/giphy.com\/embed\/xaUKDFn0cqPb82NG3y\" width=\"480\" height=\"320\" frameBorder=\"0\" class=\"giphy-embed\" allowFullScreen><\/iframe><\/figure><\/div>\n\n\n\n<p class=\"has-text-align-center\"><br><em>Source material:&nbsp;<\/em> <em><a href=\"https:\/\/www.europeana.eu\/item\/9200579\/p577zebq\">Hands showing the sign language alphabet<\/a>| Wellcome Collection | Europeana<\/em><\/p>\n\n\n\n<hr class=\"wp-block-separator has-css-opacity\"\/>\n\n\n\n<p class=\"has-text-align-center\"><strong>Zuzana Tk\u00e1\u010dov\u00e1 (Ko\u0161ice, Slovakia)<\/strong><\/p>\n\n\n\n<div align=\"center\"><iframe loading=\"lazy\" src=\"https:\/\/giphy.com\/embed\/6qaBdAsAurlKo9gWSu\" width=\"384\" height=\"480\" frameBorder=\"0\" class=\"giphy-embed\" allowFullScreen><\/iframe><\/figure><\/div>\n\n\n\n<p class=\"has-text-align-center\"><br><em>Source material:<\/em>&nbsp; <em><em><a href=\"https:\/\/www.artic.edu\/artworks\/21023\/buddha-shakyamuni-seated-in-meditation-dhyanamudra\">Buddha Shakyamuni Seated in Meditation (Dhyanamudra)<\/a>| Art Institute Chicago<\/em><\/em><\/p>\n\n\n\n<hr class=\"wp-block-separator has-css-opacity\"\/>\n\n\n\n<p><strong>Congratulations to the winners \u2013 you have been contacted about the prizes via email. And huge thanks to all the participants! Hope to see you again next year<\/strong>.<\/p>\n\n\n\n<p class=\"has-text-align-center\"><\/p>\n\n\n\n<p><\/p>\n","protected":false},"excerpt":{"rendered":"<p>Grand Prize Winner Bernadetta Pastuszka (Cracow, Poland) Source material: Saint George and the Dragon&nbsp;The Basket of Apples,&nbsp;American Gothic&nbsp;| The Art Institute of Chicago&nbsp; Runner-up Ga\u00eblle Devoucoux (Paris, France) Source material: A City Park| William Merritt Chase | Art Institute Chicago 2. Untitled | Dmitriy Ganin | Pexels People&#8217;s Choice Award Winner Panagiota Bali (Thessaloniki, Greece) [&hellip;]<\/p>\n","protected":false},"author":6,"featured_media":0,"parent":0,"menu_order":0,"comment_status":"closed","ping_status":"closed","template":"","meta":{"_coblocks_attr":"","_coblocks_dimensions":"","_coblocks_responsive_height":"","_coblocks_accordion_ie_support":"","advanced_seo_description":"","jetpack_seo_html_title":"","jetpack_seo_noindex":false,"jetpack_post_was_ever_published":false,"footnotes":""},"class_list":["post-3470","page","type-page","status-publish","hentry","grid-item"],"jetpack_sharing_enabled":true,"jetpack_shortlink":"https:\/\/wp.me\/Pad3Th-TY","jetpack_likes_enabled":false,"_links":{"self":[{"href":"https:\/\/gifitup.net\/en\/wp-json\/wp\/v2\/pages\/3470","targetHints":{"allow":["GET"]}}],"collection":[{"href":"https:\/\/gifitup.net\/en\/wp-json\/wp\/v2\/pages"}],"about":[{"href":"https:\/\/gifitup.net\/en\/wp-json\/wp\/v2\/types\/page"}],"author":[{"embeddable":true,"href":"https:\/\/gifitup.net\/en\/wp-json\/wp\/v2\/users\/6"}],"replies":[{"embeddable":true,"href":"https:\/\/gifitup.net\/en\/wp-json\/wp\/v2\/comments?post=3470"}],"version-history":[{"count":17,"href":"https:\/\/gifitup.net\/en\/wp-json\/wp\/v2\/pages\/3470\/revisions"}],"predecessor-version":[{"id":3493,"href":"https:\/\/gifitup.net\/en\/wp-json\/wp\/v2\/pages\/3470\/revisions\/3493"}],"wp:attachment":[{"href":"https:\/\/gifitup.net\/en\/wp-json\/wp\/v2\/media?parent=3470"}],"curies":[{"name":"wp","href":"https:\/\/api.w.org\/{rel}","templated":true}]}}