{"id":813,"date":"2019-12-14T09:40:00","date_gmt":"2019-12-14T08:40:00","guid":{"rendered":"https:\/\/gifitup.net\/?page_id=813"},"modified":"2020-09-28T15:14:27","modified_gmt":"2020-09-28T13:14:27","slug":"gewinner-2019","status":"publish","type":"page","link":"https:\/\/gifitup.net\/de\/gewinner-2019\/","title":{"rendered":"Preistr\u00e4ger 2019"},"content":{"rendered":"<h2 class=\"wp-block-heading\">2 Gewinner des Hauptpreises<\/h2>\n\n\n\n<figure><iframe loading=\"lazy\" src=\"https:\/\/giphy.com\/embed\/U4FOlK1uczqRvl0mqE\" width=\"366\" height=\"480\" allowfullscreen=\"\"><\/iframe><\/figure>\n\n\n\n<p><strong>Justin Gammon (Greenville, USA)<\/strong><em> Quellmaterial:&nbsp;<a href=\"https:\/\/dp.la\/item\/6922b8360ea55bfa10d0046af4e81492?\">\u00dcbung 5. F\u00fcr die Beine allgemein<\/a>&nbsp;Die \u00f6ffentliche Bibliothek von New York \u00fcber DPLA<\/em><\/p>\n\n\n\n<figure><iframe loading=\"lazy\" src=\"https:\/\/giphy.com\/embed\/WQxQYqsXSaSevWl45N\" width=\"480\" height=\"373\" allowfullscreen=\"\"><\/iframe><\/figure>\n\n\n\n<p><strong>Roland Zsigmond (Arad, Rum\u00e4nien)<\/strong><em> <\/em><em>Quellmaterial:&nbsp;<a href=\"https:\/\/www.europeana.eu\/portal\/record\/9200579\/fytb73k2.html\">Zwei Sikh-M\u00e4nner im Duell mit Holzschwertern<\/a>&nbsp;| Wellcome-Sammlung \u00fcber Europeana<\/em><\/p>\n\n\n\n<h2 class=\"wp-block-heading\">3 Zweitplatzierte<\/h2>\n\n\n\n<figure><iframe loading=\"lazy\" src=\"https:\/\/giphy.com\/embed\/eKJNa8jK6RyzV6pLE4\" width=\"367\" height=\"480\" allowfullscreen=\"\"><\/iframe><\/figure>\n\n\n\n<p><strong>Gatis \u0160tempelis (Liep\u0101ja, Latvija)<\/strong><em>Quellmaterial:&nbsp;<a href=\"https:\/\/www.europeana.eu\/portal\/lv\/record\/91627\/SMVK_EM_fotografi_2806134.html\">Arkeologiskt f\u00f6rem\u00e5l fr\u00e5n Teotihuacan<\/a> Sigvald Linn\u00e9 |Etnografiska museet via Europeana<\/em><\/p>\n\n\n\n<figure><iframe loading=\"lazy\" src=\"https:\/\/giphy.com\/embed\/QXguQRfVJGvpnBgVdl\" width=\"320\" height=\"480\" allowfullscreen=\"\"><\/iframe><\/figure>\n\n\n\n<p><strong>Chris Timmons (New York, USA)<\/strong><em>Quellmaterial:&nbsp;<a href=\"https:\/\/dp.la\/item\/8dcbebe19ebd744c406acc22a8380125\">Soyez reconnaissant pour vos maitres<\/a>&nbsp;\u00d6ffentliche Bibliothek von Boston \u00fcber DPLA<\/em><br><\/p>\n\n\n\n<figure><iframe loading=\"lazy\" src=\"https:\/\/giphy.com\/embed\/Ws37Dnm2yR8F5N3QCP\" width=\"327\" height=\"480\" allowfullscreen=\"\"><\/iframe><\/figure>\n\n\n\n<p><strong>Janis Zeps (Liepaja, Lettland)<\/strong><em> Quellmaterial:&nbsp;<a href=\"https:\/\/www.europeana.eu\/portal\/en\/record\/2020601\/https___1914_1918_europeana_eu_contributions_20353_attachments_229903.html?q=#dcId=1571984357859&amp;p=6l\">Korrespondenz zwischen Maxime Payel und seinem Bruder L\u00e9once<\/a> \u00fcber Europeana 1914-1918<\/em><\/p>\n\n\n\n<h2 class=\"wp-block-heading\">2 Gewinner der Kategorie GIF-Erstlingswerker<\/h2>\n\n\n\n<figure><iframe loading=\"lazy\" src=\"https:\/\/giphy.com\/embed\/YocXyin7VSwRjpbwc3\" width=\"476\" height=\"480\" allowfullscreen=\"\"><\/iframe><\/figure>\n\n\n\n<p><strong>Balazs Kun<\/strong><em>Quellmaterial:&nbsp;<a href=\"https:\/\/www.europeana.eu\/portal\/hu\/record\/9200397\/BibliographicResource_3000126282887.html\">Manticore aus BL Royal 12 F XIII, f. 24v<\/a> Die Britische Bibliothek \u00fcber Europeana<\/em><\/p>\n\n\n\n<figure><iframe loading=\"lazy\" src=\"https:\/\/giphy.com\/embed\/Vbu3hUhvQjh1632sHS\" width=\"390\" height=\"480\" allowfullscreen=\"\"><\/iframe><\/figure>\n\n\n\n<p><strong>Em\u012bls Lauss (Liep\u0101ja, Lettland)<\/strong><em> Quellmaterial:&nbsp;<a href=\"https:\/\/www.europeana.eu\/portal\/record\/90402\/SK_A_2219.html\">Portr\u00e4t von Jonkheer Jan Willem Janssens<\/a>&nbsp;| Jan Willem Pieneman | Rijksmuseum via Europeana,&nbsp;<a href=\"https:\/\/dp.la\/item\/c2718a3febaf2ad127a5c4abf9014cbb\">Indianerf\u00fchrer Langes Haar'<\/a>&nbsp;| Herman John Gabriel| Hett Kunstgalerie und Museum im Camp Chesterfield&nbsp;<a href=\"https:\/\/www.europeana.eu\/portal\/record\/9200579\/ub7x73jv.html\">Slatin Pascha<\/a>&nbsp;| Salim S. Haddad | Wellcome Sammlung \u00fcber Europeana<\/em><\/p>\n\n\n\n<h2 class=\"wp-block-heading\">4 Gewinner in der Kategorie Industriekultur<\/h2>\n\n\n\n<figure><iframe loading=\"lazy\" src=\"https:\/\/giphy.com\/embed\/igtS5zpVWt1rN5lwHS\" width=\"344\" height=\"480\" allowfullscreen=\"\"><\/iframe><\/figure>\n\n\n\n<p><strong>Markus Steiger (Z\u00fcrich, Schweiz)<\/strong><em>Quellmaterial:&nbsp;<a href=\"https:\/\/www.europeana.eu\/portal\/en\/record\/91676\/arkm_photo_ARKM1962_101_1458.html\">Fabrik f\u00f6r L M Ericsson, vaktkur Exteri\u00f6r&nbsp;<\/a>Arkitektur - och designcentrum \u00fcber Europeana<\/em><\/p>\n\n\n\n<figure><iframe loading=\"lazy\" src=\"https:\/\/giphy.com\/embed\/idM8VlS0MCXUDNpvCA\" width=\"480\" height=\"379\" allowfullscreen=\"\"><\/iframe><\/figure>\n\n\n\n<p><strong>Kelly Dann (Brisbane, Australien)<\/strong><em>Quellenmaterial:\"<a href=\"https:\/\/trove.nla.gov.au\/version\/206705289\">Weibliche Angestellte konstruieren Autos bei der Ford Motor Company, Geelong<\/a>&nbsp;| Wolfgang Sievers| Bibliotheken Australien \u00fcber Trove<\/em><\/p>\n\n\n\n<figure><iframe loading=\"lazy\" src=\"https:\/\/giphy.com\/embed\/QZPhZyTvC0VXfx5qKz\" width=\"325\" height=\"480\" allowfullscreen=\"\"><\/iframe><\/figure>\n\n\n\n<p><strong>Ryan Seslow (New York, USA)<\/strong><em>Quellmaterial:<a href=\"https:\/\/www.europeana.eu\/portal\/record\/2024906\/photography_ProvidedCHO__iauli___Au_ros__muziejus____iauliai_Au_ros_Museum_LIMIS_150000015675567.html\">Stakmin\u0173 kaimo koplyt\u0117l\u0117<\/a>&nbsp;| Stasys Vaitkus | \u0160iauliai Au\u0161ros Museum,&nbsp;<a href=\"https:\/\/www.europeana.eu\/portal\/record\/2022608\/TELE_TELE_IBM_2012_58021.html\">22,0 IBM Diverse Maskiner<\/a>&nbsp;| Telemuseet \u00fcber Europeana<\/em><\/p>\n\n\n\n<figure><iframe loading=\"lazy\" src=\"https:\/\/giphy.com\/embed\/JrwbaoEmDnXajOrbdm\" width=\"480\" height=\"318\" allowfullscreen=\"\"><\/iframe><\/figure>\n\n\n\n<p><strong>Nick Cave (Birmingham, England)<\/strong><em> <\/em><em>Quellmaterial:&nbsp;<a href=\"http:\/\/europeana.eu\/portal\/record\/2024914\/photography_ProvidedCHO_Ajuntament_de_Girona_071021.html\">Zahlen aus Kork<\/a>&nbsp;| Ajuntament de Girona \u00fcber Europeana<\/em><\/p>\n\n\n\n<h2 class=\"wp-block-heading\">3 Gewinner der Kategorie Kinder und Jugendliche<\/h2>\n\n\n\n<figure><iframe loading=\"lazy\" src=\"https:\/\/giphy.com\/embed\/eMhGsPeK9hAvrB9nHD\" width=\"371\" height=\"480\" allowfullscreen=\"\"><\/iframe><\/figure>\n\n\n\n<p><strong>Aleksandra Vecvagare (Liep\u0101ja, Latvija)<\/strong><em> <\/em><em>Quellmaterial:&nbsp;<a href=\"http:\/\/www.europeana.eu\/portal\/en\/record\/2064116\/Museu_ProvidedCHO_Nationalmuseum__Sweden_17396.html\">Die bu\u00dffertige Magdalena<\/a>&nbsp;Gerrit Dou | Nationalmuseum, Schweden \u00fcber Europeana<\/em><\/p>\n\n\n\n<figure><iframe loading=\"lazy\" src=\"https:\/\/giphy.com\/embed\/XgZ2jMiCZ5ncWL8Sei\" width=\"480\" height=\"325\" allowfullscreen=\"\"><\/iframe><\/figure>\n\n\n\n<p><strong>R\u016bdolfs Kunc\u012btis (Liepaja, Latvija)<\/strong><em> <\/em><em>Quellmaterial:&nbsp;<a href=\"https:\/\/www.europeana.eu\/portal\/en\/record\/153\/S_ARS_photo_ARSF000416.html\">Vid ammunitionsf\u00f6rr\u00e5det p\u00e5 Ut\u00f6 skjutf\u00e4lt<\/a>&nbsp;Ingemar Eriksson | Arsenalen \u00fcber Europeana<\/em><\/p>\n\n\n\n<figure><iframe loading=\"lazy\" src=\"https:\/\/giphy.com\/embed\/J2mFbCSQ0LHWs0R8O6\" width=\"383\" height=\"480\" allowfullscreen=\"\"><\/iframe><\/figure>\n\n\n\n<p><strong>Patr\u012bcija Kr\u016bmi\u0146a (Liep\u0101ja, Latvija)<\/strong><em>Quellmaterial:&nbsp;<a href=\"https:\/\/www.europeana.eu\/portal\/en\/record\/2021672\/resource_document_mauritshuis_696.html\">Portr\u00e4t eines Mannes<\/a>&nbsp;Gerrit Dou | Mauritshuis \u00fcber Europeana<\/em><\/p>\n\n\n\n<h2 class=\"wp-block-heading\">Gewinner des People's Choice Award<\/h2>\n\n\n\n<figure><iframe loading=\"lazy\" src=\"https:\/\/giphy.com\/embed\/S5WCI4GtTTq5v8aV7d\" width=\"480\" height=\"313\" allowfullscreen=\"\"><\/iframe><\/figure>\n\n\n\n<p><strong>Mustafa Burhan Esen (\u00c7orum, T\u00fcrkiye)<\/strong><em>Quellmaterial:&nbsp;<a href=\"https:\/\/www.europeana.eu\/portal\/en\/record\/916118\/S_TEK_photo_TEKA0152299.html\">Barn\u00e4ngens Tekniska fabrik i Stockholm.<\/a>&nbsp;Tekniska museet \u00fcber Europeana<\/em><\/p>\n\n\n\n<p>Herzlichen Gl\u00fcckwunsch an die Gewinnerinnen und Gewinner - Sie werden per E-Mail \u00fcber die Preise benachrichtigt. Und ein gro\u00dfes Dankesch\u00f6n an alle Teilnehmer! Ich hoffe, wir sehen uns n\u00e4chstes Jahr wieder. <\/p>","protected":false},"excerpt":{"rendered":"<p>2 Grand Prize Winners Justin Gammon (Greenville, USA) Source material:&nbsp;Exercise 5. For the legs generally&nbsp;The New York Public Library via DPLA Roland Zsigmond (Arad, Romania) Source material:&nbsp;Two Sikh men dueling with wooden swords&nbsp;| Wellcome Collection via Europeana 3 Runners-up Gatis \u0160tempelis (Liep\u0101ja, Latvija)Source material:&nbsp;Arkeologiskt f\u00f6rem\u00e5l fr\u00e5n Teotihuacan Sigvald Linn\u00e9 |Etnografiska museet via Europeana Chris Timmons [&hellip;]<\/p>\n","protected":false},"author":6,"featured_media":0,"parent":0,"menu_order":0,"comment_status":"closed","ping_status":"closed","template":"","meta":{"_coblocks_attr":"","_coblocks_dimensions":"","_coblocks_responsive_height":"","_coblocks_accordion_ie_support":"","advanced_seo_description":"","jetpack_seo_html_title":"","jetpack_seo_noindex":false,"footnotes":""},"class_list":["post-813","page","type-page","status-publish","hentry","grid-item"],"jetpack_sharing_enabled":true,"jetpack_shortlink":"https:\/\/wp.me\/Pad3Th-d7","jetpack_likes_enabled":false,"_links":{"self":[{"href":"https:\/\/gifitup.net\/de\/wp-json\/wp\/v2\/pages\/813","targetHints":{"allow":["GET"]}}],"collection":[{"href":"https:\/\/gifitup.net\/de\/wp-json\/wp\/v2\/pages"}],"about":[{"href":"https:\/\/gifitup.net\/de\/wp-json\/wp\/v2\/types\/page"}],"author":[{"embeddable":true,"href":"https:\/\/gifitup.net\/de\/wp-json\/wp\/v2\/users\/6"}],"replies":[{"embeddable":true,"href":"https:\/\/gifitup.net\/de\/wp-json\/wp\/v2\/comments?post=813"}],"version-history":[{"count":6,"href":"https:\/\/gifitup.net\/de\/wp-json\/wp\/v2\/pages\/813\/revisions"}],"predecessor-version":[{"id":894,"href":"https:\/\/gifitup.net\/de\/wp-json\/wp\/v2\/pages\/813\/revisions\/894"}],"wp:attachment":[{"href":"https:\/\/gifitup.net\/de\/wp-json\/wp\/v2\/media?parent=813"}],"curies":[{"name":"wp","href":"https:\/\/api.w.org\/{rel}","templated":true}]}}