{"id":634,"date":"2019-10-03T12:00:43","date_gmt":"2019-10-03T10:00:43","guid":{"rendered":"https:\/\/gifitup.net\/?page_id=634"},"modified":"2023-10-01T11:28:21","modified_gmt":"2023-10-01T09:28:21","slug":"sonderkategorie-fur-kinder-und-jugendliche","status":"publish","type":"page","link":"https:\/\/gifitup.net\/de\/sonderkategorie-fur-kinder-und-jugendliche\/","title":{"rendered":"Sonderkategorie f\u00fcr Kinder und Jugendliche"},"content":{"rendered":"<p>Das Erstellen von Gifs ist eine gro\u00dfartige M\u00f6glichkeit, digitale F\u00e4higkeiten zu entwickeln und schon in jungen Jahren etwas \u00fcber Urheberrecht und Online-Sharing zu lernen. Deshalb gibt es eine spezielle Preiskategorie f\u00fcr junge Gif-MacherInnen im Alter von 6-18 Jahren.<\/p>\n\n\n\n<p class=\"translation-block\">Sie wissen nicht, wo Sie anfangen sollen? Schauen Sie sich diese <a href=\"https:\/\/www.europeana.eu\/galleries\/9009-animals\" target=\"_self\">Tiergalerie<\/a> mit frei lizenzierten Bildern verschiedener Kreaturen an und sehen Sie, ob Sie sie zum Leben erwecken k\u00f6nnen.<\/p>\n\n\n\n<p class=\"has-text-align-center\"><iframe loading=\"lazy\" class=\"giphy-embed\" src=\"https:\/\/giphy.com\/embed\/5qFDFuWRjHm2aS8gJm\" width=\"279\" height=\"480\" frameborder=\"0\" align=\"middle\" allowfullscreen=\"allowfullscreen\"><\/iframe><\/p>","protected":false},"excerpt":{"rendered":"<p>Creating GIFs is a great way to develop digital skills and learn about copyright and online sharing from a young age. That&#8217;s why we are including a special prize category for young GIF-makers, age 6-18. Don&#8217;t know where to start? Check out this Animals gallery with openly licensed images of different creatures and see if [&hellip;]<\/p>\n","protected":false},"author":1,"featured_media":1400,"parent":0,"menu_order":0,"comment_status":"closed","ping_status":"closed","template":"","meta":{"_coblocks_attr":"","_coblocks_dimensions":"","_coblocks_responsive_height":"","_coblocks_accordion_ie_support":"","advanced_seo_description":"","jetpack_seo_html_title":"","jetpack_seo_noindex":false,"footnotes":""},"class_list":["post-634","page","type-page","status-publish","has-post-thumbnail","hentry","grid-item","grid-item-portrait"],"jetpack_sharing_enabled":true,"jetpack_shortlink":"https:\/\/wp.me\/Pad3Th-ae","jetpack_likes_enabled":false,"_links":{"self":[{"href":"https:\/\/gifitup.net\/de\/wp-json\/wp\/v2\/pages\/634","targetHints":{"allow":["GET"]}}],"collection":[{"href":"https:\/\/gifitup.net\/de\/wp-json\/wp\/v2\/pages"}],"about":[{"href":"https:\/\/gifitup.net\/de\/wp-json\/wp\/v2\/types\/page"}],"author":[{"embeddable":true,"href":"https:\/\/gifitup.net\/de\/wp-json\/wp\/v2\/users\/1"}],"replies":[{"embeddable":true,"href":"https:\/\/gifitup.net\/de\/wp-json\/wp\/v2\/comments?post=634"}],"version-history":[{"count":9,"href":"https:\/\/gifitup.net\/de\/wp-json\/wp\/v2\/pages\/634\/revisions"}],"predecessor-version":[{"id":3246,"href":"https:\/\/gifitup.net\/de\/wp-json\/wp\/v2\/pages\/634\/revisions\/3246"}],"wp:featuredmedia":[{"embeddable":true,"href":"https:\/\/gifitup.net\/de\/wp-json\/wp\/v2\/media\/1400"}],"wp:attachment":[{"href":"https:\/\/gifitup.net\/de\/wp-json\/wp\/v2\/media?parent=634"}],"curies":[{"name":"wp","href":"https:\/\/api.w.org\/{rel}","templated":true}]}}