{"id":5069,"date":"2025-12-05T14:53:50","date_gmt":"2025-12-05T13:53:50","guid":{"rendered":"https:\/\/gifitup.net\/?page_id=5069"},"modified":"2025-12-08T09:45:05","modified_gmt":"2025-12-08T08:45:05","slug":"gewinner-2025","status":"publish","type":"page","link":"https:\/\/gifitup.net\/de\/gewinner-2025\/","title":{"rendered":"Lernen Sie die Gewinner von GIF IT UP 2025 kennen"},"content":{"rendered":"<h2 class=\"wp-block-heading has-text-align-center\"><strong>Gewinner des Gro\u00dfen Preises<\/strong><\/h2>\n\n\n\n<div align=\"center\"><figure><iframe loading=\"lazy\" src=\"https:\/\/gifitup.net\/wp-content\/uploads\/wpforms\/4630-e5c381196b9d5e5d94eeb66bc5aa2734\/Cool-Swordsman-Surprise-Sm-0093ba06060589cdcea81bf1c774bc1c.gif\" width=\"650\" height=\"500\" style=\"\" frameborder=\"0\" allowfullscreen><\/iframe>\n\n\n\n<p class=\"has-text-align-center\"><strong>Nick Cave (Birmingham, Vereinigtes K\u00f6nigreich)<\/strong><br>Quellmaterial: <em><a href=\"https:\/\/www.europeana.eu\/item\/2022093\/10622_2F756977_51A7_495D_8E23_491A1F2F4160_cho\">Das Milizgesetz&nbsp;<\/a>| Hahn, Albert, Zeichner | Internationales Institut f\u00fcr Sozialgeschichte | Europeana<\/em> | \u00f6ffentlich zug\u00e4nglich<\/p>\n\n\n\n<hr class=\"wp-block-separator has-css-opacity\"\/>\n\n\n\n<h2 class=\"wp-block-heading has-text-align-center\"><strong>Zweiter<\/strong><\/h2>\n\n\n\n<div align=\"center\"><figure><iframe loading=\"lazy\" src=\"https:\/\/gifitup.net\/wp-content\/uploads\/wpforms\/4630-e5c381196b9d5e5d94eeb66bc5aa2734\/BertaLigute_GIF-IT-UP-submission-659a936de5785a30d64cb5260c076703.gif\" width=\"400\" height=\"520\" frameborder=\"0\" allowfullscreen><\/iframe>\n\n\n\n<p class=\"has-text-align-center\"><strong>Berta L\u012bgute (Liep\u0101ja, Lettland)<\/strong><br>Quellmaterial: <em><em><a href=\"https:\/\/www.flickr.com\/photos\/banq\/54750795224\/in\/album-72177720328652005\">Meine Zeitschrift (1926) - Publicit\u00e9 de la bi\u00e8re Dow<\/a>&nbsp;| BAnQ<\/em><\/em> | \u00f6ffentlich zug\u00e4nglich<\/p>\n\n\n\n<p class=\"has-text-align-center\"><\/p>\n\n\n\n<div align=\"center\"><figure><iframe loading=\"lazy\" src=\"https:\/\/gifitup.net\/wp-content\/uploads\/wpforms\/4630-e5c381196b9d5e5d94eeb66bc5aa2734\/Moth-feadb63becdce7b29082439a07727369.gif\" width=\"750\" height=\"500\" frameborder=\"0\" class=\"giphy-embed\" allowfullscreen><\/iframe>\n\n\n\n<p class=\"has-text-align-center\"><strong>Niks Z\u012bl\u012bte (Liepaja, Lettland)<\/strong><br>Quellmaterial: <em><a href=\"https:\/\/www.europeana.eu\/item\/875\/NHMUKXBMNHXEXXBMNHXEX1562778\">Makroglossum stellatarum (Linnaeus, 1758)<\/a> | Die Kuratoren des Naturhistorischen Museums, London | Europeana<\/em> | CC BY<\/p>\n\n\n\n<p class=\"has-text-align-center\"><\/p>\n\n\n\n<hr class=\"wp-block-separator has-css-opacity\"\/>\n\n\n\n<h2 class=\"wp-block-heading has-text-align-center\"><strong>Gewinner in der Kategorie \u201eLebensmittel und Getr\u00e4nke\u201c<\/strong><\/h2>\n\n\n\n<div align=\"center\"><figure><iframe loading=\"lazy\" src=\"https:\/\/gifitup.net\/wp-content\/uploads\/wpforms\/4630-e5c381196b9d5e5d94eeb66bc5aa2734\/GIF-IT-UP-54288d80d405e07304469aab24e3775e.gif\" width=\"350\" height=\"550\" frameborder=\"0\" allowfullscreen><\/iframe><p><\/figure><\/div>\n\n\n\n<p class=\"has-text-align-center\"><strong><strong>Just\u012bne Ofkante (Ventspils, Lettland)<\/strong><\/strong><br>Ausgangsmaterialien<em>: 1.<a href=\"https:\/\/www.europeana.eu\/item\/2020903\/KMS1117\">&nbsp;Stillleben mit Fisch&nbsp;<\/a>| Carl Bloch | Staatliches Kunstmuseum <\/em><br><em>2.<a href=\"https:\/\/www.europeana.eu\/item\/2064116\/Museu_ProvidedCHO_Nationalmuseum__Sweden_17801\">Fr\u00fchst\u00fccksst\u00fcck mit Austern<\/a>&nbsp;| Alexandre-Fran\u00e7ois Desportes<\/em>|<em> Nationalmuseum Schweden<\/em><br><em>3.<a href=\"https:\/\/www.europeana.eu\/item\/90402\/RP_T_1892_A_2661\">&nbsp;Die Musikanten&nbsp;<\/a>| Henri\u00ebtte Ronner&nbsp;<\/em>| <em>Rijksmuseum <\/em><br><em>| \u00fcber Europeana <\/em>| <em>gemeinfrei <\/em><br><em>4.<a href=\"https:\/\/www.artic.edu\/artworks\/27819\/the-scullion\">Der K\u00fcchenjunge<\/a>&nbsp;| Th\u00e9odule Ribot<\/em> |<em> Art Institute of Chicago<\/em> | CC0<\/p>\n\n\n\n<p class=\"has-text-align-center\"><\/p>\n\n\n\n<div align=\"center\"><iframe loading=\"lazy\" src=\"https:\/\/gifitup.net\/wp-content\/uploads\/wpforms\/4630-e5c381196b9d5e5d94eeb66bc5aa2734\/IMG_0732-757500433b6ef3f4fc6a3ef3bc5ef4b9.gif\" width=\"500\" height=\"750\" frameborder=\"0\" allowfullscreen><\/iframe><\/figure><\/div>\n\n\n\n<p class=\"has-text-align-center\"><strong><strong>Irene Maseda Ag\u00fcero (Madrid, Spanien)<\/strong><\/strong><br>Quellmaterial:<em>&nbsp;<\/em> <em><a href=\"https:\/\/www.artic.edu\/artworks\/181777\/the-irish-question\">Die irische Frage<\/a> | Von Scott Evans | Kunstinstitut Chicago<\/em> | CC0<\/p>\n\n\n\n<hr class=\"wp-block-separator has-css-opacity\"\/>\n\n\n\n<h2 class=\"wp-block-heading has-text-align-center\"><strong>Erster GIF-Ersteller<\/strong><\/h2>\n\n\n\n<div align=\"center\"><iframe loading=\"lazy\" src=\"https:\/\/gifitup.net\/wp-content\/uploads\/wpforms\/4630-e5c381196b9d5e5d94eeb66bc5aa2734\/Adobe-Express-papagaio_voando-4a872002b644e92a6ca0b13d949ec7fc.gif\" width=\"760\" height=\"600\" frameborder=\"0\"  allowfullscreen><\/iframe><\/figure><\/div>\n\n\n\n<p class=\"has-text-align-center\"><strong>Synd Ferreira (Porto, Portugal)<\/strong><br>Quellmaterial:&nbsp;<em><a href=\"https:\/\/dp.la\/item\/90bcd57a1c8442de7d88138c0b594071\">Psittacus ochrocephalus gmelin&nbsp;<\/a>| T. Sinclair\u2019s Lith Dreser, William | Die New York Public Library | DPLA<\/em><\/p>\n\n\n\n<hr class=\"wp-block-separator has-css-opacity\"\/>\n\n\n\n<h2 class=\"wp-block-heading has-text-align-center\"><strong>Gewinner der Kategorie Kinder und Jugendliche<\/strong><\/h2>\n\n\n\n<p class=\"has-text-align-center\"><\/p>\n\n\n\n<div align=\"center\"><iframe loading=\"lazy\" src=\"https:\/\/gifitup.net\/wp-content\/uploads\/wpforms\/4630-e5c381196b9d5e5d94eeb66bc5aa2734\/Milk-and-Cheese-4736966ba9eb22b5a08043e5d47aab13.gif\" width=\"750\" height=\"350\" frameborder=\"0\" allowfullscreen><\/iframe>\n\n\n\n<p class=\"has-text-align-center\"><strong><strong>Knuts Jonaitis (Liepaja, Lettland)<\/strong>, 16 Jahre alt<\/strong><br>Quellmaterial: <em>1.<a href=\"https:\/\/www.europeana.eu\/item\/2059502\/data_foodanddrink_http___www_bildarchivaustria_at_Preview_13834954_jpg\">&nbsp;Cod. 5264, fol. 98r: Sammelhandschrift: Milch und K\u00e4se<\/a>,  2.&nbsp;<a href=\"https:\/\/www.europeana.eu\/item\/2059502\/data_foodanddrink_http___www_bildarchivaustria_at_Preview_13834961_jpg\">Cod. 5264, fol. 99v: Sammelhandschrift: Fleisch von Rind, Hammel und Ziege&nbsp;<\/a>| \u00d6sterreichische Nationalbibliothek | Europeana<\/em> | \u00f6ffentlich zug\u00e4nglich<\/p>\n\n\n\n<p class=\"has-text-align-center\"><\/p>\n\n\n\n<div align=\"center\"><iframe loading=\"lazy\" src=\"https:\/\/gifitup.net\/wp-content\/uploads\/wpforms\/4630-e5c381196b9d5e5d94eeb66bc5aa2734\/Gato-gif-fb0a39dd106d0ca2d14c96af4dd85beb.gif\" width=\"800\" height=\"600\" frameborder=\"0\" allowfullscreen><\/iframe><p>\n\n\n\n<p class=\"has-text-align-center\"><strong><strong>Sanda Pl\u012bta (Saldus, Lettland)<\/strong>, 17 Jahre alt<\/strong><br>Quellmaterial: <em><a href=\"https:\/\/www.europeana.eu\/lv\/item\/90402\/RP_T_1904_190\">Kopf einer Calico-Katze, von vorne, mit geschlossenen Augen<\/a>| Jean Bernard | Rijksmuseum | Europeana<\/em> | \u00f6ffentlich zug\u00e4nglich<\/p>\n\n\n\n<hr class=\"wp-block-separator has-css-opacity\"\/>\n\n\n\n<h2 class=\"wp-block-heading has-text-align-center\"><strong>Gewinner des People's Choice Award<\/strong> \u2013 1. Platz (1041 Stimmen)<\/h2>\n\n\n\n<div align=\"center\"><figure><iframe loading=\"lazy\" src=\"https:\/\/gifitup.net\/wp-content\/uploads\/wpforms\/4630-e5c381196b9d5e5d94eeb66bc5aa2734\/The-cat-and-the-birds-ade7d47f298d7b82c29cee60b13e207b.gif\" width=\"372\" height=\"450\" frameborder=\"0\"allowfullscreen><\/iframe>\n\n\n\n<p class=\"has-text-align-center\"><strong>Francesco Trentadue (Valenzano, Italien)<\/strong>, <strong>12 Jahre alt<\/strong><br>Quellmaterial: <em><em><a href=\"https:\/\/www.europeana.eu\/item\/401\/item_GJNG7K25LXWIHF3YLD62GV7PQL3SKHRO\">Kass Akna alle&nbsp;<\/a>| Museum P\u00e4rnu | Europeana <\/em><\/em>| CC0<\/p>\n\n\n\n<hr class=\"wp-block-separator has-css-opacity\"\/>\n\n\n\n<h2 class=\"wp-block-heading has-text-align-center\"><strong>Gewinner des People's Choice Award<\/strong> \u2013 2. Platz (1008 Stimmen)<\/h2>\n\n\n\n<div align=\"center\"><figure><iframe loading=\"lazy\" src=\"https:\/\/gifitup.net\/wp-content\/uploads\/wpforms\/4630-e5c381196b9d5e5d94eeb66bc5aa2734\/1000083473-1810325dcfcd205e1892b74288ae3e6d.gif\" width=\"295\" height=\"480\" frameborder=\"0\" allowfullscreen><\/iframe>\n\n\n\n<p class=\"has-text-align-center\"><strong><strong>Mattia Prudente (Valenzano Bari, Italien)<\/strong>, 11 Jahre alt<\/strong><br>Quellmaterial: <em><em><a href=\"https:\/\/www.europeana.eu\/item\/285\/gam28679\">fanciullo nudo con palla (statua)<\/a>&nbsp;| Turiner Galerie f\u00fcr moderne und zeitgen\u00f6ssische Kunst | Europeana<\/em><\/em> | CC BY<\/p>\n\n\n\n<hr class=\"wp-block-separator has-css-opacity\"\/>\n\n\n\n<h2 class=\"wp-block-heading has-text-align-center\"><strong>Gewinner des People's Choice Award<\/strong> \u2013 3. Platz (619 Stimmen)<\/h2>\n\n\n\n<div align=\"center\"><figure><iframe loading=\"lazy\" src=\"https:\/\/gifitup.net\/wp-content\/uploads\/wpforms\/4630-e5c381196b9d5e5d94eeb66bc5aa2734\/1000036273-d444e2e8b9f3c5d5c16747386b88799c.gif\" width=\"480\" height=\"480\" frameborder=\"0\" allowfullscreen><\/iframe>\n\n\n\n<p class=\"has-text-align-center\"><strong>Alice Pellegrino (Valenzano Bari, Italien), 11 Jahre alt<\/strong><br>Quellmaterial: <em><a href=\"https:\/\/www.europeana.eu\/it\/item\/90402\/RP_T_1914_17_149\">Giraffa camelopardalis (Giraffe)&nbsp;<\/a>| Robert Jacob Gordon | Rijksmuseum | Europeana<\/em> | \u00f6ffentlich zug\u00e4nglich<\/p>\n\n\n\n<hr class=\"wp-block-separator has-alpha-channel-opacity\"\/>\n\n\n\n<h2 class=\"wp-block-heading has-text-align-center\"><strong>Sonderpreis f\u00fcr Lehrer<\/strong> <\/h2>\n\n\n\n<p class=\"has-text-align-center\">geht zu <strong>J\u0101nis Jankevi\u010dius<\/strong>, Animationslehrer an der Liep\u0101ja Secondary School of Design and Art (LMMDV), daf\u00fcr, dass er \u00fcber 30 seiner Sch\u00fcler dazu ermutigt hat, ihre Werke einzureichen.<\/p>\n\n\n\n<hr class=\"wp-block-separator has-css-opacity\"\/>\n\n\n\n<h2 class=\"wp-block-heading has-text-align-center\"><strong>Besondere Anerkennung<\/strong><\/h2>\n\n\n\n<p class=\"has-text-align-center\"> geht an die I.C.S. \u201cPapa Giovanni XXIII\u2013Capozzi\u2013Galilei\u201d Schule in Valenzano, Italien, und an deren Lehrer, <strong>Luigia Palumbo<\/strong>, deren Sch\u00fcler die meisten g\u00fcltigen Beitr\u00e4ge eingereicht haben.<\/p>\n\n\n\n<hr class=\"wp-block-separator has-alpha-channel-opacity\"\/>\n\n\n\n<p><strong>Herzlichen Gl\u00fcckwunsch an alle Gewinner \ud83c\udf89 Wir werden euch per E-Mail \u00fcber eure Preise informieren. <\/strong><br><strong><br>Und ein gro\u00dfes Dankesch\u00f6n an alle, die teilgenommen haben: wir <strong>Ich fand Ihre Beitr\u00e4ge toll.<\/strong>, Kreativit\u00e4t und Begeisterung! Wir hoffen, Sie n\u00e4chstes Jahr wiederzusehen!<\/strong><\/p>\n\n\n\n<p class=\"has-text-align-center\"><\/p>\n\n\n\n<p><\/p>","protected":false},"excerpt":{"rendered":"<p>Hier sind die Gewinner der Ausgabe 2025 von GIF IT UP!<\/p>","protected":false},"author":1,"featured_media":4959,"parent":0,"menu_order":0,"comment_status":"closed","ping_status":"closed","template":"","meta":{"_coblocks_attr":"","_coblocks_dimensions":"","_coblocks_responsive_height":"","_coblocks_accordion_ie_support":"","advanced_seo_description":"Congratulations to all the winners of 2025 edition of GIF IT UP animation contest! And a huge thank you to everyone who participated - hope to see you again next year!","jetpack_seo_html_title":"Meet the winners of 2025 edition of GIF IT UP animation contest!","jetpack_seo_noindex":false,"footnotes":""},"class_list":["post-5069","page","type-page","status-publish","has-post-thumbnail","hentry","grid-item","grid-item-landscape"],"jetpack_sharing_enabled":true,"jetpack_shortlink":"https:\/\/wp.me\/Pad3Th-1jL","jetpack_likes_enabled":false,"_links":{"self":[{"href":"https:\/\/gifitup.net\/de\/wp-json\/wp\/v2\/pages\/5069","targetHints":{"allow":["GET"]}}],"collection":[{"href":"https:\/\/gifitup.net\/de\/wp-json\/wp\/v2\/pages"}],"about":[{"href":"https:\/\/gifitup.net\/de\/wp-json\/wp\/v2\/types\/page"}],"author":[{"embeddable":true,"href":"https:\/\/gifitup.net\/de\/wp-json\/wp\/v2\/users\/1"}],"replies":[{"embeddable":true,"href":"https:\/\/gifitup.net\/de\/wp-json\/wp\/v2\/comments?post=5069"}],"version-history":[{"count":33,"href":"https:\/\/gifitup.net\/de\/wp-json\/wp\/v2\/pages\/5069\/revisions"}],"predecessor-version":[{"id":5121,"href":"https:\/\/gifitup.net\/de\/wp-json\/wp\/v2\/pages\/5069\/revisions\/5121"}],"wp:featuredmedia":[{"embeddable":true,"href":"https:\/\/gifitup.net\/de\/wp-json\/wp\/v2\/media\/4959"}],"wp:attachment":[{"href":"https:\/\/gifitup.net\/de\/wp-json\/wp\/v2\/media?parent=5069"}],"curies":[{"name":"wp","href":"https:\/\/api.w.org\/{rel}","templated":true}]}}