{"id":4623,"date":"2025-09-26T13:42:30","date_gmt":"2025-09-26T11:42:30","guid":{"rendered":"https:\/\/gifitup.net\/?page_id=4623"},"modified":"2025-09-29T10:38:25","modified_gmt":"2025-09-29T08:38:25","slug":"sonderpreis-fur-lehrer","status":"publish","type":"page","link":"https:\/\/gifitup.net\/de\/sonderpreis-fur-lehrer\/","title":{"rendered":"Sonderpreis f\u00fcr Lehrerinnen und Lehrer"},"content":{"rendered":"<h2 class=\"wp-block-heading\">Bringen Sie GIF IT UP in Ihr Klassenzimmer!<\/h2>\n\n\n\n<p>Sind Sie eine Lehrerin oder ein Lehrer, die bzw. der Sch\u00fclerinnen und Sch\u00fcler dazu bringen m\u00f6chte, mit dem digitalen Erbe zu arbeiten? Im Jahr 2025 l\u00e4dt GIF IT UP P\u00e4dagoginnen und P\u00e4dagogen auf der ganzen Welt dazu ein, die GIF-Erstellung in ihren Unterricht einzubinden.<\/p>\n\n\n\n<p>Hier erfahren Sie, wie Sie teilnehmen k\u00f6nnen:<\/p>\n\n\n\n<ol class=\"wp-block-list\">\n<li><strong>Teilen Sie Ihre Daten<\/strong>&nbsp;<br><a href=\"https:\/\/gifitup.net\/de\/kontaktformular-fur-lehrer\/\" data-type=\"page\" data-id=\"4646\">Senden Sie uns<\/a> Ihren Namen, Ihre Kontaktinformationen und den Namen Ihrer Schule.<\/li>\n\n\n\n<li><strong>Eine Sitzung durchf\u00fchren<\/strong><br>Veranstalten Sie eine Unterrichtsstunde, einen Workshop oder eine Klassenaktivit\u00e4t zur Erstellung von GIFs unter Verwendung von frei zug\u00e4nglichem Kulturerbe-Material.<\/li>\n\n\n\n<li><strong>Zur Teilnahme ermutigen<\/strong><br>Motivieren Sie so viele Sch\u00fcler wie m\u00f6glich, ihre Kreationen zum Wettbewerb einzureichen, bevor <strong>31. Oktober<\/strong> (jeder Sch\u00fcler kann bis zu 3 GIFs einreichen).<\/li>\n<\/ol>\n\n\n\n<p>\ud83c\udfc6\u00a0<strong>Sonderpreis f\u00fcr Lehrerinnen und Lehrer<\/strong><br>Der Lehrer, dessen Klasse die\u00a0<strong>h\u00f6chste Anzahl teilnehmender Studenten<\/strong>\u00a0erhalten eine <a href=\"https:\/\/gifitup.net\/de\/jury-und-preise\/\" data-type=\"page\" data-id=\"3880\">Preis<\/a> als Anerkennung f\u00fcr ihre Kreativit\u00e4t und ihr Engagement.<\/p>\n\n\n\n<p>Erwecken Sie die digitale Kultur in Ihrem Klassenzimmer zum Leben und inspirieren Sie die n\u00e4chste Generation von GIF-Machern!<\/p>\n\n\n\n<p align=\"center\"><iframe loading=\"lazy\" src=\"https:\/\/giphy.com\/embed\/4RhRHIIYjtfU2GVFV0\" width=\"480\" height=\"377\" style=\"\" frameborder=\"0\" class=\"giphy-embed\" allowfullscreen><\/iframe><\/p>\n\n\n\n<p><\/p>\n\n\n\n<p><\/p>","protected":false},"excerpt":{"rendered":"<p>Bring GIF IT UP to your classroom! Are you a teacher who loves to get students creating with digital heritage? In 2025, GIF IT UP is inviting educators around the world to make GIF-making part of their lessons. Here\u2019s how to take part: \ud83c\udfc6\u00a0Special Prize for TeachersThe teacher whose class has the\u00a0highest number of participating [&hellip;]<\/p>\n","protected":false},"author":1,"featured_media":0,"parent":0,"menu_order":0,"comment_status":"closed","ping_status":"closed","template":"","meta":{"_coblocks_attr":"","_coblocks_dimensions":"","_coblocks_responsive_height":"","_coblocks_accordion_ie_support":"","advanced_seo_description":"","jetpack_seo_html_title":"","jetpack_seo_noindex":false,"footnotes":""},"class_list":["post-4623","page","type-page","status-publish","hentry","grid-item"],"jetpack_sharing_enabled":true,"jetpack_shortlink":"https:\/\/wp.me\/Pad3Th-1cz","jetpack_likes_enabled":false,"_links":{"self":[{"href":"https:\/\/gifitup.net\/de\/wp-json\/wp\/v2\/pages\/4623","targetHints":{"allow":["GET"]}}],"collection":[{"href":"https:\/\/gifitup.net\/de\/wp-json\/wp\/v2\/pages"}],"about":[{"href":"https:\/\/gifitup.net\/de\/wp-json\/wp\/v2\/types\/page"}],"author":[{"embeddable":true,"href":"https:\/\/gifitup.net\/de\/wp-json\/wp\/v2\/users\/1"}],"replies":[{"embeddable":true,"href":"https:\/\/gifitup.net\/de\/wp-json\/wp\/v2\/comments?post=4623"}],"version-history":[{"count":6,"href":"https:\/\/gifitup.net\/de\/wp-json\/wp\/v2\/pages\/4623\/revisions"}],"predecessor-version":[{"id":4669,"href":"https:\/\/gifitup.net\/de\/wp-json\/wp\/v2\/pages\/4623\/revisions\/4669"}],"wp:attachment":[{"href":"https:\/\/gifitup.net\/de\/wp-json\/wp\/v2\/media?parent=4623"}],"curies":[{"name":"wp","href":"https:\/\/api.w.org\/{rel}","templated":true}]}}