{"id":2841,"date":"2022-11-25T09:11:15","date_gmt":"2022-11-25T08:11:15","guid":{"rendered":"https:\/\/gifitup.net\/?page_id=2841"},"modified":"2022-11-25T09:19:17","modified_gmt":"2022-11-25T08:19:17","slug":"gewinner-2022","status":"publish","type":"page","link":"https:\/\/gifitup.net\/de\/gewinner-2022\/","title":{"rendered":"Gewinner 2022"},"content":{"rendered":"<h2 class=\"has-text-align-center wp-block-heading\"> <strong>Gewinner des Gro\u00dfen Preises<\/strong><\/h2>\n\n\n\n<p class=\"has-text-align-center\"><strong>Justin Gammon (Greenville, USA)<\/strong> - Seine beiden Gifs erhielten von der Jury die gleiche und die h\u00f6chste Punktzahl: <\/p>\n\n\n\n<div align=\"center\"><figure><iframe loading=\"lazy\" src=\"https:\/\/giphy.com\/embed\/aPZwzmfWWz2vGxs86c\" width=\"480\" height=\"480\" frameborder=\"0\" class=\"giphy-embed\" allowfullscreen=\"\"><\/iframe><\/figure><\/div>\n\n\n\n<p class=\"has-text-align-center\">1. Quellenmaterial: <em><a href=\"https:\/\/dp.la\/item\/0ed3554debe4af77b7c0be0d1c9ee5bb?q=Mother+Hubbard%27s+dog+reading+a+newspaper\">Mother Hubbard's Hund liest eine Zeitung<\/a> <\/em>| Jessie Willcox Smith | <br>Digitale Sammlungen der New York Public Library (DPLA)&nbsp;<\/p>\n\n\n\n<div align=\"center\"><figure><iframe loading=\"lazy\" src=\"https:\/\/giphy.com\/embed\/xyFpHGNvnwEphb0jlF\" \"=\"\" width=\"309\" height=\"480\" frameborder=\"0\" class=\"giphy-embed\" allowfullscreen=\"\"><\/iframe><\/figure><\/div>\n\n\n\n<p class=\"has-text-align-center\">2. Quellenmaterial:<em>&nbsp;<a href=\"https:\/\/www.europeana.eu\/item\/9200579\/zwb5bzmz\">Der Totentanz von Basel: Der Tod und der Bischof<\/a>&nbsp;<\/em>| <br>Wellcome-Sammlung | Europeana&nbsp;<\/p>\n\n\n\n<hr class=\"wp-block-separator has-css-opacity\"\/>\n\n\n\n<h2 class=\"has-text-align-center wp-block-heading\"><strong>2 Zweitplatzierte<\/strong><\/h2>\n\n\n\n<div align=\"center\"><figure><iframe loading=\"lazy\" src=\"https:\/\/giphy.com\/embed\/RfvTnGE0Waj6vXcuGq\" width=\"480\" height=\"471\" frameborder=\"0\" class=\"giphy-embed\" allowfullscreen=\"\"><\/iframe><\/figure><\/div>\n\n\n\n<p class=\"has-text-align-center\"><strong>Bernadetta Pastuszka<\/strong> <strong>(Krakau, Polen)<\/strong><em> <\/em><br>Quellmaterial:<em><a href=\"https:\/\/jpsearch.go.jp\/item\/tfam_art_db-3577\"> <\/a><a href=\"https:\/\/www.europeana.eu\/en\/item\/9200579\/xea6v74a\">Entwicklung von Haushaltsgegenst\u00e4nden, Tieren<\/a> <\/em>| Pater Schmidt | <br>Wellcome-Sammlung | Europeana&nbsp;<\/p>\n\n\n\n<div align=\"center\"><figure><iframe loading=\"lazy\" src=\"https:\/\/giphy.com\/embed\/6qvBOnQAx8JBEFXcQv\" width=\"480\" height=\"480\" frameborder=\"0\" class=\"giphy-embed\" allowfullscreen=\"\"><\/iframe><\/figure><\/div>\n\n\n\n<p class=\"has-text-align-center\"><strong>Irene Maseda (Madrid, Spanien)<em> <\/em><\/strong><br>Quellmaterial:<em> <\/em><a href=\"https:\/\/www.europeana.eu\/es\/item\/418\/BVMDefensa_bib_BMDB20160051186\"><em>Breve methodo de mandar los cavallos, y traerlos a la m\u00e1s justa obediencia<\/em><\/a> | Antoine de Pluvinel, Jos\u00e9 Andrade | Virtuelle Bibliothek des Verteidigungsministeriums | Europeana&nbsp;<\/p>\n\n\n\n<hr class=\"wp-block-separator has-css-opacity\"\/>\n\n\n\n<h2 class=\"has-text-align-center wp-block-heading\">2 <strong>Erstmalige GIF-Macher<\/strong><\/h2>\n\n\n\n<div align=\"center\"><figure><iframe loading=\"lazy\" src=\"https:\/\/giphy.com\/embed\/ZGFz4CPihkR7Pn6bqO\" width=\"480\" height=\"359\" frameborder=\"0\" class=\"giphy-embed\" allowfullscreen=\"\"><\/iframe><\/figure><\/div>\n\n\n\n<p class=\"has-text-align-center\"><strong>Daniel Carranza (Montevideo, Urugauy)<\/strong><br>Quellenmaterial<em>:&nbsp;<a href=\"https:\/\/commons.wikimedia.org\/wiki\/File:Dirigible_Graf_Zeppelin.jpg\">Luftschiff Graf Zeppelin<\/a> <\/em>| Centro de Fotograf\u00eda de Montevideo <\/p>\n\n\n\n<div align=\"center\"><iframe loading=\"lazy\" src=\"https:\/\/giphy.com\/embed\/zIGoP3fSOkNU0ofjlg\" width=\"480\" height=\"270\" frameborder=\"0\" class=\"giphy-embed\" allowfullscreen=\"\"><\/iframe><\/div>\n\n\n\n<p class=\"has-text-align-center\"><strong>Tatiana Santiago (Spanien)<\/strong><br>Quellmaterial:<em>&nbsp;<a href=\"https:\/\/jpsearch.go.jp\/item\/tfam_art_db-1961\">Henri II., K\u00f6nig von Frankreich<\/a> <\/em>| Francois Clouet | <br>Tokio Fuji Kunstmuseum | Japan Suche<\/p>\n\n\n\n<hr class=\"wp-block-separator has-css-opacity\"\/>\n\n\n\n<h2 class=\"has-text-align-center wp-block-heading\"><strong>Gewinner der Kategorie Kinder und Jugendliche<\/strong><\/h2>\n\n\n\n<div align=\"center\"><figure><iframe loading=\"lazy\" src=\"https:\/\/giphy.com\/embed\/P0Xol0W7uzdMSbfpny\" width=\"374\" height=\"480\" frameborder=\"0\" class=\"giphy-embed\" allowfullscreen=\"\"><\/iframe><\/figure><\/div>\n\n\n\n<p class=\"has-text-align-center\"><strong>Leons Skudr\u012btis (Liepaja, Lettland)<\/strong>Alter 17<br>Quellmaterial:<em>&nbsp;<a href=\"https:\/\/www.europeana.eu\/en\/item\/2021672\/resource_document_mauritshuis_725\">Die Wehklage Christi<\/a> <\/em>| Gerard David | <br>Mauritshuis | Europeana&nbsp;<\/p>\n\n\n\n<hr class=\"wp-block-separator has-css-opacity\"\/>\n\n\n\n<h2 class=\"has-text-align-center wp-block-heading\"><strong>Gewinner des People's Choice Award<\/strong><\/h2>\n\n\n\n<div align=\"center\"><figure><iframe loading=\"lazy\" src=\"https:\/\/giphy.com\/embed\/duCqgAqKKkoWG9iVgI\" width=\"480\" height=\"368\" frameborder=\"0\" class=\"giphy-embed\" allowfullscreen=\"\"><\/iframe><\/figure><\/div>\n\n\n\n<p class=\"has-text-align-center\"><strong>Giancarlo Grasso (Bari, Italien)<\/strong><br>Quellenmaterial<em>: <\/em><a href=\"https:\/\/www.europeana.eu\/en\/item\/9200369\/webclient_DeliveryManager_pid_6331209_custom_att_2_simple_viewer\"><em>Servizio fotografico Bologna, <\/em><\/a><em><a href=\"https:\/\/www.europeana.eu\/en\/item\/9200369\/webclient_DeliveryManager_pid_6331209_custom_att_2_simple_viewer\">1982<\/a> <\/em>| Monti, Paolo | <br>Fondazione Biblioteca Europea di Informazione e Cultura | Europeana&nbsp;<\/p>\n\n\n\n<hr class=\"wp-block-separator has-css-opacity\"\/>\n\n\n\n<h2 class=\"has-text-align-center wp-block-heading\"><strong>Gewinner der Kategorie Natur<\/strong><\/h2>\n\n\n\n<div align=\"center\"><figure><iframe loading=\"lazy\" src=\"https:\/\/giphy.com\/embed\/Cdult5zk92jFCQSuiH\" width=\"480\" height=\"296\" frameborder=\"0\" class=\"giphy-embed\" allowfullscreen=\"\"><\/iframe><\/figure><\/div>\n\n\n\n<p class=\"has-text-align-center\"><strong>Irene Maseda (Madrid, Spanien)<\/strong><br><em>Quellmaterial:&nbsp;<\/em>1. <a href=\"https:\/\/bit.ly\/3fMNSTX\">Ajolote macho abierto por el vientre<\/a>; 2. <a href=\"https:\/\/bit.ly\/3tcFWhP\">Ajolote<\/a>&nbsp;| <br>Jos\u00e9 Gu\u00edo y S\u00e1nchez | Virtuelle Bibliothek des Verteidigungsministeriums; <br>3. <a href=\"https:\/\/www.europeana.eu\/item\/9200579\/bgxcmas3\"><em>Tafel 14, Bourgery und Jacob, Iconografia d'anatomia<\/em><\/a> | Wellcome-Sammlung; <br>4. <a href=\"https:\/\/bit.ly\/3NOu2nN\"><em>Die chirurgische Entfernung des Katarakts&nbsp;<\/em><\/a>| Universit\u00e4tsbibliothek Heidelberg&nbsp;<br>\u00fcber Europeana&nbsp;<\/p>\n\n\n\n<hr class=\"wp-block-separator has-css-opacity\"\/>\n\n\n\n<h2 class=\"has-text-align-center wp-block-heading\"><strong>Gewinner der Kategorie Kunsthandwerk<\/strong><\/h2>\n\n\n\n<div align=\"center\"><figure><iframe loading=\"lazy\" src=\"https:\/\/giphy.com\/embed\/s9OqlHl5GcT6XALA1A\" width=\"404\" height=\"480\" frameborder=\"0\" class=\"giphy-embed\" allowfullscreen=\"\"><\/iframe><\/figure><\/div>\n\n\n\n<p class=\"has-text-align-center\"><strong>Bernadetta Pastuszka<\/strong> <strong>(Krakau, Polen)<\/strong><br><em>Quellmaterial:&nbsp;<\/em>1. <a href=\"https:\/\/www.europeana.eu\/en\/item\/2021672\/resource_document_mauritshuis_670\">Das M\u00e4dchen mit dem Perlenohrring<\/a> | Johannes Vermeer | Mauritshuis;<br>2. <a href=\"https:\/\/www.europeana.eu\/en\/item\/2048221\/europeana_fashion_528600\">Stoff<\/a>; 3. <a href=\"https:\/\/www.europeana.eu\/en\/item\/2048221\/europeana_fashion_780550\">Frauen-Layout<\/a>; 4. <a href=\"https:\/\/www.europeana.eu\/en\/item\/2048221\/europeana_fashion_46401\">Silberne Ohrringe&nbsp;<\/a>| Nationaal Museum van Wereldculturen <br>\u00fcber Europeana&nbsp;<\/p>\n\n\n\n<hr class=\"wp-block-separator has-css-opacity\"\/>\n\n\n\n<p><strong>Herzlichen Gl\u00fcckwunsch an die Gewinnerinnen und Gewinner - Sie werden per E-Mail \u00fcber die Preise benachrichtigt. Und ein gro\u00dfes Dankesch\u00f6n an alle Teilnehmer! Wir sehen uns hoffentlich n\u00e4chstes Jahr wieder<\/strong>.<\/p>\n\n\n\n<p class=\"has-text-align-center\"><\/p>\n\n\n\n<p><\/p>","protected":false},"excerpt":{"rendered":"<p>Lesen Sie \u00fcber die Gewinner des Wettbewerbs!<\/p>","protected":false},"author":1,"featured_media":0,"parent":0,"menu_order":0,"comment_status":"closed","ping_status":"closed","template":"","meta":{"_coblocks_attr":"","_coblocks_dimensions":"","_coblocks_responsive_height":"","_coblocks_accordion_ie_support":"","advanced_seo_description":"","jetpack_seo_html_title":"","jetpack_seo_noindex":false,"jetpack_post_was_ever_published":false,"footnotes":""},"class_list":["post-2841","page","type-page","status-publish","hentry","grid-item"],"jetpack_sharing_enabled":true,"jetpack_shortlink":"https:\/\/wp.me\/Pad3Th-JP","jetpack_likes_enabled":false,"_links":{"self":[{"href":"https:\/\/gifitup.net\/de\/wp-json\/wp\/v2\/pages\/2841","targetHints":{"allow":["GET"]}}],"collection":[{"href":"https:\/\/gifitup.net\/de\/wp-json\/wp\/v2\/pages"}],"about":[{"href":"https:\/\/gifitup.net\/de\/wp-json\/wp\/v2\/types\/page"}],"author":[{"embeddable":true,"href":"https:\/\/gifitup.net\/de\/wp-json\/wp\/v2\/users\/1"}],"replies":[{"embeddable":true,"href":"https:\/\/gifitup.net\/de\/wp-json\/wp\/v2\/comments?post=2841"}],"version-history":[{"count":27,"href":"https:\/\/gifitup.net\/de\/wp-json\/wp\/v2\/pages\/2841\/revisions"}],"predecessor-version":[{"id":2875,"href":"https:\/\/gifitup.net\/de\/wp-json\/wp\/v2\/pages\/2841\/revisions\/2875"}],"wp:attachment":[{"href":"https:\/\/gifitup.net\/de\/wp-json\/wp\/v2\/media?parent=2841"}],"curies":[{"name":"wp","href":"https:\/\/api.w.org\/{rel}","templated":true}]}}