{"id":2523,"date":"2022-10-01T11:03:54","date_gmt":"2022-10-01T09:03:54","guid":{"rendered":"https:\/\/gifitup.net\/?page_id=2523"},"modified":"2025-09-25T16:24:37","modified_gmt":"2025-09-25T14:24:37","slug":"sonderkategorie-natur","status":"publish","type":"page","link":"https:\/\/gifitup.net\/de\/sonderkategorie-natur\/","title":{"rendered":"Besondere Kategorie: Natur"},"content":{"rendered":"<p>Reichen Sie ein von der Natur inspiriertes Gif ein!<br>Die Umwelt ist von grundlegender Bedeutung f\u00fcr unser Wohlbefinden, unsere Gesundheit und unser \u00dcberleben. Angesichts des wachsenden Bewusstseins f\u00fcr die Klimakrise und des mentalen Wandels hin zu einem respektvolleren Umgang mit unserem Planeten m\u00f6chten wir mehr Gifs rund um das Thema Natur zeigen. <br>Auschecken <a rel=\"noreferrer noopener\" href=\"https:\/\/gifitup.net\/de\/natur\/\" target=\"_blank\"> Sammlungen von Naturfotografien und Illustrationen<\/a> inspirieren lassen.<\/p>\n\n\n\n<figure class=\"wp-block-embed is-type-photo is-provider-giphy wp-block-embed-giphy\"><div class=\"wp-block-embed__wrapper\">\n<a href=\"https:\/\/giphy.com\/gifs\/gifitup-art-illustration-loop-X0nLEkrbPxPfKPFZXp\"><img data-recalc-dims=\"1\" loading=\"lazy\" decoding=\"async\" src=\"https:\/\/i0.wp.com\/media3.giphy.com\/media\/X0nLEkrbPxPfKPFZXp\/giphy.gif?resize=480%2C368&#038;ssl=1\" alt=\"Kunst Illustration Gif By GIF - Finden &amp; Teilen auf GIPHY\" width=\"480\" height=\"368\" \/><\/a>\n<\/div><\/figure>","protected":false},"excerpt":{"rendered":"<p>Reichen Sie ein von der Natur inspiriertes Gif ein - die Umwelt ist f\u00fcr unser Wohlbefinden, unsere Gesundheit und unser \u00dcberleben von grundlegender Bedeutung. Angesichts des wachsenden Bewusstseins f\u00fcr die Klimakrise und des mentalen Wandels hin zu einem respektvolleren Umgang mit unserem Planeten m\u00f6chten wir mehr Gifs rund um das Thema Natur zeigen. Schauen Sie sich Sammlungen von Naturfotografien und Illustrationen an, um sich inspirieren zu lassen.<\/p>","protected":false},"author":6,"featured_media":1886,"parent":0,"menu_order":0,"comment_status":"closed","ping_status":"closed","template":"","meta":{"_coblocks_attr":"","_coblocks_dimensions":"","_coblocks_responsive_height":"","_coblocks_accordion_ie_support":"","advanced_seo_description":"","jetpack_seo_html_title":"","jetpack_seo_noindex":false,"jetpack_post_was_ever_published":false,"footnotes":""},"class_list":["post-2523","page","type-page","status-publish","has-post-thumbnail","hentry","grid-item","grid-item-small","grid-item-landscape"],"jetpack_sharing_enabled":true,"jetpack_shortlink":"https:\/\/wp.me\/Pad3Th-EH","jetpack_likes_enabled":false,"_links":{"self":[{"href":"https:\/\/gifitup.net\/de\/wp-json\/wp\/v2\/pages\/2523","targetHints":{"allow":["GET"]}}],"collection":[{"href":"https:\/\/gifitup.net\/de\/wp-json\/wp\/v2\/pages"}],"about":[{"href":"https:\/\/gifitup.net\/de\/wp-json\/wp\/v2\/types\/page"}],"author":[{"embeddable":true,"href":"https:\/\/gifitup.net\/de\/wp-json\/wp\/v2\/users\/6"}],"replies":[{"embeddable":true,"href":"https:\/\/gifitup.net\/de\/wp-json\/wp\/v2\/comments?post=2523"}],"version-history":[{"count":7,"href":"https:\/\/gifitup.net\/de\/wp-json\/wp\/v2\/pages\/2523\/revisions"}],"predecessor-version":[{"id":3043,"href":"https:\/\/gifitup.net\/de\/wp-json\/wp\/v2\/pages\/2523\/revisions\/3043"}],"wp:featuredmedia":[{"embeddable":true,"href":"https:\/\/gifitup.net\/de\/wp-json\/wp\/v2\/media\/1886"}],"wp:attachment":[{"href":"https:\/\/gifitup.net\/de\/wp-json\/wp\/v2\/media?parent=2523"}],"curies":[{"name":"wp","href":"https:\/\/api.w.org\/{rel}","templated":true}]}}