{"id":153,"date":"2018-10-01T01:41:01","date_gmt":"2018-09-30T23:41:01","guid":{"rendered":"https:\/\/gifitup.net\/?page_id=153"},"modified":"2025-09-26T14:07:14","modified_gmt":"2025-09-26T12:07:14","slug":"regeln","status":"publish","type":"page","link":"https:\/\/gifitup.net\/de\/regeln\/","title":{"rendered":"Regeln"},"content":{"rendered":"<ul>\n<li style=\"font-weight: 400;\" aria-level=\"1\"><span style=\"font-weight: 400;\">Der Eintritt ist frei!<\/span><\/li>\n<li style=\"font-weight: 400;\" aria-level=\"1\"><span style=\"font-weight: 400;\">Die Einsendungen m\u00fcssen \u00fcber das <\/span><a href=\"https:\/\/gifitup.net\/de\/ihr-gif-einreichen\/\"><span style=\"font-weight: 400;\">GIF IT UP-Formular eingereicht werden.<\/span><\/a>.<\/li>\n<li style=\"font-weight: 400;\" aria-level=\"1\"><span style=\"font-weight: 400;\"><strong>Die Beitr\u00e4ge m\u00fcssen einen Teil des digitalen Erbes enthalten, der von einer der folgenden verlinkten Websites stammt<\/strong>: <a href=\"http:\/\/europeana.eu\">Europeana<\/a>, <\/span><span style=\"font-weight: 400;\"><a href=\"https:\/\/dp.la\/\">Digitale \u00f6ffentliche Bibliothek von Amerika<\/a>,<\/span><span style=\"font-weight: 400;\">\u00a0<a href=\"http:\/\/digitalnz.org\">DigitalNZ<\/a>,<\/span><span style=\"font-weight: 400;\">\u00a0<a href=\"http:\/\/trove.nla.gov.au\">Trove<\/a><\/span><span style=\"font-weight: 400;\">, <a href=\"https:\/\/jpsearch.go.jp\/\">Japan Search<\/a><\/span><span style=\"font-weight: 400;\">, <a href=\"https:\/\/www.artic.edu\/\">Art Institute of Chicago<\/a><\/span><span style=\"font-weight: 400;\">, <a href=\"https:\/\/gifitup.net\/de\/dag-museen\/\">DAG-Museen<\/a>,<\/span><span style=\"font-weight: 400;\">\u00a0<a href=\"https:\/\/numerique.banq.qc.ca\/rechercheExterne\/encoded\/Kg==\/false\/D_D\/desc\/W3sibm9tIjoiY29ycHVzIiwidmFsZXVyIjoiUGF0cmltb2luZSUyMHF1w6liw6ljb2lzIn0seyJub20iOiJjb25kaXRpb25fdXRpbGlzYXRpb24iLCJ2YWxldXIiOiI3In0seyJub20iOiJ0eXBlX2RvY19mIiwidmFsZXVyIjoiSW1hZ2VzIn1d\/Toutes%20les%20ressources\/true\/false\/eyJkZWJ1dCI6MTUwNCwiZmluIjoxOTQ5fQ==\">Biblioth\u00e8que et Archives nationales du Qu\u00e9bec<\/a>,<\/span><span style=\"font-weight: 400;\">\u00a0<a href=\"https:\/\/commons.wikimedia.org\/wiki\/Category:Centro_de_Fotograf%C3%ADa_de_Montevideo_GIF_IT_UP\">Centro de Fotograf\u00eda de Montevideo<\/a> und <a href=\"https:\/\/digitalabiblioteka.lv\/\">Digitale Bibliothek von Lettland<\/a>. Eintr\u00e4ge, die keinen Artikel aus diesen Quellen enthalten, werden nicht ber\u00fccksichtigt.<\/span><\/li>\n<li style=\"font-weight: 400;\" aria-level=\"1\"><strong>Es k\u00f6nnen maximal 3 GIFs eingegeben werden.<\/strong><\/li>\n<li style=\"font-weight: 400;\" aria-level=\"1\"><span style=\"font-weight: 400;\">GIF-Einsendungen d\u00fcrfen nicht gr\u00f6\u00dfer als 2 MB sein.<\/span><\/li>\n<li style=\"font-weight: 400;\" aria-level=\"1\"><span style=\"font-weight: 400;\"><strong>Jeder Eintrag muss die URL(s) zum Quellmaterial enthalten<\/strong> (z.B <\/span><a href=\"https:\/\/www.europeana.eu\/item\/90402\/SK_A_3089\"><span style=\"font-weight: 400;\">https:\/\/www.europeana.eu\/item\/90402\/SK_A_3089<\/span><\/a><span style=\"font-weight: 400;\">); Einsendungen ohne URL werden nicht ber\u00fccksichtigt.<\/span><\/li>\n<li style=\"font-weight: 400;\" aria-level=\"1\"><span style=\"font-weight: 400;\"><strong>Das gesamte in GIFs verwendete Quellmaterial muss zur kostenlosen Wiederverwendung verf\u00fcgbar sein<\/strong>, d. h. das Element ist gemeinfrei, hat kein bekanntes Urheberrecht oder ist offen lizenziert. Inhalte, die auf nicht-kommerzielle Nutzung oder \u201ekeine Derivate\u201c beschr\u00e4nkt sind, d\u00fcrfen in diesem Wettbewerb nicht verwendet werden.\u00a0<\/span><span style=\"font-weight: 400;\">Zum Abrufen von urheberrechtsfreiem Material auf <\/span><a href=\"https:\/\/numerique.banq.qc.ca\/rechercheExterne\/encoded\/Kg==\/false\/D_D\/desc\/W3sibm9tIjoiY29ycHVzIiwidmFsZXVyIjoiUGF0cmltb2luZSUyMHF1w6liw6ljb2lzIn0seyJub20iOiJjb25kaXRpb25fdXRpbGlzYXRpb24iLCJ2YWxldXIiOiI3In0seyJub20iOiJ0eXBlX2RvY19mIiwidmFsZXVyIjoiSW1hZ2VzIn1d\/Toutes%20les%20ressources\/true\/false\/eyJkZWJ1dCI6MTUwNCwiZmluIjoxOTQ5fQ==\"><span style=\"font-weight: 400;\">BAnQ numerique<\/span><\/a><span style=\"font-weight: 400;\">, aktivieren Sie auf einer Ergebnisseite das K\u00e4stchen \u201eDomaine public in Canada\u201c (Public Domain in Kanada) und legen Sie Daten fest, um die Suche einzuschr\u00e4nken. Stellen Sie sicher, dass das ausgew\u00e4hlte Datum vor 1949 liegt. Sie k\u00f6nnen auch folgen <\/span><a href=\"https:\/\/numerique.banq.qc.ca\/rechercheExterne\/encoded\/Kg==\/false\/D_D\/desc\/W3sibm9tIjoiY29ycHVzIiwidmFsZXVyIjoiUGF0cmltb2luZSUyMHF1w6liw6ljb2lzIn0seyJub20iOiJjb25kaXRpb25fdXRpbGlzYXRpb24iLCJ2YWxldXIiOiI3In0seyJub20iOiJ0eXBlX2RvY19mIiwidmFsZXVyIjoiSW1hZ2VzIn1d\/Toutes%20les%20ressources\/true\/false\/eyJkZWJ1dCI6MTUwNCwiZmluIjoxOTQ5fQ==\"><span style=\"font-weight: 400;\">dieser Link<\/span><\/a><span style=\"font-weight: 400;\">.<\/span><\/li>\n<li style=\"font-weight: 400;\" aria-level=\"1\"><span style=\"font-weight: 400;\">Bei GIF IT UP eingereichte Beitr\u00e4ge, die gemeinfreies oder CC0-Material verwenden, gew\u00e4hren den Wettbewerbsorganisatoren das Recht, a <\/span><a href=\"https:\/\/creativecommons.org\/licenses\/by\/4.0\/deed.de\"><span style=\"font-weight: 400;\">Creative Commons Namensnennung 4.0 International<\/span><\/a><span style=\"font-weight: 400;\"> (CC BY 4.0) Lizenz f\u00fcr dieses Werk. Beitr\u00e4gen, die Inhalte mit Creative Commons-Lizenz enthalten, wird ebenfalls eine CC BY 4.0-Lizenz zugewiesen, es sei denn, die Quelle enth\u00e4lt eine SA-Komponente der Lizenz. In diesem Fall wird dieselbe Lizenz angewendet.<\/span><\/li>\n<li style=\"font-weight: 400;\" aria-level=\"1\"><span style=\"font-weight: 400;\">Die Beitr\u00e4ge werden von einer externen Jury beurteilt und ihre Entscheidung ist endg\u00fcltig; Es wird keine Korrespondenz gef\u00fchrt.<\/span><\/li>\n<li style=\"font-weight: 400;\" aria-level=\"1\"><span style=\"font-weight: 400;\">Die Organisatoren behalten sich das Recht vor, Werke zu disqualifizieren, die gegen geistige Eigentumsrechte versto\u00dfen, beleidigende oder obsz\u00f6ne Sprache oder Bilder enthalten oder Material enthalten, das vertraulich ist oder die Privatsph\u00e4re verletzt, oder die Rechte anderer Personen verletzen.<\/span><\/li>\n<li style=\"font-weight: 400;\" aria-level=\"1\"><span style=\"font-weight: 400;\">Durch das Hochladen Ihres Beitrags erteilen Sie Europeana, seinen Wettbewerbspartnern und der Jury die Erlaubnis, Ihre Arbeit auf der GIF IT UP-Website, GIPHY.com, zu ver\u00f6ffentlichen und Ihren Beitrag \u00fcber andere Online-Plattformen zu Werbe- und redaktionellen Zwecken zu bewerben.<\/span><\/li>\n<li style=\"font-weight: 400;\" aria-level=\"1\"><span style=\"font-weight: 400;\"><strong>Bitte achten Sie bei der Erstellung Ihres GIF auf Personen mit Sehbehinderung<\/strong>. Erw\u00e4gen Sie, die Animation zu verlangsamen und Ihrem Eintrag beschreibende Kontextinformationen beizuf\u00fcgen.<\/span><\/li>\n<\/ul>\n<p><em>Aktualisiert: September 25, 2025<\/em><\/p>\n\n\n<p><\/p>","protected":false},"excerpt":{"rendered":"<p>Entry is free! Entries must be submitted via the GIF IT UP submission form. Entries must include a piece of digital heritage content sourced from one of the following linked websites: Europeana, Digital Public Library of America,\u00a0DigitalNZ,\u00a0Trove, Japan Search, Art Institute of Chicago, DAG Museums,\u00a0Biblioth\u00e8que et Archives nationales du Qu\u00e9bec,\u00a0Centro de Fotograf\u00eda de Montevideo and [&hellip;]<\/p>\n","protected":false},"author":1,"featured_media":0,"parent":0,"menu_order":0,"comment_status":"closed","ping_status":"closed","template":"","meta":{"_coblocks_attr":"","_coblocks_dimensions":"","_coblocks_responsive_height":"","_coblocks_accordion_ie_support":"","advanced_seo_description":"Rules of GIF IT UP 2018 competition.","jetpack_seo_html_title":"","jetpack_seo_noindex":false,"footnotes":""},"class_list":["post-153","page","type-page","status-publish","hentry","grid-item"],"jetpack_sharing_enabled":true,"jetpack_shortlink":"https:\/\/wp.me\/Pad3Th-2t","jetpack_likes_enabled":false,"_links":{"self":[{"href":"https:\/\/gifitup.net\/de\/wp-json\/wp\/v2\/pages\/153","targetHints":{"allow":["GET"]}}],"collection":[{"href":"https:\/\/gifitup.net\/de\/wp-json\/wp\/v2\/pages"}],"about":[{"href":"https:\/\/gifitup.net\/de\/wp-json\/wp\/v2\/types\/page"}],"author":[{"embeddable":true,"href":"https:\/\/gifitup.net\/de\/wp-json\/wp\/v2\/users\/1"}],"replies":[{"embeddable":true,"href":"https:\/\/gifitup.net\/de\/wp-json\/wp\/v2\/comments?post=153"}],"version-history":[{"count":28,"href":"https:\/\/gifitup.net\/de\/wp-json\/wp\/v2\/pages\/153\/revisions"}],"predecessor-version":[{"id":4659,"href":"https:\/\/gifitup.net\/de\/wp-json\/wp\/v2\/pages\/153\/revisions\/4659"}],"wp:attachment":[{"href":"https:\/\/gifitup.net\/de\/wp-json\/wp\/v2\/media?parent=153"}],"curies":[{"name":"wp","href":"https:\/\/api.w.org\/{rel}","templated":true}]}}