{"id":1362,"date":"2020-10-01T15:49:25","date_gmt":"2020-10-01T13:49:25","guid":{"rendered":"https:\/\/gifitup.net\/?page_id=1362"},"modified":"2020-10-01T15:53:27","modified_gmt":"2020-10-01T13:53:27","slug":"sonderkategorie-giphy-hintergrunde","status":"publish","type":"page","link":"https:\/\/gifitup.net\/de\/sonderkategorie-giphy-hintergrunde\/","title":{"rendered":"Besondere Kategorie: GIPHY-Kulissen"},"content":{"rendered":"<p>M\u00f6chten Sie Ihre Videoanrufe, Partys und Familientreffen noch unterhaltsamer gestalten? Dann werfen Sie einen Blick auf das diesj\u00e4hrige Special <a href=\"https:\/\/giphy.com\/backdrop\">GIPHY-Kulissen<\/a> Wettbewerbskategorie. Bringen Sie Ihre kreative Ader in Schwung und peppen Sie diese Online-Meetings auf!<br><br>Nachdem Sie eine animierte Kulisse erstellt haben, vergessen Sie nicht, in Ihrem Beitrag zu vermerken, dass Sie an dieser Kategorie teilnehmen m\u00f6chten.<\/p>\n\n\n\n<div class=\"wp-block-image is-style-default\"><figure class=\"aligncenter size-large\"><img data-recalc-dims=\"1\" loading=\"lazy\" decoding=\"async\" width=\"600\" height=\"337\" data-attachment-id=\"1368\" data-permalink=\"https:\/\/gifitup.net\/de\/sonderkategorie-giphy-hintergrunde\/backgroundgif\/\" data-orig-file=\"https:\/\/i0.wp.com\/gifitup.net\/wp-content\/uploads\/2020\/10\/BackgroundGif.gif?fit=600%2C337&amp;ssl=1\" data-orig-size=\"600,337\" data-comments-opened=\"1\" data-image-meta=\"{&quot;aperture&quot;:&quot;0&quot;,&quot;credit&quot;:&quot;&quot;,&quot;camera&quot;:&quot;&quot;,&quot;caption&quot;:&quot;&quot;,&quot;created_timestamp&quot;:&quot;0&quot;,&quot;copyright&quot;:&quot;&quot;,&quot;focal_length&quot;:&quot;0&quot;,&quot;iso&quot;:&quot;0&quot;,&quot;shutter_speed&quot;:&quot;0&quot;,&quot;title&quot;:&quot;&quot;,&quot;orientation&quot;:&quot;0&quot;}\" data-image-title=\"BackgroundGif\" data-image-description=\"\" data-image-caption=\"\" data-medium-file=\"https:\/\/i0.wp.com\/gifitup.net\/wp-content\/uploads\/2020\/10\/BackgroundGif.gif?fit=300%2C169&amp;ssl=1\" data-large-file=\"https:\/\/i0.wp.com\/gifitup.net\/wp-content\/uploads\/2020\/10\/BackgroundGif.gif?fit=600%2C337&amp;ssl=1\" src=\"https:\/\/i0.wp.com\/gifitup.net\/wp-content\/uploads\/2020\/10\/BackgroundGif.gif?resize=600%2C337&#038;ssl=1\" alt=\"\" class=\"wp-image-1368\"\/><figcaption>Quelle: <a href=\"http:\/\/www.europeana.eu\/item\/2064116\/Museu_ProvidedCHO_Nationalmuseum__Sweden_24210\" target=\"_blank\" rel=\"noreferrer noopener\"><em>Gem\u00fctliche Ecke. Von A Home<\/em>. Carl Larsson, <br>Nationalmuseum Swededn, gemeinfrei<\/a><\/figcaption><\/figure><\/div>","protected":false},"excerpt":{"rendered":"<p>M\u00f6chtest du deine Videoanrufe, Partys und Familientreffen noch unterhaltsamer gestalten? Dann schau dir die diesj\u00e4hrige Sonderkategorie des GIPHY-Wettbewerbs f\u00fcr Hintergrundbilder an. Lassen Sie Ihrer Kreativit\u00e4t freien Lauf und peppen Sie diese Online-Treffen auf! Nachdem du einen animierten Hintergrund erstellt hast, vergiss nicht, in deinem Beitrag zu vermerken, dass du an dieser Kategorie teilnehmen m\u00f6chtest.<\/p>","protected":false},"author":1,"featured_media":0,"parent":0,"menu_order":0,"comment_status":"closed","ping_status":"closed","template":"","meta":{"_coblocks_attr":"","_coblocks_dimensions":"","_coblocks_responsive_height":"","_coblocks_accordion_ie_support":"","advanced_seo_description":"Bring some fun and culture to your video calls!","jetpack_seo_html_title":"","jetpack_seo_noindex":false,"jetpack_post_was_ever_published":false,"footnotes":""},"class_list":["post-1362","page","type-page","status-publish","hentry","grid-item"],"jetpack_sharing_enabled":true,"jetpack_shortlink":"https:\/\/wp.me\/Pad3Th-lY","jetpack_likes_enabled":false,"_links":{"self":[{"href":"https:\/\/gifitup.net\/de\/wp-json\/wp\/v2\/pages\/1362","targetHints":{"allow":["GET"]}}],"collection":[{"href":"https:\/\/gifitup.net\/de\/wp-json\/wp\/v2\/pages"}],"about":[{"href":"https:\/\/gifitup.net\/de\/wp-json\/wp\/v2\/types\/page"}],"author":[{"embeddable":true,"href":"https:\/\/gifitup.net\/de\/wp-json\/wp\/v2\/users\/1"}],"replies":[{"embeddable":true,"href":"https:\/\/gifitup.net\/de\/wp-json\/wp\/v2\/comments?post=1362"}],"version-history":[{"count":7,"href":"https:\/\/gifitup.net\/de\/wp-json\/wp\/v2\/pages\/1362\/revisions"}],"predecessor-version":[{"id":1379,"href":"https:\/\/gifitup.net\/de\/wp-json\/wp\/v2\/pages\/1362\/revisions\/1379"}],"wp:attachment":[{"href":"https:\/\/gifitup.net\/de\/wp-json\/wp\/v2\/media?parent=1362"}],"curies":[{"name":"wp","href":"https:\/\/api.w.org\/{rel}","templated":true}]}}